
{"id":37,"date":"2009-11-16T23:48:26","date_gmt":"2009-11-17T04:48:26","guid":{"rendered":"http:\/\/www.artzoom.org\/members\/wordpress\/?page_id=37"},"modified":"2026-03-10T20:49:08","modified_gmt":"2026-03-10T19:49:08","slug":"cote","status":"publish","type":"page","link":"https:\/\/artzoomconnection.com\/andreeroy\/cote\/","title":{"rendered":"COTE"},"content":{"rendered":"<div class=\"fusion-fullwidth fullwidth-box fusion-builder-row-1 fusion-flex-container nonhundred-percent-fullwidth non-hundred-percent-height-scrolling\" style=\"--awb-border-radius-top-left:0px;--awb-border-radius-top-right:0px;--awb-border-radius-bottom-right:0px;--awb-border-radius-bottom-left:0px;\" ><div class=\"fusion-builder-row fusion-row fusion-flex-align-items-flex-start\" style=\"max-width:1144px;margin-left: calc(-4% \/ 2 );margin-right: calc(-4% \/ 2 );\"><div class=\"fusion-layout-column fusion_builder_column fusion-builder-column-0 fusion_builder_column_1_2 1_2 fusion-flex-column\" style=\"--awb-bg-size:cover;--awb-width-large:50%;--awb-margin-top-large:0px;--awb-spacing-right-large:2.56%;--awb-margin-bottom-large:0px;--awb-spacing-left-large:3.84%;--awb-width-medium:100%;--awb-spacing-right-medium:1.92%;--awb-spacing-left-medium:1.92%;--awb-width-small:100%;--awb-spacing-right-small:1.92%;--awb-spacing-left-small:1.92%;\"><div class=\"fusion-column-wrapper fusion-flex-justify-content-flex-start fusion-content-layout-column\"><div class=\"fusion-text fusion-text-1\"><h4>SA VALEUR SUR LE MARCH\u00c9 DE L&rsquo;ART<\/h4>\n<h5>2026<\/h5>\n<p><strong>Dessins sur papier<\/strong><\/p>\n<p><strong>Oeuvres de formats standards<\/strong><br \/>\n24 x 30 pouces (60 cm x 75 cm) \u00e0 partir de 1400 $<br \/>\n24 x 36 pouces (60 cm x 90 cm) \u00e0 partir de 1728 $<br \/>\n30 x 30 pouces (75 cm x 75 cm) \u00e0 partir de 1800 $<\/p>\n<p>(le prix varie selon la complexit\u00e9 du sujet)<\/p>\n<p><strong>La cote est un indicatif du prix en galerie pour une oeuvre. Le prix peut donc varier l\u00e9g\u00e8rement d&rsquo;une galerie \u00e0 l&rsquo;autre.<\/strong><\/p>\n<p><em>Derni\u00e8re mise \u00e0 jour de la cote: 27 f\u00e9vrier 2026<\/em><\/p>\n<\/div><\/div><\/div><div class=\"fusion-layout-column fusion_builder_column fusion-builder-column-1 fusion_builder_column_1_2 1_2 fusion-flex-column\" style=\"--awb-bg-size:cover;--awb-width-large:50%;--awb-margin-top-large:0px;--awb-spacing-right-large:3.84%;--awb-margin-bottom-large:0px;--awb-spacing-left-large:5.12%;--awb-width-medium:100%;--awb-spacing-right-medium:1.92%;--awb-spacing-left-medium:1.92%;--awb-width-small:100%;--awb-spacing-right-small:1.92%;--awb-spacing-left-small:1.92%;\"><div class=\"fusion-column-wrapper fusion-flex-justify-content-flex-start fusion-content-layout-column\"><div class=\"fusion-text fusion-text-2\"><h4>GUIDES DE COTATION<\/h4>\n<p>&#8211; <em>Le Guide de Cotation des Artistes d\u2019Art Zoom<\/em>, 2015<br \/>\n&#8211; etc.<\/p>\n<h4>AFFILIATIONS PROFESSIONNELLES<\/h4>\n<p>Collectif International d\u2019Artistes Art Zoom (CIAAZ)<\/p>\n<h4>COLLECTIONS MUS\u00c9ALES<\/h4>\n<p><strong>Mus\u00e9e d&rsquo;art contemporain VR 3D &#8211; MAC VR3D<\/strong><br \/>\nPlace Darche<br \/>\n54400 Longwy<br \/>\nFrance<br \/>\n<a href=\"http:\/\/www.macvr3d.com\" target=\"_blank\" rel=\"noopener\">www.macvr3d.com<\/a><\/p>\n<h4>PRIX ET DISTINCTIONS<\/h4>\n<p><strong>2022:<\/strong> Certificat de reconnaissance, Mus\u00e9e d\u2019art contemporain VR3D (MACVR3D), Longwy (France) pour avoir particip\u00e9 \u00e0 l\u2019exposition \u00ab\u00a0Jardin de Joie \/ Garden of Joy\u00a0\u00bb<br \/>\n<strong>2016:<\/strong> Distinction honorifique &#8211; Internation&rsquo;ART 6e \u00e9dition (Canada)<br \/>\n<strong>2016:<\/strong> Grand Prix de dessin (vote du public)<br \/>\n<strong>2015:<\/strong> Prix D\u00e9couverte artistique (CIAAZ)<\/p>\n<\/div><\/div><\/div><\/div><\/div>\n","protected":false},"excerpt":{"rendered":"","protected":false},"author":1,"featured_media":0,"parent":0,"menu_order":0,"comment_status":"open","ping_status":"open","template":"","meta":[],"_links":{"self":[{"href":"https:\/\/artzoomconnection.com\/andreeroy\/wp-json\/wp\/v2\/pages\/37"}],"collection":[{"href":"https:\/\/artzoomconnection.com\/andreeroy\/wp-json\/wp\/v2\/pages"}],"about":[{"href":"https:\/\/artzoomconnection.com\/andreeroy\/wp-json\/wp\/v2\/types\/page"}],"author":[{"embeddable":true,"href":"https:\/\/artzoomconnection.com\/andreeroy\/wp-json\/wp\/v2\/users\/1"}],"replies":[{"embeddable":true,"href":"https:\/\/artzoomconnection.com\/andreeroy\/wp-json\/wp\/v2\/comments?post=37"}],"version-history":[{"count":30,"href":"https:\/\/artzoomconnection.com\/andreeroy\/wp-json\/wp\/v2\/pages\/37\/revisions"}],"predecessor-version":[{"id":2458,"href":"https:\/\/artzoomconnection.com\/andreeroy\/wp-json\/wp\/v2\/pages\/37\/revisions\/2458"}],"wp:attachment":[{"href":"https:\/\/artzoomconnection.com\/andreeroy\/wp-json\/wp\/v2\/media?parent=37"}],"curies":[{"name":"wp","href":"https:\/\/api.w.org\/{rel}","templated":true}]}}