{"id":1627,"date":"2012-11-10T15:32:07","date_gmt":"2012-11-10T14:32:07","guid":{"rendered":"http:\/\/www.artzoomconnection.com\/lo\/?page_id=1627"},"modified":"2019-12-29T18:49:21","modified_gmt":"2019-12-29T17:49:21","slug":"demarche","status":"publish","type":"page","link":"https:\/\/artzoomconnection.com\/chantaleguy\/presentation\/demarche\/","title":{"rendered":"D\u00c9MARCHE"},"content":{"rendered":"<div class=\"fusion-fullwidth fullwidth-box fusion-builder-row-1 nonhundred-percent-fullwidth non-hundred-percent-height-scrolling\"  style='background-color: rgba(255,255,255,0);background-position: center center;background-repeat: no-repeat;padding-top:0px;padding-right:0px;padding-bottom:0px;padding-left:0px;'><div class=\"fusion-builder-row fusion-row \"><div  class=\"fusion-layout-column fusion_builder_column fusion_builder_column_1_3 fusion-builder-column-1 fusion-one-third fusion-column-first 1_3\"  style='margin-top:0px;margin-bottom:0px;width:30.6666%; margin-right: 4%;'>\n\t\t\t\t\t<div class=\"fusion-column-wrapper\" style=\"padding: 0px 0px 0px 0px;background-position:left top;background-repeat:no-repeat;-webkit-background-size:cover;-moz-background-size:cover;-o-background-size:cover;background-size:cover;\"   data-bg-url=\"\">\n\t\t\t\t\t\t<style type=\"text\/css\"><\/style><div class=\"fusion-title title fusion-title-1 fusion-title-text fusion-title-size-one\" style=\"margin-top:0px;margin-bottom:31px;\"><h1 class=\"title-heading-left\" style=\"margin:0;\"><h3>TECHNIQUE<\/h3><\/h1><div class=\"title-sep-container\"><div class=\"title-sep sep-double sep-solid\" style=\"border-color:#e0dede;\"><\/div><\/div><\/div><div class=\"fusion-text\"><p>Acrylique et huile sur toile (techniques mixtes)<\/p>\n<p style=\"text-align: justify;\">Travaill\u00e9s principalement au pinceau et au couteau<\/p>\n<\/div><div class=\"fusion-clearfix\"><\/div>\n\n\t\t\t\t\t<\/div>\n\t\t\t\t<\/div><div  class=\"fusion-layout-column fusion_builder_column fusion_builder_column_2_3 fusion-builder-column-2 fusion-two-third fusion-column-last 2_3\"  style='margin-top:0px;margin-bottom:0px;width:65.3333%'>\n\t\t\t\t\t<div class=\"fusion-column-wrapper\" style=\"padding: 0px 0px 0px 0px;background-position:left top;background-repeat:no-repeat;-webkit-background-size:cover;-moz-background-size:cover;-o-background-size:cover;background-size:cover;\"   data-bg-url=\"\">\n\t\t\t\t\t\t<style type=\"text\/css\"><\/style><div class=\"fusion-title title fusion-title-2 fusion-title-text fusion-title-size-one\" style=\"margin-top:0px;margin-bottom:31px;\"><h1 class=\"title-heading-left\" style=\"margin:0;\"><h3>SON APPROCHE ARTISTIQUE<\/h3><\/h1><div class=\"title-sep-container\"><div class=\"title-sep sep-double sep-solid\" style=\"border-color:#e0dede;\"><\/div><\/div><\/div><div class=\"fusion-text\"><p style=\"text-align: justify;\">Chantale Guy peint depuis 1995. La nature, la vie animale, l\u2019\u00eatre humain sont ses sujets de pr\u00e9dilection. Robert Bateman et G\u00e9rald Trudel sont ses influences au niveau des peintres animaliers. Magritte, Monet et Renoir sont ses influences artistiques classiques. Ayant grandi \u00e0 la campagne, l&rsquo;environnement est un sujet tr\u00e8s important pour l&rsquo;artiste. Les \u00e9l\u00e9ments de la nature (l&rsquo;eau, la terre, le feu, l&rsquo;air) et les \u00e9l\u00e9ments de la vie (la faune, la flore et les \u00eatres humains) sont ses sources d&rsquo;inspiration. L&rsquo;artiste est de nature optimiste et cela se ressent dans son travail.<\/p>\n<p style=\"text-align: justify;\">En d\u00e9but de carri\u00e8re, l&rsquo;artiste peignait surtout des animaux et des paysages. Au fil du temps, des personnages sont apparus, apportant avec eux, une autre dimension \u00e0 son travail. La joie de vivre, le rapport entre individus, le rapport entre l&rsquo;Homme et la nature, etc. sont des th\u00e8mes qui lui sont chers. L&rsquo;interaction des uns et des autres, envers les uns et les autres, est le principal courant qui porte l&rsquo;artiste vers une source d&rsquo;inspiration in\u00e9puisable qui a donn\u00e9 lieu \u00e0 de nombreuses exp\u00e9rimentations de styles.<\/p>\n<p><img loading=\"lazy\" class=\"alignleft size-medium wp-image-2818\" src=\"https:\/\/artzoomconnection.com\/chantaleguy\/wp-content\/uploads\/IMG_0653-294x300.jpg\" alt=\"\" width=\"294\" height=\"300\" srcset=\"https:\/\/artzoomconnection.com\/chantaleguy\/wp-content\/uploads\/IMG_0653-50x50.jpg 50w, https:\/\/artzoomconnection.com\/chantaleguy\/wp-content\/uploads\/IMG_0653-60x60.jpg 60w, https:\/\/artzoomconnection.com\/chantaleguy\/wp-content\/uploads\/IMG_0653-147x150.jpg 147w, https:\/\/artzoomconnection.com\/chantaleguy\/wp-content\/uploads\/IMG_0653-294x300.jpg 294w, https:\/\/artzoomconnection.com\/chantaleguy\/wp-content\/uploads\/IMG_0653-500x509.jpg 500w, https:\/\/artzoomconnection.com\/chantaleguy\/wp-content\/uploads\/IMG_0653-700x713.jpg 700w, https:\/\/artzoomconnection.com\/chantaleguy\/wp-content\/uploads\/IMG_0653-768x783.jpg 768w, https:\/\/artzoomconnection.com\/chantaleguy\/wp-content\/uploads\/IMG_0653.jpg 1005w\" sizes=\"(max-width: 294px) 100vw, 294px\" \/><\/p>\n<p style=\"text-align: justify;\">\u00ab\u00a0<em>J\u2019ose croire que je suis une artiste qui cr\u00e9e dans le bonheur\u00a0\u00bb. Depuis quelques ann\u00e9es, sa cr\u00e9ativit\u00e9 s\u2019est d\u00e9velopp\u00e9e sur ses toiles de fa\u00e7on semi-abstraite. \u00ab\u00a0Je laisse la spatule et les couleurs faire leur chemin, leur propre paysage\u00a0\u00bb. Elle tourne et retourne la toile jusqu\u2019\u00e0 ce que l&rsquo;animal \u00e9merge dans une forme. Elle voit ce qui se cache et termine son oeuvre de fa\u00e7on on ne peut plus traditionnelle. \u00ab\u00a0Je peux dire que mes toiles sont des \u00e2mes vivantes dans chaque regard<\/em>\u00ab\u00a0.<\/p>\n<p style=\"text-align: justify;\">Comme Lao Tseu disait \u00ab\u00a0<em>Je comprends le sens de chaque chose gr\u00e2ce \u00e0 ce qui est en moi<\/em>\u00ab\u00a0.<\/p>\n<p style=\"text-align: justify;\">\u00ab\u00a0<em>Depuis 2004, ma d\u00e9marche artistique est en mouvement, parfois lente comme la m\u00e9ditation ou rapide comme la course du temps. J&rsquo;aime toujours surprendre les gens, leur laisser un moment de questionnement face \u00e0 mes toiles, m\u00eame si parfois, seule la couleur bouge et laisse le sujet en suspension<\/em>\u00ab\u00a0. L&rsquo;artiste, depuis 2006, fait ressortir le c\u00f4t\u00e9 humain de la flore et de la faune. Elle utilise un mouvement spontan\u00e9 qui illustre davantage ses croyances et sa propre nature positive. \u00ab\u00a0<em>J&rsquo;adore utiliser des couleurs vives et du mouvement. Avec les ann\u00e9es, je me suis perfectionn\u00e9e. Je tiens \u00e9galement \u00e0 enseigner \u00e0 d&rsquo;autres personnes cette passion<\/em>\u00ab\u00a0.<\/p>\n<p style=\"text-align: justify;\"><strong><img loading=\"lazy\" class=\"alignleft size-medium wp-image-2932\" src=\"https:\/\/artzoomconnection.com\/chantaleguy\/wp-content\/uploads\/IMG_2578-223x300.jpg\" alt=\"\" width=\"223\" height=\"300\" srcset=\"https:\/\/artzoomconnection.com\/chantaleguy\/wp-content\/uploads\/IMG_2578-112x150.jpg 112w, https:\/\/artzoomconnection.com\/chantaleguy\/wp-content\/uploads\/IMG_2578-223x300.jpg 223w, https:\/\/artzoomconnection.com\/chantaleguy\/wp-content\/uploads\/IMG_2578-500x672.jpg 500w, https:\/\/artzoomconnection.com\/chantaleguy\/wp-content\/uploads\/IMG_2578-700x941.jpg 700w, https:\/\/artzoomconnection.com\/chantaleguy\/wp-content\/uploads\/IMG_2578-762x1024.jpg 762w, https:\/\/artzoomconnection.com\/chantaleguy\/wp-content\/uploads\/IMG_2578-768x1032.jpg 768w, https:\/\/artzoomconnection.com\/chantaleguy\/wp-content\/uploads\/IMG_2578.jpg 1580w\" sizes=\"(max-width: 223px) 100vw, 223px\" \/>Une \u00e9volution dans les sujets<\/strong><\/p>\n<p style=\"text-align: justify;\">Depuis 2006, la d\u00e9marche de Chantale Guy a grandement \u00e9volu\u00e9. Elle emprunte d\u00e9sormais les sentiers du chamanisme et exprime le lien entre l&rsquo;individu et l&rsquo;animal de fa\u00e7on artistique. Cette d\u00e9marche est pr\u00e9sent\u00e9e comme une vue de l&rsquo;esprit o\u00f9 le figuratif et l&rsquo;abstrait se c\u00f4toient, \u00e0 l&rsquo;instar de ses personnages et de ses animaux pr\u00e9sent\u00e9s dans un m\u00eame espace pictural.<\/p>\n<p style=\"text-align: justify;\">L&rsquo;animal totem est le t\u00e9moin bienveillant de notre relation avec notre environnement. Il repr\u00e9sente aussi les qualit\u00e9s animales d&rsquo;une personne. Ces animaux de pouvoir sont g\u00e9n\u00e9ralement associ\u00e9s \u00e0 des pratiques am\u00e9rindiennes traditionnelles que l&rsquo;on retrouve encore vivantes aujourd&rsquo;hui sous une forme \u00ab\u00a0modernis\u00e9e\u00a0\u00bb. Au cours des initiations ou des rites chamaniques, le chaman (ou le sorcier am\u00e9rindien) peut trouver un ou plusieurs animaux avec lesquels une personne est associ\u00e9e.<\/p>\n<p style=\"text-align: justify;\">Traditionnellement, l&rsquo;animal totem est utilis\u00e9 pour donner une direction \u00e0 une voie, pour aider \u00e0 prendre une d\u00e9cision importante ou pour r\u00e9soudre des probl\u00e8mes. De nos jours, le concept d&rsquo;animal totem maintient son lien avec les traditions ancestrales autochtones tout en se modernisant. Ainsi, un animal totem est comme un guide spirituel ou un animal protecteur qui a une affinit\u00e9 avec la personne avec laquelle il est associ\u00e9. Chantale Guy &#8211; membre de l&rsquo;Alliance Autochtone du Qu\u00e9bec &#8211; est de descendance am\u00e9rindienne; quelque part dans sa g\u00e9n\u00e9alogie, il y a eu un m\u00e9tissage. Elle s&rsquo;inspire donc d&rsquo;une tradition ancienne, am\u00e9rindienne &#8211; \u00e0 laquelle elle s&rsquo;identifie &#8211; pour offrir une perspective contemporaine du sujet. C&rsquo;est pourquoi plusieurs de ses oeuvres pr\u00e9sentent un personnage aux c\u00f4t\u00e9s d&rsquo;un animal.<\/p>\n<p style=\"text-align: justify;\">Son travail est intuitif la plupart du temps, mais aussi intimement li\u00e9 \u00e0 son exp\u00e9rience personnelle (\u00e9motions v\u00e9cues). L&rsquo;artiste repr\u00e9sente l&rsquo;esprit de l&rsquo;animal de pouvoir s&rsquo;unissant avec la personne qu&rsquo;il a choisie d&rsquo;une mani\u00e8re plus personnelle en fonction de similitudes entre qualit\u00e9s, traits de caract\u00e8re ou encore selon les besoins d&rsquo;une situation. Dans les oeuvres de Chantale Guy, le personnage et l&rsquo;animal ont une relation fusionnelle et deviennent indissociables l&rsquo;un et l&rsquo;autre. Certains animaux sont tr\u00e8s fr\u00e9quents dans le travail de Chantale Guy et reviennent sporadiquement, notamment le loup, l&rsquo;ours, l&rsquo;orignal, etc.<\/p>\n<p style=\"text-align: justify;\">L&rsquo;\u00e9volution de la d\u00e9marche de Chantale Guy se poursuit depuis plus de vingt ans, apportant l&rsquo;exp\u00e9rience avec elle. La vision de l&rsquo;artiste s&rsquo;affine; elle se pr\u00e9cise dans un univers spirituel et symbolique.<\/p>\n<p style=\"text-align: justify;\"><em>D\u00e9marche \u00e9crite par HeleneCaroline Fournier, experte en art et th\u00e9oricienne de l&rsquo;art<\/em><\/p>\n<\/div><div class=\"fusion-clearfix\"><\/div>\n\n\t\t\t\t\t<\/div>\n\t\t\t\t<\/div><\/div><\/div>\n","protected":false},"excerpt":{"rendered":"","protected":false},"author":1,"featured_media":0,"parent":1623,"menu_order":2,"comment_status":"closed","ping_status":"closed","template":"","meta":[],"_links":{"self":[{"href":"https:\/\/artzoomconnection.com\/chantaleguy\/wp-json\/wp\/v2\/pages\/1627"}],"collection":[{"href":"https:\/\/artzoomconnection.com\/chantaleguy\/wp-json\/wp\/v2\/pages"}],"about":[{"href":"https:\/\/artzoomconnection.com\/chantaleguy\/wp-json\/wp\/v2\/types\/page"}],"author":[{"embeddable":true,"href":"https:\/\/artzoomconnection.com\/chantaleguy\/wp-json\/wp\/v2\/users\/1"}],"replies":[{"embeddable":true,"href":"https:\/\/artzoomconnection.com\/chantaleguy\/wp-json\/wp\/v2\/comments?post=1627"}],"version-history":[{"count":34,"href":"https:\/\/artzoomconnection.com\/chantaleguy\/wp-json\/wp\/v2\/pages\/1627\/revisions"}],"predecessor-version":[{"id":3054,"href":"https:\/\/artzoomconnection.com\/chantaleguy\/wp-json\/wp\/v2\/pages\/1627\/revisions\/3054"}],"up":[{"embeddable":true,"href":"https:\/\/artzoomconnection.com\/chantaleguy\/wp-json\/wp\/v2\/pages\/1623"}],"wp:attachment":[{"href":"https:\/\/artzoomconnection.com\/chantaleguy\/wp-json\/wp\/v2\/media?parent=1627"}],"curies":[{"name":"wp","href":"https:\/\/api.w.org\/{rel}","templated":true}]}}