{"id":1642,"date":"2009-11-16T23:34:34","date_gmt":"2009-11-17T04:34:34","guid":{"rendered":"http:\/\/www.artzoom.org\/members\/wordpress\/?page_id=27"},"modified":"2019-12-29T19:07:34","modified_gmt":"2019-12-29T18:07:34","slug":"critique","status":"publish","type":"page","link":"https:\/\/artzoomconnection.com\/chantaleguy\/presse\/critique\/","title":{"rendered":"CRITIQUES"},"content":{"rendered":"<div class=\"fusion-fullwidth fullwidth-box fusion-builder-row-1 nonhundred-percent-fullwidth non-hundred-percent-height-scrolling\"  style='background-color: rgba(255,255,255,0);background-position: center center;background-repeat: no-repeat;padding-top:0px;padding-right:0px;padding-bottom:0px;padding-left:0px;'><div class=\"fusion-builder-row fusion-row \"><div  class=\"fusion-layout-column fusion_builder_column fusion_builder_column_1_1 fusion-builder-column-1 fusion-one-full fusion-column-first fusion-column-last 1_1\"  style='margin-top:0px;margin-bottom:0px;'>\n\t\t\t\t\t<div class=\"fusion-column-wrapper\" style=\"padding: 0px 0px 0px 0px;background-position:left top;background-repeat:no-repeat;-webkit-background-size:cover;-moz-background-size:cover;-o-background-size:cover;background-size:cover;\"   data-bg-url=\"\">\n\t\t\t\t\t\t<style type=\"text\/css\"><\/style><div class=\"fusion-title title fusion-title-1 fusion-title-text fusion-title-size-one\" style=\"margin-top:0px;margin-bottom:31px;\"><h1 class=\"title-heading-left\" style=\"margin:0;\"><h3>CRITIQUES \u00c9CRITES SUR L&rsquo;ARTISTE<\/h3><\/h1><div class=\"title-sep-container\"><div class=\"title-sep sep-double sep-solid\" style=\"border-color:#e0dede;\"><\/div><\/div><\/div><div class=\"fusion-clearfix\"><\/div>\n\n\t\t\t\t\t<\/div>\n\t\t\t\t<\/div><div  class=\"fusion-layout-column fusion_builder_column fusion_builder_column_1_2 fusion-builder-column-2 fusion-one-half fusion-column-first 1_2\"  style='margin-top:0px;margin-bottom:0px;width:48%; margin-right: 4%;'>\n\t\t\t\t\t<div class=\"fusion-column-wrapper\" style=\"padding: 0px 0px 0px 0px;background-position:left top;background-repeat:no-repeat;-webkit-background-size:cover;-moz-background-size:cover;-o-background-size:cover;background-size:cover;\"   data-bg-url=\"\">\n\t\t\t\t\t\t<div class=\"fusion-text\"><h3>Chantale Guy<\/h3>\n<h4><cite>par HeleneCaroline Fournier, experte en art et th\u00e9oricienne de l&rsquo;art<\/cite><\/h4>\n<p style=\"text-align: justify;\">L\u2019univers animalier de Chantale Guy prend naissance dans les couleurs fauves, \u00e0 l\u2019image de la personnalit\u00e9 dynamique de l\u2019artiste. Ses oeuvres sont des repr\u00e9sentations, le plus souvent f\u00e9lines; peut-\u00eatre issues de son totem animal. La r\u00e9alisation prend la forme d\u2019un besoin d\u2019expression cr\u00e9atrice, libre de tout artifice. Son langage pictural se fait parfois symbole conscient et inconscient lorsqu\u2019il y a des personnages. Le travail de l\u2019artiste r\u00e9concilie l\u2019art et la vie sous toutes ses formes ainsi que la peinture et la po\u00e9sie. Son travail se pr\u00e9sente tel un gros plan sur une th\u00e9matique figurative, tout en ayant un c\u00f4t\u00e9 fonci\u00e8rement semi-abstrait, pour ne pas tout d\u00e9voiler du premier regard. Par pudeur ou par discr\u00e9tion, l&rsquo;artiste ne d\u00e9voile que certains \u00e9l\u00e9ments du sujet. Le spectateur peut ainsi se laisser aller \u00e0 l&rsquo;imagination, r\u00eavant de l&rsquo;univers cach\u00e9 que seule l&rsquo;artiste conna\u00eet.<\/p>\n<\/div><div class=\"fusion-sep-clear\"><\/div><div class=\"fusion-separator fusion-no-medium-visibility fusion-full-width-sep sep-single sep-solid\" style=\"border-color:#000000;border-top-width:1px;margin-left: auto;margin-right: auto;margin-top:25px;margin-bottom:25px;\"><\/div><div class=\"fusion-clearfix\"><\/div>\n\n\t\t\t\t\t<\/div>\n\t\t\t\t<\/div><div  class=\"fusion-layout-column fusion_builder_column fusion_builder_column_1_2 fusion-builder-column-3 fusion-one-half fusion-column-last 1_2\"  style='margin-top:0px;margin-bottom:0px;width:48%'>\n\t\t\t\t\t<div class=\"fusion-column-wrapper\" style=\"padding: 0px 0px 0px 0px;background-position:left top;background-repeat:no-repeat;-webkit-background-size:cover;-moz-background-size:cover;-o-background-size:cover;background-size:cover;\"   data-bg-url=\"\">\n\t\t\t\t\t\t<div class=\"fusion-text\"><h3>Exposition G\u00e9meaux<\/h3>\n<h4><cite>par Jean-Fran\u00e7ois Bonneau, L&rsquo;\u00c9toile du Lac<\/cite><\/h4>\n<p style=\"text-align: justify;\">\u00ab\u00a0Sa toile illustrant sa femme-perroquet illustre \u00e0 quel point il y a peu d&rsquo;humain dans ce qui nous entoure. Est-ce l&rsquo;animal qui est humanis\u00e9 ou l&rsquo;humain dont le c\u00f4t\u00e9 bestial ressort ? Un peu des deux, sans doute. Une autre toile, illustrant un cheval dans un d\u00e9cor de regard humain sortant du ciel, fait ressortir le vide et le paradis. De la post-modernisation d&rsquo;arch\u00e9types \u00e0 l&rsquo;\u00e9tat pur ! Son exposition s&rsquo;appelle \u00ab\u00a0G\u00e9meaux\u00a0\u00bb, justement pour exprimer la dualit\u00e9 qui subsiste entre le r\u00e9el et l&rsquo;imaginaire. Les signes astrologiques, tout comme sa dualit\u00e9, naviguent constamment entre les deux. Et, comme on s&rsquo;amuse \u00e0 lire le ciel, on s&rsquo;amuse \u00e0 lire ses oeuvres.\u00a0\u00bb<\/p>\n<\/div><div class=\"fusion-sep-clear\"><\/div><div class=\"fusion-separator fusion-no-medium-visibility fusion-full-width-sep sep-single sep-solid\" style=\"border-color:#000000;border-top-width:1px;margin-left: auto;margin-right: auto;margin-top:25px;margin-bottom:25px;\"><\/div><div class=\"fusion-clearfix\"><\/div>\n\n\t\t\t\t\t<\/div>\n\t\t\t\t<\/div><\/div><\/div>\n","protected":false},"excerpt":{"rendered":"","protected":false},"author":1,"featured_media":0,"parent":1687,"menu_order":2,"comment_status":"open","ping_status":"open","template":"","meta":[],"_links":{"self":[{"href":"https:\/\/artzoomconnection.com\/chantaleguy\/wp-json\/wp\/v2\/pages\/1642"}],"collection":[{"href":"https:\/\/artzoomconnection.com\/chantaleguy\/wp-json\/wp\/v2\/pages"}],"about":[{"href":"https:\/\/artzoomconnection.com\/chantaleguy\/wp-json\/wp\/v2\/types\/page"}],"author":[{"embeddable":true,"href":"https:\/\/artzoomconnection.com\/chantaleguy\/wp-json\/wp\/v2\/users\/1"}],"replies":[{"embeddable":true,"href":"https:\/\/artzoomconnection.com\/chantaleguy\/wp-json\/wp\/v2\/comments?post=1642"}],"version-history":[{"count":29,"href":"https:\/\/artzoomconnection.com\/chantaleguy\/wp-json\/wp\/v2\/pages\/1642\/revisions"}],"predecessor-version":[{"id":3064,"href":"https:\/\/artzoomconnection.com\/chantaleguy\/wp-json\/wp\/v2\/pages\/1642\/revisions\/3064"}],"up":[{"embeddable":true,"href":"https:\/\/artzoomconnection.com\/chantaleguy\/wp-json\/wp\/v2\/pages\/1687"}],"wp:attachment":[{"href":"https:\/\/artzoomconnection.com\/chantaleguy\/wp-json\/wp\/v2\/media?parent=1642"}],"curies":[{"name":"wp","href":"https:\/\/api.w.org\/{rel}","templated":true}]}}