{"id":1643,"date":"2009-11-16T23:44:16","date_gmt":"2009-11-17T04:44:16","guid":{"rendered":"http:\/\/www.artzoom.org\/members\/wordpress\/?page_id=31"},"modified":"2019-12-29T19:24:37","modified_gmt":"2019-12-29T18:24:37","slug":"entrevue","status":"publish","type":"page","link":"https:\/\/artzoomconnection.com\/chantaleguy\/presse\/entrevue\/","title":{"rendered":"ENTREVUE"},"content":{"rendered":"<div class=\"fusion-fullwidth fullwidth-box fusion-builder-row-1 nonhundred-percent-fullwidth non-hundred-percent-height-scrolling\"  style='background-color: rgba(255,255,255,0);background-position: center center;background-repeat: no-repeat;padding-top:0px;padding-right:0px;padding-bottom:0px;padding-left:0px;'><div class=\"fusion-builder-row fusion-row \"><div  class=\"fusion-layout-column fusion_builder_column fusion_builder_column_1_1 fusion-builder-column-1 fusion-one-full fusion-column-first fusion-column-last 1_1\"  style='margin-top:0px;margin-bottom:0px;'>\n\t\t\t\t\t<div class=\"fusion-column-wrapper\" style=\"padding: 0px 0px 0px 0px;background-position:left top;background-repeat:no-repeat;-webkit-background-size:cover;-moz-background-size:cover;-o-background-size:cover;background-size:cover;\"   data-bg-url=\"\">\n\t\t\t\t\t\t<style type=\"text\/css\"><\/style><div class=\"fusion-title title fusion-title-1 fusion-title-text fusion-title-size-one\" style=\"margin-top:0px;margin-bottom:31px;\"><h1 class=\"title-heading-left\" style=\"margin:0;\"><h3>Entrevue r\u00e9alis\u00e9e par <a href=\"http:\/\/www.helenecaroline.com\" target=\"_blank\" rel=\"noopener noreferrer\">HeleneCaroline Fournier<\/a>, experte en art et th\u00e9oricienne de l\u2019art, pour le compte du <a href=\"http:\/\/www.artzoom.org\" target=\"_blank\" rel=\"noopener noreferrer\">CIAAZ<\/a>, avec Chantale Guy, artiste de Saint-Prime, ce 9 mars 2017.<\/h3><\/h1><div class=\"title-sep-container\"><div class=\"title-sep sep-double sep-solid\" style=\"border-color:#e0dede;\"><\/div><\/div><\/div><div class=\"fusion-clearfix\"><\/div>\n\n\t\t\t\t\t<\/div>\n\t\t\t\t<\/div><div  class=\"fusion-layout-column fusion_builder_column fusion_builder_column_1_3 fusion-builder-column-2 fusion-one-third fusion-column-first 1_3\"  style='margin-top:0px;margin-bottom:0px;width:30.6666%; margin-right: 4%;'>\n\t\t\t\t\t<div class=\"fusion-column-wrapper\" style=\"padding: 0px 0px 0px 0px;background-position:left top;background-repeat:no-repeat;-webkit-background-size:cover;-moz-background-size:cover;-o-background-size:cover;background-size:cover;\"   data-bg-url=\"\">\n\t\t\t\t\t\t<div class=\"fusion-text\"><p><img loading=\"lazy\" class=\"aligncenter wp-image-2614\" src=\"https:\/\/artzoomconnection.com\/chantaleguy\/wp-content\/uploads\/IMG_0624.jpg\" alt=\"\" width=\"450\" height=\"601\" \/><\/p>\n<\/div><div class=\"fusion-clearfix\"><\/div>\n\n\t\t\t\t\t<\/div>\n\t\t\t\t<\/div><div  class=\"fusion-layout-column fusion_builder_column fusion_builder_column_2_3 fusion-builder-column-3 fusion-two-third fusion-column-last 2_3\"  style='margin-top:0px;margin-bottom:0px;width:65.3333%'>\n\t\t\t\t\t<div class=\"fusion-column-wrapper\" style=\"padding: 0px 0px 0px 0px;background-position:left top;background-repeat:no-repeat;-webkit-background-size:cover;-moz-background-size:cover;-o-background-size:cover;background-size:cover;\"   data-bg-url=\"\">\n\t\t\t\t\t\t<div class=\"fusion-text\"><h3><strong>ENTREVUE AVEC CHANTALE GUY<\/strong><\/h3>\n<p style=\"text-align: justify;\"><span style=\"color: #993300;\"><strong>ArtZoom :<\/strong> Est-ce que vous pensez que l&rsquo;art visuel est en perp\u00e9tuelle \u00e9volution? Avec votre exp\u00e9rience, avec ce que vous avez vu, v\u00e9cu et\/ou entendu, en tant qu&rsquo;artiste, pensez-vous que l&rsquo;art visuel restera \u00abtraditionnel\u00bb ou si vous pensez que l&rsquo;art visuel penchera de plus en plus avec la technologie ? Jusqu&rsquo;o\u00f9 ira la pr\u00e9sence technologique dans l&rsquo;art ? Jusqu&rsquo;o\u00f9 pourrait-on dire \u00abceci reste de l&rsquo;art\u00bb? Y aura-t-il un moment o\u00f9 l&rsquo;art sera d\u00e9natur\u00e9 au profit de la performance informatique, selon vous?<\/span><\/p>\n<p style=\"text-align: justify;\"><strong>Chantale Guy :<\/strong> Il y aura toujours des puristes comme moi, toutefois la nouvelle technologie est pr\u00e9sente dans nos vies en 2017. Il ne faut surtout pas l&rsquo;ignorer. Ceci \u00e9tant dit, que faire avec ? En faire un alli\u00e9 ou un ennemi ? Le Web, Facebook, Instagram, pour ne nommer que ceux-l\u00e0, peuvent nous rendre de tr\u00e8s grands services pour notre publicit\u00e9, page personnelle, etc. J&rsquo;ai appris, avec l&rsquo;exp\u00e9rience, que les nouveaux outils me font me questionner sur les nouvelles techniques. Les lectures sur le Web et dans les revues sp\u00e9cialis\u00e9es me renseignent beaucoup. Il y aura toujours une place pour l\u2019art traditionnel &#8211; comme il y a eu un avant et un apr\u00e8s du Refus Global. C&rsquo;est un monde rempli de bons et de mauvais artistes. Certains sont g\u00e9niaux. Tout demeure relatif. Le principal, c\u2019est de demeurer authentique. J&rsquo;aimerai toujours les clairs-obscurs de Rembrandt (1606-1669) ou les couleurs vives de Jean-Paul Lapointe (1935-2007).<\/p>\n<p style=\"text-align: justify;\"><span style=\"color: #993300;\"><strong>ArtZoom :<\/strong> On dit souvent que les artistes sont des \u00eatres solitaires, qu&rsquo;ils sont \u00abseuls\u00bb, que ce sont des individus \u00ab diff\u00e9rents des autres \u00bb, \u00eates-vous de cet avis? Vous sentez-vous seul(e)? \u00cates-vous fondamentalement solitaire? Ou avez-vous besoin de vous entourer de gens pour cr\u00e9er?<\/span><\/p>\n<p style=\"text-align: justify;\"><strong>Chantale Guy :<\/strong> J&rsquo;aime les gens, c&rsquo;est pourquoi je les peints. Il me faut donc sortir de mon atelier pour les voir sourire ou \u00eatre s\u00e9rieux. Je prends des photos, je tente de garder en m\u00e9moire des regards, des expressions, pour ensuite m&rsquo;isoler afin de peindre. Quand je suis seule dans mon atelier, j&rsquo;aime \u00e9couter de la musique. Ensuite, le silence se fait dans ma t\u00eate et je commence par un son qui me rappelle une couleur, et ainsi de suite\u2026 jusqu&rsquo;\u00e0 la fin.<\/p>\n<p style=\"text-align: justify;\"><span style=\"color: #993300;\"><strong>ArtZoom :<\/strong> Quelle est votre source d&rsquo;inspiration? Et que faites-vous pour conserver votre motivation \u00e0 cr\u00e9er ?<\/span><\/p>\n<p style=\"text-align: justify;\"><strong>Chantale Guy : <\/strong>Mes sources d&rsquo;inspiration sont mes enfants, ma famille, mes amis, des \u00e9trangers aux visages int\u00e9ressants, pas n\u00e9cessairement beaux. Quelqu&rsquo;un m&rsquo; a dit, un jour, qu&rsquo;\u00eatre jolie est plus qu&rsquo;\u00eatre belle car c&rsquo;est plus profond. C&rsquo;est ce que je recherche: la profondeur. Les animaux sont aussi ma source d&rsquo;inspiration car ils repr\u00e9sentent une part de nous qui est animale donc instinctive. Je les int\u00e8gre \u00e0 la toile pour ne pas l&rsquo;oublier.<\/p>\n<p style=\"text-align: justify;\"><span style=\"color: #993300;\"><strong>ArtZoom :<\/strong> Est-ce que votre famille a \u00e9t\u00e9 solidaire de votre d\u00e9cision de \u00ab devenir \u00bb artiste ou si elle vous a d\u00e9courag\u00e9 en disant que c&rsquo;\u00e9tait difficile d&rsquo;en vivre? Comment s&rsquo;est fait cette d\u00e9cision de devenir artiste professionnel(le)? Quelle a \u00e9t\u00e9 la r\u00e9action de votre famille \u00e0 l&rsquo;\u00e9poque ? Quelle est la r\u00e9action de votre famille aujourd&rsquo;hui ?<\/span><\/p>\n<p style=\"text-align: justify;\"><strong>Chantale Guy :<\/strong> Ma m\u00e8re a \u00e9t\u00e9 la premi\u00e8re \u00e0 voir que j&rsquo;avais de la facilit\u00e9 \u00e0 dessiner. Mes enseignantes, au primaire, me faisaient dessiner au tableau lors des f\u00eates (comme No\u00ebl ou P\u00e2ques). Au secondaire, les enseignants encourageaient surtout les gar\u00e7ons dans le domaine des arts, m\u00eame si j&rsquo;\u00e9tais plus habile qu&rsquo;eux. J&rsquo;aurais aim\u00e9 \u00e9tudier les arts dans une universit\u00e9, mais en 1968-1970 &#8211; et surtout venant d&rsquo;un petit village &#8211; une grande ville, comme Montr\u00e9al, repr\u00e9sentait pour mes parents trop de risques pour ne pas dire l&rsquo;\u00ab enfer \u00bb (dans le sens o\u00f9 les grandes villes \u00e9taient per\u00e7ues comme des lieux de perdition). Ce n&rsquo;est qu&rsquo;en 1995 que j&rsquo;ai repris des cours au C\u00e9gep et que, depuis, je n&rsquo;ai plus arr\u00eat\u00e9. Ma famille est toujours l\u00e0 pour m&rsquo;encourager.<\/p>\n<p style=\"text-align: justify;\"><span style=\"color: #993300;\"><strong>ArtZoom :<\/strong> A quel moment vous \u00eates-vous int\u00e9ress\u00e9(e) \u00e0 l&rsquo;art? Lorsque vous \u00e9tiez enfant ou une fois adulte?<\/span><\/p>\n<p style=\"text-align: justify;\"><strong>Chantale Guy :<\/strong> Je me souviens, \u00e0 l\u2019\u00e2ge de 5 ans, que je regardais le dictionnaire de ma grande s\u0153ur. J&rsquo;ai remarqu\u00e9 une image d&rsquo;une petite fille qui tenait une gerbe de bl\u00e9. J&rsquo;ai demand\u00e9 \u00e0 ma grande s\u0153ur de me lire le texte et elle m&rsquo;a dit que c&rsquo;\u00e9tait une toile qui \u00e9tait au Mus\u00e9e du Louvre \u00e0 Paris, que le peintre s\u2019appelait Renoir, que Paris \u00e9tait tr\u00e8s tr\u00e8s loin de chez nous. Je lui ai fait la remarque que, un jour, j&rsquo;irai dans ce Louvre. C&rsquo;est 50 ans plus tard que j&rsquo;ai tenu ma promesse. Imaginez ce que j\u2019ai ressenti quand j&rsquo;ai pay\u00e9 mon billet et que j&rsquo;ai lev\u00e9 la t\u00eate pour r\u00e9aliser ce qui m&rsquo;arrivait.<\/p>\n<p style=\"text-align: justify;\"><span style=\"color: #993300;\"><strong>ArtZoom :<\/strong> Quels ont \u00e9t\u00e9 les obstacles majeurs que vous avez rencontr\u00e9s au cours de votre carri\u00e8re? Pensez-vous que tous les artistes passent par les m\u00eames obstacles? Ou si vous pensez que chaque artiste a ses \u00ab propres \u00bb obstacles?<\/span><\/p>\n<p style=\"text-align: justify;\"><strong>Chantale Guy :<\/strong> C&rsquo;est moi l&rsquo;obstacle : avoir \u00e0 affronter des juges lors de concours, de toujours prouver que j\u2019\u00e9tais diff\u00e9rente ou meilleure, selon certains crit\u00e8res d&rsquo;\u00e9valuation. Cela a \u00e9t\u00e9 mes pires obstacles car ils me rappelaient mes cours au secondaire dans lesquels, peu importe ce que je peignais, ce n&rsquo;\u00e9tait jamais \u00e0 la hauteur de certaines de mes camarades. Je pense que, m\u00eame aujourd&rsquo;hui, j&rsquo;ai encore ce syndrome de manque de confiance.<\/p>\n<p><span style=\"color: #993300;\"><strong>ArtZoom :<\/strong> Quel est le souvenir le plus heureux de l&rsquo;une de vos expositions gardez-vous en souvenir? Quel serait le souvenir le plus malheureux ?<\/span><\/p>\n<p style=\"text-align: justify;\"><strong>Chantale Guy :<\/strong> Apr\u00e8s presque 10 ans de symposiums, d\u2019expositions solos et collectives, il y a eu &#8211; enfin!- une personne qui a vu toute mon \u00e9volution et qui a eu la gentillesse de me le dire et, surtout, qui m&rsquo;a r\u00e9f\u00e9r\u00e9 une personne qui pouvait m&rsquo;aider dans ma carri\u00e8re. Les mauvais souvenirs ne sont que des exp\u00e9riences qui m&rsquo;ont fait grandir et qui m&rsquo;ont donn\u00e9 plus confiance en moi. Ils m&rsquo;ont surtout fait comprendre que l&rsquo;on ne pouvait pas plaire \u00e0 tous.<\/p>\n<p style=\"text-align: justify;\"><span style=\"color: #993300;\"><strong>ArtZoom :<\/strong> Qu&rsquo;est ce qu&rsquo;il faudrait am\u00e9liorer dans le domaine des arts visuels, au niveau professionnel, selon vous pour am\u00e9liorer la qualit\u00e9 de vie des artistes professionnels ?<\/span><\/p>\n<p style=\"text-align: justify;\"><strong>Chantale Guy :<\/strong> L&rsquo;ignorance est la pire chose \u00e0 vivre. Encore \u00e0 ce jour, pour moi, quand je dis que je suis une artiste peintre professionnelle, il faut que je leur explique ce que cela veut dire. Je dois leur dire quel chemin j&rsquo;ai parcouru et quelle d\u00e9marche j&rsquo;ai d\u00fb faire pour cela. Il y en a m\u00eame qui me dise que c&rsquo;est un beau passe-temps ! Heureusement, avec Facebook, mon site internet, des amis, les ventes de mes \u0153uvres ainsi que des expositions dans les galeries d&rsquo;art, l&rsquo;image s\u2019am\u00e9liore peu \u00e0 peu.<\/p>\n<p style=\"text-align: justify;\"><span style=\"color: #993300;\"><strong>ArtZoom :<\/strong> Si vous aviez un conseil \u00e0 donner \u00e0 un(e) jeune artiste qui d\u00e9sire se lancer dans le domaine, quel conseil lui donneriez-vous?<\/span><\/p>\n<p style=\"text-align: justify;\"><strong>Chantale Guy :<\/strong> Avoir de la patience, de la passion. Avoir un bon r\u00e9seau de personnes \u00e0 qui tu peux te fier, qu&rsquo;ils soient dans les arts ou non, car, \u00eatre artiste peintre, c&rsquo;est un \u00e9tat d&rsquo;\u00e2me. On peut apprendre la technique, on peut avoir toutes les connaissances n\u00e9cessaires et, surtout, si tu ne penses pas qu&rsquo;\u00e0 l&rsquo;argent ou qu\u2019\u00e0 devenir riche, tu as toute les chances de r\u00e9ussir. Avoir un plan B est aussi une bonne alternative pour quelques ann\u00e9es, tout en maintenant ta cr\u00e9ativit\u00e9 \u00e0 jour en visitant des mus\u00e9es, des galeries ou en clavardant avec des gens du m\u00eame monde que toi.<\/p>\n<p style=\"text-align: justify;\"><span style=\"color: #993300;\"><strong>ArtZoom :<\/strong> Pensez-vous que l&rsquo;artiste contemporain doit obligatoirement exposer dans un autre pays pour obtenir une reconnaissance professionnelle dans son propre pays? L&rsquo;adage \u00ab\u00a0nul n&rsquo;est proph\u00e8te en son pays\u00a0\u00bb est-il vrai, selon vous ?<\/span><\/p>\n<p style=\"text-align: justify;\"><strong>Chantale Guy: <\/strong>Pour une reconnaissance professionnelle, oui, car dans une carri\u00e8re tu dois obligatoirement faire quelques expositions \u00e0 l&rsquo;ext\u00e9rieur. Cela change le regard des gens. On dirait qu&rsquo;ils te prennent plus au s\u00e9rieux quand tu leur dis que tu as expos\u00e9 en Europe, que tu as vendu des toiles aux Etats-Unis, en Allemagne ou dans d\u2019autres r\u00e9gions du Canada\u2026 dont beaucoup au Qu\u00e9bec. Toutefois, quand je suis dans mon atelier, cela ne change pas tellement ce que je suis vraiment.<\/p>\n<\/div><div class=\"fusion-clearfix\"><\/div>\n\n\t\t\t\t\t<\/div>\n\t\t\t\t<\/div><\/div><\/div>\n","protected":false},"excerpt":{"rendered":"","protected":false},"author":1,"featured_media":0,"parent":1687,"menu_order":1,"comment_status":"closed","ping_status":"closed","template":"","meta":[],"_links":{"self":[{"href":"https:\/\/artzoomconnection.com\/chantaleguy\/wp-json\/wp\/v2\/pages\/1643"}],"collection":[{"href":"https:\/\/artzoomconnection.com\/chantaleguy\/wp-json\/wp\/v2\/pages"}],"about":[{"href":"https:\/\/artzoomconnection.com\/chantaleguy\/wp-json\/wp\/v2\/types\/page"}],"author":[{"embeddable":true,"href":"https:\/\/artzoomconnection.com\/chantaleguy\/wp-json\/wp\/v2\/users\/1"}],"replies":[{"embeddable":true,"href":"https:\/\/artzoomconnection.com\/chantaleguy\/wp-json\/wp\/v2\/comments?post=1643"}],"version-history":[{"count":27,"href":"https:\/\/artzoomconnection.com\/chantaleguy\/wp-json\/wp\/v2\/pages\/1643\/revisions"}],"predecessor-version":[{"id":3075,"href":"https:\/\/artzoomconnection.com\/chantaleguy\/wp-json\/wp\/v2\/pages\/1643\/revisions\/3075"}],"up":[{"embeddable":true,"href":"https:\/\/artzoomconnection.com\/chantaleguy\/wp-json\/wp\/v2\/pages\/1687"}],"wp:attachment":[{"href":"https:\/\/artzoomconnection.com\/chantaleguy\/wp-json\/wp\/v2\/media?parent=1643"}],"curies":[{"name":"wp","href":"https:\/\/api.w.org\/{rel}","templated":true}]}}