{"id":2480,"date":"2014-10-03T15:33:29","date_gmt":"2014-10-03T14:33:29","guid":{"rendered":"http:\/\/artzoomconnection.com\/chantaleguy\/?page_id=2480"},"modified":"2023-05-19T02:22:06","modified_gmt":"2023-05-19T01:22:06","slug":"atelier","status":"publish","type":"page","link":"https:\/\/artzoomconnection.com\/chantaleguy\/presentation\/atelier\/","title":{"rendered":"ATELIER"},"content":{"rendered":"<div class=\"fusion-fullwidth fullwidth-box fusion-builder-row-1 nonhundred-percent-fullwidth non-hundred-percent-height-scrolling\"  style='background-color: rgba(255,255,255,0);background-position: center center;background-repeat: no-repeat;padding-top:0px;padding-right:0px;padding-bottom:0px;padding-left:0px;'><div class=\"fusion-builder-row fusion-row \"><div  class=\"fusion-layout-column fusion_builder_column fusion_builder_column_1_2 fusion-builder-column-1 fusion-one-half fusion-column-first 1_2\"  style='margin-top:0px;margin-bottom:0px;width:48%; margin-right: 4%;'>\n\t\t\t\t\t<div class=\"fusion-column-wrapper\" style=\"padding: 0px 0px 0px 0px;background-position:left top;background-repeat:no-repeat;-webkit-background-size:cover;-moz-background-size:cover;-o-background-size:cover;background-size:cover;\"   data-bg-url=\"\">\n\t\t\t\t\t\t<div class=\"fusion-text\"><p><img loading=\"lazy\" class=\"aligncenter size-full wp-image-3303\" src=\"https:\/\/artzoomconnection.com\/chantaleguy\/wp-content\/uploads\/IMG_0687.jpeg\" alt=\"\" width=\"1024\" height=\"874\" srcset=\"https:\/\/artzoomconnection.com\/chantaleguy\/wp-content\/uploads\/IMG_0687-200x171.jpeg 200w, https:\/\/artzoomconnection.com\/chantaleguy\/wp-content\/uploads\/IMG_0687-300x256.jpeg 300w, https:\/\/artzoomconnection.com\/chantaleguy\/wp-content\/uploads\/IMG_0687-400x341.jpeg 400w, https:\/\/artzoomconnection.com\/chantaleguy\/wp-content\/uploads\/IMG_0687-500x427.jpeg 500w, https:\/\/artzoomconnection.com\/chantaleguy\/wp-content\/uploads\/IMG_0687-600x512.jpeg 600w, https:\/\/artzoomconnection.com\/chantaleguy\/wp-content\/uploads\/IMG_0687-700x597.jpeg 700w, https:\/\/artzoomconnection.com\/chantaleguy\/wp-content\/uploads\/IMG_0687-768x656.jpeg 768w, https:\/\/artzoomconnection.com\/chantaleguy\/wp-content\/uploads\/IMG_0687-800x683.jpeg 800w, https:\/\/artzoomconnection.com\/chantaleguy\/wp-content\/uploads\/IMG_0687.jpeg 1024w\" sizes=\"(max-width: 1024px) 100vw, 1024px\" \/><\/p>\n<\/div><div class=\"fusion-text\"><p><img loading=\"lazy\" class=\"aligncenter size-full wp-image-3305\" src=\"https:\/\/artzoomconnection.com\/chantaleguy\/wp-content\/uploads\/IMG_0695.jpeg\" alt=\"\" width=\"1280\" height=\"960\" srcset=\"https:\/\/artzoomconnection.com\/chantaleguy\/wp-content\/uploads\/IMG_0695-200x150.jpeg 200w, https:\/\/artzoomconnection.com\/chantaleguy\/wp-content\/uploads\/IMG_0695-300x225.jpeg 300w, https:\/\/artzoomconnection.com\/chantaleguy\/wp-content\/uploads\/IMG_0695-400x300.jpeg 400w, https:\/\/artzoomconnection.com\/chantaleguy\/wp-content\/uploads\/IMG_0695-500x375.jpeg 500w, https:\/\/artzoomconnection.com\/chantaleguy\/wp-content\/uploads\/IMG_0695-600x450.jpeg 600w, https:\/\/artzoomconnection.com\/chantaleguy\/wp-content\/uploads\/IMG_0695-700x525.jpeg 700w, https:\/\/artzoomconnection.com\/chantaleguy\/wp-content\/uploads\/IMG_0695-768x576.jpeg 768w, https:\/\/artzoomconnection.com\/chantaleguy\/wp-content\/uploads\/IMG_0695-800x600.jpeg 800w, https:\/\/artzoomconnection.com\/chantaleguy\/wp-content\/uploads\/IMG_0695-1024x768.jpeg 1024w, https:\/\/artzoomconnection.com\/chantaleguy\/wp-content\/uploads\/IMG_0695-1200x900.jpeg 1200w, https:\/\/artzoomconnection.com\/chantaleguy\/wp-content\/uploads\/IMG_0695.jpeg 1280w\" sizes=\"(max-width: 1280px) 100vw, 1280px\" \/><\/p>\n<\/div><div class=\"fusion-text\"><p><img loading=\"lazy\" class=\"aligncenter size-full wp-image-3306\" src=\"https:\/\/artzoomconnection.com\/chantaleguy\/wp-content\/uploads\/IMG_0696.jpeg\" alt=\"\" width=\"1280\" height=\"960\" srcset=\"https:\/\/artzoomconnection.com\/chantaleguy\/wp-content\/uploads\/IMG_0696-200x150.jpeg 200w, https:\/\/artzoomconnection.com\/chantaleguy\/wp-content\/uploads\/IMG_0696-300x225.jpeg 300w, https:\/\/artzoomconnection.com\/chantaleguy\/wp-content\/uploads\/IMG_0696-400x300.jpeg 400w, https:\/\/artzoomconnection.com\/chantaleguy\/wp-content\/uploads\/IMG_0696-500x375.jpeg 500w, https:\/\/artzoomconnection.com\/chantaleguy\/wp-content\/uploads\/IMG_0696-600x450.jpeg 600w, https:\/\/artzoomconnection.com\/chantaleguy\/wp-content\/uploads\/IMG_0696-700x525.jpeg 700w, https:\/\/artzoomconnection.com\/chantaleguy\/wp-content\/uploads\/IMG_0696-768x576.jpeg 768w, https:\/\/artzoomconnection.com\/chantaleguy\/wp-content\/uploads\/IMG_0696-800x600.jpeg 800w, https:\/\/artzoomconnection.com\/chantaleguy\/wp-content\/uploads\/IMG_0696-1024x768.jpeg 1024w, https:\/\/artzoomconnection.com\/chantaleguy\/wp-content\/uploads\/IMG_0696-1200x900.jpeg 1200w, https:\/\/artzoomconnection.com\/chantaleguy\/wp-content\/uploads\/IMG_0696.jpeg 1280w\" sizes=\"(max-width: 1280px) 100vw, 1280px\" \/><\/p>\n<\/div><div class=\"fusion-text\"><p><img loading=\"lazy\" class=\"aligncenter size-full wp-image-3307\" src=\"https:\/\/artzoomconnection.com\/chantaleguy\/wp-content\/uploads\/IMG_0697.jpeg\" alt=\"\" width=\"1280\" height=\"960\" srcset=\"https:\/\/artzoomconnection.com\/chantaleguy\/wp-content\/uploads\/IMG_0697-200x150.jpeg 200w, https:\/\/artzoomconnection.com\/chantaleguy\/wp-content\/uploads\/IMG_0697-300x225.jpeg 300w, https:\/\/artzoomconnection.com\/chantaleguy\/wp-content\/uploads\/IMG_0697-400x300.jpeg 400w, https:\/\/artzoomconnection.com\/chantaleguy\/wp-content\/uploads\/IMG_0697-500x375.jpeg 500w, https:\/\/artzoomconnection.com\/chantaleguy\/wp-content\/uploads\/IMG_0697-600x450.jpeg 600w, https:\/\/artzoomconnection.com\/chantaleguy\/wp-content\/uploads\/IMG_0697-700x525.jpeg 700w, https:\/\/artzoomconnection.com\/chantaleguy\/wp-content\/uploads\/IMG_0697-768x576.jpeg 768w, https:\/\/artzoomconnection.com\/chantaleguy\/wp-content\/uploads\/IMG_0697-800x600.jpeg 800w, https:\/\/artzoomconnection.com\/chantaleguy\/wp-content\/uploads\/IMG_0697-1024x768.jpeg 1024w, https:\/\/artzoomconnection.com\/chantaleguy\/wp-content\/uploads\/IMG_0697-1200x900.jpeg 1200w, https:\/\/artzoomconnection.com\/chantaleguy\/wp-content\/uploads\/IMG_0697.jpeg 1280w\" sizes=\"(max-width: 1280px) 100vw, 1280px\" \/><\/p>\n<\/div><div class=\"fusion-text\"><p><img loading=\"lazy\" class=\"aligncenter size-full wp-image-3304\" src=\"https:\/\/artzoomconnection.com\/chantaleguy\/wp-content\/uploads\/IMG_0694.jpeg\" alt=\"\" width=\"1280\" height=\"960\" srcset=\"https:\/\/artzoomconnection.com\/chantaleguy\/wp-content\/uploads\/IMG_0694-200x150.jpeg 200w, https:\/\/artzoomconnection.com\/chantaleguy\/wp-content\/uploads\/IMG_0694-300x225.jpeg 300w, https:\/\/artzoomconnection.com\/chantaleguy\/wp-content\/uploads\/IMG_0694-400x300.jpeg 400w, https:\/\/artzoomconnection.com\/chantaleguy\/wp-content\/uploads\/IMG_0694-500x375.jpeg 500w, https:\/\/artzoomconnection.com\/chantaleguy\/wp-content\/uploads\/IMG_0694-600x450.jpeg 600w, https:\/\/artzoomconnection.com\/chantaleguy\/wp-content\/uploads\/IMG_0694-700x525.jpeg 700w, https:\/\/artzoomconnection.com\/chantaleguy\/wp-content\/uploads\/IMG_0694-768x576.jpeg 768w, https:\/\/artzoomconnection.com\/chantaleguy\/wp-content\/uploads\/IMG_0694-800x600.jpeg 800w, https:\/\/artzoomconnection.com\/chantaleguy\/wp-content\/uploads\/IMG_0694-1024x768.jpeg 1024w, https:\/\/artzoomconnection.com\/chantaleguy\/wp-content\/uploads\/IMG_0694-1200x900.jpeg 1200w, https:\/\/artzoomconnection.com\/chantaleguy\/wp-content\/uploads\/IMG_0694.jpeg 1280w\" sizes=\"(max-width: 1280px) 100vw, 1280px\" \/><\/p>\n<\/div><div class=\"fusion-clearfix\"><\/div>\n\n\t\t\t\t\t<\/div>\n\t\t\t\t<\/div><div  class=\"fusion-layout-column fusion_builder_column fusion_builder_column_1_2 fusion-builder-column-2 fusion-one-half fusion-column-last 1_2\"  style='margin-top:0px;margin-bottom:0px;width:48%'>\n\t\t\t\t\t<div class=\"fusion-column-wrapper\" style=\"padding: 0px 0px 0px 0px;background-position:left top;background-repeat:no-repeat;-webkit-background-size:cover;-moz-background-size:cover;-o-background-size:cover;background-size:cover;\"   data-bg-url=\"\">\n\t\t\t\t\t\t<style type=\"text\/css\"><\/style><div class=\"fusion-title title fusion-title-1 fusion-title-text fusion-title-size-one\" style=\"margin-top:0px;margin-bottom:31px;\"><h1 class=\"title-heading-left\" style=\"margin:0;\"><h3>L\u2019ATELIER, CE LIEU INTIME<\/h3><\/h1><div class=\"title-sep-container\"><div class=\"title-sep sep-double sep-solid\" style=\"border-color:#e0dede;\"><\/div><\/div><\/div><div class=\"fusion-text\"><p>&nbsp;<\/p>\n<blockquote>\n<p style=\"text-align: left;\">\u00ab De jour en jour, en tout point de vue, je vais de mieux en mieux \u00bb<br \/>\n\u2013 auteur inconnu<\/p>\n<\/blockquote>\n<p>&nbsp;<\/p>\n<p style=\"text-align: justify;\">L\u2019atelier de Chantale Guy (CHAGUY) est juste assez grand pour lui permettre d\u2019enseigner \u00e0 6-8 personnes en m\u00eame temps et est situ\u00e9 dans une partie de sa maison. Il fait atelier-galerie pour les visiteurs. L\u2019espace (ou le manque d\u2019espace) n\u2019influence pas les dimensions de ses oeuvres ni la gestuelle qu\u2019on pourrait y retrouver. Les grandes toiles peuvent se cr\u00e9er \u2013 tout autant que les petites \u2013 sans que l\u2019inspiration n\u2019en soit affect\u00e9e. Elle admet toutefois que l\u2019environnement peut influencer sa cr\u00e9ativit\u00e9; un certain confort et la proximit\u00e9 du mat\u00e9riel lui sont n\u00e9cessaires. Quand les moments intenses de cr\u00e9ation d\u00e9boulent, cette n\u00e9cessit\u00e9 dispara\u00eet pour laisser place \u00e0 l\u2019expression artistique pure. Son humeur va avec ses couleurs, la lumi\u00e8re influence le degr\u00e9 de l\u2019\u00e9motion v\u00e9hicul\u00e9e. \u00ab <em>Quand il pleut, mes couleurs, comme mon humeur, changent<\/em> \u00bb. Elle se qualifie de peintre de petits et de moyens formats. C\u2019est son terrain de pr\u00e9dilection, m\u00eame s\u2019il lui est arriv\u00e9 de faire des toiles de 36 x 36 pouces (90 cm x 90 cm).<\/p>\n<p style=\"text-align: justify;\">Son atelier est son lieu intime. Ses proches doivent d\u2019ailleurs respecter son retrait lorsque la porte est ferm\u00e9e. \u00ab <i>Aussit\u00f4t que la porte s\u2019ouvre, je laisser entrer les gens<\/i> \u00bb. Le silence y est pr\u00e9sent, sauf au d\u00e9but d\u2019une oeuvre. Le temps d\u2019une chanson et Chantale Guy se retrouve dans sa bulle. L\u2019atelier est un lieu de culture o\u00f9 les livres la ram\u00e8nent aux mots qui l\u2019inspirent. Tout la conduit vers l\u2019art de cr\u00e9er. Un tablier \u00e0 poches rev\u00eatu et c\u2019est le d\u00e9part pour l\u2019aventure sans crainte de se salir. Il n\u2019y a pas vraiment de c\u00e9r\u00e9monial pr\u00e9d\u00e9termin\u00e9 pour se mettre en place; l\u2019artiste s\u2019installe avec ses tubes et ses outils de travail tout simplement. Chantale Guy avoue pouvoir peindre ailleurs que dans son atelier, mais elle terminera toujours son oeuvre commenc\u00e9e dans son chez-elle, le seul endroit qui lui permet de r\u00e9fl\u00e9chir, de porter un regard critique sur son travail et de finaliser son oeuvre. Elle peint parfois devant le public lors de symposiums, ce qui est un exercice de concentration puisque les interruptions sont nombreuses. Elle pr\u00e9f\u00e8re rencontrer le public pour \u00e9changer plut\u00f4t que peindre devant eux en silence. Les commentaires positifs et\/ou n\u00e9gatifs envers son travail sont toujours bien accueillis; ils lui permettent d\u2019avancer, de progresser.<\/p>\n<p style=\"text-align: justify;\">Peindre dans un autre atelier que le sien est d\u00e9stabilisant car il y a une perte des rep\u00e8res. Son atelier de 13 pi x 13 pi (pr\u00e8s de 4 m x 4 m) est \u00e0 son image; parfois rang\u00e9, parfois moins. Ayant essay\u00e9 la sculpture, la poterie, etc. Chantale Guy est rest\u00e9e \u00e0 la peinture: \u00ab<i>c\u2019est le seul m\u00e9dium qui me fait r\u00eaver <\/i>\u00bb. En d\u00e9but de carri\u00e8re, l\u2019artiste peignait surtout des animaux et des paysages. Au fil du temps, des personnages sont apparus, apportant avec eux, une autre dimension \u00e0 son travail. La joie de vivre, le rapport entre individus, le rapport entre l\u2019homme et la nature, etc. sont des th\u00e8mes qui lui sont chers. L\u2019interaction des uns et des autres, envers les uns et les autres, est le principal courant qui porte l\u2019artiste vers une source d\u2019inspiration in\u00e9puisable qui a donn\u00e9 lieu \u00e0 de nombreuses exp\u00e9rimentations de styles. \u00ab <i>J\u2019ose croire que je suis une artiste qui cr\u00e9e le bonheur <\/i>\u00bb, explique-t-elle avec un sourire accueillant et les yeux p\u00e9tillants.<\/p>\n<p>&nbsp;<\/p>\n<\/div><div class=\"fusion-clearfix\"><\/div>\n\n\t\t\t\t\t<\/div>\n\t\t\t\t<\/div><\/div><\/div>\n","protected":false},"excerpt":{"rendered":"","protected":false},"author":1,"featured_media":0,"parent":1623,"menu_order":3,"comment_status":"closed","ping_status":"closed","template":"","meta":[],"_links":{"self":[{"href":"https:\/\/artzoomconnection.com\/chantaleguy\/wp-json\/wp\/v2\/pages\/2480"}],"collection":[{"href":"https:\/\/artzoomconnection.com\/chantaleguy\/wp-json\/wp\/v2\/pages"}],"about":[{"href":"https:\/\/artzoomconnection.com\/chantaleguy\/wp-json\/wp\/v2\/types\/page"}],"author":[{"embeddable":true,"href":"https:\/\/artzoomconnection.com\/chantaleguy\/wp-json\/wp\/v2\/users\/1"}],"replies":[{"embeddable":true,"href":"https:\/\/artzoomconnection.com\/chantaleguy\/wp-json\/wp\/v2\/comments?post=2480"}],"version-history":[{"count":22,"href":"https:\/\/artzoomconnection.com\/chantaleguy\/wp-json\/wp\/v2\/pages\/2480\/revisions"}],"predecessor-version":[{"id":3309,"href":"https:\/\/artzoomconnection.com\/chantaleguy\/wp-json\/wp\/v2\/pages\/2480\/revisions\/3309"}],"up":[{"embeddable":true,"href":"https:\/\/artzoomconnection.com\/chantaleguy\/wp-json\/wp\/v2\/pages\/1623"}],"wp:attachment":[{"href":"https:\/\/artzoomconnection.com\/chantaleguy\/wp-json\/wp\/v2\/media?parent=2480"}],"curies":[{"name":"wp","href":"https:\/\/api.w.org\/{rel}","templated":true}]}}