{"id":2832,"date":"2018-09-03T16:10:28","date_gmt":"2018-09-03T15:10:28","guid":{"rendered":"https:\/\/artzoomconnection.com\/chantaleguy\/?page_id=2832"},"modified":"2020-02-09T14:24:53","modified_gmt":"2020-02-09T13:24:53","slug":"distorsionart","status":"publish","type":"page","link":"https:\/\/artzoomconnection.com\/chantaleguy\/galerie\/distorsionart\/","title":{"rendered":"DISTORSION&rsquo;ART 2018 &#8211; \u00e0 la Biblioth\u00e8que Georges-Henri-L\u00e9vesque \u00e0 Roberval"},"content":{"rendered":"<div id=\"new-royalslider-4\" class=\"royalSlider new-royalslider-4 rsUni rs-default-template\" style=\"width:100%;height:500px;;\" data-rs-options='{&quot;template&quot;:&quot;default&quot;,&quot;image_generation&quot;:{&quot;imageWidth&quot;:&quot;&quot;,&quot;imageHeight&quot;:&quot;&quot;,&quot;thumbImageWidth&quot;:&quot;&quot;,&quot;thumbImageHeight&quot;:&quot;&quot;},&quot;thumbs&quot;:{&quot;thumbWidth&quot;:96,&quot;thumbHeight&quot;:72},&quot;autoPlay&quot;:{&quot;enabled&quot;:&quot;true&quot;,&quot;delay&quot;:3000,&quot;stopAtAction&quot;:&quot;false&quot;},&quot;fullscreen&quot;:{&quot;enabled&quot;:&quot;true&quot;},&quot;video&quot;:[],&quot;block&quot;:{&quot;moveOffset&quot;:20,&quot;speed&quot;:400,&quot;delay&quot;:200},&quot;width&quot;:&quot;100%&quot;,&quot;height&quot;:&quot;500px&quot;,&quot;autoScaleSlider&quot;:&quot;true&quot;,&quot;autoScaleSliderWidth&quot;:600,&quot;autoScaleSliderHeight&quot;:500,&quot;controlNavigation&quot;:&quot;thumbnails&quot;,&quot;arrowsNavHideOnTouch&quot;:&quot;true&quot;}'>\n<div class=\"rsContent\">\n  <img class=\"rsImg\" src=\"https:\/\/artzoomconnection.com\/chantaleguy\/wp-content\/uploads\/IMG_0521-796x1024.jpg\" data-rsBigImg=\"https:\/\/artzoomconnection.com\/chantaleguy\/wp-content\/uploads\/IMG_0521.jpg\" alt=\"\u00c9chinac\u00e9es blanches, acrylique sur toile, 16 x 12 pouces\"\/>\n  <div class=\"rsTmb\"><img src=\"https:\/\/artzoomconnection.com\/chantaleguy\/wp-content\/uploads\/IMG_0521-150x150.jpg\" alt=\"\" \/><\/div>\n  \n  \n<\/div>\n<div class=\"rsContent\">\n  <img class=\"rsImg\" src=\"https:\/\/artzoomconnection.com\/chantaleguy\/wp-content\/uploads\/IMG_0622-753x1024.jpg\" data-rsBigImg=\"https:\/\/artzoomconnection.com\/chantaleguy\/wp-content\/uploads\/IMG_0622.jpg\" alt=\"M\u00e9sanges sur fond jaune, acrylique sur toile, 16 x 12 pouces\"\/>\n  <div class=\"rsTmb\"><img src=\"https:\/\/artzoomconnection.com\/chantaleguy\/wp-content\/uploads\/IMG_0622-150x150.jpg\" alt=\"\" \/><\/div>\n  \n  \n<\/div>\n<div class=\"rsContent\">\n  <img class=\"rsImg\" src=\"https:\/\/artzoomconnection.com\/chantaleguy\/wp-content\/uploads\/IMG_0575-764x1024.jpg\" data-rsBigImg=\"https:\/\/artzoomconnection.com\/chantaleguy\/wp-content\/uploads\/IMG_0575.jpg\" alt=\"M\u00e9sange sur fond rose, acrylique sur toile, 16 x 12 pouces\"\/>\n  <div class=\"rsTmb\"><img src=\"https:\/\/artzoomconnection.com\/chantaleguy\/wp-content\/uploads\/IMG_0575-150x150.jpg\" alt=\"\" \/><\/div>\n  \n  \n<\/div>\n<div class=\"rsContent\">\n  <img class=\"rsImg\" src=\"https:\/\/artzoomconnection.com\/chantaleguy\/wp-content\/uploads\/IMG_0662-1-1024x726.jpg\" data-rsBigImg=\"https:\/\/artzoomconnection.com\/chantaleguy\/wp-content\/uploads\/IMG_0662-1-e1577136352510.jpg\" alt=\"Le Trio, acrylique sur toile, 20 x 28 pouces\"\/>\n  <div class=\"rsTmb\"><img src=\"https:\/\/artzoomconnection.com\/chantaleguy\/wp-content\/uploads\/IMG_0662-1-150x150.jpg\" alt=\"\" \/><\/div>\n  \n  \n<\/div>\n<div class=\"rsContent\">\n  <img class=\"rsImg\" src=\"https:\/\/artzoomconnection.com\/chantaleguy\/wp-content\/uploads\/IMG_0624-730x1024.jpg\" data-rsBigImg=\"https:\/\/artzoomconnection.com\/chantaleguy\/wp-content\/uploads\/IMG_0624.jpg\" alt=\"\u00c9mergence de la nature en couleur, acrylique sur toile, 28 x 20 pouces\"\/>\n  <div class=\"rsTmb\"><img src=\"https:\/\/artzoomconnection.com\/chantaleguy\/wp-content\/uploads\/IMG_0624-150x150.jpg\" alt=\"\" \/><\/div>\n  \n  \n<\/div>\n<div class=\"rsContent\">\n  <img class=\"rsImg\" src=\"https:\/\/artzoomconnection.com\/chantaleguy\/wp-content\/uploads\/entete_demarche-1005x1024.jpg\" data-rsBigImg=\"https:\/\/artzoomconnection.com\/chantaleguy\/wp-content\/uploads\/entete_demarche.jpg\" alt=\"entete_demarche\"\/>\n  <div class=\"rsTmb\"><img src=\"https:\/\/artzoomconnection.com\/chantaleguy\/wp-content\/uploads\/entete_demarche-150x150.jpg\" alt=\"\" \/><\/div>\n  \n  \n<\/div>\n<div class=\"rsContent\">\n  <img class=\"rsImg\" src=\"https:\/\/artzoomconnection.com\/chantaleguy\/wp-content\/uploads\/IMG_0655-798x1024.jpg\" data-rsBigImg=\"https:\/\/artzoomconnection.com\/chantaleguy\/wp-content\/uploads\/IMG_0655.jpg\" alt=\"Je vous regarde, acrylique sur toile, 30 x 24 pouces\"\/>\n  <div class=\"rsTmb\"><img src=\"https:\/\/artzoomconnection.com\/chantaleguy\/wp-content\/uploads\/IMG_0655-150x150.jpg\" alt=\"\" \/><\/div>\n  \n  \n<\/div>\n<div class=\"rsContent\">\n  <img class=\"rsImg\" src=\"https:\/\/artzoomconnection.com\/chantaleguy\/wp-content\/uploads\/IMG_0618-841x1024.jpg\" data-rsBigImg=\"https:\/\/artzoomconnection.com\/chantaleguy\/wp-content\/uploads\/IMG_0618.jpg\" alt=\"Je suis l\u00e0, acrylique sur toile, 12 x 10 pouces\"\/>\n  <div class=\"rsTmb\"><img src=\"https:\/\/artzoomconnection.com\/chantaleguy\/wp-content\/uploads\/IMG_0618-150x150.jpg\" alt=\"\" \/><\/div>\n  \n  \n<\/div>\n<div class=\"rsContent\">\n  <img class=\"rsImg\" src=\"https:\/\/artzoomconnection.com\/chantaleguy\/wp-content\/uploads\/IMG_0670-1012x1024.jpg\" data-rsBigImg=\"https:\/\/artzoomconnection.com\/chantaleguy\/wp-content\/uploads\/IMG_0670.jpg\" alt=\"Mouvement II (ballerine), acrylique sur toile, 24 x 24 pouces\"\/>\n  <div class=\"rsTmb\"><img src=\"https:\/\/artzoomconnection.com\/chantaleguy\/wp-content\/uploads\/IMG_0670-150x150.jpg\" alt=\"\" \/><\/div>\n  \n  \n<\/div>\n<div class=\"rsContent\">\n  <img class=\"rsImg\" src=\"https:\/\/artzoomconnection.com\/chantaleguy\/wp-content\/uploads\/IMG_0645-1-495x1024.jpg\" data-rsBigImg=\"https:\/\/artzoomconnection.com\/chantaleguy\/wp-content\/uploads\/IMG_0645-1.jpg\" alt=\"Dame au chevreuil, acrylique sur toile, 36 x 18 pouces\"\/>\n  <div class=\"rsTmb\"><img src=\"https:\/\/artzoomconnection.com\/chantaleguy\/wp-content\/uploads\/IMG_0645-1-150x150.jpg\" alt=\"\" \/><\/div>\n  \n  \n<\/div>\n<div class=\"rsContent\">\n  <img class=\"rsImg\" src=\"https:\/\/artzoomconnection.com\/chantaleguy\/wp-content\/uploads\/dame-au-faucon-1-491x1024.jpg\" data-rsBigImg=\"https:\/\/artzoomconnection.com\/chantaleguy\/wp-content\/uploads\/dame-au-faucon-1.jpg\" alt=\"Dame au faucon, acrylique sur toile, 36 x 18 pouces\"\/>\n  <div class=\"rsTmb\"><img src=\"https:\/\/artzoomconnection.com\/chantaleguy\/wp-content\/uploads\/dame-au-faucon-1-150x150.jpg\" alt=\"\" \/><\/div>\n  \n  \n<\/div>\n<div class=\"rsContent\">\n  <img class=\"rsImg\" src=\"https:\/\/artzoomconnection.com\/chantaleguy\/wp-content\/uploads\/IMG_0668-1-807x1024.jpg\" data-rsBigImg=\"https:\/\/artzoomconnection.com\/chantaleguy\/wp-content\/uploads\/IMG_0668-1.jpg\" alt=\"Les danseuses (Bernaches), acrylique sur toile, 30 x 24 pouces\"\/>\n  <div class=\"rsTmb\"><img src=\"https:\/\/artzoomconnection.com\/chantaleguy\/wp-content\/uploads\/IMG_0668-1-150x150.jpg\" alt=\"\" \/><\/div>\n  \n  \n<\/div>\n<div class=\"rsContent\">\n  <img class=\"rsImg\" src=\"https:\/\/artzoomconnection.com\/chantaleguy\/wp-content\/uploads\/IMG_0657-1-1018x1024.jpg\" data-rsBigImg=\"https:\/\/artzoomconnection.com\/chantaleguy\/wp-content\/uploads\/IMG_0657-1.jpg\" alt=\"Mouvement dans la nuit, acrylique sur toile, 36 x 36 pouces\"\/>\n  <div class=\"rsTmb\"><img src=\"https:\/\/artzoomconnection.com\/chantaleguy\/wp-content\/uploads\/IMG_0657-1-150x150.jpg\" alt=\"\" \/><\/div>\n  \n  \n<\/div>\n<div class=\"rsContent\">\n  <img class=\"rsImg\" src=\"https:\/\/artzoomconnection.com\/chantaleguy\/wp-content\/uploads\/entete_oeuvres_expliquees-1024x817.jpg\" data-rsBigImg=\"https:\/\/artzoomconnection.com\/chantaleguy\/wp-content\/uploads\/entete_oeuvres_expliquees.jpg\" alt=\"entete_oeuvres_expliquees\"\/>\n  <div class=\"rsTmb\"><img src=\"https:\/\/artzoomconnection.com\/chantaleguy\/wp-content\/uploads\/entete_oeuvres_expliquees-150x150.jpg\" alt=\"\" \/><\/div>\n  \n  \n<\/div>\n<div class=\"rsContent\">\n  <img class=\"rsImg\" src=\"https:\/\/artzoomconnection.com\/chantaleguy\/wp-content\/uploads\/IMG_0632-847x1024.jpg\" data-rsBigImg=\"https:\/\/artzoomconnection.com\/chantaleguy\/wp-content\/uploads\/IMG_0632.jpg\" alt=\"Ascension I, acrylique sur toile, 20 x 16 pouces\"\/>\n  <div class=\"rsTmb\"><img src=\"https:\/\/artzoomconnection.com\/chantaleguy\/wp-content\/uploads\/IMG_0632-150x150.jpg\" alt=\"\" \/><\/div>\n  \n  \n<\/div>\n<div class=\"rsContent\">\n  <img class=\"rsImg\" src=\"https:\/\/artzoomconnection.com\/chantaleguy\/wp-content\/uploads\/IMG_0633-832x1024.jpg\" data-rsBigImg=\"https:\/\/artzoomconnection.com\/chantaleguy\/wp-content\/uploads\/IMG_0633.jpg\" alt=\"Ascension II, acrylique sur toile, 20 x 16 pouces\"\/>\n  <div class=\"rsTmb\"><img src=\"https:\/\/artzoomconnection.com\/chantaleguy\/wp-content\/uploads\/IMG_0633-150x150.jpg\" alt=\"\" \/><\/div>\n  \n  \n<\/div>\n<div class=\"rsContent\">\n  <img class=\"rsImg\" src=\"https:\/\/artzoomconnection.com\/chantaleguy\/wp-content\/uploads\/IMG_0667-1024x1018.jpg\" data-rsBigImg=\"https:\/\/artzoomconnection.com\/chantaleguy\/wp-content\/uploads\/IMG_0667.jpg\" alt=\"Rythme, acrylique sur toile, 30 x 30 pouces\"\/>\n  <div class=\"rsTmb\"><img src=\"https:\/\/artzoomconnection.com\/chantaleguy\/wp-content\/uploads\/IMG_0667-150x150.jpg\" alt=\"\" \/><\/div>\n  \n  \n<\/div>\n<div class=\"rsContent\">\n  <img class=\"rsImg\" src=\"https:\/\/artzoomconnection.com\/chantaleguy\/wp-content\/uploads\/IMG_0601-846x1024.jpg\" data-rsBigImg=\"https:\/\/artzoomconnection.com\/chantaleguy\/wp-content\/uploads\/IMG_0601.jpg\" alt=\"Oiseau I, acrylique sur toile, 12 x 10 pouces\"\/>\n  <div class=\"rsTmb\"><img src=\"https:\/\/artzoomconnection.com\/chantaleguy\/wp-content\/uploads\/IMG_0601-150x150.jpg\" alt=\"\" \/><\/div>\n  \n  \n<\/div>\n<div class=\"rsContent\">\n  <img class=\"rsImg\" src=\"https:\/\/artzoomconnection.com\/chantaleguy\/wp-content\/uploads\/IMG_0603-1-855x1024.jpg\" data-rsBigImg=\"https:\/\/artzoomconnection.com\/chantaleguy\/wp-content\/uploads\/IMG_0603-1.jpg\" alt=\"Oiseau II, acrylique sur toile, 12 x 10 pouces\"\/>\n  <div class=\"rsTmb\"><img src=\"https:\/\/artzoomconnection.com\/chantaleguy\/wp-content\/uploads\/IMG_0603-1-150x150.jpg\" alt=\"\" \/><\/div>\n  \n  \n<\/div>\n<div class=\"rsContent\">\n  <img class=\"rsImg\" src=\"https:\/\/artzoomconnection.com\/chantaleguy\/wp-content\/uploads\/IMG_0602-840x1024.jpg\" data-rsBigImg=\"https:\/\/artzoomconnection.com\/chantaleguy\/wp-content\/uploads\/IMG_0602.jpg\" alt=\"Oiseau III, acrylique sur toile, 12 x 10 pouces\"\/>\n  <div class=\"rsTmb\"><img src=\"https:\/\/artzoomconnection.com\/chantaleguy\/wp-content\/uploads\/IMG_0602-150x150.jpg\" alt=\"\" \/><\/div>\n  \n  \n<\/div>\n<div class=\"rsContent\">\n  <img class=\"rsImg\" src=\"https:\/\/artzoomconnection.com\/chantaleguy\/wp-content\/uploads\/IMG_0634-754x1024.jpg\" data-rsBigImg=\"https:\/\/artzoomconnection.com\/chantaleguy\/wp-content\/uploads\/IMG_0634.jpg\" alt=\"Sous la plume de l&#039;\u00e9crivain, huile sur toile, 24 x 18 pouces\"\/>\n  <div class=\"rsTmb\"><img src=\"https:\/\/artzoomconnection.com\/chantaleguy\/wp-content\/uploads\/IMG_0634-150x150.jpg\" alt=\"\" \/><\/div>\n  \n  \n<\/div>\n<div class=\"rsContent\">\n  <img class=\"rsImg\" src=\"https:\/\/artzoomconnection.com\/chantaleguy\/wp-content\/uploads\/IMG_0589-824x1024.jpg\" data-rsBigImg=\"https:\/\/artzoomconnection.com\/chantaleguy\/wp-content\/uploads\/IMG_0589.jpg\" alt=\"Les mots murmur\u00e9s, techniques mixtes sur toile, 20 x 16 pouces\"\/>\n  <div class=\"rsTmb\"><img src=\"https:\/\/artzoomconnection.com\/chantaleguy\/wp-content\/uploads\/IMG_0589-150x150.jpg\" alt=\"\" \/><\/div>\n  \n  \n<\/div>\n<div class=\"rsContent\">\n  <img class=\"rsImg\" src=\"https:\/\/artzoomconnection.com\/chantaleguy\/wp-content\/uploads\/IMG_0625-805x1024.jpg\" data-rsBigImg=\"https:\/\/artzoomconnection.com\/chantaleguy\/wp-content\/uploads\/IMG_0625.jpg\" alt=\"Les mots pour \u00e9crire, techniques mixtes sur toile, 20 x 16 pouces\"\/>\n  <div class=\"rsTmb\"><img src=\"https:\/\/artzoomconnection.com\/chantaleguy\/wp-content\/uploads\/IMG_0625-150x150.jpg\" alt=\"\" \/><\/div>\n  \n  \n<\/div>\n<div class=\"rsContent\">\n  <img class=\"rsImg\" src=\"https:\/\/artzoomconnection.com\/chantaleguy\/wp-content\/uploads\/IMG_0666-1-826x1024.jpg\" data-rsBigImg=\"https:\/\/artzoomconnection.com\/chantaleguy\/wp-content\/uploads\/IMG_0666-1.jpg\" alt=\"Les mots qui d\u00e9chirent, techniques mixtes sur toile, 20 x 16 pouces\"\/>\n  <div class=\"rsTmb\"><img src=\"https:\/\/artzoomconnection.com\/chantaleguy\/wp-content\/uploads\/IMG_0666-1-150x150.jpg\" alt=\"\" \/><\/div>\n  \n  \n<\/div>\n<div class=\"rsContent\">\n  <img class=\"rsImg\" src=\"https:\/\/artzoomconnection.com\/chantaleguy\/wp-content\/uploads\/IMG_0627-821x1024.jpg\" data-rsBigImg=\"https:\/\/artzoomconnection.com\/chantaleguy\/wp-content\/uploads\/IMG_0627.jpg\" alt=\"Les mots pour lire, techniques mixtes sur toile, 20 x 16 pouces\"\/>\n  <div class=\"rsTmb\"><img src=\"https:\/\/artzoomconnection.com\/chantaleguy\/wp-content\/uploads\/IMG_0627-150x150.jpg\" alt=\"\" \/><\/div>\n  \n  \n<\/div>\n<div class=\"rsContent\">\n  <img class=\"rsImg\" src=\"https:\/\/artzoomconnection.com\/chantaleguy\/wp-content\/uploads\/IMG_0660-795x1024.jpg\" data-rsBigImg=\"https:\/\/artzoomconnection.com\/chantaleguy\/wp-content\/uploads\/IMG_0660.jpg\" alt=\"Les crayons jeunes, techniques mixtes sur toile, 30 x 24 pouces\"\/>\n  <div class=\"rsTmb\"><img src=\"https:\/\/artzoomconnection.com\/chantaleguy\/wp-content\/uploads\/IMG_0660-150x150.jpg\" alt=\"\" \/><\/div>\n  \n  \n<\/div>\n<div class=\"rsContent\">\n  <img class=\"rsImg\" src=\"https:\/\/artzoomconnection.com\/chantaleguy\/wp-content\/uploads\/IMG_0636-491x1024.jpg\" data-rsBigImg=\"https:\/\/artzoomconnection.com\/chantaleguy\/wp-content\/uploads\/IMG_0636.jpg\" alt=\"Les mots d&#039;enfants du monde, acrylique sur toile, 16 x 8 pouces\"\/>\n  <div class=\"rsTmb\"><img src=\"https:\/\/artzoomconnection.com\/chantaleguy\/wp-content\/uploads\/IMG_0636-150x150.jpg\" alt=\"\" \/><\/div>\n  \n  \n<\/div>\n<div class=\"rsContent\">\n  <img class=\"rsImg\" src=\"https:\/\/artzoomconnection.com\/chantaleguy\/wp-content\/uploads\/IMG_0637-787x1024.jpg\" data-rsBigImg=\"https:\/\/artzoomconnection.com\/chantaleguy\/wp-content\/uploads\/IMG_0637.jpg\" alt=\"Les mots d&#039;enfants du monde, acrylique sur toile, 18 x 14 pouces\"\/>\n  <div class=\"rsTmb\"><img src=\"https:\/\/artzoomconnection.com\/chantaleguy\/wp-content\/uploads\/IMG_0637-150x150.jpg\" alt=\"\" \/><\/div>\n  \n  \n<\/div>\n<div class=\"rsContent\">\n  <img class=\"rsImg\" src=\"https:\/\/artzoomconnection.com\/chantaleguy\/wp-content\/uploads\/IMG_0638-1017x1024.jpg\" data-rsBigImg=\"https:\/\/artzoomconnection.com\/chantaleguy\/wp-content\/uploads\/IMG_0638.jpg\" alt=\"Les mots d&#039;enfants du monde, acrylique sur toile, 20 x 20 pouces\"\/>\n  <div class=\"rsTmb\"><img src=\"https:\/\/artzoomconnection.com\/chantaleguy\/wp-content\/uploads\/IMG_0638-150x150.jpg\" alt=\"\" \/><\/div>\n  \n  \n<\/div>\n<div class=\"rsContent\">\n  <img class=\"rsImg\" src=\"https:\/\/artzoomconnection.com\/chantaleguy\/wp-content\/uploads\/IMG_0664-1-1024x1018.jpg\" data-rsBigImg=\"https:\/\/artzoomconnection.com\/chantaleguy\/wp-content\/uploads\/IMG_0664-1.jpg\" alt=\"Regard, acrylique sur toile, 24 x 24 pouces\"\/>\n  <div class=\"rsTmb\"><img src=\"https:\/\/artzoomconnection.com\/chantaleguy\/wp-content\/uploads\/IMG_0664-1-150x150.jpg\" alt=\"\" \/><\/div>\n  \n  \n<\/div>\n<div class=\"rsContent\">\n  <img class=\"rsImg\" src=\"https:\/\/artzoomconnection.com\/chantaleguy\/wp-content\/uploads\/loup-812x1024.jpg\" data-rsBigImg=\"https:\/\/artzoomconnection.com\/chantaleguy\/wp-content\/uploads\/loup.jpg\" alt=\"Regard, acrylique sur toile, 20 x 16 pouces\"\/>\n  <div class=\"rsTmb\"><img src=\"https:\/\/artzoomconnection.com\/chantaleguy\/wp-content\/uploads\/loup-150x150.jpg\" alt=\"\" \/><\/div>\n  \n  \n<\/div>\n<div class=\"rsContent\">\n  <img class=\"rsImg\" src=\"https:\/\/artzoomconnection.com\/chantaleguy\/wp-content\/uploads\/lynx-2018-1024x682.jpg\" data-rsBigImg=\"https:\/\/artzoomconnection.com\/chantaleguy\/wp-content\/uploads\/lynx-2018.jpg\" alt=\"Repos du Lynx, acrylique sur toile, 24 x 36 pouces\"\/>\n  <div class=\"rsTmb\"><img src=\"https:\/\/artzoomconnection.com\/chantaleguy\/wp-content\/uploads\/lynx-2018-150x150.jpg\" alt=\"\" \/><\/div>\n  \n  \n<\/div>\n<div class=\"rsContent\">\n  <img class=\"rsImg\" src=\"https:\/\/artzoomconnection.com\/chantaleguy\/wp-content\/uploads\/IMG_0665-1.jpg\" data-rsBigImg=\"https:\/\/artzoomconnection.com\/chantaleguy\/wp-content\/uploads\/IMG_0665-1.jpg\" alt=\"Adam et Eve, acrylique sur toile, 20 x 20 pouces\"\/>\n  <div class=\"rsTmb\"><img src=\"https:\/\/artzoomconnection.com\/chantaleguy\/wp-content\/uploads\/IMG_0665-1-150x150.jpg\" alt=\"\" \/><\/div>\n  \n  \n<\/div>\n<div class=\"rsContent\">\n  <img class=\"rsImg\" src=\"https:\/\/artzoomconnection.com\/chantaleguy\/wp-content\/uploads\/IMG_0640-1024x499.jpg\" data-rsBigImg=\"https:\/\/artzoomconnection.com\/chantaleguy\/wp-content\/uploads\/IMG_0640.jpg\" alt=\"Reconnaissance et naissance, acrylique sur toile, 18 x 36 pouces\"\/>\n  <div class=\"rsTmb\"><img src=\"https:\/\/artzoomconnection.com\/chantaleguy\/wp-content\/uploads\/IMG_0640-150x150.jpg\" alt=\"\" \/><\/div>\n  \n  \n<\/div>\n<div class=\"rsContent\">\n  <img class=\"rsImg\" src=\"https:\/\/artzoomconnection.com\/chantaleguy\/wp-content\/uploads\/IMG_0707-1024x498.jpg\" data-rsBigImg=\"https:\/\/artzoomconnection.com\/chantaleguy\/wp-content\/uploads\/IMG_0707.jpg\" alt=\"Gr\u00e2ce et gratitude, acrylique sur toile, 18 x 36 pouces\"\/>\n  <div class=\"rsTmb\"><img src=\"https:\/\/artzoomconnection.com\/chantaleguy\/wp-content\/uploads\/IMG_0707-150x150.jpg\" alt=\"\" \/><\/div>\n  \n  \n<\/div>\n<div class=\"rsContent\">\n  <img class=\"rsImg\" src=\"https:\/\/artzoomconnection.com\/chantaleguy\/wp-content\/uploads\/IMG_0630-817x1024.jpg\" data-rsBigImg=\"https:\/\/artzoomconnection.com\/chantaleguy\/wp-content\/uploads\/IMG_0630.jpg\" alt=\"La profondeur de la solitude, acrylique sur toile, 20 x 16 pouces\"\/>\n  <div class=\"rsTmb\"><img src=\"https:\/\/artzoomconnection.com\/chantaleguy\/wp-content\/uploads\/IMG_0630-150x150.jpg\" alt=\"\" \/><\/div>\n  \n  \n<\/div>\n<div class=\"rsContent\">\n  <img class=\"rsImg\" src=\"https:\/\/artzoomconnection.com\/chantaleguy\/wp-content\/uploads\/IMG_0600-1024x750.jpg\" data-rsBigImg=\"https:\/\/artzoomconnection.com\/chantaleguy\/wp-content\/uploads\/IMG_0600.jpg\" alt=\"D\u00e9passer les apparences, acrylique sur toile, 12 x 16 pouces\"\/>\n  <div class=\"rsTmb\"><img src=\"https:\/\/artzoomconnection.com\/chantaleguy\/wp-content\/uploads\/IMG_0600-150x150.jpg\" alt=\"\" \/><\/div>\n  \n  \n<\/div>\n<div class=\"rsContent\">\n  <img class=\"rsImg\" src=\"https:\/\/artzoomconnection.com\/chantaleguy\/wp-content\/uploads\/IMG_0614-824x1024.jpg\" data-rsBigImg=\"https:\/\/artzoomconnection.com\/chantaleguy\/wp-content\/uploads\/IMG_0614.jpg\" alt=\"Capteur d&#039;images - Huard, acrylique sur toile, 10 x 8 pouces\"\/>\n  <div class=\"rsTmb\"><img src=\"https:\/\/artzoomconnection.com\/chantaleguy\/wp-content\/uploads\/IMG_0614-150x150.jpg\" alt=\"\" \/><\/div>\n  \n  \n<\/div>\n<div class=\"rsContent\">\n  <img class=\"rsImg\" src=\"https:\/\/artzoomconnection.com\/chantaleguy\/wp-content\/uploads\/IMG_0606-832x1024.jpg\" data-rsBigImg=\"https:\/\/artzoomconnection.com\/chantaleguy\/wp-content\/uploads\/IMG_0606.jpg\" alt=\"Capteur d&#039;images - Papillon Monarque, acrylique sur toile, 10 x 8 pouces\"\/>\n  <div class=\"rsTmb\"><img src=\"https:\/\/artzoomconnection.com\/chantaleguy\/wp-content\/uploads\/IMG_0606-150x150.jpg\" alt=\"\" \/><\/div>\n  \n  \n<\/div>\n<div class=\"rsContent\">\n  <img class=\"rsImg\" src=\"https:\/\/artzoomconnection.com\/chantaleguy\/wp-content\/uploads\/IMG_0616-811x1024.jpg\" data-rsBigImg=\"https:\/\/artzoomconnection.com\/chantaleguy\/wp-content\/uploads\/IMG_0616.jpg\" alt=\"Capteur d&#039;images - Pygargue, acrylique sur toile, 10 x 8 pouces\"\/>\n  <div class=\"rsTmb\"><img src=\"https:\/\/artzoomconnection.com\/chantaleguy\/wp-content\/uploads\/IMG_0616-150x150.jpg\" alt=\"\" \/><\/div>\n  \n  \n<\/div>\n<div class=\"rsContent\">\n  <img class=\"rsImg\" src=\"https:\/\/artzoomconnection.com\/chantaleguy\/wp-content\/uploads\/IMG_0615-803x1024.jpg\" data-rsBigImg=\"https:\/\/artzoomconnection.com\/chantaleguy\/wp-content\/uploads\/IMG_0615.jpg\" alt=\"Capteur d&#039;images - Harfang des Neiges, acrylique sur toile, 10 x 8 pouces\"\/>\n  <div class=\"rsTmb\"><img src=\"https:\/\/artzoomconnection.com\/chantaleguy\/wp-content\/uploads\/IMG_0615-150x150.jpg\" alt=\"\" \/><\/div>\n  \n  \n<\/div>\n<div class=\"rsContent\">\n  <img class=\"rsImg\" src=\"https:\/\/artzoomconnection.com\/chantaleguy\/wp-content\/uploads\/IMG_0608-824x1024.jpg\" data-rsBigImg=\"https:\/\/artzoomconnection.com\/chantaleguy\/wp-content\/uploads\/IMG_0608.jpg\" alt=\"Capteur d&#039;images - Panda, acrylique sur toile, 10 x 8 pouces\"\/>\n  <div class=\"rsTmb\"><img src=\"https:\/\/artzoomconnection.com\/chantaleguy\/wp-content\/uploads\/IMG_0608-150x150.jpg\" alt=\"\" \/><\/div>\n  \n  \n<\/div>\n<div class=\"rsContent\">\n  <img class=\"rsImg\" src=\"https:\/\/artzoomconnection.com\/chantaleguy\/wp-content\/uploads\/IMG_0611-808x1024.jpg\" data-rsBigImg=\"https:\/\/artzoomconnection.com\/chantaleguy\/wp-content\/uploads\/IMG_0611.jpg\" alt=\"Capteur d&#039;images - Colibri, acrylique sur toile, 10 x 8 pouces\"\/>\n  <div class=\"rsTmb\"><img src=\"https:\/\/artzoomconnection.com\/chantaleguy\/wp-content\/uploads\/IMG_0611-150x150.jpg\" alt=\"\" \/><\/div>\n  \n  \n<\/div>\n<div class=\"rsContent\">\n  <img class=\"rsImg\" src=\"https:\/\/artzoomconnection.com\/chantaleguy\/wp-content\/uploads\/IMG_0613-819x1024.jpg\" data-rsBigImg=\"https:\/\/artzoomconnection.com\/chantaleguy\/wp-content\/uploads\/IMG_0613.jpg\" alt=\"Capteur d&#039;images - Li\u00e8vre d&#039;Am\u00e9rique, acrylique sur toile, 10 x 8 pouces\"\/>\n  <div class=\"rsTmb\"><img src=\"https:\/\/artzoomconnection.com\/chantaleguy\/wp-content\/uploads\/IMG_0613-150x150.jpg\" alt=\"\" \/><\/div>\n  \n  \n<\/div>\n<div class=\"rsContent\">\n  <img class=\"rsImg\" src=\"https:\/\/artzoomconnection.com\/chantaleguy\/wp-content\/uploads\/IMG_0609-1024x820.jpg\" data-rsBigImg=\"https:\/\/artzoomconnection.com\/chantaleguy\/wp-content\/uploads\/IMG_0609.jpg\" alt=\"Capteur d&#039;images - Loup, acrylique sur toile, 10 x 8 pouces\"\/>\n  <div class=\"rsTmb\"><img src=\"https:\/\/artzoomconnection.com\/chantaleguy\/wp-content\/uploads\/IMG_0609-150x150.jpg\" alt=\"\" \/><\/div>\n  \n  \n<\/div>\n<div class=\"rsContent\">\n  <img class=\"rsImg\" src=\"https:\/\/artzoomconnection.com\/chantaleguy\/wp-content\/uploads\/IMG_0607-825x1024.jpg\" data-rsBigImg=\"https:\/\/artzoomconnection.com\/chantaleguy\/wp-content\/uploads\/IMG_0607.jpg\" alt=\"Capteur d&#039;images - Orignal, acrylique sur toile, 10 x 8 pouces\"\/>\n  <div class=\"rsTmb\"><img src=\"https:\/\/artzoomconnection.com\/chantaleguy\/wp-content\/uploads\/IMG_0607-150x150.jpg\" alt=\"\" \/><\/div>\n  \n  \n<\/div>\n<div class=\"rsContent\">\n  <img class=\"rsImg\" src=\"https:\/\/artzoomconnection.com\/chantaleguy\/wp-content\/uploads\/IMG_0604-1024x813.jpg\" data-rsBigImg=\"https:\/\/artzoomconnection.com\/chantaleguy\/wp-content\/uploads\/IMG_0604.jpg\" alt=\"Capteur d&#039;images - Durbec des sapins, acrylique sur toile, 10 x 8 pouces\"\/>\n  <div class=\"rsTmb\"><img src=\"https:\/\/artzoomconnection.com\/chantaleguy\/wp-content\/uploads\/IMG_0604-150x150.jpg\" alt=\"\" \/><\/div>\n  \n  \n<\/div>\n\n<\/div>\n\n","protected":false},"excerpt":{"rendered":"","protected":false},"author":1,"featured_media":0,"parent":1757,"menu_order":0,"comment_status":"closed","ping_status":"closed","template":"","meta":[],"_links":{"self":[{"href":"https:\/\/artzoomconnection.com\/chantaleguy\/wp-json\/wp\/v2\/pages\/2832"}],"collection":[{"href":"https:\/\/artzoomconnection.com\/chantaleguy\/wp-json\/wp\/v2\/pages"}],"about":[{"href":"https:\/\/artzoomconnection.com\/chantaleguy\/wp-json\/wp\/v2\/types\/page"}],"author":[{"embeddable":true,"href":"https:\/\/artzoomconnection.com\/chantaleguy\/wp-json\/wp\/v2\/users\/1"}],"replies":[{"embeddable":true,"href":"https:\/\/artzoomconnection.com\/chantaleguy\/wp-json\/wp\/v2\/comments?post=2832"}],"version-history":[{"count":5,"href":"https:\/\/artzoomconnection.com\/chantaleguy\/wp-json\/wp\/v2\/pages\/2832\/revisions"}],"predecessor-version":[{"id":3121,"href":"https:\/\/artzoomconnection.com\/chantaleguy\/wp-json\/wp\/v2\/pages\/2832\/revisions\/3121"}],"up":[{"embeddable":true,"href":"https:\/\/artzoomconnection.com\/chantaleguy\/wp-json\/wp\/v2\/pages\/1757"}],"wp:attachment":[{"href":"https:\/\/artzoomconnection.com\/chantaleguy\/wp-json\/wp\/v2\/media?parent=2832"}],"curies":[{"name":"wp","href":"https:\/\/api.w.org\/{rel}","templated":true}]}}