{"id":37,"date":"2009-11-16T23:48:26","date_gmt":"2009-11-17T04:48:26","guid":{"rendered":"http:\/\/www.artzoom.org\/members\/wordpress\/?page_id=37"},"modified":"2022-03-10T06:35:03","modified_gmt":"2022-03-10T05:35:03","slug":"cote","status":"publish","type":"page","link":"https:\/\/artzoomconnection.com\/chantaleguy\/cote\/","title":{"rendered":"COTE"},"content":{"rendered":"<div class=\"fusion-fullwidth fullwidth-box fusion-builder-row-1 nonhundred-percent-fullwidth non-hundred-percent-height-scrolling\"  style='background-color: rgba(255,255,255,0);background-position: center center;background-repeat: no-repeat;padding-top:0px;padding-right:0px;padding-bottom:0px;padding-left:0px;'><div class=\"fusion-builder-row fusion-row \"><div  class=\"fusion-layout-column fusion_builder_column fusion_builder_column_1_2 fusion-builder-column-1 fusion-one-half fusion-column-first 1_2\"  style='margin-top:0px;margin-bottom:0px;width:48%; margin-right: 4%;'>\n\t\t\t\t\t<div class=\"fusion-column-wrapper\" style=\"padding: 0px 0px 0px 0px;background-position:left top;background-repeat:no-repeat;-webkit-background-size:cover;-moz-background-size:cover;-o-background-size:cover;background-size:cover;\"   data-bg-url=\"\">\n\t\t\t\t\t\t<style type=\"text\/css\"><\/style><div class=\"fusion-title title fusion-title-1 fusion-title-text fusion-title-size-one\" style=\"margin-top:0px;margin-bottom:31px;\"><h1 class=\"title-heading-left\" style=\"margin:0;\"><h3>COTE PROFESSIONNELLE<\/h3><\/h1><div class=\"title-sep-container\"><div class=\"title-sep sep-double sep-solid\" style=\"border-color:#e0dede;\"><\/div><\/div><\/div><div class=\"fusion-text\"><p><img loading=\"lazy\" class=\"aligncenter size-full wp-image-2644\" src=\"http:\/\/artzoomconnection.com\/chantaleguy\/wp-content\/uploads\/artiste_expertise.png\" alt=\"\" width=\"177\" height=\"177\" srcset=\"https:\/\/artzoomconnection.com\/chantaleguy\/wp-content\/uploads\/artiste_expertise-60x60.png 60w, https:\/\/artzoomconnection.com\/chantaleguy\/wp-content\/uploads\/artiste_expertise-100x100.png 100w, https:\/\/artzoomconnection.com\/chantaleguy\/wp-content\/uploads\/artiste_expertise-150x150.png 150w, https:\/\/artzoomconnection.com\/chantaleguy\/wp-content\/uploads\/artiste_expertise.png 177w\" sizes=\"(max-width: 177px) 100vw, 177px\" \/><\/p>\n<h4>SA VALEUR SUR LE MARCH\u00c9 DE L&rsquo;ART<\/h4>\n<h5>2022<\/h5>\n<p><strong>Acrylique et huile sur toile<\/strong><\/p>\n<p><strong>Oeuvres de formats standards<\/strong><\/p>\n<p><strong>Valeur au Canada<\/strong><br \/>\nPetits format jusqu&rsquo;\u00e0 12 x 14 pouces (30 x 35 cm) \u00e0 partir de 350 $CAD<br \/>\n12 x 24 pouces (30 x 60 cm) = \u00e0 partir de 576 $CAD<br \/>\n16 x 20 pouces (40 x 50 cm) = \u00e0 partir de 640 $CAD<br \/>\n20 x 24 pouces (50 x 60 cm) = \u00e0 partir de 960 $CAD<br \/>\n20 x 28 pouces (50 x 70 cm) = \u00e0 partir de 1120 $CAD<br \/>\n24 x 36 pouces (60 x 90 cm) = \u00e0 partir de 1728 $CAD<br \/>\n30 x 30 pouces (75 x 75 cm) = \u00e0 partir de 1800 $CAD<br \/>\n36 x 36 pouces (90 x 90 cm) = \u00e0 partir de 2592 $CAD<br \/>\n36 x 48 pouces (90 x 120 cm) = \u00e0 partir de 3456 $CAD<br \/>\nPrix plafond = 3700 $CAD<\/p>\n<p><strong>Valeur aux \u00c9tats-Unis et en Europe<\/strong><br \/>\nPrix plancher jusqu&rsquo;\u00e0 12 x 24 pouces (30 x 60 cm) = 1000 USD$ ou l&rsquo;\u00e9quivalent en euro<br \/>\n20 x 24 pouces (50 x 60 cm) = \u00e0 partir de 1500 USD$ ou l&rsquo;\u00e9quivalent en euro<br \/>\n24 x 36 pouces (60 x 90 cm) = \u00e0 partir de 2000 USD$ ou l&rsquo;\u00e9quivalent en euro<br \/>\n30 x 30 pouces (75 x 75 cm) = \u00e0 partir de 2500 USD$ ou l&rsquo;\u00e9quivalent en euro<br \/>\n36 x 36 pouces (90 x 90 cm) = \u00e0 partir de 3000 USD$ ou l&rsquo;\u00e9quivalent en euro<br \/>\n36 x 48 pouces (90 x 120 cm) et plus = \u00e0 partir de 3500 USD$ ou l&rsquo;\u00e9quivalent en euro<\/p>\n<p><strong>La cote est un indicatif du prix en galerie pour une oeuvre. Le prix peut donc varier l\u00e9g\u00e8rement d&rsquo;une galerie \u00e0 l&rsquo;autre.<\/strong><\/p>\n<p><span style=\"color: #ff9900;\"><em>Derni\u00e8re mise \u00e0 jour de la cote: le 31 janvier 2022<\/em><\/span><\/p>\n<\/div><style type=\"text\/css\"><\/style><div class=\"fusion-title title fusion-title-2 fusion-title-text fusion-title-size-one\" style=\"margin-top:0px;margin-bottom:31px;\"><h1 class=\"title-heading-left\" style=\"margin:0;\"><h3>SIGNATURE<\/h3><\/h1><div class=\"title-sep-container\"><div class=\"title-sep sep-double sep-solid\" style=\"border-color:#e0dede;\"><\/div><\/div><\/div><div class=\"fusion-text\"><p><img loading=\"lazy\" class=\"size-full wp-image-3106 aligncenter\" src=\"https:\/\/artzoomconnection.com\/chantaleguy\/wp-content\/uploads\/chaguy_signature.jpg\" alt=\"chaguy_signature\" width=\"306\" height=\"191\" srcset=\"https:\/\/artzoomconnection.com\/chantaleguy\/wp-content\/uploads\/chaguy_signature-200x125.jpg 200w, https:\/\/artzoomconnection.com\/chantaleguy\/wp-content\/uploads\/chaguy_signature-300x187.jpg 300w, https:\/\/artzoomconnection.com\/chantaleguy\/wp-content\/uploads\/chaguy_signature.jpg 306w\" sizes=\"(max-width: 306px) 100vw, 306px\" \/><\/p>\n<\/div><div class=\"fusion-clearfix\"><\/div>\n\n\t\t\t\t\t<\/div>\n\t\t\t\t<\/div><div  class=\"fusion-layout-column fusion_builder_column fusion_builder_column_1_2 fusion-builder-column-2 fusion-one-half fusion-column-last 1_2\"  style='margin-top:0px;margin-bottom:0px;width:48%'>\n\t\t\t\t\t<div class=\"fusion-column-wrapper\" style=\"padding: 0px 0px 0px 0px;background-position:left top;background-repeat:no-repeat;-webkit-background-size:cover;-moz-background-size:cover;-o-background-size:cover;background-size:cover;\"   data-bg-url=\"\">\n\t\t\t\t\t\t<style type=\"text\/css\"><\/style><div class=\"fusion-title title fusion-title-3 fusion-title-text fusion-title-size-one\" style=\"margin-top:0px;margin-bottom:31px;\"><h1 class=\"title-heading-left\" style=\"margin:0;\"><h3>RENSEIGNEMENTS SUPPL\u00c9MENTAIRES<\/h3><\/h1><div class=\"title-sep-container\"><div class=\"title-sep sep-double sep-solid\" style=\"border-color:#e0dede;\"><\/div><\/div><\/div><div class=\"fusion-text\"><h3>GUIDES DE COTATION<\/h3>\n<p><strong>D\u00e9cembre 2019:<\/strong> R\u00e9vision de l\u2019expertise professionnelle par une experte en art<br \/>\n<strong>2017:<\/strong> Expertise professionnelle par une experte en art<br \/>\n<strong>De 2013 \u00e0 2015:<\/strong> <em>Le Guide de Cotation des Artistes d\u2019Art Zoom<\/em><br \/>\n&#8211; etc.<\/p>\n<h3>INDEX ET R\u00c9PERTOIRES<\/h3>\n<p><strong>2019:<\/strong> Art Bank, Art Total Multim\u00e9dia expert en art (Canada)<br \/>\n<strong>2018:<\/strong> Index\u00e9e chez ArtPrice, leader mondial de l\u2019information sur le march\u00e9 de l\u2019art &#8211; <a href=\"https:\/\/www.artprice.com\/artist\/808578\/chaguy\" target=\"_blank\" rel=\"noopener noreferrer\">voir le lien<\/a><br \/>\n<strong>2018: <\/strong>R\u00e9pertoire des peintres canadiens Lareau &#8211; <a href=\"http:\/\/www.lareau-law.ca\/peintres_1G.html\" target=\"_blank\" rel=\"noopener noreferrer\">voir le lien<\/a><br \/>\n<strong>2018:<\/strong> R\u00e9pertori\u00e9e sur Wikipedia dans la liste des peintres canadiens &#8211; <a href=\"https:\/\/fr.m.wikipedia.org\/wiki\/Liste_de_peintres_canadiens\" target=\"_blank\" rel=\"noopener noreferrer\">voir le lien<\/a><br \/>\n&#8211; etc.<\/p>\n<h3>AFFILIATIONS PROFESSIONNELLES<\/h3>\n<p>Collectif International d\u2019Artistes Art Zoom (CIAAZ), depuis 2012<br \/>\nRegroupement des artistes et artisans de Roberval (RAAR) &#8211; pr\u00e9sidente en 2008\/2009 et depuis 2018<br \/>\nAlliance Autochtone du Qu\u00e9bec, depuis 2015<\/p>\n<h3>COLLECTIONS MUS\u00c9ALES<\/h3>\n<p><strong>Mus\u00e9e d&rsquo;art contemporain VR 3D &#8211; MAC VR3D<\/strong><br \/>\nPlace Darche<br \/>\n54400 Longwy<br \/>\nFrance<br \/>\n<a href=\"http:\/\/www.macvr3d.com\" target=\"_blank\" rel=\"noopener noreferrer\">www.macvr3d.com<\/a><\/p>\n<h3>PRIX ET DISTINCTIONS<\/h3>\n<p><strong>2022:<\/strong> Certificat de participation, Maison O\u2019Neill (Canada) pour avoir particip\u00e9 \u00e0 l\u2019exposition \u00ab\u00a0Le Pouvoir des Couleurs\u00a0\u00bb qui souligne les 25 ans du CIAAZ.<br \/>\n<strong>2022:<\/strong> Certificat de reconnaissance, Mus\u00e9e d\u2019art contemporain VR3D (MACVR3D), Longwy (France) pour avoir particip\u00e9 \u00e0 l\u2019exposition \u00ab\u00a0Internation\u2019ART 2022\u00a0\u00bb<br \/>\n<strong>2022:<\/strong> Certificat de reconnaissance, Mus\u00e9e d\u2019art contemporain VR3D (MACVR3D), Longwy (France) pour avoir particip\u00e9 \u00e0 l\u2019exposition \u00ab\u00a0Jardin de Joie \/ Garden of Joy\u00a0\u00bb<br \/>\n<strong>2021:<\/strong> Certificat de reconnaissance, Mus\u00e9e d\u2019art contemporain VR3D (MACVR3D), Longwy (France) pour avoir particip\u00e9 \u00e0 l\u2019exposition \u201cInternation\u2019ART 2021\u201d<br \/>\n<strong>2020:<\/strong> Certificat de reconnaissance, Mus\u00e9e d\u2019art contemporain VR3D (MACVR3D), Longwy (France) pour avoir particip\u00e9 \u00e0 l\u2019exposition \u201cColores\u201d<br \/>\n<strong>2020:<\/strong> Certificat de reconnaissance, Mus\u00e9e d\u2019art contemporain VR3D (MACVR3D), Longwy (France) pour avoir particip\u00e9 \u00e0 l\u2019exposition \u201cAmor\u201d<br \/>\n<strong>2020:<\/strong> Certificat de reconnaissance, Mus\u00e9e d&rsquo;art contemporain VR3D (MACVR3D), Longwy (France) pour avoir particip\u00e9 \u00e0 l&rsquo;exposition \u00ab\u00a0Internation&rsquo;ART 2020\u00a0\u00bb<br \/>\n<strong>2020: <\/strong>Certificat de reconnaissance, Mus\u00e9e d&rsquo;art contemporain VR3D (MACVR3D), Longwy (France) pour son exposition personnelle \u00ab\u00a0CHAGUY. Distorsion&rsquo;ART 2020\u00a0\u00bb (du 1er janvier au 30 juin 2020)<strong><br \/>\n2019:<\/strong> Certificat de reconnaissance, Mus\u00e9e d&rsquo;art contemporain VR3D (MACVR3D), Longwy (France) pour avoir particip\u00e9 \u00e0 l&rsquo;exposition \u00ab\u00a0Vibration\u00a0\u00bb<br \/>\n<strong>2019:<\/strong> Certificat de reconnaissance, Mus\u00e9e d&rsquo;art contemporain VR3D (MACVR3D), Longwy (France) pour avoir particip\u00e9 \u00e0 l&rsquo;exposition \u00ab\u00a0Instinct\u00a0\u00bb<br \/>\n<strong>2019: <\/strong>Certificat de participation au 23e Salon International de Peinture et Sculpture, Audun-le-Tiche (France)<br \/>\n<strong>2019:<\/strong> Prix Canada\/Am\u00e9rique du Nord<br \/>\n<strong>2019:<\/strong> Certificat de reconnaissance, Mus\u00e9e d&rsquo;art contemporain VR3D (MACVR3D), Longwy (France) pour avoir particip\u00e9 \u00e0 l&rsquo;exposition \u00ab\u00a0Au-del\u00e0 des mots \/ Beyond Words\u00a0\u00bb<br \/>\n<strong>2019:<\/strong> Certificat de reconnaissance, Mus\u00e9e d&rsquo;art contemporain VR3D (MACVR3D), Longwy (France) pour avoir particip\u00e9 \u00e0 l&rsquo;exposition \u00ab\u00a0Ames d&rsquo;artistes \/ Artists&rsquo; Souls\u00a0\u00bb<br \/>\n<strong>2019:<\/strong> Certificat de reconnaissance, Mus\u00e9e d&rsquo;art contemporain VR3D (MACVR3D), Longwy (France) pour avoir particip\u00e9 \u00e0 l&rsquo;exposition inaugurale \u00ab\u00a0ArtZoom\u00a0\u00bb<br \/>\n<strong>2018:<\/strong> Pr\u00e9sidente d\u2019honneur, Symposium Multi&rsquo;Art, Roberval<br \/>\n<strong>2018:<\/strong> Artiste responsable du projet d\u2019une fresque g\u00e9ante de 12 m\u00e8tres &#8211; Comit\u00e9 art populaire St-Prime<br \/>\n<strong>2018:<\/strong> Prix honorifique du D\u00e9veloppement culturel 2018 &#8211; Internation&rsquo;ART 8e \u00e9dition (Canada)<br \/>\n<strong>2017:<\/strong> Prix honorifique du D\u00e9veloppement culturel 2017 &#8211; Internation&rsquo;ART 7e \u00e9dition (Canada)<br \/>\n<strong>2016:<\/strong> Prix honorifique du D\u00e9veloppement culturel 2016 &#8211; Internation&rsquo;ART 6e \u00e9dition (Canada)<br \/>\n<strong>2015:<\/strong> Prix honorifique du D\u00e9veloppement culturel 2015 &#8211; Internation&rsquo;ART 5e \u00e9dition (Canada)<br \/>\n<strong>2013:<\/strong> Reconnaissance internationale en tant qu&rsquo;artiste peintre<br \/>\n<strong>2012:<\/strong> Mention d\u2019honneur symposium Val-Jalbert<br \/>\n<strong>2012:<\/strong> Artiste conf\u00e9renci\u00e8re lors de rencontre mensuel des retrait\u00e9s du Gouvernement provinciale<br \/>\n<strong>2012:<\/strong> Artiste responsable de la fresque faites pour les 50 ans de la Biblioth\u00e8que de Saint-F\u00e9licien<br \/>\n<strong>2010:<\/strong> Pr\u00e9sidente d\u2019honneur, Symposium de Val-Jalbert<br \/>\n<strong>2002:<\/strong> Premier prix, Club Nautique de Roberval, Roberval<br \/>\n<strong>2001:<\/strong> Prix du public, Symposium C\u00e9pal, Saguenay<\/p>\n<\/div><div class=\"fusion-clearfix\"><\/div>\n\n\t\t\t\t\t<\/div>\n\t\t\t\t<\/div><\/div><\/div>\n","protected":false},"excerpt":{"rendered":"","protected":false},"author":1,"featured_media":0,"parent":0,"menu_order":0,"comment_status":"open","ping_status":"open","template":"","meta":[],"_links":{"self":[{"href":"https:\/\/artzoomconnection.com\/chantaleguy\/wp-json\/wp\/v2\/pages\/37"}],"collection":[{"href":"https:\/\/artzoomconnection.com\/chantaleguy\/wp-json\/wp\/v2\/pages"}],"about":[{"href":"https:\/\/artzoomconnection.com\/chantaleguy\/wp-json\/wp\/v2\/types\/page"}],"author":[{"embeddable":true,"href":"https:\/\/artzoomconnection.com\/chantaleguy\/wp-json\/wp\/v2\/users\/1"}],"replies":[{"embeddable":true,"href":"https:\/\/artzoomconnection.com\/chantaleguy\/wp-json\/wp\/v2\/comments?post=37"}],"version-history":[{"count":80,"href":"https:\/\/artzoomconnection.com\/chantaleguy\/wp-json\/wp\/v2\/pages\/37\/revisions"}],"predecessor-version":[{"id":3281,"href":"https:\/\/artzoomconnection.com\/chantaleguy\/wp-json\/wp\/v2\/pages\/37\/revisions\/3281"}],"wp:attachment":[{"href":"https:\/\/artzoomconnection.com\/chantaleguy\/wp-json\/wp\/v2\/media?parent=37"}],"curies":[{"name":"wp","href":"https:\/\/api.w.org\/{rel}","templated":true}]}}