
{"id":1642,"date":"2009-11-16T23:34:34","date_gmt":"2009-11-17T04:34:34","guid":{"rendered":"http:\/\/www.artzoom.org\/members\/wordpress\/?page_id=27"},"modified":"2020-12-29T00:08:21","modified_gmt":"2020-12-28T23:08:21","slug":"critique","status":"publish","type":"page","link":"https:\/\/artzoomconnection.com\/dumont\/presse\/critique\/","title":{"rendered":"CRITIQUE"},"content":{"rendered":"<h4>\u00c9CRITE SUR L&#8217;ARTISTE<\/h4>\n<h5>DUMONT<\/h5>\n<p><cite>HeleneCaroline Fournier<\/cite><br \/>\n<img class=\"alignright wp-image-2350\" src=\"https:\/\/artzoomconnection.com\/dumont\/wp-content\/uploads\/8D504D49-AC4F-4023-A7E4-C72DEB3E0847.jpeg\" alt=\"\" width=\"164\" height=\"200\" \/><img class=\"alignleft wp-image-2349\" src=\"https:\/\/artzoomconnection.com\/dumont\/wp-content\/uploads\/8BE3137C-83BD-41FE-AC8C-639810578CDB.jpeg\" alt=\"\" width=\"164\" height=\"200\" srcset=\"https:\/\/artzoomconnection.com\/dumont\/wp-content\/uploads\/8BE3137C-83BD-41FE-AC8C-639810578CDB-123x150.jpeg 123w, https:\/\/artzoomconnection.com\/dumont\/wp-content\/uploads\/8BE3137C-83BD-41FE-AC8C-639810578CDB-246x300.jpeg 246w, https:\/\/artzoomconnection.com\/dumont\/wp-content\/uploads\/8BE3137C-83BD-41FE-AC8C-639810578CDB-500x611.jpeg 500w, https:\/\/artzoomconnection.com\/dumont\/wp-content\/uploads\/8BE3137C-83BD-41FE-AC8C-639810578CDB-700x855.jpeg 700w, https:\/\/artzoomconnection.com\/dumont\/wp-content\/uploads\/8BE3137C-83BD-41FE-AC8C-639810578CDB-768x938.jpeg 768w, https:\/\/artzoomconnection.com\/dumont\/wp-content\/uploads\/8BE3137C-83BD-41FE-AC8C-639810578CDB.jpeg 786w\" sizes=\"(max-width: 164px) 100vw, 164px\" \/><\/p>\n<p style=\"text-align: justify;\">Ces deux \u0153uvres expriment bien la dualit\u00e9 lumi\u00e8re-obscurit\u00e9 qu\u2019il y a dans les personnages de DUMONT. L\u2019iconographique bouche pulpeuse de l\u2019artiste est mise en \u00e9vidence par une couleur qui tranche d\u2019avec les valeurs utilis\u00e9es qui ne sont pas sans rappeler le concept-symbole le plus connu du noir et du blanc, le Yin et le Yang, symbole par excellence de la compl\u00e9mentarit\u00e9 et de l\u2019\u00e9quilibre. On y voit \u00e9galement le mouvement et l\u2019immobilit\u00e9, autre dualit\u00e9 qui est ici pr\u00e9sent\u00e9e par les formes blanches dans l\u2019\u0153uvre [\u00e0 gauche] et l\u2019ondulation des cheveux dans l\u2019\u0153uvre [\u00e0 droite]. Le myst\u00e8re plane autour de ces deux personnages et renforce l\u2019\u00e9cho cognitif qui r\u00e9sonne chez le spectateur. L\u2019\u0153uvre n\u2019est plus seulement une peinture, elle se veut aussi un \u00e9l\u00e9ment m\u00e9ditatif de \u00ab\u00a0l\u2019ici et maintenant\u00a0\u00bb.<span style=\"color: #999999;\">&#8211; <em><a href=\"http:\/\/magazinedesarts.com\/dumont-portrait\/\" target=\"_blank\" rel=\"noopener\">HEART, magazine des arts, 2017<\/a><\/em><\/span><\/p>\n","protected":false},"excerpt":{"rendered":"<p>\u00c9CRITE SUR L&#8217;ARTISTE DUMONT HeleneCaroline Fournier Ces deux \u0153uvres expriment [&hellip;]<\/p>\n","protected":false},"author":1,"featured_media":0,"parent":1687,"menu_order":2,"comment_status":"open","ping_status":"open","template":"","meta":[],"_links":{"self":[{"href":"https:\/\/artzoomconnection.com\/dumont\/wp-json\/wp\/v2\/pages\/1642"}],"collection":[{"href":"https:\/\/artzoomconnection.com\/dumont\/wp-json\/wp\/v2\/pages"}],"about":[{"href":"https:\/\/artzoomconnection.com\/dumont\/wp-json\/wp\/v2\/types\/page"}],"author":[{"embeddable":true,"href":"https:\/\/artzoomconnection.com\/dumont\/wp-json\/wp\/v2\/users\/1"}],"replies":[{"embeddable":true,"href":"https:\/\/artzoomconnection.com\/dumont\/wp-json\/wp\/v2\/comments?post=1642"}],"version-history":[{"count":34,"href":"https:\/\/artzoomconnection.com\/dumont\/wp-json\/wp\/v2\/pages\/1642\/revisions"}],"predecessor-version":[{"id":2590,"href":"https:\/\/artzoomconnection.com\/dumont\/wp-json\/wp\/v2\/pages\/1642\/revisions\/2590"}],"up":[{"embeddable":true,"href":"https:\/\/artzoomconnection.com\/dumont\/wp-json\/wp\/v2\/pages\/1687"}],"wp:attachment":[{"href":"https:\/\/artzoomconnection.com\/dumont\/wp-json\/wp\/v2\/media?parent=1642"}],"curies":[{"name":"wp","href":"https:\/\/api.w.org\/{rel}","templated":true}]}}