
{"id":37,"date":"2009-11-16T23:48:26","date_gmt":"2009-11-17T04:48:26","guid":{"rendered":"http:\/\/www.artzoom.org\/members\/wordpress\/?page_id=37"},"modified":"2022-03-10T06:35:59","modified_gmt":"2022-03-10T05:35:59","slug":"cote","status":"publish","type":"page","link":"https:\/\/artzoomconnection.com\/dumont\/cote\/","title":{"rendered":"COTE"},"content":{"rendered":"<div class=\"fusion-fullwidth fullwidth-box fusion-builder-row-1 fusion-flex-container nonhundred-percent-fullwidth non-hundred-percent-height-scrolling\" style=\"background-color: rgba(255,255,255,0);background-position: center center;background-repeat: no-repeat;border-width: 0px 0px 0px 0px;border-color:#eae9e9;border-style:solid;\" ><div class=\"fusion-builder-row fusion-row fusion-flex-align-items-flex-start\" style=\"max-width:1144px;margin-left: calc(-4% \/ 2 );margin-right: calc(-4% \/ 2 );\"><div class=\"fusion-layout-column fusion_builder_column fusion-builder-column-0 fusion_builder_column_1_2 1_2 fusion-flex-column\"><div class=\"fusion-column-wrapper fusion-flex-justify-content-flex-start fusion-content-layout-column\" style=\"background-position:left top;background-repeat:no-repeat;-webkit-background-size:cover;-moz-background-size:cover;-o-background-size:cover;background-size:cover;padding: 0px 0px 0px 0px;\"><div class=\"fusion-text fusion-text-1\" style=\"transform:translate3d(0,0,0);\"><p><img class=\"aligncenter size-full wp-image-2408\" src=\"https:\/\/artzoomconnection.com\/dumont\/wp-content\/uploads\/artiste_expertise.png\" alt=\"\" width=\"177\" height=\"177\" srcset=\"https:\/\/artzoomconnection.com\/dumont\/wp-content\/uploads\/artiste_expertise-150x150.png 150w, https:\/\/artzoomconnection.com\/dumont\/wp-content\/uploads\/artiste_expertise.png 177w\" sizes=\"(max-width: 177px) 100vw, 177px\" \/><\/p>\n<h4>SA VALEUR SUR LE MARCH\u00c9 DE L&#8217;ART<\/h4>\n<h5>2021\/2022<\/h5>\n<p>\u00e0 partir de<br \/>\n11&#8243; x 14&#8243; (27,5 cm x 35 cm) \u2265 500 $CAD\/$USD (prix plancher) ou l&#8217;\u00e9quivalent en euro<br \/>\n14&#8243; x 18&#8243; (35 cm x 45 cm) \u2265 567 $CAD\/$USD ou l&#8217;\u00e9quivalent en euro<br \/>\n20&#8243; x 20&#8243; (50 cm x 50 cm) \u2265 900 $CAD\/$USD ou l&#8217;\u00e9quivalent en euro<br \/>\n18&#8243; x 36&#8243; (45 cm x 90 cm) \u2265 1458 $CAD\/$USD ou l&#8217;\u00e9quivalent en euro<br \/>\n24&#8243; x 30&#8243; (60 cm x 75 cm) \u2265 1620 $CAD\/$USD ou l&#8217;\u00e9quivalent en euro<br \/>\n24&#8243; x 36&#8243; (60 cm x 90 cm) \u2265 1944 $CAD\/$USD ou l&#8217;\u00e9quivalent en euro<br \/>\n15&#8243; x 60&#8243; (37,5 cm x 150 cm) \u2265 2025 $CAD\/$USD ou l&#8217;\u00e9quivalent en euro<br \/>\n24&#8243; x 48&#8243; (60 cm x 120 cm) \u2265 2592 $CAD\/$USD ou l&#8217;\u00e9quivalent en euro<br \/>\n30&#8243; x 40&#8243; (75 cm x 100 cm) \u2265 2700 $CAD\/$USD ou l&#8217;\u00e9quivalent en euro<br \/>\n40&#8243; x 60&#8243; (100 cm x 150 cm) \u2265 5400 $CAD\/$USD (prix plafond) ou l&#8217;\u00e9quivalent en euro<\/p>\n<p><strong>La cote est un indicatif du prix en galerie pour une oeuvre. Le prix peut donc varier l\u00e9g\u00e8rement d&#8217;une galerie \u00e0 l&#8217;autre. Les co\u00fbts d&#8217;envoi, les frais de douane ainsi que les taxes sont en sus.<\/strong><\/p>\n<p><span style=\"color: #ff9900;\"><em>Derni\u00e8re mise \u00e0 jour de la cote professionnelle: 8 octobre 2021<\/em><\/span><\/p>\n<\/div><\/div><\/div><style type=\"text\/css\">.fusion-body .fusion-builder-column-0{width:50% !important;margin-top : 0px;margin-bottom : 0px;}.fusion-builder-column-0 > .fusion-column-wrapper {padding-top : 0px !important;padding-right : 0px !important;margin-right : 3.84%;padding-bottom : 0px !important;padding-left : 0px !important;margin-left : 3.84%;}@media only screen and (max-width:1024px) {.fusion-body .fusion-builder-column-0{width:50% !important;}.fusion-builder-column-0 > .fusion-column-wrapper {margin-right : 3.84%;margin-left : 3.84%;}}@media only screen and (max-width:640px) {.fusion-body .fusion-builder-column-0{width:100% !important;}.fusion-builder-column-0 > .fusion-column-wrapper {margin-right : 1.92%;margin-left : 1.92%;}}<\/style><div class=\"fusion-layout-column fusion_builder_column fusion-builder-column-1 fusion_builder_column_1_2 1_2 fusion-flex-column\"><div class=\"fusion-column-wrapper fusion-flex-justify-content-flex-start fusion-content-layout-column\" style=\"background-position:left top;background-repeat:no-repeat;-webkit-background-size:cover;-moz-background-size:cover;-o-background-size:cover;background-size:cover;padding: 0px 0px 0px 0px;\"><div class=\"fusion-text fusion-text-2\" style=\"transform:translate3d(0,0,0);\"><h4>GUIDES DE COTATION<\/h4>\n<p><strong>Octobre 2021:<\/strong> R\u00e9\u00e9valuation &#8211; Expertise professionnelle par une experte en art<br \/>\n<strong>2018:<\/strong> Expertise professionnelle par une experte en art<\/p>\n<h4>INDEX ET R\u00c9PERTOIRES<\/h4>\n<p><strong>2019:<\/strong> Art Bank, Art Total Multim\u00e9dia expert en art (Canada)<br \/>\n<strong>2018:<\/strong> R\u00e9pertori\u00e9e sur Wikipedia dans la liste des peintres canadiens &#8211; <a href=\"https:\/\/fr.wikipedia.org\/wiki\/Liste_de_peintres_canadiens\" target=\"_blank\" rel=\"noopener\">voir le lien<\/a><br \/>\n<strong>2018: <\/strong>R\u00e9pertoire des peintres canadiens Lareau &#8211; <a href=\"http:\/\/www.lareau-law.ca\/peintres_1D.html\" target=\"_blank\" rel=\"noopener\">voir le lien<\/a><\/p>\n<h4>AFFILIATIONS PROFESSIONNELLES<\/h4>\n<p>Collectif International d\u2019Artistes ArtZoom (CIAAZ), depuis mai 2018<br \/>\nLa Guilde artistique de Lac-Beauport (GALB)<\/p>\n<h4>COLLECTIONS MUS\u00c9ALES<\/h4>\n<p><strong>Mus\u00e9e d&#8217;art contemporain VR 3D &#8211; MAC VR3D<\/strong><br \/>\nPlace Darche<br \/>\n54400 Longwy<br \/>\nFrance<br \/>\n<a href=\"http:\/\/www.macvr3d.com\" target=\"_blank\" rel=\"noopener\">www.macvr3d.com<\/a><\/p>\n<h4>PRIX ET DISTINCTIONS<\/h4>\n<p><strong>2022:<\/strong> Certificat de reconnaissance, Mus\u00e9e d\u2019art contemporain VR3D (MACVR3D), Longwy (France) pour avoir particip\u00e9 \u00e0 l\u2019exposition \u00ab\u00a0Internation\u2019ART 2022\u00a0\u00bb<br \/>\n<strong>2022:<\/strong> Certificat de reconnaissance, Mus\u00e9e d\u2019art contemporain VR3D (MACVR3D), Longwy (France) pour avoir particip\u00e9 \u00e0 l\u2019exposition \u00ab\u00a0Jardin de Joie \/ Garden of Joy\u00a0\u00bb<br \/>\n<strong>2021:<\/strong> Certificat de reconnaissance, Mus\u00e9e d\u2019art contemporain VR3D (MACVR3D), Longwy (France) pour avoir particip\u00e9 \u00e0 l\u2019exposition \u201cInternation\u2019ART 2021\u201d<br \/>\n<strong>2020:<\/strong> Certificat de reconnaissance, Mus\u00e9e d\u2019art contemporain VR3D (MACVR3D), Longwy (France) pour avoir particip\u00e9 \u00e0 l\u2019exposition \u201cAmor\u201d<br \/>\n<strong>2020:<\/strong> Certificat de reconnaissance, Mus\u00e9e d&#8217;art contemporain VR3D (MACVR3D), Longwy (France) pour avoir particip\u00e9 \u00e0 l&#8217;exposition &#8220;Internation&#8217;ART 2020&#8221;<br \/>\n<strong>2019:<\/strong> Certificat de reconnaissance, Mus\u00e9e d&#8217;art contemporain VR3D (MACVR3D), Longwy (France) pour avoir particip\u00e9 \u00e0 l&#8217;exposition &#8220;Instinct&#8221;<br \/>\n<strong>2019:<\/strong> Grande Distinction honorifique du CIAAZ<br \/>\n<strong>2019:<\/strong> Certificat de reconnaissance, Mus\u00e9e d&#8217;art contemporain VR3D (MACVR3D), Longwy (France) pour avoir particip\u00e9 \u00e0 l&#8217;exposition &#8220;Ames d&#8217;artistes \/ Artists&#8217; Souls&#8221;<\/p>\n<\/div><\/div><\/div><style type=\"text\/css\">.fusion-body .fusion-builder-column-1{width:50% !important;margin-top : 0px;margin-bottom : 0px;}.fusion-builder-column-1 > .fusion-column-wrapper {padding-top : 0px !important;padding-right : 0px !important;margin-right : 3.84%;padding-bottom : 0px !important;padding-left : 0px !important;margin-left : 3.84%;}@media only screen and (max-width:1024px) {.fusion-body .fusion-builder-column-1{width:50% !important;}.fusion-builder-column-1 > .fusion-column-wrapper {margin-right : 3.84%;margin-left : 3.84%;}}@media only screen and (max-width:640px) {.fusion-body .fusion-builder-column-1{width:100% !important;}.fusion-builder-column-1 > .fusion-column-wrapper {margin-right : 1.92%;margin-left : 1.92%;}}<\/style><\/div><style type=\"text\/css\">.fusion-body .fusion-flex-container.fusion-builder-row-1{ padding-top : 0px;margin-top : 0px;padding-right : 0px;padding-bottom : 0px;margin-bottom : 0px;padding-left : 0px;}<\/style><\/div>\n","protected":false},"excerpt":{"rendered":"","protected":false},"author":1,"featured_media":0,"parent":0,"menu_order":0,"comment_status":"open","ping_status":"open","template":"","meta":[],"_links":{"self":[{"href":"https:\/\/artzoomconnection.com\/dumont\/wp-json\/wp\/v2\/pages\/37"}],"collection":[{"href":"https:\/\/artzoomconnection.com\/dumont\/wp-json\/wp\/v2\/pages"}],"about":[{"href":"https:\/\/artzoomconnection.com\/dumont\/wp-json\/wp\/v2\/types\/page"}],"author":[{"embeddable":true,"href":"https:\/\/artzoomconnection.com\/dumont\/wp-json\/wp\/v2\/users\/1"}],"replies":[{"embeddable":true,"href":"https:\/\/artzoomconnection.com\/dumont\/wp-json\/wp\/v2\/comments?post=37"}],"version-history":[{"count":46,"href":"https:\/\/artzoomconnection.com\/dumont\/wp-json\/wp\/v2\/pages\/37\/revisions"}],"predecessor-version":[{"id":2684,"href":"https:\/\/artzoomconnection.com\/dumont\/wp-json\/wp\/v2\/pages\/37\/revisions\/2684"}],"wp:attachment":[{"href":"https:\/\/artzoomconnection.com\/dumont\/wp-json\/wp\/v2\/media?parent=37"}],"curies":[{"name":"wp","href":"https:\/\/api.w.org\/{rel}","templated":true}]}}