
{"id":1625,"date":"2012-11-10T15:31:33","date_gmt":"2012-11-10T14:31:33","guid":{"rendered":"http:\/\/www.artzoomconnection.com\/lo\/?page_id=1625"},"modified":"2025-05-27T12:22:32","modified_gmt":"2025-05-27T11:22:32","slug":"biographie","status":"publish","type":"page","link":"https:\/\/artzoomconnection.com\/edithlietar\/presentation\/biographie\/","title":{"rendered":"BIOGRAPHIE"},"content":{"rendered":"<div class=\"fusion-fullwidth fullwidth-box fusion-builder-row-1 fusion-flex-container nonhundred-percent-fullwidth non-hundred-percent-height-scrolling\" style=\"background-color: rgba(255,255,255,0);background-position: center center;background-repeat: no-repeat;border-width: 0px 0px 0px 0px;border-color:#eae9e9;border-style:solid;\" ><div class=\"fusion-builder-row fusion-row fusion-flex-align-items-flex-start\" style=\"max-width:1144px;margin-left: calc(-4% \/ 2 );margin-right: calc(-4% \/ 2 );\"><div class=\"fusion-layout-column fusion_builder_column fusion-builder-column-0 fusion_builder_column_1_3 1_3 fusion-flex-column\"><div class=\"fusion-column-wrapper fusion-flex-justify-content-flex-start fusion-content-layout-column\" style=\"background-position:left top;background-repeat:no-repeat;-webkit-background-size:cover;-moz-background-size:cover;-o-background-size:cover;background-size:cover;padding: 0px 0px 0px 0px;\"><div class=\"fusion-text fusion-text-1\"><h4>FORMATION<\/h4>\n<p>Visagisme<br \/>\nStylisme de mode<br \/>\nAnalyse des couleurs<br \/>\nPeinture exp\u00e9rimentale avec Anne Van Mierlo<br \/>\nPerfectionnement avec Diane Bernard<br \/>\nPeinture exp\u00e9rimentale (Maison des arts de la Rive-Sud)<\/p>\n<\/div><\/div><style type=\"text\/css\">.fusion-body .fusion-builder-column-0{width:33.333333333333% !important;margin-top : 0px;margin-bottom : 0px;}.fusion-builder-column-0 > .fusion-column-wrapper {padding-top : 0px !important;padding-right : 0px !important;margin-right : 3.84%;padding-bottom : 0px !important;padding-left : 0px !important;margin-left : 5.76%;}@media only screen and (max-width:1024px) {.fusion-body .fusion-builder-column-0{width:100% !important;}.fusion-builder-column-0 > .fusion-column-wrapper {margin-right : 1.92%;margin-left : 1.92%;}}@media only screen and (max-width:640px) {.fusion-body .fusion-builder-column-0{width:100% !important;}.fusion-builder-column-0 > .fusion-column-wrapper {margin-right : 1.92%;margin-left : 1.92%;}}<\/style><\/div><div class=\"fusion-layout-column fusion_builder_column fusion-builder-column-1 fusion_builder_column_2_3 2_3 fusion-flex-column\"><div class=\"fusion-column-wrapper fusion-flex-justify-content-flex-start fusion-content-layout-column\" style=\"background-position:left top;background-repeat:no-repeat;-webkit-background-size:cover;-moz-background-size:cover;-o-background-size:cover;background-size:cover;padding: 0px 0px 0px 0px;\"><div class=\"fusion-text fusion-text-2\"><h4>PR\u00c9SENTATION DE L&rsquo;ARTISTE<\/h4>\n<p><img class=\"alignright size-full wp-image-2345\" title=\"Edith Li\u00e9tar\" src=\"http:\/\/artzoomconnection.com\/edithlietar\/wp-content\/uploads\/logo_150x150-1.jpg\" alt=\"\" width=\"150\" height=\"150\" \/><\/p>\n<p style=\"text-align: justify;\">\u00c9dith Li\u00e9tar, artiste belgo-canadienne, r\u00e9side au Qu\u00e9bec depuis 1966. Dipl\u00f4m\u00e9e en visagisme, en analyse des couleurs, en stylisme et dessin de mode, elle a longtemps \u00e9t\u00e9 propri\u00e9taire d\u2019une boutique de mode, analyste-conseil en style et couleurs et styliste de mode pour des magazines.<\/p>\n<p style=\"text-align: justify;\">L\u2019art a toujours fait partie de sa vie. D\u00e8s l\u2019enfance, rien ne l\u2019arr\u00eate dans sa libert\u00e9 de cr\u00e9ation. Elle cr\u00e9e ensuite des v\u00eatements qu\u2019elle rehausse de motifs peints \u00e0 la main. Apr\u00e8s avoir suivi des ateliers de d\u00e9veloppement et de perfectionnement, elle poursuit son cheminement d\u2019artiste peintre autodidacte. Ce cheminement la conduit tout naturellement \u00e0 exposer, d\u00e8s 2006, dans plusieurs pays dont la France, l\u2019Espagne, la Belgique, les Pays-Bas, la Roumanie, les Etats-Unis, l\u2019Italie, etc. Ses d\u00e9buts en tant qu\u2019artiste professionnelle sont marqu\u00e9s par une pr\u00e9sence rapide sur la sc\u00e8ne internationale. D\u2019ailleurs ses \u0153uvres font l\u2019objet d\u2019acquisitions jusqu\u2019au Moyen-Orient et font aujourd\u2019hui partie de plusieurs collections publiques et priv\u00e9es.<\/p>\n<p style=\"text-align: justify;\">\u00c9dith Li\u00e9tar n\u2019aura pas attendu longtemps pour recevoir des prix pour son travail. Deux ans apr\u00e8s ses d\u00e9buts en tant qu\u2019artiste professionnelle, elle re\u00e7oit un premier Prix \u00ab Grande Distinction \u00bb, dans la cat\u00e9gorie abstraction, qui sera le d\u00e9but d\u2019une longue liste de distinctions dont les plus importantes lui ont \u00e9t\u00e9 d\u00e9cern\u00e9es en Europe, notamment en France, en Espagne et en Belgique. Elle a re\u00e7u \u00e9galement des m\u00e9dailles d\u2019or, d\u2019argent et de bronze, des 1er, 2e et 3e \u00ab Grand Prix \u00bb, un Prix Hommage Sp\u00e9cial Roumanie du Mus\u00e9e des arts de Constan\u0163a en Roumanie en 2012, pour n\u2019en nommer que quelques-uns. Toutefois, le prix qu\u2019elle a sans doute le plus appr\u00e9ci\u00e9 d\u2019entre tous est la M\u00e9daille de la Ville de Tournai en Belgique, re\u00e7ue en 2008 ; une m\u00e9daille de sa ville natale. En tout, 30 prix et distinctions sur une p\u00e9riode de dix ans ont \u00e9t\u00e9 r\u00e9colt\u00e9s par l\u2019artiste qui n\u2019entend pas cesser de sit\u00f4t le partage de sa passion avec les amateurs d\u2019art et les collectionneurs. D\u2019ailleurs, elle couronnait son ann\u00e9e en recevant un autre 1er Grand Prix au 32e Gala international des arts visuels son et lumi\u00e8re du Cercle des Artistes Peintres et Sculpteurs du Qu\u00e9bec (CAPSQ) pour son \u0153uvre intitul\u00e9e Au Pays des Merveilles.<\/p>\n<p style=\"text-align: justify;\">Pendant quelques ann\u00e9es, on retrouvait l\u2019artiste \u00e0 la Broadway Gallery \u00e0 New York, \u00e0 la M Galerie Boutique \u00e0 Granby et \u00e0 la Galerie des Outaouais \u00e0 Gatineau. Aujourd\u2019hui, Edith Li\u00e9tar expose r\u00e9guli\u00e8rement \u00e0 L\u2019espace contemporain de Qu\u00e9bec et de Montr\u00e9al et pr\u00e9sente ses oeuvres dans des expositions personnelles, \u00e0 divers endroits du Qu\u00e9bec, en plus de participer \u00e0 des expositions internationales. Sa s\u00e9lection par le jury de la Soci\u00e9t\u00e9 Nationale des Beaux-Arts pour exposer au Salon 2012 au Carrousel du Louvre \u00e0 Paris n\u2019\u00e9tait pas sa premi\u00e8re exp\u00e9rience en Europe puisqu\u2019elle avait d\u00e9j\u00e0 expos\u00e9 au Mus\u00e9e municipal d\u2019Orense en Espagne, en 2006. L\u2019artiste r\u00e9it\u00e9rera d\u2019ailleurs l\u2019exp\u00e9rience d\u2019\u00eatre en mus\u00e9e en 2012, en Roumanie, puis au Mus\u00e9e du Beffroi \u00e0 Bruges, en Belgique, en 2013. En 2014, elle est nomm\u00e9e pr\u00e9sidente d\u2019honneur d\u2019une exposition internationale \u00e0 Qu\u00e9bec ; son travail est l\u00e0, encore, reconnu et appr\u00e9ci\u00e9 \u00e0 sa juste valeur.<\/p>\n<p style=\"text-align: justify;\">Depuis plusieurs ann\u00e9es, \u00c9dith Li\u00e9tar est membre du Cercle des Artistes Peintres et Sculpteurs du Qu\u00e9bec (CAPSQ) et du Collectif International d\u2019Artistes ArtZoom (CIAAZ), deux associations professionnelles avec qui elle expose r\u00e9guli\u00e8rement dans des expositions internationales. L\u2019artiste a \u00e9t\u00e9 \u00e9galement membre de la Federation of Canadian Artists (FCA). En 2020, elle fait partie des quinze artistes professionnels qui participent \u00e0 une \u00e9tude sociologique ayant trait aux effets de la pand\u00e9mie au niveau de la pratique artistique chez les artistes en arts visuels. Le dossier th\u00e9matique sp\u00e9cial a \u00e9t\u00e9 publi\u00e9 exclusivement sur HEART, magazine des arts, en deux volets, \u00e0 l\u2019\u00e9t\u00e9 et \u00e0 l\u2019automne 2020.<\/p>\n<p><em>Biographie \u00e9crite par HeleneCaroline Fournier, experte en art et th\u00e9oricienne de l&rsquo;art<\/em><\/p>\n<\/div><\/div><style type=\"text\/css\">.fusion-body .fusion-builder-column-1{width:66.666666666667% !important;margin-top : 0px;margin-bottom : 0px;}.fusion-builder-column-1 > .fusion-column-wrapper {padding-top : 0px !important;padding-right : 0px !important;margin-right : 2.88%;padding-bottom : 0px !important;padding-left : 0px !important;margin-left : 3.84%;}@media only screen and (max-width:1024px) {.fusion-body .fusion-builder-column-1{width:100% !important;}.fusion-builder-column-1 > .fusion-column-wrapper {margin-right : 1.92%;margin-left : 1.92%;}}@media only screen and (max-width:640px) {.fusion-body .fusion-builder-column-1{width:100% !important;}.fusion-builder-column-1 > .fusion-column-wrapper {margin-right : 1.92%;margin-left : 1.92%;}}<\/style><\/div><\/div><style type=\"text\/css\">.fusion-body .fusion-flex-container.fusion-builder-row-1{ padding-top : 0px;margin-top : 0px;padding-right : 0px;padding-bottom : 0px;margin-bottom : 0px;padding-left : 0px;}<\/style><\/div>\n","protected":false},"excerpt":{"rendered":"","protected":false},"author":1,"featured_media":0,"parent":1623,"menu_order":0,"comment_status":"closed","ping_status":"closed","template":"","meta":[],"_links":{"self":[{"href":"https:\/\/artzoomconnection.com\/edithlietar\/wp-json\/wp\/v2\/pages\/1625"}],"collection":[{"href":"https:\/\/artzoomconnection.com\/edithlietar\/wp-json\/wp\/v2\/pages"}],"about":[{"href":"https:\/\/artzoomconnection.com\/edithlietar\/wp-json\/wp\/v2\/types\/page"}],"author":[{"embeddable":true,"href":"https:\/\/artzoomconnection.com\/edithlietar\/wp-json\/wp\/v2\/users\/1"}],"replies":[{"embeddable":true,"href":"https:\/\/artzoomconnection.com\/edithlietar\/wp-json\/wp\/v2\/comments?post=1625"}],"version-history":[{"count":30,"href":"https:\/\/artzoomconnection.com\/edithlietar\/wp-json\/wp\/v2\/pages\/1625\/revisions"}],"predecessor-version":[{"id":2732,"href":"https:\/\/artzoomconnection.com\/edithlietar\/wp-json\/wp\/v2\/pages\/1625\/revisions\/2732"}],"up":[{"embeddable":true,"href":"https:\/\/artzoomconnection.com\/edithlietar\/wp-json\/wp\/v2\/pages\/1623"}],"wp:attachment":[{"href":"https:\/\/artzoomconnection.com\/edithlietar\/wp-json\/wp\/v2\/media?parent=1625"}],"curies":[{"name":"wp","href":"https:\/\/api.w.org\/{rel}","templated":true}]}}