
{"id":1642,"date":"2009-11-16T23:34:34","date_gmt":"2009-11-17T04:34:34","guid":{"rendered":"http:\/\/www.artzoom.org\/members\/wordpress\/?page_id=27"},"modified":"2022-03-29T10:00:13","modified_gmt":"2022-03-29T09:00:13","slug":"critique","status":"publish","type":"page","link":"https:\/\/artzoomconnection.com\/edithlietar\/presse\/critique\/","title":{"rendered":"CRITIQUES"},"content":{"rendered":"<div class=\"fusion-fullwidth fullwidth-box fusion-builder-row-1 fusion-flex-container nonhundred-percent-fullwidth non-hundred-percent-height-scrolling\" style=\"background-color: rgba(255,255,255,0);background-position: center center;background-repeat: no-repeat;border-width: 0px 0px 0px 0px;border-color:#eae9e9;border-style:solid;\" ><div class=\"fusion-builder-row fusion-row fusion-flex-align-items-flex-start\" style=\"max-width:1144px;margin-left: calc(-4% \/ 2 );margin-right: calc(-4% \/ 2 );\"><div class=\"fusion-layout-column fusion_builder_column fusion-builder-column-0 fusion_builder_column_1_1 1_1 fusion-flex-column\"><div class=\"fusion-column-wrapper fusion-flex-justify-content-flex-start fusion-content-layout-column\" style=\"background-position:left top;background-repeat:no-repeat;-webkit-background-size:cover;-moz-background-size:cover;-o-background-size:cover;background-size:cover;padding: 0px 0px 0px 0px;\"><style type=\"text\/css\">@media only screen and (max-width:1024px) {.fusion-title.fusion-title-1{margin-top:0px!important; margin-right:0px!important;margin-bottom:31px!important;margin-left:0px!important;}}@media only screen and (max-width:640px) {.fusion-title.fusion-title-1{margin-top:0px!important; margin-right:0px!important;margin-bottom:20px!important; margin-left:0px!important;}}<\/style><div class=\"fusion-title title fusion-title-1 fusion-title-text fusion-title-size-one\" style=\"margin-top:0px;margin-right:0px;margin-bottom:31px;margin-left:0px;\"><div class=\"title-sep-container title-sep-container-left fusion-no-large-visibility fusion-no-medium-visibility fusion-no-small-visibility\"><div class=\"title-sep sep-double sep-solid\" style=\"border-color:#e0dede;\"><\/div><\/div><span class=\"awb-title-spacer fusion-no-large-visibility fusion-no-medium-visibility fusion-no-small-visibility\"><\/span><h1 class=\"title-heading-left\" style=\"margin:0;\"><h4>\u00c9CRITES SUR L&rsquo;ARTISTE<\/h4><\/h1><span class=\"awb-title-spacer\"><\/span><div class=\"title-sep-container title-sep-container-right\"><div class=\"title-sep sep-double sep-solid\" style=\"border-color:#e0dede;\"><\/div><\/div><\/div><div class=\"fusion-text fusion-text-1\"><h5>2018<\/h5>\n<p><cite>HeleneCaroline Fournier<\/cite><\/p>\n<p style=\"text-align: justify;\">Edith Li\u00e9tar a fait de la libert\u00e9 un style \u2013 le sien ! La libert\u00e9, c\u2019est l\u2019authenticit\u00e9, c\u2019est le pouvoir de s\u2019affranchir de tout courant ext\u00e9rieur. C\u2019est r\u00e9clamer, aussi, sa libert\u00e9 d\u2019expression peu importe les outils utilis\u00e9s, peu importe les couleurs, peu importe les r\u00e8gles dans l\u2019art. La libert\u00e9, c\u2019est recr\u00e9er, r\u00e9inventer le monde qui nous entoure \u00e0 partir de l\u2019\u00e9motion du moment. L\u2019artiste nous fait voir la vie \u00e0 travers son regard sensible. Elle le pose sur son travail comme si chaque toile \u00e9tait une fen\u00eatre ouverte sur l\u2019imaginaire, cette grande libert\u00e9 que nous avons tous. Chacune de ses peintures a son propre caract\u00e8re et sa propre fa\u00e7on d\u2019exister et de clamer son ind\u00e9pendance face aux autres qui ont \u00e9t\u00e9 r\u00e9alis\u00e9es avant elle et qui le seront apr\u00e8s elle. Chaque \u0153uvre revendique ainsi son droit d\u2019ext\u00e9rioriser ce qui est n\u00e9 librement et ce qui s\u2019est manifest\u00e9 progressivement de l\u2019invisible au visible, de l\u2019intangible au tangible. La cr\u00e9ation d\u2019\u00c9dith Li\u00e9tar est instinctive, spontan\u00e9e, sensorielle ; c\u2019est une exp\u00e9rience de Rencontre. Son art prend sa source dans l\u2019\u00e9motion non-pr\u00e9m\u00e9dit\u00e9e, celle qui jaillit du c\u0153ur au moment de son expression. Ses \u0153uvres sont fondamentalement optimistes, joyeuses, lyriques, contemporaines. Elle s\u2019exprime tant\u00f4t de fa\u00e7on abstraite, tant\u00f4t de fa\u00e7on semi-abstraite. Son propre v\u00e9cu est le puits sans fond de sa cr\u00e9ativit\u00e9, mais la libert\u00e9 est cette ligne directrice qui tire un fil vers l\u2019infini. Elle pousse son art toujours plus loin, elle d\u00e9passe ses propres limites en ne mettant, justement pas, de limite \u00e0 son art. Elle explore l\u2019inconscient qui se tient hors du temps et de l\u2019espace. Ses couleurs s\u2019envolent ainsi dans une po\u00e9sie, un lyrisme, que bien peu d\u2019artistes peuvent exprimer librement, sans fausse pudeur, sans faux-semblant.<\/p>\n<p><em><br \/>\n\u00c9galement parue sur lemonde.fr (blog), juin 2018<\/em><\/p>\n<\/div><div class=\"fusion-separator fusion-full-width-sep\" style=\"align-self: center;margin-left: auto;margin-right: auto;width:100%;\"><div class=\"fusion-separator-border sep-double\" style=\"border-color:#e0dede;border-top-width:1px;border-bottom-width:1px;\"><\/div><\/div><\/div><style type=\"text\/css\">.fusion-body .fusion-builder-column-0{width:100% !important;margin-top : 0px;margin-bottom : 0px;}.fusion-builder-column-0 > .fusion-column-wrapper {padding-top : 0px !important;padding-right : 0px !important;margin-right : 1.92%;padding-bottom : 0px !important;padding-left : 0px !important;margin-left : 1.92%;}@media only screen and (max-width:1024px) {.fusion-body .fusion-builder-column-0{width:100% !important;}.fusion-builder-column-0 > .fusion-column-wrapper {margin-right : 1.92%;margin-left : 1.92%;}}@media only screen and (max-width:640px) {.fusion-body .fusion-builder-column-0{width:100% !important;}.fusion-builder-column-0 > .fusion-column-wrapper {margin-right : 1.92%;margin-left : 1.92%;}}<\/style><\/div><div class=\"fusion-layout-column fusion_builder_column fusion-builder-column-1 fusion_builder_column_1_1 1_1 fusion-flex-column\"><div class=\"fusion-column-wrapper fusion-flex-justify-content-flex-start fusion-content-layout-column\" style=\"background-position:left top;background-repeat:no-repeat;-webkit-background-size:cover;-moz-background-size:cover;-o-background-size:cover;background-size:cover;padding: 0px 0px 0px 0px;\"><div class=\"fusion-text fusion-text-2\"><h5>ArtZoom Connection 2012<\/h5>\n<p><cite>HeleneCaroline Fournier<\/cite><\/p>\n<p style=\"text-align: justify;\"><em>Edith LI\u00c9TAR est une artiste libre d\u2019influence qui aime profond\u00e9ment ce qu\u2019elle cr\u00e9e. N\u00e9es d\u2019\u00e9motions et de mouvements instinctifs, les oeuvres d\u2019\u00c9dith Li\u00e9tar sont stimulantes et dynamisent celui qui les regarde. Elles offrent un plaisir pour les yeux mais aussi une fra\u00eecheur vivifiante pour le coeur. Ce sont des oeuvres joyeuses, gaies, lumineuses et musicales. Elles sont un baume pour l\u2019\u00e2me sensible.<\/em><\/p>\n<\/div><div class=\"fusion-separator fusion-full-width-sep\" style=\"align-self: center;margin-left: auto;margin-right: auto;width:100%;\"><div class=\"fusion-separator-border sep-double\" style=\"border-color:#e0dede;border-top-width:1px;border-bottom-width:1px;\"><\/div><\/div><\/div><style type=\"text\/css\">.fusion-body .fusion-builder-column-1{width:100% !important;margin-top : 0px;margin-bottom : 0px;}.fusion-builder-column-1 > .fusion-column-wrapper {padding-top : 0px !important;padding-right : 0px !important;margin-right : 1.92%;padding-bottom : 0px !important;padding-left : 0px !important;margin-left : 1.92%;}@media only screen and (max-width:1024px) {.fusion-body .fusion-builder-column-1{width:100% !important;}.fusion-builder-column-1 > .fusion-column-wrapper {margin-right : 1.92%;margin-left : 1.92%;}}@media only screen and (max-width:640px) {.fusion-body .fusion-builder-column-1{width:100% !important;}.fusion-builder-column-1 > .fusion-column-wrapper {margin-right : 1.92%;margin-left : 1.92%;}}<\/style><\/div><div class=\"fusion-layout-column fusion_builder_column fusion-builder-column-2 fusion_builder_column_1_1 1_1 fusion-flex-column\"><div class=\"fusion-column-wrapper fusion-flex-justify-content-flex-start fusion-content-layout-column\" style=\"background-position:left top;background-repeat:no-repeat;-webkit-background-size:cover;-moz-background-size:cover;-o-background-size:cover;background-size:cover;padding: 0px 0px 0px 0px;\"><div class=\"fusion-text fusion-text-3\"><h5>Mise \u00e0 nu<\/h5>\n<p><cite>HeleneCaroline Fournier<\/cite><\/p>\n<p style=\"text-align: justify;\"><em>(&#8230;) Edith Li\u00e9tar pr\u00e9sentait trois acryliques. Une belle composition f\u00e9minine et masculine dans une texture dynamique qui souligne la libert\u00e9 de la silhouette dans une contemporan\u00e9it\u00e9 stylistique (&#8230;).<\/em><\/p>\n<\/div><div class=\"fusion-separator fusion-full-width-sep\" style=\"align-self: center;margin-left: auto;margin-right: auto;width:100%;\"><div class=\"fusion-separator-border sep-double\" style=\"border-color:#e0dede;border-top-width:1px;border-bottom-width:1px;\"><\/div><\/div><\/div><style type=\"text\/css\">.fusion-body .fusion-builder-column-2{width:100% !important;margin-top : 0px;margin-bottom : 0px;}.fusion-builder-column-2 > .fusion-column-wrapper {padding-top : 0px !important;padding-right : 0px !important;margin-right : 1.92%;padding-bottom : 0px !important;padding-left : 0px !important;margin-left : 1.92%;}@media only screen and (max-width:1024px) {.fusion-body .fusion-builder-column-2{width:100% !important;}.fusion-builder-column-2 > .fusion-column-wrapper {margin-right : 1.92%;margin-left : 1.92%;}}@media only screen and (max-width:640px) {.fusion-body .fusion-builder-column-2{width:100% !important;}.fusion-builder-column-2 > .fusion-column-wrapper {margin-right : 1.92%;margin-left : 1.92%;}}<\/style><\/div><div class=\"fusion-layout-column fusion_builder_column fusion-builder-column-3 fusion_builder_column_1_1 1_1 fusion-flex-column\"><div class=\"fusion-column-wrapper fusion-flex-justify-content-flex-start fusion-content-layout-column\" style=\"background-position:left top;background-repeat:no-repeat;-webkit-background-size:cover;-moz-background-size:cover;-o-background-size:cover;background-size:cover;padding: 0px 0px 0px 0px;\"><div class=\"fusion-text fusion-text-4\"><h5>Vert<\/h5>\n<p><cite>HeleneCaroline Fournier<\/cite><\/p>\n<p style=\"text-align: justify;\"><em>(&#8230;) Ce th\u00e8me n\u2019\u00e9tait pas facile \u00e0 exploiter en-dehors de son symbolisme purement v\u00e9g\u00e9tal. Les oeuvres les plus remarquables sont sans doute : \u00ab Le Sprinter I \u00bb de Janick Laberge, \u00ab Recentrage \u00bb de Christiane Cardinal, \u00ab Violon d\u2019Ingres \u00bb de Monique Beauchamp, \u00ab L\u2019indigente ou piti\u00e9 pour une mendiante \u00bb de Steeve Lechasseur, \u00ab Pas \u00e0 pas \u00bb d\u2019Edith Li\u00e9tar et \u00ab R\u00e9f\u00e9rence 1076 \u00bb de Fabienne L\u00f6pez (&#8230;).<\/em><\/p>\n<\/div><div class=\"fusion-separator fusion-full-width-sep\" style=\"align-self: center;margin-left: auto;margin-right: auto;width:100%;\"><div class=\"fusion-separator-border sep-double\" style=\"border-color:#e0dede;border-top-width:1px;border-bottom-width:1px;\"><\/div><\/div><\/div><style type=\"text\/css\">.fusion-body .fusion-builder-column-3{width:100% !important;margin-top : 0px;margin-bottom : 0px;}.fusion-builder-column-3 > .fusion-column-wrapper {padding-top : 0px !important;padding-right : 0px !important;margin-right : 1.92%;padding-bottom : 0px !important;padding-left : 0px !important;margin-left : 1.92%;}@media only screen and (max-width:1024px) {.fusion-body .fusion-builder-column-3{width:100% !important;}.fusion-builder-column-3 > .fusion-column-wrapper {margin-right : 1.92%;margin-left : 1.92%;}}@media only screen and (max-width:640px) {.fusion-body .fusion-builder-column-3{width:100% !important;}.fusion-builder-column-3 > .fusion-column-wrapper {margin-right : 1.92%;margin-left : 1.92%;}}<\/style><\/div><div class=\"fusion-layout-column fusion_builder_column fusion-builder-column-4 fusion_builder_column_1_1 1_1 fusion-flex-column\"><div class=\"fusion-column-wrapper fusion-flex-justify-content-flex-start fusion-content-layout-column\" style=\"background-position:left top;background-repeat:no-repeat;-webkit-background-size:cover;-moz-background-size:cover;-o-background-size:cover;background-size:cover;padding: 0px 0px 0px 0px;\"><div class=\"fusion-text fusion-text-5\"><h5>La Grande Exposition Internationale d&rsquo;ArtZoom 2009<\/h5>\n<p><cite>HeleneCaroline Fournier<\/cite><\/p>\n<p style=\"text-align: justify;\"><em>La libert\u00e9, c\u2019est un style et avoir un style, c\u2019est \u00eatre authentique, c\u2019est poursuivre son propre cheminement, c\u2019est garder sa libert\u00e9 d\u2019expression et la d\u00e9fendre avec ardeur. C\u2019est avec la pratique qu\u2019une \u00e9volution personnelle et un savoir-faire peuvent se d\u00e9velopper au fil des ann\u00e9es et c\u2019est ainsi qu\u2019on peut dire, sans risquer de se tromper, qu\u2019\u00c9dith LI\u00c9TAR est l\u2019une de ces artistes, libre d\u2019influence, aux traits de pinceau distinctifs, alliant maturit\u00e9 d\u2019expression et valeurs humaines. C\u2019est donc un excellent choix d\u2019investissement puisque l\u2019artiste est incontestablement tourn\u00e9e vers un march\u00e9 plus vaste et plus international que celui dans lequel elle \u00e9volue actuellement.<\/em><\/p>\n<p>Extrait du <a title=\"Catalogue\" href=\"http:\/\/www.artzoom.org\/helenecaroline\/monsite\/wp-content\/photos\/grandeexpo2009\/catalogue2009.pdf\" target=\"_blank\" rel=\"noopener\">Catalogue d\u2019exposition de La Grande Exposition Internationale d\u2019Art Zoom<\/a>, \u00e9dition 2009 &#8211; ISBN 978-2-923622-02-6<\/p>\n<\/div><\/div><style type=\"text\/css\">.fusion-body .fusion-builder-column-4{width:100% !important;margin-top : 0px;margin-bottom : 0px;}.fusion-builder-column-4 > .fusion-column-wrapper {padding-top : 0px !important;padding-right : 0px !important;margin-right : 1.92%;padding-bottom : 0px !important;padding-left : 0px !important;margin-left : 1.92%;}@media only screen and (max-width:1024px) {.fusion-body .fusion-builder-column-4{width:100% !important;}.fusion-builder-column-4 > .fusion-column-wrapper {margin-right : 1.92%;margin-left : 1.92%;}}@media only screen and (max-width:640px) {.fusion-body .fusion-builder-column-4{width:100% !important;}.fusion-builder-column-4 > .fusion-column-wrapper {margin-right : 1.92%;margin-left : 1.92%;}}<\/style><\/div><\/div><style type=\"text\/css\">.fusion-body .fusion-flex-container.fusion-builder-row-1{ padding-top : 0px;margin-top : 0px;padding-right : 0px;padding-bottom : 0px;margin-bottom : 0px;padding-left : 0px;}<\/style><\/div>\n","protected":false},"excerpt":{"rendered":"","protected":false},"author":1,"featured_media":0,"parent":1687,"menu_order":2,"comment_status":"open","ping_status":"open","template":"","meta":[],"_links":{"self":[{"href":"https:\/\/artzoomconnection.com\/edithlietar\/wp-json\/wp\/v2\/pages\/1642"}],"collection":[{"href":"https:\/\/artzoomconnection.com\/edithlietar\/wp-json\/wp\/v2\/pages"}],"about":[{"href":"https:\/\/artzoomconnection.com\/edithlietar\/wp-json\/wp\/v2\/types\/page"}],"author":[{"embeddable":true,"href":"https:\/\/artzoomconnection.com\/edithlietar\/wp-json\/wp\/v2\/users\/1"}],"replies":[{"embeddable":true,"href":"https:\/\/artzoomconnection.com\/edithlietar\/wp-json\/wp\/v2\/comments?post=1642"}],"version-history":[{"count":13,"href":"https:\/\/artzoomconnection.com\/edithlietar\/wp-json\/wp\/v2\/pages\/1642\/revisions"}],"predecessor-version":[{"id":2659,"href":"https:\/\/artzoomconnection.com\/edithlietar\/wp-json\/wp\/v2\/pages\/1642\/revisions\/2659"}],"up":[{"embeddable":true,"href":"https:\/\/artzoomconnection.com\/edithlietar\/wp-json\/wp\/v2\/pages\/1687"}],"wp:attachment":[{"href":"https:\/\/artzoomconnection.com\/edithlietar\/wp-json\/wp\/v2\/media?parent=1642"}],"curies":[{"name":"wp","href":"https:\/\/api.w.org\/{rel}","templated":true}]}}