
{"id":1642,"date":"2009-11-16T23:34:34","date_gmt":"2009-11-17T04:34:34","guid":{"rendered":"http:\/\/www.artzoom.org\/members\/wordpress\/?page_id=27"},"modified":"2022-03-28T08:56:22","modified_gmt":"2022-03-28T07:56:22","slug":"critique","status":"publish","type":"page","link":"https:\/\/artzoomconnection.com\/gabriell\/presse\/critique\/","title":{"rendered":"CRITIQUES"},"content":{"rendered":"<div class=\"fusion-fullwidth fullwidth-box fusion-builder-row-1 fusion-flex-container nonhundred-percent-fullwidth non-hundred-percent-height-scrolling\" style=\"background-color: rgba(255,255,255,0);background-position: center center;background-repeat: no-repeat;border-width: 0px 0px 0px 0px;border-color:#eae9e9;border-style:solid;\" ><div class=\"fusion-builder-row fusion-row fusion-flex-align-items-flex-start\" style=\"max-width:1060.8px;margin-left: calc(-4% \/ 2 );margin-right: calc(-4% \/ 2 );\"><div class=\"fusion-layout-column fusion_builder_column fusion-builder-column-0 fusion_builder_column_1_1 1_1 fusion-flex-column\"><div class=\"fusion-column-wrapper fusion-flex-justify-content-flex-start fusion-content-layout-column\" style=\"background-position:left top;background-repeat:no-repeat;-webkit-background-size:cover;-moz-background-size:cover;-o-background-size:cover;background-size:cover;padding: 0px 0px 0px 0px;\"><div class=\"fusion-text fusion-text-1\"><h4>\u00c9CRITES SUR L&rsquo;ARTISTE<\/h4>\n<h5>Sur le travail de Gabriell<\/h5>\n<p><cite>HeleneCaroline Fournier, critique<\/cite><\/p>\n<p style=\"text-align: justify;\">L&rsquo;artiste Gabriell peint un monde de beaut\u00e9 et de paix int\u00e9rieure. Il r\u00e9tablit ainsi les nouveaux canons du Beau par l&rsquo;infinitude de la th\u00e9matique qui n&rsquo;a ni commencement ni fin. Ses oeuvres peuvent \u00eatre comprises au premier comme au septi\u00e8me degr\u00e9. Les \u00e2mes sensibles y percevront un message d&rsquo;espoir et sentiront que derri\u00e8re chaque toile se cache une lumi\u00e8re, celle d&rsquo;un ange avec deux \u00ab\u00a0L\u00a0\u00bb (ailes): Gabriell.<\/p>\n<p>janvier 2014<\/p>\n<\/div><\/div><style type=\"text\/css\">.fusion-body .fusion-builder-column-0{width:100% !important;margin-top : 0px;margin-bottom : 0px;}.fusion-builder-column-0 > .fusion-column-wrapper {padding-top : 0px !important;padding-right : 0px !important;margin-right : 1.92%;padding-bottom : 0px !important;padding-left : 0px !important;margin-left : 1.92%;}@media only screen and (max-width:1024px) {.fusion-body .fusion-builder-column-0{width:100% !important;}.fusion-builder-column-0 > .fusion-column-wrapper {margin-right : 1.92%;margin-left : 1.92%;}}@media only screen and (max-width:640px) {.fusion-body .fusion-builder-column-0{width:100% !important;}.fusion-builder-column-0 > .fusion-column-wrapper {margin-right : 1.92%;margin-left : 1.92%;}}<\/style><\/div><\/div><style type=\"text\/css\">.fusion-body .fusion-flex-container.fusion-builder-row-1{ padding-top : 0px;margin-top : 0px;padding-right : 0px;padding-bottom : 0px;margin-bottom : 0px;padding-left : 0px;}<\/style><\/div>\n","protected":false},"excerpt":{"rendered":"","protected":false},"author":1,"featured_media":2269,"parent":1687,"menu_order":2,"comment_status":"open","ping_status":"open","template":"","meta":[],"_links":{"self":[{"href":"https:\/\/artzoomconnection.com\/gabriell\/wp-json\/wp\/v2\/pages\/1642"}],"collection":[{"href":"https:\/\/artzoomconnection.com\/gabriell\/wp-json\/wp\/v2\/pages"}],"about":[{"href":"https:\/\/artzoomconnection.com\/gabriell\/wp-json\/wp\/v2\/types\/page"}],"author":[{"embeddable":true,"href":"https:\/\/artzoomconnection.com\/gabriell\/wp-json\/wp\/v2\/users\/1"}],"replies":[{"embeddable":true,"href":"https:\/\/artzoomconnection.com\/gabriell\/wp-json\/wp\/v2\/comments?post=1642"}],"version-history":[{"count":14,"href":"https:\/\/artzoomconnection.com\/gabriell\/wp-json\/wp\/v2\/pages\/1642\/revisions"}],"predecessor-version":[{"id":2719,"href":"https:\/\/artzoomconnection.com\/gabriell\/wp-json\/wp\/v2\/pages\/1642\/revisions\/2719"}],"up":[{"embeddable":true,"href":"https:\/\/artzoomconnection.com\/gabriell\/wp-json\/wp\/v2\/pages\/1687"}],"wp:featuredmedia":[{"embeddable":true,"href":"https:\/\/artzoomconnection.com\/gabriell\/wp-json\/wp\/v2\/media\/2269"}],"wp:attachment":[{"href":"https:\/\/artzoomconnection.com\/gabriell\/wp-json\/wp\/v2\/media?parent=1642"}],"curies":[{"name":"wp","href":"https:\/\/api.w.org\/{rel}","templated":true}]}}