
{"id":2451,"date":"2014-05-09T20:48:31","date_gmt":"2014-05-09T19:48:31","guid":{"rendered":"https:\/\/artzoomconnection.com\/gabriell\/?page_id=2451"},"modified":"2023-06-23T20:31:25","modified_gmt":"2023-06-23T19:31:25","slug":"atelier","status":"publish","type":"page","link":"https:\/\/artzoomconnection.com\/gabriell\/presentation\/atelier\/","title":{"rendered":"ATELIER"},"content":{"rendered":"<div class=\"fusion-fullwidth fullwidth-box fusion-builder-row-1 fusion-flex-container nonhundred-percent-fullwidth non-hundred-percent-height-scrolling\" style=\"background-color: rgba(255,255,255,0);background-position: center center;background-repeat: no-repeat;border-width: 0px 0px 0px 0px;border-color:#eae9e9;border-style:solid;\" ><div class=\"fusion-builder-row fusion-row fusion-flex-align-items-flex-start\" style=\"max-width:1060.8px;margin-left: calc(-4% \/ 2 );margin-right: calc(-4% \/ 2 );\"><div class=\"fusion-layout-column fusion_builder_column fusion-builder-column-0 fusion_builder_column_1_2 1_2 fusion-flex-column\"><div class=\"fusion-column-wrapper fusion-flex-justify-content-flex-start fusion-content-layout-column\" style=\"background-position:left top;background-repeat:no-repeat;-webkit-background-size:cover;-moz-background-size:cover;-o-background-size:cover;background-size:cover;padding: 0px 0px 0px 0px;\"><div class=\"fusion-text fusion-text-1\"><\/p>\n<p><img class=\"aligncenter size-full wp-image-2744\" src=\"https:\/\/artzoomconnection.com\/gabriell\/wp-content\/uploads\/IMG_0760.jpeg\" alt=\"\" width=\"1280\" height=\"851\" srcset=\"https:\/\/artzoomconnection.com\/gabriell\/wp-content\/uploads\/IMG_0760-200x133.jpeg 200w, https:\/\/artzoomconnection.com\/gabriell\/wp-content\/uploads\/IMG_0760-300x199.jpeg 300w, https:\/\/artzoomconnection.com\/gabriell\/wp-content\/uploads\/IMG_0760-400x266.jpeg 400w, https:\/\/artzoomconnection.com\/gabriell\/wp-content\/uploads\/IMG_0760-600x399.jpeg 600w, https:\/\/artzoomconnection.com\/gabriell\/wp-content\/uploads\/IMG_0760-768x511.jpeg 768w, https:\/\/artzoomconnection.com\/gabriell\/wp-content\/uploads\/IMG_0760-800x532.jpeg 800w, https:\/\/artzoomconnection.com\/gabriell\/wp-content\/uploads\/IMG_0760-1024x681.jpeg 1024w, https:\/\/artzoomconnection.com\/gabriell\/wp-content\/uploads\/IMG_0760-1200x798.jpeg 1200w, https:\/\/artzoomconnection.com\/gabriell\/wp-content\/uploads\/IMG_0760.jpeg 1280w\" sizes=\"(max-width: 1280px) 100vw, 1280px\" \/><\/p>\n<p><img class=\"aligncenter size-full wp-image-2745\" src=\"https:\/\/artzoomconnection.com\/gabriell\/wp-content\/uploads\/IMG_0758.jpeg\" alt=\"\" width=\"933\" height=\"700\" srcset=\"https:\/\/artzoomconnection.com\/gabriell\/wp-content\/uploads\/IMG_0758-200x150.jpeg 200w, https:\/\/artzoomconnection.com\/gabriell\/wp-content\/uploads\/IMG_0758-300x225.jpeg 300w, https:\/\/artzoomconnection.com\/gabriell\/wp-content\/uploads\/IMG_0758-400x300.jpeg 400w, https:\/\/artzoomconnection.com\/gabriell\/wp-content\/uploads\/IMG_0758-600x450.jpeg 600w, https:\/\/artzoomconnection.com\/gabriell\/wp-content\/uploads\/IMG_0758-768x576.jpeg 768w, https:\/\/artzoomconnection.com\/gabriell\/wp-content\/uploads\/IMG_0758-800x600.jpeg 800w, https:\/\/artzoomconnection.com\/gabriell\/wp-content\/uploads\/IMG_0758.jpeg 933w\" sizes=\"(max-width: 933px) 100vw, 933px\" \/><\/p>\n<p><img class=\"aligncenter size-full wp-image-2746\" src=\"https:\/\/artzoomconnection.com\/gabriell\/wp-content\/uploads\/IMG_0757.jpeg\" alt=\"\" width=\"1280\" height=\"853\" srcset=\"https:\/\/artzoomconnection.com\/gabriell\/wp-content\/uploads\/IMG_0757-200x133.jpeg 200w, https:\/\/artzoomconnection.com\/gabriell\/wp-content\/uploads\/IMG_0757-300x200.jpeg 300w, https:\/\/artzoomconnection.com\/gabriell\/wp-content\/uploads\/IMG_0757-400x267.jpeg 400w, https:\/\/artzoomconnection.com\/gabriell\/wp-content\/uploads\/IMG_0757-600x400.jpeg 600w, https:\/\/artzoomconnection.com\/gabriell\/wp-content\/uploads\/IMG_0757-768x512.jpeg 768w, https:\/\/artzoomconnection.com\/gabriell\/wp-content\/uploads\/IMG_0757-800x533.jpeg 800w, https:\/\/artzoomconnection.com\/gabriell\/wp-content\/uploads\/IMG_0757-1024x682.jpeg 1024w, https:\/\/artzoomconnection.com\/gabriell\/wp-content\/uploads\/IMG_0757-1200x800.jpeg 1200w, https:\/\/artzoomconnection.com\/gabriell\/wp-content\/uploads\/IMG_0757.jpeg 1280w\" sizes=\"(max-width: 1280px) 100vw, 1280px\" \/><\/p>\n<\/div><\/div><style type=\"text\/css\">.fusion-body .fusion-builder-column-0{width:50% !important;margin-top : 0px;margin-bottom : 0px;}.fusion-builder-column-0 > .fusion-column-wrapper {padding-top : 0px !important;padding-right : 0px !important;margin-right : 2.56%;padding-bottom : 0px !important;padding-left : 0px !important;margin-left : 3.84%;}@media only screen and (max-width:1024px) {.fusion-body .fusion-builder-column-0{width:100% !important;}.fusion-builder-column-0 > .fusion-column-wrapper {margin-right : 1.92%;margin-left : 1.92%;}}@media only screen and (max-width:640px) {.fusion-body .fusion-builder-column-0{width:100% !important;}.fusion-builder-column-0 > .fusion-column-wrapper {margin-right : 1.92%;margin-left : 1.92%;}}<\/style><\/div><div class=\"fusion-layout-column fusion_builder_column fusion-builder-column-1 fusion_builder_column_1_2 1_2 fusion-flex-column\"><div class=\"fusion-column-wrapper fusion-flex-justify-content-flex-start fusion-content-layout-column\" style=\"background-position:left top;background-repeat:no-repeat;-webkit-background-size:cover;-moz-background-size:cover;-o-background-size:cover;background-size:cover;padding: 0px 0px 0px 0px;\"><div class=\"fusion-text fusion-text-2\"><h4>LE JARDIN DE LA CR\u00c9ATION<\/h4>\n<p style=\"text-align: justify;\">Gabriell est n\u00e9 dans le T\u00e9miscouata en 1956. C&rsquo;est un artiste autodidacte. Il est une r\u00e9f\u00e9rence nouvelle dans le monde de la peinture symbolique. Pour lui tout ce que l\u2019on peint exprime ce que l\u2019on est vraiment. Il utilise la peinture pour manifester et communiquer la Lumi\u00e8re. L&rsquo;artiste a grandi dans la r\u00e9gion de Lanaudi\u00e8re. Aujourd&rsquo;hui, il vit \u00e0 Terrebonne. D\u00e8s son plus jeune \u00e2ge, son talent de dessinateur surprend son entourage par sa qualit\u00e9 et sa maturit\u00e9. Chez lui, ce talent est inn\u00e9. Au fil des ann\u00e9es, une prise de conscience sur le sens de la vie l&rsquo;am\u00e8ne \u00e0 revoir ses besoins de performance et de reconnaissance. Un nouveau sentier s&rsquo;ouvre \u00e0 lui et une nouvelle cr\u00e9ativit\u00e9 \u00e9merge. Le symbolisme fait son apparition dans une recherche personnelle et sa peinture prend alors une profondeur initiatique. Une symbiose est n\u00e9e entre l&rsquo;artiste et son besoin d&rsquo;expression.<\/p>\n<blockquote>\n<p>\u00ab <em>On trouve l&rsquo;inspiration \u00e0 l&rsquo;instant o\u00f9 on r\u00e9alise qu&rsquo;on n&rsquo;a pas besoin de la chercher<\/em> \u00bb<br \/>\n&#8211; Eckart Tolle<\/p>\n<\/blockquote>\n<p style=\"text-align: justify;\">Tout d\u00e9bute dans son atelier d&rsquo;assez grande superficie. La flamme du cr\u00e9ateur s&rsquo;allume, il cr\u00e9e selon ce qu&rsquo;il ressent, ce qu&rsquo;il voit. Nulle contrainte dans les formats de toiles. L&rsquo;imp\u00e9ratif de la dimension du support n&rsquo;est pas dict\u00e9 par ses d\u00e9sirs, mais par l&rsquo;intuition et par le sujet qui souhaite appara\u00eetre, se manifester.<\/p>\n<p style=\"text-align: justify;\">L&rsquo;environnement de travail de l&rsquo;artiste influence sa cr\u00e9ation consciemment et inconsciemment: \u00ab <em>Pour moi, l&rsquo;ambiance d&rsquo;un atelier joue un r\u00f4le d\u00e9terminant, car l&rsquo;artiste en est impr\u00e9gn\u00e9 \u00e0 chaque instant<\/em> \u00bb. Gabriell donne des ateliers depuis plus de vingt ans. Il partage son jardin secret plusieurs fois par semaine avec trente-cinq autres artistes. Il a toujours privil\u00e9gi\u00e9 un environnement propice \u00e0 stimuler et \u00e0 entretenir la flamme de l&rsquo;inspiration.<\/p>\n<p style=\"text-align: justify;\">Pour l&rsquo;artiste, il est \u00e9vident que les couleurs sont constamment influenc\u00e9es par ce qui les entoure. La lumi\u00e8re est donc un \u00e9l\u00e9ment d&rsquo;une importance primordiale. Son atelier est avant tout un lieu de cr\u00e9ation et d&rsquo;\u00e9changes. C&rsquo;est un refuge qui permet de vivre sa plus grande passion et de la partager. Les r\u00eaves et le langage symbolique sont au c\u0153ur de sa vie et lors de ses cours, il enseigne que \u00ab <em>le plus important n\u2019est pas de peindre pour \u00eatre reconnu socialement, mais de peindre pour se conna\u00eetre soi-m\u00eame<\/em> \u00bb. Selon la n\u00e9cessit\u00e9, il en fait un jardin secret, tout en \u00e9tudiant la symbolique de ses tableaux qui l&rsquo;informe de son cheminement, comme un barom\u00e8tre de beaut\u00e9 et de richesse int\u00e9rieure.<\/p>\n<p style=\"text-align: justify;\">L&rsquo;atelier de Gabriell est \u00e9galement un lieu de m\u00e9ditation, de r\u00e9flexion, de recherche artistique et spirituelle o\u00f9 la musique nouvel-\u00e2ge a un r\u00f4le \u00e0 jouer, quoique le silence s&rsquo;accorde aussi \u00e0 son influx de cr\u00e9ation. Son atelier l&rsquo;inspire; il est \u00e0 son image. L&rsquo;activit\u00e9 int\u00e9rieure y est donc tr\u00e8s intense.<\/p>\n<p style=\"text-align: justify;\">M\u00eame si l&rsquo;artiste peut peindre ailleurs, sans que son travail n&rsquo;en souffre, Gabriell consid\u00e8re que l&rsquo;atelier est le meilleur endroit pour les d\u00e9tails et pour l&rsquo;ach\u00e8vement de l&rsquo;oeuvre en devenir. Peindre en public, lors de symposiums, contribue \u00e0 alimenter son inspiration: \u00ab\u00a0<em>Je trouve que c&rsquo;est une fa\u00e7on formidable d&rsquo;amener les gens dans mon univers tout en partageant qui je suis\u00a0<\/em>\u00bb.<\/p>\n<p style=\"text-align: justify;\"><em>\u00c9crit par <a title=\"www.helenecaroline.com\" href=\"http:\/\/www.helenecaroline.com\" target=\"_blank\" rel=\"noopener\">HeleneCaroline Fournier<\/a>, critique d&rsquo;art, th\u00e9oricienne de l&rsquo;art et journaliste ind\u00e9pendante sp\u00e9cialis\u00e9e dans les arts visuels<\/em><\/p>\n<\/div><\/div><style type=\"text\/css\">.fusion-body .fusion-builder-column-1{width:50% !important;margin-top : 0px;margin-bottom : 0px;}.fusion-builder-column-1 > .fusion-column-wrapper {padding-top : 0px !important;padding-right : 0px !important;margin-right : 3.84%;padding-bottom : 0px !important;padding-left : 0px !important;margin-left : 5.12%;}@media only screen and (max-width:1024px) {.fusion-body .fusion-builder-column-1{width:100% !important;}.fusion-builder-column-1 > .fusion-column-wrapper {margin-right : 1.92%;margin-left : 1.92%;}}@media only screen and (max-width:640px) {.fusion-body .fusion-builder-column-1{width:100% !important;}.fusion-builder-column-1 > .fusion-column-wrapper {margin-right : 1.92%;margin-left : 1.92%;}}<\/style><\/div><\/div><style type=\"text\/css\">.fusion-body .fusion-flex-container.fusion-builder-row-1{ padding-top : 0px;margin-top : 0px;padding-right : 0px;padding-bottom : 0px;margin-bottom : 0px;padding-left : 0px;}<\/style><\/div>\n","protected":false},"excerpt":{"rendered":"","protected":false},"author":1,"featured_media":2290,"parent":1623,"menu_order":3,"comment_status":"closed","ping_status":"closed","template":"","meta":[],"_links":{"self":[{"href":"https:\/\/artzoomconnection.com\/gabriell\/wp-json\/wp\/v2\/pages\/2451"}],"collection":[{"href":"https:\/\/artzoomconnection.com\/gabriell\/wp-json\/wp\/v2\/pages"}],"about":[{"href":"https:\/\/artzoomconnection.com\/gabriell\/wp-json\/wp\/v2\/types\/page"}],"author":[{"embeddable":true,"href":"https:\/\/artzoomconnection.com\/gabriell\/wp-json\/wp\/v2\/users\/1"}],"replies":[{"embeddable":true,"href":"https:\/\/artzoomconnection.com\/gabriell\/wp-json\/wp\/v2\/comments?post=2451"}],"version-history":[{"count":18,"href":"https:\/\/artzoomconnection.com\/gabriell\/wp-json\/wp\/v2\/pages\/2451\/revisions"}],"predecessor-version":[{"id":2750,"href":"https:\/\/artzoomconnection.com\/gabriell\/wp-json\/wp\/v2\/pages\/2451\/revisions\/2750"}],"up":[{"embeddable":true,"href":"https:\/\/artzoomconnection.com\/gabriell\/wp-json\/wp\/v2\/pages\/1623"}],"wp:featuredmedia":[{"embeddable":true,"href":"https:\/\/artzoomconnection.com\/gabriell\/wp-json\/wp\/v2\/media\/2290"}],"wp:attachment":[{"href":"https:\/\/artzoomconnection.com\/gabriell\/wp-json\/wp\/v2\/media?parent=2451"}],"curies":[{"name":"wp","href":"https:\/\/api.w.org\/{rel}","templated":true}]}}