
{"id":40,"date":"2009-11-16T23:49:23","date_gmt":"2009-11-17T04:49:23","guid":{"rendered":"http:\/\/www.artzoom.org\/members\/wordpress\/?page_id=40"},"modified":"2022-03-28T08:59:10","modified_gmt":"2022-03-28T07:59:10","slug":"documents-de-presse","status":"publish","type":"page","link":"https:\/\/artzoomconnection.com\/gabriell\/presse\/documents-de-presse\/","title":{"rendered":"PRESSE"},"content":{"rendered":"<div class=\"fusion-fullwidth fullwidth-box fusion-builder-row-1 fusion-flex-container nonhundred-percent-fullwidth non-hundred-percent-height-scrolling\" style=\"background-color: rgba(255,255,255,0);background-position: center center;background-repeat: no-repeat;border-width: 0px 0px 0px 0px;border-color:#eae9e9;border-style:solid;\" ><div class=\"fusion-builder-row fusion-row fusion-flex-align-items-flex-start\" style=\"max-width:1060.8px;margin-left: calc(-4% \/ 2 );margin-right: calc(-4% \/ 2 );\"><div class=\"fusion-layout-column fusion_builder_column fusion-builder-column-0 fusion_builder_column_1_1 1_1 fusion-flex-column\"><div class=\"fusion-column-wrapper fusion-flex-justify-content-flex-start fusion-content-layout-column\" style=\"background-position:left top;background-repeat:no-repeat;-webkit-background-size:cover;-moz-background-size:cover;-o-background-size:cover;background-size:cover;padding: 0px 0px 0px 0px;\"><div class=\"fusion-text fusion-text-1\"><h4>COUVERTURE M\u00c9DIATIQUE<\/h4>\n<p style=\"text-align: left;\"><em>Liste non exhaustive<\/em><\/p>\n<p style=\"text-align: justify;\"><strong>Nombreux articles de journaux :<\/strong> Le Trait d&rsquo;union, Revue Essentiel, R\u00e9gion Touristique Chaudi\u00e8re-Appalaches, La Revue de Terrebonne, New Age Retailers (USA), Le Placoteux, Revue Initiation, L&rsquo;\u00c9toile du Lac, Le Progr\u00e8s-Dimanche, Journal de Qu\u00e9bec, Charlesbourg Express, Revue de Terrebonne, Journal Le Trait D\u2019Union, journal La Revue, journal La Revue de Terrebonne, etc. <strong>\u00a0<\/strong><\/p>\n<p style=\"text-align: justify;\"><strong>Presse et cyberpresse<br \/>\n<\/strong><\/p>\n<p>Une soixantaine d\u2019exposants partagent talent et passion, par Karine Audet, Journal La Revue, article, 4 juillet 2019<br \/>\nLien disponible: <a href=\"https:\/\/www.larevue.qc.ca\/une-soixantaine-dexposants-partagent-talent-et-passion\/\" target=\"_blank\" rel=\"noopener\">https:\/\/www.larevue.qc.ca\/une-soixantaine-dexposants-partagent-talent-et-passion\/<\/a><\/p>\n<p>Week-end d\u2019art visuels avec l\u2019AAAVT, Journal La Revue, article, 4 juin 2019<br \/>\nLien disponible: <a href=\"https:\/\/www.larevue.qc.ca\/week-end-darts-visuels-avec-laaavt\/\" target=\"_blank\" rel=\"noopener\">https:\/\/www.larevue.qc.ca\/week-end-darts-visuels-avec-laaavt\/<\/a><\/p>\n<p>Ames d\u2019artistes \/ Artists\u2019 Souls au Mus\u00e9e d\u2019art contemporain VR 3D, Heart magazine des arts, 27 f\u00e9vrier 2019<br \/>\nLien disponible: <a href=\"https:\/\/magazinedesarts.com\/ames-dartistes-artists-souls-au-macvr3d\/\" target=\"_blank\" rel=\"noopener\">https:\/\/magazinedesarts.com\/ames-dartistes-artists-souls-au-macvr3d\/<\/a><\/p>\n<p>La C\u00e9l\u00e9bration de l\u2019art, par Gilles Fontaine, Journal La Revue, article, 19 juin 2018<br \/>\nLien disponible: <a href=\"https:\/\/www.larevue.qc.ca\/la-celebration-de-lart\/\" target=\"_blank\" rel=\"noopener\">https:\/\/www.larevue.qc.ca\/la-celebration-de-lart\/<\/a><\/p>\n<p>Gabriell, l\u2019artiste de la lumi\u00e8re, par H\u00e9l\u00e8ne Caroline Fournier, HuffPost Qu\u00e9bec, 8 avril 2018<br \/>\nLien disponible: <a href=\"https:\/\/quebec.huffingtonpost.ca\/helenecaroline-fournier\/gabriell-lartiste-de-la-lumiere_a_23402234\/\" target=\"_blank\" rel=\"noopener\">https:\/\/quebec.huffingtonpost.ca\/helenecaroline-fournier\/gabriell-lartiste-de-la-lumiere_a_23402234\/<\/a><\/p>\n<p>Un \u00ab\u00a0peintre visionnaire\u00a0\u00bb s\u00e9duit le public et le jury \u00e0 Waterloo, par Cynthia Laflamme, Journal La Voix de l\u2019Est, article, 14 ao\u00fbt 2017<\/p>\n<p>Deux artistes d\u2019ici se d\u00e9marquent \u00e0 Sainte-Anne-des-Plaines, par P\u00e9n\u00e9lope Clermont, Journal La Revue, article, 18 avril 2017<br \/>\nLien disponible: <a href=\"https:\/\/www.larevue.qc.ca\/arts-et-culture-deux-artistes-dici-se-demarquent-a-saint-anne-des-plaines\/\" target=\"_blank\" rel=\"noopener\">https:\/\/www.larevue.qc.ca\/arts-et-culture-deux-artistes-dici-se-demarquent-a-saint-anne-des-plaines\/<\/a><\/p>\n<p>Sur la sc\u00e8ne, Journal La Revue, annonce d\u2019exposition, 4 octobre 2016<br \/>\nLien disponible: <a href=\"https:\/\/www.larevue.qc.ca\/sur-la-scene-16\/\" target=\"_blank\" rel=\"noopener\">https:\/\/www.larevue.qc.ca\/sur-la-scene-16\/<\/a><\/p>\n<p>Gabriel Lavoie sur plusieurs murs, Journal La Revue, article, 14 septembre 2016<br \/>\nLien disponible: <a href=\"https:\/\/www.larevue.qc.ca\/gabriel-lavoie-sur-plusieurs-murs\/\" target=\"_blank\" rel=\"noopener\">https:\/\/www.larevue.qc.ca\/gabriel-lavoie-sur-plusieurs-murs\/<\/a><\/p>\n<p>Upstream People Gallery Hosts the 18th Annual Faces Juried Online International Art Exhibition, par PRLog, Press Release Distribution, Omaha, Nebraska, 11 mars 2016<br \/>\nLien disponible: <a href=\"https:\/\/www.prlog.org\/12540952-upstream-people-gallery-hosts-the-18th-annual-faces-juried-online-international-art-exhibition.html\" target=\"_blank\" rel=\"noopener\">https:\/\/www.prlog.org\/12540952-upstream-people-gallery-hosts-the-18th-annual-faces-juried-online-international-art-exhibition.html<\/a><\/p>\n<p>Gabriell s\u2019expose, Journal La Revue, article, 8 mars 2016<br \/>\nLien disponible: <a href=\"https:\/\/www.larevue.qc.ca\/gabriell-sexpose\/\" target=\"_blank\" rel=\"noopener\">https:\/\/www.larevue.qc.ca\/gabriell-sexpose\/<\/a><\/p>\n<p>Quand la magie de Gabriell s\u2019int\u00e8gre au patrimoine, par St\u00e9phane Fortier, Journal La Revue, article, 2 f\u00e9vrier 2016<br \/>\nLien disponible: <a href=\"https:\/\/www.larevue.qc.ca\/quand-la-magie-de-gabriell-sintegre-au-patrimoine\/\" target=\"_blank\" rel=\"noopener\">https:\/\/www.larevue.qc.ca\/quand-la-magie-de-gabriell-sintegre-au-patrimoine\/<\/a><\/p>\n<p>Gabriell, t\u00eate d\u2019affiche de janvier, par P\u00e9n\u00e9lope Clermont, journal La Revue de Terrebonne, 12 janvier 2016<br \/>\nLien disponible: <a href=\"https:\/\/www.larevue.qc.ca\/gabriell-tete-daffiche-de-janvier\/\" target=\"_blank\" rel=\"noopener\">https:\/\/www.larevue.qc.ca\/gabriell-tete-daffiche-de-janvier\/<\/a><\/p>\n<p>De l\u2019art en d\u00e9gustation, par P\u00e9n\u00e9lope Clermont, journal La Revue de Terrebonne, 12 janvier 2016<br \/>\nLien disponible: <a href=\"https:\/\/www.larevue.qc.ca\/de-lart-en-degustation\/\" target=\"_blank\" rel=\"noopener\">https:\/\/www.larevue.qc.ca\/de-lart-en-degustation\/<\/a><\/p>\n<p>L\u2019Internation\u2019Art se poursuit jusqu\u2019au 3 juin 2015, Heart magazine des arts, article, 19 avril 2015<br \/>\nLien disponible: <a href=\"https:\/\/magazinedesarts.com\/linternationart-se-poursuit-jusquau-3-juin-2015\/\" target=\"_blank\" rel=\"noopener\">https:\/\/magazinedesarts.com\/linternationart-se-poursuit-jusquau-3-juin-2015\/<\/a><\/p>\n<p>Les toiles de Gabriel Lavoie enjolivent le bureau du d\u00e9put\u00e9 , par Ren\u00e9e-Claude Doucet, Journal Le Trait D\u2019Union, article, 21 mars 2015<\/p>\n<p>Des \u0153uvres qui voyagent, par P\u00e9n\u00e9lope Clermont, journal La Revue, article, 17 mars 2015<br \/>\nLien disponible: <a href=\"https:\/\/www.larevue.qc.ca\/des-oeuvres-qui-voyagent\/\" target=\"_blank\" rel=\"noopener\">https:\/\/www.larevue.qc.ca\/des-oeuvres-qui-voyagent\/<\/a><\/p>\n<p>Gabriel Lavoie expose sa lumi\u00e8re, Journal La Revue, article, 3 mars 2015<br \/>\nLien disponible: https:\/\/www.larevue.qc.ca\/gabriel-lavoie-expose-sa-lumiere\/<\/p>\n<p>8e \u00e9dition de la Grande Exposition Internationale d\u2019ArtZoom, Heart magazine des arts, 26 f\u00e9vrier 2015<br \/>\nLien disponible: <a href=\"https:\/\/magazinedesarts.com\/8eme-edition-de-la-grande-exposition-internationale-dartzoom\/\" target=\"_blank\" rel=\"noopener\">https:\/\/magazinedesarts.com\/8eme-edition-de-la-grande-exposition-internationale-dartzoom\/<\/a><\/p>\n<p>Entrevue de Gabriell, Heart magazine des arts, entrevue vid\u00e9o, 21 juin 2014<br \/>\nLien disponible: <a href=\"https:\/\/magazinedesarts.com\/entrevue-de-gabriell\/\" target=\"_blank\" rel=\"noopener\">https:\/\/magazinedesarts.com\/entrevue-de-gabriell\/<\/a><\/p>\n<p>Le Jardin de la cr\u00e9ation, Heart magazine des arts, article, 1er juin 2014<br \/>\nLien disponible: <a href=\"https:\/\/magazinedesarts.com\/atelier-gabriell\/\" target=\"_blank\" rel=\"noopener\">https:\/\/magazinedesarts.com\/atelier-gabriell\/<\/a><\/p>\n<p>4e \u00e9dition pour l\u2019Internation\u2019ART \u00e0 Roberval, PatWhite, article, 21 mars 2014<br \/>\nLien disponible:<a href=\"https:\/\/patwhite.com\/une-4eme-edition-pour-linternationart-roberval\" target=\"_blank\" rel=\"noopener\"> https:\/\/patwhite.com\/une-4eme-edition-pour-linternationart-roberval<\/a><\/p>\n<p>Revue l\u2019Essentiel, pages 56-57, Essenia Qu\u00e9bec, article, septembre 2013<\/p>\n<p>Un baume sign\u00e9 du pinceau de Gabriell, par Karine Limoges, journal La Revue, article, 9 ao\u00fbt 2013<br \/>\nLien disponible: <a href=\"https:\/\/www.larevue.qc.ca\/un-baume-signe-du-pinceau-de-gabriell\/\" target=\"_blank\" rel=\"noopener\">https:\/\/www.larevue.qc.ca\/un-baume-signe-du-pinceau-de-gabriell\/<\/a><\/p>\n<p>Gabriell: inspiration spirituelle, par Caroline Morneau, Journal Le Trait D\u2019Union, article, 26 juillet 2013<\/p>\n<p>Week-end color\u00e9 \u00e0 la Maison Adh\u00e9mar-Dion, par P\u00e9n\u00e9lope Clermont, journal La Revue, article, 30 avril 2013<br \/>\nLien disponible: <a href=\"https:\/\/www.larevue.qc.ca\/week-end-colore-a-la-maison-adhemar-dion\/\" target=\"_blank\" rel=\"noopener\">https:\/\/www.larevue.qc.ca\/week-end-colore-a-la-maison-adhemar-dion\/<\/a><\/p>\n<p>L\u00e0 o\u00f9 l\u2019art et la vie se rencontrent, par V\u00e9ronik Talbot, Journal La Revue, article, 9 avril 2013<br \/>\nLien disponible:<a href=\"https:\/\/www.larevue.qc.ca\/la-ou-lart-et-la-vie-se-rencontrent\/\" target=\"_blank\" rel=\"noopener\"> https:\/\/www.larevue.qc.ca\/la-ou-lart-et-la-vie-se-rencontrent\/<\/a><\/p>\n<p>Vernissage des petits formats de l\u2019AAAVT, Journal La Revue, article, 17 d\u00e9cembre 2013<br \/>\nLien disponible: <a href=\"https:\/\/www.larevue.qc.ca\/vernissage-des-petits-formats-de-laaavt\/\" target=\"_blank\" rel=\"noopener\">https:\/\/www.larevue.qc.ca\/vernissage-des-petits-formats-de-laaavt\/<\/a><\/p>\n<p>L\u2019excellence de Terrebonne, par P\u00e9n\u00e9lope Clermont, journal La Revue, article, 2 octobre 2012<br \/>\nLien disponible: <a href=\"https:\/\/www.larevue.qc.ca\/lexcellence-de-terrebonne-devoilee\/\" target=\"_blank\" rel=\"noopener\">https:\/\/www.larevue.qc.ca\/lexcellence-de-terrebonne-devoilee\/<\/a><\/p>\n<p>Les finalistes du gala Griffon d\u2019Or sont connus, par Baptiste Zapirain, Journal Le Trait D\u2019Union, article, 1er octobre 2012<\/p>\n<p>Artiste visionnaire, par Baptiste Zapirain, Journal Le Trait D\u2019Union, article, 7 juillet 2012<\/p>\n<p>Un symposium tout en harmonie, par Baptiste Zapirain, Journal Le Trait D\u2019Union, article, 19 juin 2012<\/p>\n<p>Gabriell poursuit sa route, par V\u00e9ronick Talbot, journal La Revue, article, 16 ao\u00fbt 2011<br \/>\nLien disponible: <a href=\"https:\/\/www.larevue.qc.ca\/gabriell-poursuit-sa-route\/\" target=\"_blank\" rel=\"noopener\">https:\/\/www.larevue.qc.ca\/gabriell-poursuit-sa-route\/<\/a><\/p>\n<p>Si j\u2019avais les \u00ab\u00a0L\u00a0\u00bb d\u2019un ange, par Ren\u00e9e-Claude Doucet, journal Le Trait D\u2019Union, article, 27 juillet 2011<\/p>\n<p>Des ailes pour Gabriell, par P\u00e9n\u00e9lope Clermont, journal La Revue, article, 17 mai 2011<br \/>\nLien disponible: <a href=\"https:\/\/www.larevue.qc.ca\/des-ailes-pour-gabriell\/\" target=\"_blank\" rel=\"noopener\">https:\/\/www.larevue.qc.ca\/des-ailes-pour-gabriell\/<\/a><\/p>\n<p>Revue l\u2019Essentiel, pages 56-57, Essenia Qu\u00e9bec, article, mai 2011<\/p>\n<p>Gabriel Lavoie est d\u00e9sign\u00e9 pour \u00eatre acad\u00e9micien, par Kaya, \u00c9ditions UCM, entrevue vid\u00e9o, 26 avril 2011<\/p>\n<p>Revue l\u2019Essentiel, pages 56-57, Essenia Qu\u00e9bec, article, d\u00e9cembre 2006<\/p>\n<p>Rencontre avec Gabriell, Journal La Revue, annonce d\u2019exposition, 1er avril 2000<br \/>\nLien disponible: <a href=\"https:\/\/www.larevue.qc.ca\/rencontre-avec-gabriell\/\" target=\"_blank\" rel=\"noopener\">https:\/\/www.larevue.qc.ca\/rencontre-avec-gabriell\/<\/a><\/p>\n<p>Gabriell expose ses peintures Chez Richard, journal La Revue, article, 1er mars 2000<br \/>\nLien disponible: <a href=\"https:\/\/www.larevue.qc.ca\/gabriell-expose-ses-peintures-chez-richard\/\" target=\"_blank\" rel=\"noopener\">https:\/\/www.larevue.qc.ca\/gabriell-expose-ses-peintures-chez-richard\/<\/a><\/p>\n<p>Gabriell en exposition, journal La Revue, article, 1er f\u00e9vrier 2000<br \/>\nLien disponible: <a href=\"https:\/\/www.larevue.qc.ca\/gabriell-en-exposition\/\" target=\"_blank\" rel=\"noopener\">https:\/\/www.larevue.qc.ca\/gabriell-en-exposition\/<\/a><\/p>\n<p>Etc.<\/p>\n<\/div><\/div><style type=\"text\/css\">.fusion-body .fusion-builder-column-0{width:100% !important;margin-top : 0px;margin-bottom : 0px;}.fusion-builder-column-0 > .fusion-column-wrapper {padding-top : 0px !important;padding-right : 0px !important;margin-right : 1.92%;padding-bottom : 0px !important;padding-left : 0px !important;margin-left : 1.92%;}@media only screen and (max-width:1024px) {.fusion-body .fusion-builder-column-0{width:100% !important;}.fusion-builder-column-0 > .fusion-column-wrapper {margin-right : 1.92%;margin-left : 1.92%;}}@media only screen and (max-width:640px) {.fusion-body .fusion-builder-column-0{width:100% !important;}.fusion-builder-column-0 > .fusion-column-wrapper {margin-right : 1.92%;margin-left : 1.92%;}}<\/style><\/div><div class=\"fusion-layout-column fusion_builder_column fusion-builder-column-1 fusion_builder_column_1_2 1_2 fusion-flex-column\"><div class=\"fusion-column-wrapper fusion-flex-justify-content-flex-start fusion-content-layout-column\" style=\"background-position:left top;background-repeat:no-repeat;-webkit-background-size:cover;-moz-background-size:cover;-o-background-size:cover;background-size:cover;padding: 0px 0px 0px 0px;\"><div class=\"fusion-text fusion-text-2\"><h4>RADIO ET T\u00c9L\u00c9VISION<\/h4>\n<p><em>Liste non exhaustive<\/em><\/p>\n<p>\u00c9mission Zoom !, TVCOGECO, 2015<br \/>\nPodcast d\u2019ArtZoom, 2014, 2015<br \/>\nEntrevue, 2014<br \/>\nProductions audiovisuelles, UCM, 2011<\/p>\n<h4>MULTIM\u00c9DIA<\/h4>\n<p><em>Liste non exhaustive<\/em><\/p>\n<p>S\u00e9rie de 12 CD, Ang\u00e9lica Musica<br \/>\nCD Jeliel, pratique r\u00e9citatoire, 2012<br \/>\nCD Yeialel, focalise sur mon plan de vie, 2011<br \/>\nCD pri\u00e8res aram\u00e9ennes, version trio, 2011<br \/>\nCD Nanael, les 7 \u00e9tapes, 2011<br \/>\nCD Rehael, r\u00e9ceptivit\u00e9, 2010<br \/>\nCD Reiyel, conduit vers les hauts sommets, 2009<\/p>\n<\/div><\/div><style type=\"text\/css\">.fusion-body .fusion-builder-column-1{width:50% !important;margin-top : 0px;margin-bottom : 0px;}.fusion-builder-column-1 > .fusion-column-wrapper {padding-top : 0px !important;padding-right : 0px !important;margin-right : 3.84%;padding-bottom : 0px !important;padding-left : 0px !important;margin-left : 3.84%;}@media only screen and (max-width:1024px) {.fusion-body .fusion-builder-column-1{width:100% !important;}.fusion-builder-column-1 > .fusion-column-wrapper {margin-right : 1.92%;margin-left : 1.92%;}}@media only screen and (max-width:640px) {.fusion-body .fusion-builder-column-1{width:100% !important;}.fusion-builder-column-1 > .fusion-column-wrapper {margin-right : 1.92%;margin-left : 1.92%;}}<\/style><\/div><div class=\"fusion-layout-column fusion_builder_column fusion-builder-column-2 fusion_builder_column_1_2 1_2 fusion-flex-column\"><div class=\"fusion-column-wrapper fusion-flex-justify-content-flex-start fusion-content-layout-column\" style=\"background-position:left top;background-repeat:no-repeat;-webkit-background-size:cover;-moz-background-size:cover;-o-background-size:cover;background-size:cover;padding: 0px 0px 0px 0px;\"><div class=\"fusion-text fusion-text-3\"><h4>BIBLIOGRAPHIE<\/h4>\n<p><em>Liste non exhaustive<\/em><\/p>\n<p><em>2020: L\u2019ArtZoomeur, Canada (ISBN 978-2-923622-44-6) revue d\u2019art<br \/>\n2019: Ames d\u2019artistes \/ Artists\u2019 Souls (ISBN 978-2-923622-40-8) catalogue d\u2019exposition mus\u00e9ale<br \/>\n2018: L\u2019ArtZoomeur, Canada (ISBN 978-2-923622-32-3) revue d\u2019art<br \/>\n2017: L\u2019ArtZoomeur, Canada (ISBN 978-2-923622-29-3) revue d\u2019art<br \/>\n2016: International Blouin Gallery Guide, New York, USA r\u00e9pertoire d\u2019artistes<br \/>\n2016: L\u2019ArtZoomeur, Canada (ISBN 978-2-923622-25-5) revue d\u2019art<br \/>\n2015: Pour une lecture \u00e9clair\u00e9e de l\u2019art contemporain, Canada (ISBN 978-2-923622-24-8) monographie<br \/>\n2015: Art Expo Milano, Artmeet, Italie catalogue de salon<br \/>\n2015: Salon international d\u2019art contemporain (SIAC0, Marseille, France catalogue de salon<br \/>\n2015: Univers des Arts, Salon Antar\u00e8s-Creativ\u2019, Toulouse, France revue d\u2019art<br \/>\n2015: 2e Salon d\u2019art contemporain Antar\u00e8s-Creativ\u2019, Toulouse, France catalogue de salon<br \/>\n2014: Acad\u00e9miciens 2014 par Mondial Art Academia, France r\u00e9pertoire d\u2019artistes<br \/>\n2013: L\u2019Essentiel, Essenia Qu\u00e9bec, Canada revue<br \/>\n2011: L\u2019Essentiel, Essenia Qu\u00e9bec, Canada revue<br \/>\n2006: L\u2019Essentiel, Essenia Qu\u00e9bec, Canada revue<br \/>\n<\/em>&#8211; Etc.<\/p>\n<h4>PAGES COUVERTURES<\/h4>\n<p><em>Liste non exhaustive<\/em><\/p>\n<p>2019: Ames d\u2019artistes \/ Artists\u2019 Souls, catalogue d\u2019exposition du Mus\u00e9e d\u2019art contemporain VR 3D &#8211; (ISBN 978-2-923622-40-8)<br \/>\nLien disponible: <a href=\"https:\/\/macvr3d.com\/pdf\/catalogue_expo_amesdartistes_macvr3dp.pdf\" target=\"_blank\" rel=\"noopener\">https:\/\/macvr3d.com\/pdf\/catalogue_expo_amesdartistes_macvr3dp.pdf<\/a><br \/>\n2012: 8 mod\u00e8les de cahiers de r\u00eaves, Univers\/Cit\u00e9 Mika\u00ebl, 2012<br \/>\n2010: Le livre des Anges Tome 4 par Kaya et Christiane Muller, Univers\/Cit\u00e9 Mika\u00ebl<br \/>\n2008: Le livre des Anges Tome 3 par Kaya et Christiane Muller, Univers\/Cit\u00e9 Mika\u00ebl<br \/>\n2007: R\u00eaves et Symboles Tome 2 par Kaya et Christiane Muller, Univers\/Cit\u00e9 Mika\u00ebl<br \/>\n2006: Angelica Yoga Tome 2 par Fran\u00e7ois Bouchard et Denise Fredette, , Univers\/Cit\u00e9 Mika\u00ebl<br \/>\n2006: R\u00eaves et Symboles Tome 1 par Kaya et Christiane Muller, Univers\/Cit\u00e9 Mika\u00ebl<br \/>\n2006: Les cartes 72\u00a0 Anges, R\u00eaves, Signes par Kaya et Christiane Muller, et illustrations des cartes, Univers\/Cit\u00e9 Mika\u00ebl<br \/>\n2004: Le livre des Anges Tome 2 \/ R\u00eaves, Signes par Kaya et Christiane Muller, \u00a0Univers\/Cit\u00e9 Mika\u00ebl<br \/>\n2004: Angelica Yoga Tome 1 par Fran\u00e7ois Bouchard et Denise Fredette, Univers\/Cit\u00e9 Mika\u00ebl<br \/>\n2004: Le journal spirituel d\u2019une enfant de neuf ans par Kasara, Univers\/Cit\u00e9 Mika\u00ebl<br \/>\n2004: Comment lire les signes \/ psychologie initiatique par Kaya et Christiane<\/p>\n<\/div><\/div><style type=\"text\/css\">.fusion-body .fusion-builder-column-2{width:50% !important;margin-top : 0px;margin-bottom : 0px;}.fusion-builder-column-2 > .fusion-column-wrapper {padding-top : 0px !important;padding-right : 0px !important;margin-right : 3.84%;padding-bottom : 0px !important;padding-left : 0px !important;margin-left : 3.84%;}@media only screen and (max-width:1024px) {.fusion-body .fusion-builder-column-2{width:100% !important;}.fusion-builder-column-2 > .fusion-column-wrapper {margin-right : 1.92%;margin-left : 1.92%;}}@media only screen and (max-width:640px) {.fusion-body .fusion-builder-column-2{width:100% !important;}.fusion-builder-column-2 > .fusion-column-wrapper {margin-right : 1.92%;margin-left : 1.92%;}}<\/style><\/div><\/div><style type=\"text\/css\">.fusion-body .fusion-flex-container.fusion-builder-row-1{ padding-top : 0px;margin-top : 0px;padding-right : 0px;padding-bottom : 0px;margin-bottom : 0px;padding-left : 0px;}<\/style><\/div>\n","protected":false},"excerpt":{"rendered":"","protected":false},"author":1,"featured_media":2259,"parent":1687,"menu_order":3,"comment_status":"closed","ping_status":"closed","template":"","meta":[],"_links":{"self":[{"href":"https:\/\/artzoomconnection.com\/gabriell\/wp-json\/wp\/v2\/pages\/40"}],"collection":[{"href":"https:\/\/artzoomconnection.com\/gabriell\/wp-json\/wp\/v2\/pages"}],"about":[{"href":"https:\/\/artzoomconnection.com\/gabriell\/wp-json\/wp\/v2\/types\/page"}],"author":[{"embeddable":true,"href":"https:\/\/artzoomconnection.com\/gabriell\/wp-json\/wp\/v2\/users\/1"}],"replies":[{"embeddable":true,"href":"https:\/\/artzoomconnection.com\/gabriell\/wp-json\/wp\/v2\/comments?post=40"}],"version-history":[{"count":71,"href":"https:\/\/artzoomconnection.com\/gabriell\/wp-json\/wp\/v2\/pages\/40\/revisions"}],"predecessor-version":[{"id":2720,"href":"https:\/\/artzoomconnection.com\/gabriell\/wp-json\/wp\/v2\/pages\/40\/revisions\/2720"}],"up":[{"embeddable":true,"href":"https:\/\/artzoomconnection.com\/gabriell\/wp-json\/wp\/v2\/pages\/1687"}],"wp:featuredmedia":[{"embeddable":true,"href":"https:\/\/artzoomconnection.com\/gabriell\/wp-json\/wp\/v2\/media\/2259"}],"wp:attachment":[{"href":"https:\/\/artzoomconnection.com\/gabriell\/wp-json\/wp\/v2\/media?parent=40"}],"curies":[{"name":"wp","href":"https:\/\/api.w.org\/{rel}","templated":true}]}}