
{"id":43,"date":"2009-11-16T23:50:16","date_gmt":"2009-11-17T04:50:16","guid":{"rendered":"http:\/\/www.artzoom.org\/members\/wordpress\/?page_id=43"},"modified":"2024-11-14T21:03:49","modified_gmt":"2024-11-14T20:03:49","slug":"videos","status":"publish","type":"page","link":"https:\/\/artzoomconnection.com\/gabriell\/presse\/videos\/","title":{"rendered":"VID\u00c9OS"},"content":{"rendered":"<div class=\"fusion-fullwidth fullwidth-box fusion-builder-row-1 fusion-flex-container nonhundred-percent-fullwidth non-hundred-percent-height-scrolling\" style=\"background-color: rgba(255,255,255,0);background-position: center center;background-repeat: no-repeat;border-width: 0px 0px 0px 0px;border-color:#eae9e9;border-style:solid;\" ><div class=\"fusion-builder-row fusion-row fusion-flex-align-items-flex-start\" style=\"max-width:1060.8px;margin-left: calc(-4% \/ 2 );margin-right: calc(-4% \/ 2 );\"><div class=\"fusion-layout-column fusion_builder_column fusion-builder-column-0 fusion_builder_column_1_1 1_1 fusion-flex-column\"><div class=\"fusion-column-wrapper fusion-flex-justify-content-flex-start fusion-content-layout-column\" style=\"background-position:left top;background-repeat:no-repeat;-webkit-background-size:cover;-moz-background-size:cover;-o-background-size:cover;background-size:cover;padding: 0px 0px 0px 0px;\"><style type=\"text\/css\">@media only screen and (max-width:1024px) {.fusion-title.fusion-title-1{margin-top:0px!important; margin-right:0px!important;margin-bottom:31px!important;margin-left:0px!important;}}@media only screen and (max-width:640px) {.fusion-title.fusion-title-1{margin-top:0px!important; margin-right:0px!important;margin-bottom:20px!important; margin-left:0px!important;}}<\/style><div class=\"fusion-title title fusion-title-1 fusion-title-text fusion-title-size-one\" style=\"margin-top:0px;margin-right:0px;margin-bottom:31px;margin-left:0px;\"><div class=\"title-sep-container title-sep-container-left fusion-no-large-visibility fusion-no-medium-visibility fusion-no-small-visibility\"><div class=\"title-sep sep-double sep-solid\" style=\"border-color:#e0dede;\"><\/div><\/div><span class=\"awb-title-spacer fusion-no-large-visibility fusion-no-medium-visibility fusion-no-small-visibility\"><\/span><h1 class=\"title-heading-left\" style=\"margin:0;\"><h4>PRODUCTIONS AUDIOVISUELLES ET T\u00c9L\u00c9VISUELLES<\/h4><\/h1><span class=\"awb-title-spacer\"><\/span><div class=\"title-sep-container title-sep-container-right\"><div class=\"title-sep sep-double sep-solid\" style=\"border-color:#e0dede;\"><\/div><\/div><\/div><\/div><style type=\"text\/css\">.fusion-body .fusion-builder-column-0{width:100% !important;margin-top : 0px;margin-bottom : 0px;}.fusion-builder-column-0 > .fusion-column-wrapper {padding-top : 0px !important;padding-right : 0px !important;margin-right : 1.92%;padding-bottom : 0px !important;padding-left : 0px !important;margin-left : 1.92%;}@media only screen and (max-width:1024px) {.fusion-body .fusion-builder-column-0{width:100% !important;}.fusion-builder-column-0 > .fusion-column-wrapper {margin-right : 1.92%;margin-left : 1.92%;}}@media only screen and (max-width:640px) {.fusion-body .fusion-builder-column-0{width:100% !important;}.fusion-builder-column-0 > .fusion-column-wrapper {margin-right : 1.92%;margin-left : 1.92%;}}<\/style><\/div><div class=\"fusion-layout-column fusion_builder_column fusion-builder-column-1 fusion_builder_column_1_2 1_2 fusion-flex-column\"><div class=\"fusion-column-wrapper fusion-flex-justify-content-flex-start fusion-content-layout-column\" style=\"background-position:left top;background-repeat:no-repeat;-webkit-background-size:cover;-moz-background-size:cover;-o-background-size:cover;background-size:cover;padding: 0px 0px 0px 0px;\"><div class=\"fusion-text fusion-text-1\"><div style=\"padding: 75% 0 0 0; position: relative;\"><div class=\"BorlabsCookie\"><div class=\"_brlbs-content-blocker\"> <div class=\"_brlbs-embed _brlbs-video-vimeo\"> <img class=\"_brlbs-thumbnail\" src=\"https:\/\/artzoomconnection.com\/gabriell\/wp-content\/plugins\/borlabs-cookie\/assets\/images\/cb-no-thumbnail.png\" alt=\"Vimeo\"> <div class=\"_brlbs-caption\"> <p>En chargeant cette vid\u00e9o, vous acceptez la politique de confidentialit\u00e9 de Vimeo.<br><a href=\"https:\/\/vimeo.com\/privacy\" target=\"_blank\" rel=\"nofollow noopener noreferrer\">En savoir plus<\/a><\/p> <p><a class=\"_brlbs-btn _brlbs-icon-play-white\" href=\"#\" data-borlabs-cookie-unblock role=\"button\">Charger la vid\u00e9o<\/a><\/p> <p><label><input type=\"checkbox\" name=\"unblockAll\" value=\"1\" checked> <small>Toujours autoriser Vimeo<\/small><\/label><\/p> <\/div> <\/div> <\/div><div class=\"borlabs-hide\" data-borlabs-cookie-type=\"content-blocker\" data-borlabs-cookie-id=\"vimeo\"><script type=\"text\/template\">PGlmcmFtZSBzdHlsZT0icG9zaXRpb246IGFic29sdXRlOyB0b3A6IDA7IGxlZnQ6IDA7IHdpZHRoOiAxMDAlOyBoZWlnaHQ6IDEwMCU7IiB0aXRsZT0iTW9uIGZpbG0iIHNyYz0iaHR0cHM6Ly9wbGF5ZXIudmltZW8uY29tL3ZpZGVvLzEwMjk3Njk3MDc\/YmFkZ2U9MCZhbXA7YXV0b3BhdXNlPTAmYW1wO3BsYXllcl9pZD0wJmFtcDthcHBfaWQ9NTg0NzkiIGZyYW1lYm9yZGVyPSIwIj48L2lmcmFtZT4=<\/script><\/div><\/div><\/div>\n<p><script src=\"https:\/\/player.vimeo.com\/api\/player.js\"><\/script><\/p>\n<p><a href=\"https:\/\/www.artzoomconnection.com\" target=\"_blank\" rel=\"noopener\">www.artzoomconnection.com<\/a><\/p>\n<p style=\"text-align: justify;\">Le Collectif International d\u2019Artistes ArtZoom (CIAAZ) a \u00e9t\u00e9 fond\u00e9 en France, en 1997. Il a \u00e9volu\u00e9 au fil des ann\u00e9es. Les artistes vivent sur trois continents diff\u00e9rents. Il est g\u00e9r\u00e9 par Art Total Multim\u00e9dia. Le CIAAZ est dirig\u00e9 par HeleneCaroline Fournier, experte en art et cofondatrice du CIAAZ. Cette vid\u00e9o pr\u00e9sente un \u00e9ventail des possibilit\u00e9s des artistes du CIAAZ. (c) Copyright Art Total Multim\u00e9dia, 2024 &#8211; Libre de diffusion sur Internet<\/p>\n<p style=\"text-align: center;\"><div class=\"BorlabsCookie\"><div class=\"_brlbs-content-blocker\"> <div class=\"_brlbs-embed _brlbs-video-vimeo\"> <img class=\"_brlbs-thumbnail\" src=\"https:\/\/artzoomconnection.com\/gabriell\/wp-content\/plugins\/borlabs-cookie\/assets\/images\/cb-no-thumbnail.png\" alt=\"Vimeo\"> <div class=\"_brlbs-caption\"> <p>En chargeant cette vid\u00e9o, vous acceptez la politique de confidentialit\u00e9 de Vimeo.<br><a href=\"https:\/\/vimeo.com\/privacy\" target=\"_blank\" rel=\"nofollow noopener noreferrer\">En savoir plus<\/a><\/p> <p><a class=\"_brlbs-btn _brlbs-icon-play-white\" href=\"#\" data-borlabs-cookie-unblock role=\"button\">Charger la vid\u00e9o<\/a><\/p> <p><label><input type=\"checkbox\" name=\"unblockAll\" value=\"1\" checked> <small>Toujours autoriser Vimeo<\/small><\/label><\/p> <\/div> <\/div> <\/div><div class=\"borlabs-hide\" data-borlabs-cookie-type=\"content-blocker\" data-borlabs-cookie-id=\"vimeo\"><script type=\"text\/template\">PGlmcmFtZSBzcmM9Imh0dHBzOi8vcGxheWVyLnZpbWVvLmNvbS92aWRlby82ODg3MDc4MzI\/aD1iOTgxNzJjYTY3IiB3aWR0aD0iNDUwIiBoZWlnaHQ9IjI1MyIgZnJhbWVib3JkZXI9IjAiIGFsbG93ZnVsbHNjcmVlbj0iYWxsb3dmdWxsc2NyZWVuIj48L2lmcmFtZT48L3A+<\/script><\/div><\/div>\n<p style=\"text-align: justify;\">Le Pouvoir des Couleurs est une exposition pr\u00e9sent\u00e9e du 1er au 30 avril 2022 \u00e0 la Maison O&rsquo;Neill, situ\u00e9e au 3160 boul. Wilfrid-Hamel Ouest, Qu\u00e9bec (Canada) &#8211; 11 artistes de 3 continents diff\u00e9rents &#8211; Commissaire d&rsquo;exposition: HeleneCaroline Fournier &#8211; Production Art Total Multim\u00e9dia &#8211; Dur\u00e9e: 5:00 minutes\u00a0 (c) Art Total Multim\u00e9dia, 2022<\/p>\n<div class=\"BorlabsCookie\"><div class=\"_brlbs-content-blocker\"> <div class=\"_brlbs-embed _brlbs-video-vimeo\"> <img class=\"_brlbs-thumbnail\" src=\"https:\/\/artzoomconnection.com\/gabriell\/wp-content\/plugins\/borlabs-cookie\/assets\/images\/cb-no-thumbnail.png\" alt=\"Vimeo\"> <div class=\"_brlbs-caption\"> <p>En chargeant cette vid\u00e9o, vous acceptez la politique de confidentialit\u00e9 de Vimeo.<br><a href=\"https:\/\/vimeo.com\/privacy\" target=\"_blank\" rel=\"nofollow noopener noreferrer\">En savoir plus<\/a><\/p> <p><a class=\"_brlbs-btn _brlbs-icon-play-white\" href=\"#\" data-borlabs-cookie-unblock role=\"button\">Charger la vid\u00e9o<\/a><\/p> <p><label><input type=\"checkbox\" name=\"unblockAll\" value=\"1\" checked> <small>Toujours autoriser Vimeo<\/small><\/label><\/p> <\/div> <\/div> <\/div><div class=\"borlabs-hide\" data-borlabs-cookie-type=\"content-blocker\" data-borlabs-cookie-id=\"vimeo\"><script type=\"text\/template\">PHA+PGlmcmFtZSBzcmM9Imh0dHBzOi8vcGxheWVyLnZpbWVvLmNvbS92aWRlby8xMjU4NzE5NDY\/Y29sb3I9ZmY5OTAwJmFtcDt0aXRsZT0wJmFtcDtieWxpbmU9MCZhbXA7cG9ydHJhaXQ9MCIgd2lkdGg9IjQ1MCIgaGVpZ2h0PSIyNzAiIGZyYW1lYm9yZGVyPSIwIiBhbGxvd2Z1bGxzY3JlZW49ImFsbG93ZnVsbHNjcmVlbiI+PC9pZnJhbWU+PC9wPg==<\/script><\/div><\/div>\n<p style=\"text-align: justify;\">\u00c9mission Zoom ! (TVCOGECO) Internation&rsquo;ART, 5\u00e8me \u00e9dition &#8211; Biblioth\u00e8que Georges-Henri-L\u00e9vesque, 829 boul. Saint-Joseph, Roberval (Qu\u00e9bec-Canada) &#8211; 15 artistes en exposition &#8211; Entrevue: Caroline Fortin &#8211; Montage: Luc Dassylva<\/p>\n<div class=\"BorlabsCookie\"><div class=\"_brlbs-content-blocker\"> <div class=\"_brlbs-embed _brlbs-video-vimeo\"> <img class=\"_brlbs-thumbnail\" src=\"https:\/\/artzoomconnection.com\/gabriell\/wp-content\/plugins\/borlabs-cookie\/assets\/images\/cb-no-thumbnail.png\" alt=\"Vimeo\"> <div class=\"_brlbs-caption\"> <p>En chargeant cette vid\u00e9o, vous acceptez la politique de confidentialit\u00e9 de Vimeo.<br><a href=\"https:\/\/vimeo.com\/privacy\" target=\"_blank\" rel=\"nofollow noopener noreferrer\">En savoir plus<\/a><\/p> <p><a class=\"_brlbs-btn _brlbs-icon-play-white\" href=\"#\" data-borlabs-cookie-unblock role=\"button\">Charger la vid\u00e9o<\/a><\/p> <p><label><input type=\"checkbox\" name=\"unblockAll\" value=\"1\" checked> <small>Toujours autoriser Vimeo<\/small><\/label><\/p> <\/div> <\/div> <\/div><div class=\"borlabs-hide\" data-borlabs-cookie-type=\"content-blocker\" data-borlabs-cookie-id=\"vimeo\"><script type=\"text\/template\">PHA+PGlmcmFtZSBzcmM9Imh0dHBzOi8vcGxheWVyLnZpbWVvLmNvbS92aWRlby8xMjQwMDEwNTk\/Y29sb3I9ZmY5OTAwJmFtcDt0aXRsZT0wJmFtcDtieWxpbmU9MCZhbXA7cG9ydHJhaXQ9MCIgd2lkdGg9IjQ1MCIgaGVpZ2h0PSIyNTMiIGZyYW1lYm9yZGVyPSIwIiBhbGxvd2Z1bGxzY3JlZW49ImFsbG93ZnVsbHNjcmVlbiI+PC9pZnJhbWU+PC9wPg==<\/script><\/div><\/div>\n<p style=\"text-align: justify;\">Du 7 avril au 3 juin 2015: Internation&rsquo;ART, 5\u00e8me \u00e9dition &#8211; Biblioth\u00e8que Georges-Henri-L\u00e9vesque, 829 boul. Saint-Joseph, Roberval (Qu\u00e9bec-Canada) &#8211; 15 artistes en exposition &#8211; Diffusion internationale le 2 avril 2015 &#8211; libre de diffusion sur Internet &#8211; r\u00e9alisation et montage: Art Total Multim\u00e9dia<\/p>\n<\/div><\/div><style type=\"text\/css\">.fusion-body .fusion-builder-column-1{width:50% !important;margin-top : 0px;margin-bottom : 0px;}.fusion-builder-column-1 > .fusion-column-wrapper {padding-top : 0px !important;padding-right : 0px !important;margin-right : 3.84%;padding-bottom : 0px !important;padding-left : 0px !important;margin-left : 3.84%;}@media only screen and (max-width:1024px) {.fusion-body .fusion-builder-column-1{width:100% !important;}.fusion-builder-column-1 > .fusion-column-wrapper {margin-right : 1.92%;margin-left : 1.92%;}}@media only screen and (max-width:640px) {.fusion-body .fusion-builder-column-1{width:100% !important;}.fusion-builder-column-1 > .fusion-column-wrapper {margin-right : 1.92%;margin-left : 1.92%;}}<\/style><\/div><div class=\"fusion-layout-column fusion_builder_column fusion-builder-column-2 fusion_builder_column_1_2 1_2 fusion-flex-column\"><div class=\"fusion-column-wrapper fusion-flex-justify-content-flex-start fusion-content-layout-column\" style=\"background-position:left top;background-repeat:no-repeat;-webkit-background-size:cover;-moz-background-size:cover;-o-background-size:cover;background-size:cover;padding: 0px 0px 0px 0px;\"><div class=\"fusion-text fusion-text-2\"><p style=\"text-align: center;\"><div class=\"BorlabsCookie\"><div class=\"_brlbs-content-blocker\"> <div class=\"_brlbs-embed _brlbs-video-vimeo\"> <img class=\"_brlbs-thumbnail\" src=\"https:\/\/artzoomconnection.com\/gabriell\/wp-content\/plugins\/borlabs-cookie\/assets\/images\/cb-no-thumbnail.png\" alt=\"Vimeo\"> <div class=\"_brlbs-caption\"> <p>En chargeant cette vid\u00e9o, vous acceptez la politique de confidentialit\u00e9 de Vimeo.<br><a href=\"https:\/\/vimeo.com\/privacy\" target=\"_blank\" rel=\"nofollow noopener noreferrer\">En savoir plus<\/a><\/p> <p><a class=\"_brlbs-btn _brlbs-icon-play-white\" href=\"#\" data-borlabs-cookie-unblock role=\"button\">Charger la vid\u00e9o<\/a><\/p> <p><label><input type=\"checkbox\" name=\"unblockAll\" value=\"1\" checked> <small>Toujours autoriser Vimeo<\/small><\/label><\/p> <\/div> <\/div> <\/div><div class=\"borlabs-hide\" data-borlabs-cookie-type=\"content-blocker\" data-borlabs-cookie-id=\"vimeo\"><script type=\"text\/template\">PGlmcmFtZSBzcmM9Imh0dHBzOi8vcGxheWVyLnZpbWVvLmNvbS92aWRlby8xMjI1NzA1NzM\/Y29sb3I9ZmY5OTAwJmFtcDt0aXRsZT0wJmFtcDtieWxpbmU9MCZhbXA7cG9ydHJhaXQ9MCIgd2lkdGg9IjQ1MCIgaGVpZ2h0PSIyNTMiIGZyYW1lYm9yZGVyPSIwIiBhbGxvd2Z1bGxzY3JlZW49ImFsbG93ZnVsbHNjcmVlbiI+PC9pZnJhbWU+PC9wPg==<\/script><\/div><\/div>\n<p style=\"text-align: justify;\">Du 17 au 22 mars 2015: La Grande Exposition Internationale d&rsquo;ArtZoom, 8\u00e8me \u00e9dition &#8211; L&rsquo;Espace contemporain galerie d&rsquo;art, 313 rue Saint-Jean, Qu\u00e9bec (Canada) &#8211; 16 artistes en exposition &#8211; Diffusion internationale le 17 mars 2015 &#8211; libre de diffusion sur Internet &#8211; r\u00e9alisation et montage: Art Total Multim\u00e9dia<\/p>\n<p style=\"text-align: center;\"><div class=\"BorlabsCookie\"><div class=\"_brlbs-content-blocker\"> <div class=\"_brlbs-embed _brlbs-video-vimeo\"> <img class=\"_brlbs-thumbnail\" src=\"https:\/\/artzoomconnection.com\/gabriell\/wp-content\/plugins\/borlabs-cookie\/assets\/images\/cb-no-thumbnail.png\" alt=\"Vimeo\"> <div class=\"_brlbs-caption\"> <p>En chargeant cette vid\u00e9o, vous acceptez la politique de confidentialit\u00e9 de Vimeo.<br><a href=\"https:\/\/vimeo.com\/privacy\" target=\"_blank\" rel=\"nofollow noopener noreferrer\">En savoir plus<\/a><\/p> <p><a class=\"_brlbs-btn _brlbs-icon-play-white\" href=\"#\" data-borlabs-cookie-unblock role=\"button\">Charger la vid\u00e9o<\/a><\/p> <p><label><input type=\"checkbox\" name=\"unblockAll\" value=\"1\" checked> <small>Toujours autoriser Vimeo<\/small><\/label><\/p> <\/div> <\/div> <\/div><div class=\"borlabs-hide\" data-borlabs-cookie-type=\"content-blocker\" data-borlabs-cookie-id=\"vimeo\"><script type=\"text\/template\">PGlmcmFtZSBzcmM9Ii8vcGxheWVyLnZpbWVvLmNvbS92aWRlby85ODg3MTYwNz90aXRsZT0wJmFtcDtieWxpbmU9MCZhbXA7cG9ydHJhaXQ9MCZhbXA7Y29sb3I9ZmY5OTAwIiB3aWR0aD0iNDUwIiBoZWlnaHQ9IjI1MyIgZnJhbWVib3JkZXI9IjAiIGFsbG93ZnVsbHNjcmVlbj0iYWxsb3dmdWxsc2NyZWVuIj48L2lmcmFtZT48L3A+<\/script><\/div><\/div>\n<p style=\"text-align: justify;\">Entrevue de Gabriell par HeleneCaroline Fournier lors du Symposium Visit&rsquo;arts-Qu\u00e9bec 2014 \u00e0 Qu\u00e9bec (Canada)<\/p>\n<p style=\"text-align: center;\"><div class=\"BorlabsCookie\"><div class=\"_brlbs-content-blocker\"> <div class=\"_brlbs-embed _brlbs-video-vimeo\"> <img class=\"_brlbs-thumbnail\" src=\"https:\/\/artzoomconnection.com\/gabriell\/wp-content\/plugins\/borlabs-cookie\/assets\/images\/cb-no-thumbnail.png\" alt=\"Vimeo\"> <div class=\"_brlbs-caption\"> <p>En chargeant cette vid\u00e9o, vous acceptez la politique de confidentialit\u00e9 de Vimeo.<br><a href=\"https:\/\/vimeo.com\/privacy\" target=\"_blank\" rel=\"nofollow noopener noreferrer\">En savoir plus<\/a><\/p> <p><a class=\"_brlbs-btn _brlbs-icon-play-white\" href=\"#\" data-borlabs-cookie-unblock role=\"button\">Charger la vid\u00e9o<\/a><\/p> <p><label><input type=\"checkbox\" name=\"unblockAll\" value=\"1\" checked> <small>Toujours autoriser Vimeo<\/small><\/label><\/p> <\/div> <\/div> <\/div><div class=\"borlabs-hide\" data-borlabs-cookie-type=\"content-blocker\" data-borlabs-cookie-id=\"vimeo\"><script type=\"text\/template\">PGlmcmFtZSBzcmM9Ii8vcGxheWVyLnZpbWVvLmNvbS92aWRlby84NzMyNjQ4Mj90aXRsZT0wJmFtcDtieWxpbmU9MCZhbXA7cG9ydHJhaXQ9MCZhbXA7Y29sb3I9ZmY5OTAwIiB3aWR0aD0iNDUwIiBoZWlnaHQ9IjI1MyIgZnJhbWVib3JkZXI9IjAiIGFsbG93ZnVsbHNjcmVlbj0iYWxsb3dmdWxsc2NyZWVuIj48L2lmcmFtZT48L3A+<\/script><\/div><\/div>\n<p style=\"text-align: justify;\">Du 2 avril au 4 juin 2014: La 4e \u00e9dition de L\u2019Internation\u2019ART est pr\u00e9sent\u00e9e \u00e0 la Biblioth\u00e8que Georges-Henri-L\u00e9vesque, situ\u00e9e au 829 boul. Saint-Joseph \u00e0 Roberval (Canada) \u2013 Une exposition collective internationale de 17 artistes de 3 continents diff\u00e9rents &#8211; organis\u00e9e conjointement par Art Total Multim\u00e9dia et la Ville de Roberval, en partenariat avec le Salon du Livre du Saguenay-Lac-St-Jean. Le vernissage: le 4 avril d\u00e8s 17h en pr\u00e9sence de certains artistes et de l\u2019auteure, conf\u00e9renci\u00e8re invit\u00e9e Pascale Wilhelmy.<\/p>\n<\/div><\/div><style type=\"text\/css\">.fusion-body .fusion-builder-column-2{width:50% !important;margin-top : 0px;margin-bottom : 0px;}.fusion-builder-column-2 > .fusion-column-wrapper {padding-top : 0px !important;padding-right : 0px !important;margin-right : 3.84%;padding-bottom : 0px !important;padding-left : 0px !important;margin-left : 3.84%;}@media only screen and (max-width:1024px) {.fusion-body .fusion-builder-column-2{width:100% !important;}.fusion-builder-column-2 > .fusion-column-wrapper {margin-right : 1.92%;margin-left : 1.92%;}}@media only screen and (max-width:640px) {.fusion-body .fusion-builder-column-2{width:100% !important;}.fusion-builder-column-2 > .fusion-column-wrapper {margin-right : 1.92%;margin-left : 1.92%;}}<\/style><\/div><\/div><style type=\"text\/css\">.fusion-body .fusion-flex-container.fusion-builder-row-1{ padding-top : 0px;margin-top : 0px;padding-right : 0px;padding-bottom : 0px;margin-bottom : 0px;padding-left : 0px;}<\/style><\/div>\n","protected":false},"excerpt":{"rendered":"","protected":false},"author":1,"featured_media":0,"parent":1687,"menu_order":4,"comment_status":"closed","ping_status":"closed","template":"","meta":[],"_links":{"self":[{"href":"https:\/\/artzoomconnection.com\/gabriell\/wp-json\/wp\/v2\/pages\/43"}],"collection":[{"href":"https:\/\/artzoomconnection.com\/gabriell\/wp-json\/wp\/v2\/pages"}],"about":[{"href":"https:\/\/artzoomconnection.com\/gabriell\/wp-json\/wp\/v2\/types\/page"}],"author":[{"embeddable":true,"href":"https:\/\/artzoomconnection.com\/gabriell\/wp-json\/wp\/v2\/users\/1"}],"replies":[{"embeddable":true,"href":"https:\/\/artzoomconnection.com\/gabriell\/wp-json\/wp\/v2\/comments?post=43"}],"version-history":[{"count":39,"href":"https:\/\/artzoomconnection.com\/gabriell\/wp-json\/wp\/v2\/pages\/43\/revisions"}],"predecessor-version":[{"id":2752,"href":"https:\/\/artzoomconnection.com\/gabriell\/wp-json\/wp\/v2\/pages\/43\/revisions\/2752"}],"up":[{"embeddable":true,"href":"https:\/\/artzoomconnection.com\/gabriell\/wp-json\/wp\/v2\/pages\/1687"}],"wp:attachment":[{"href":"https:\/\/artzoomconnection.com\/gabriell\/wp-json\/wp\/v2\/media?parent=43"}],"curies":[{"name":"wp","href":"https:\/\/api.w.org\/{rel}","templated":true}]}}