
{"id":3166,"date":"2022-12-12T03:06:38","date_gmt":"2022-12-12T07:06:38","guid":{"rendered":"https:\/\/artzoomconnection.com\/ginetteash\/?page_id=3166"},"modified":"2022-12-12T03:06:38","modified_gmt":"2022-12-12T07:06:38","slug":"ginette-ash-couleurs-et-diversite","status":"publish","type":"page","link":"https:\/\/artzoomconnection.com\/ginetteash\/expositions\/ginette-ash-couleurs-et-diversite\/","title":{"rendered":"GINETTE ASH. COULEURS ET DIVERSIT\u00c9"},"content":{"rendered":"<div class=\"fusion-fullwidth fullwidth-box fusion-builder-row-1 fusion-flex-container has-pattern-background has-mask-background nonhundred-percent-fullwidth non-hundred-percent-height-scrolling\" style=\"background-color: rgba(255,255,255,0);background-position: center center;background-repeat: no-repeat;border-width: 0px 0px 0px 0px;border-color:#eae9e9;border-style:solid;\" ><div class=\"fusion-builder-row fusion-row fusion-flex-align-items-flex-start\" style=\"max-width:1144px;margin-left: calc(-4% \/ 2 );margin-right: calc(-4% \/ 2 );\"><div class=\"fusion-layout-column fusion_builder_column fusion-builder-column-0 fusion_builder_column_1_1 1_1 fusion-flex-column\"><div class=\"fusion-column-wrapper fusion-flex-justify-content-flex-start fusion-content-layout-column\" style=\"background-position:left top;background-repeat:no-repeat;-webkit-background-size:cover;-moz-background-size:cover;-o-background-size:cover;background-size:cover;padding: 0px 0px 0px 0px;\"><div class=\"fusion-text fusion-text-1\"><p><script src=\"https:\/\/static.kuula.io\/embed.js\" data-kuula=\"https:\/\/kuula.co\/share\/collection\/7kKH8?logo=-1&#038;info=0&#038;fs=1&#038;vr=1&#038;sd=1&#038;initload=0&#038;thumbs=1&#038;inst=0\" data-width=\"100%\" data-height=\"640px\"><\/script><\/p>\n<p>GINETTE ASH. COULEURS ET DIVERSIT\u00c9<br \/>\npr\u00e9sent\u00e9e du 1er septembre 2021 au 28 f\u00e9vrier 2022<br \/>\nMus\u00e9e d\u2019art contemporain VR 3D (MACVR3D)<br \/>\nvisible sur Internet et dans un casque de r\u00e9alit\u00e9 virtuelle<\/p>\n<\/div><\/div><style type=\"text\/css\">.fusion-body .fusion-builder-column-0{width:100% !important;margin-top : 0px;margin-bottom : 20px;}.fusion-builder-column-0 > .fusion-column-wrapper {padding-top : 0px !important;padding-right : 0px !important;margin-right : 1.92%;padding-bottom : 0px !important;padding-left : 0px !important;margin-left : 1.92%;}@media only screen and (max-width:1024px) {.fusion-body .fusion-builder-column-0{width:100% !important;order : 0;}.fusion-builder-column-0 > .fusion-column-wrapper {margin-right : 1.92%;margin-left : 1.92%;}}@media only screen and (max-width:640px) {.fusion-body .fusion-builder-column-0{width:100% !important;order : 0;}.fusion-builder-column-0 > .fusion-column-wrapper {margin-right : 1.92%;margin-left : 1.92%;}}<\/style><\/div><\/div><style type=\"text\/css\">.fusion-body .fusion-flex-container.fusion-builder-row-1{ padding-top : 0px;margin-top : 0px;padding-right : 0px;padding-bottom : 0px;margin-bottom : 0px;padding-left : 0px;}<\/style><\/div>\n","protected":false},"excerpt":{"rendered":"","protected":false},"author":1,"featured_media":0,"parent":1644,"menu_order":0,"comment_status":"closed","ping_status":"closed","template":"","meta":[],"_links":{"self":[{"href":"https:\/\/artzoomconnection.com\/ginetteash\/wp-json\/wp\/v2\/pages\/3166"}],"collection":[{"href":"https:\/\/artzoomconnection.com\/ginetteash\/wp-json\/wp\/v2\/pages"}],"about":[{"href":"https:\/\/artzoomconnection.com\/ginetteash\/wp-json\/wp\/v2\/types\/page"}],"author":[{"embeddable":true,"href":"https:\/\/artzoomconnection.com\/ginetteash\/wp-json\/wp\/v2\/users\/1"}],"replies":[{"embeddable":true,"href":"https:\/\/artzoomconnection.com\/ginetteash\/wp-json\/wp\/v2\/comments?post=3166"}],"version-history":[{"count":1,"href":"https:\/\/artzoomconnection.com\/ginetteash\/wp-json\/wp\/v2\/pages\/3166\/revisions"}],"predecessor-version":[{"id":3167,"href":"https:\/\/artzoomconnection.com\/ginetteash\/wp-json\/wp\/v2\/pages\/3166\/revisions\/3167"}],"up":[{"embeddable":true,"href":"https:\/\/artzoomconnection.com\/ginetteash\/wp-json\/wp\/v2\/pages\/1644"}],"wp:attachment":[{"href":"https:\/\/artzoomconnection.com\/ginetteash\/wp-json\/wp\/v2\/media?parent=3166"}],"curies":[{"name":"wp","href":"https:\/\/api.w.org\/{rel}","templated":true}]}}