
{"id":3453,"date":"2026-03-08T15:23:52","date_gmt":"2026-03-08T19:23:52","guid":{"rendered":"https:\/\/artzoomconnection.com\/ginetteash\/?page_id=3453"},"modified":"2026-03-08T15:39:41","modified_gmt":"2026-03-08T19:39:41","slug":"oeuvre-expliquee-le-papillon","status":"publish","type":"page","link":"https:\/\/artzoomconnection.com\/ginetteash\/oeuvre-expliquee-le-papillon\/","title":{"rendered":"LE PAPILLON SE R\u00c9JOUIT DEVANT CETTE BELLE NATURE"},"content":{"rendered":"<div class=\"fusion-fullwidth fullwidth-box fusion-builder-row-1 fusion-flex-container has-pattern-background has-mask-background nonhundred-percent-fullwidth non-hundred-percent-height-scrolling\" style=\"background-color: rgba(255,255,255,0);background-position: center center;background-repeat: no-repeat;border-width: 0px 0px 0px 0px;border-color:#eae9e9;border-style:solid;\" ><div class=\"fusion-builder-row fusion-row fusion-flex-align-items-flex-start\" style=\"max-width:1144px;margin-left: calc(-4% \/ 2 );margin-right: calc(-4% \/ 2 );\"><div class=\"fusion-layout-column fusion_builder_column fusion-builder-column-0 fusion_builder_column_1_3 1_3 fusion-flex-column\"><div class=\"fusion-column-wrapper fusion-flex-justify-content-flex-start fusion-content-layout-column\" style=\"background-position:left top;background-repeat:no-repeat;-webkit-background-size:cover;-moz-background-size:cover;-o-background-size:cover;background-size:cover;padding: 0px 0px 0px 0px;\"><div class=\"fusion-text fusion-text-1\"><h2><strong>OEUVRE EXPLIQU\u00c9E PAR L\u2019HERM\u00c9NEUTIQUE DE L\u2019ART<\/strong><\/h2>\n<\/div><div class=\"fusion-text fusion-text-2\"><p><em>par HeleneCaroline Fournier, experte en art et th\u00e9oricienne de l&rsquo;art,<br \/>\nr\u00e9dactrice sp\u00e9cialis\u00e9e, critique, journaliste ind\u00e9pendante<\/em><\/p>\n<\/div><\/div><style type=\"text\/css\">.fusion-body .fusion-builder-column-0{width:33.333333333333% !important;margin-top : 0px;margin-bottom : 20px;}.fusion-builder-column-0 > .fusion-column-wrapper {padding-top : 0px !important;padding-right : 0px !important;margin-right : 5.76%;padding-bottom : 0px !important;padding-left : 0px !important;margin-left : 5.76%;}@media only screen and (max-width:1024px) {.fusion-body .fusion-builder-column-0{width:33.333333333333% !important;order : 0;}.fusion-builder-column-0 > .fusion-column-wrapper {margin-right : 5.76%;margin-left : 5.76%;}}@media only screen and (max-width:640px) {.fusion-body .fusion-builder-column-0{width:100% !important;order : 0;}.fusion-builder-column-0 > .fusion-column-wrapper {margin-right : 1.92%;margin-left : 1.92%;}}<\/style><\/div><div class=\"fusion-layout-column fusion_builder_column fusion-builder-column-1 fusion_builder_column_2_3 2_3 fusion-flex-column\"><div class=\"fusion-column-wrapper fusion-flex-justify-content-flex-start fusion-content-layout-column\" style=\"background-position:left top;background-repeat:no-repeat;-webkit-background-size:cover;-moz-background-size:cover;-o-background-size:cover;background-size:cover;padding: 0px 0px 0px 0px;\"><div class=\"fusion-text fusion-text-3\"><p><img decoding=\"async\" class=\"size-full wp-image-3430\" src=\"https:\/\/artzoomconnection.com\/ginetteash\/wp-content\/uploads\/IMG_8328.jpeg\" alt=\"\" width=\"1280\" height=\"1280\" srcset=\"https:\/\/artzoomconnection.com\/ginetteash\/wp-content\/uploads\/IMG_8328-66x66.jpeg 66w, https:\/\/artzoomconnection.com\/ginetteash\/wp-content\/uploads\/IMG_8328-150x150.jpeg 150w, https:\/\/artzoomconnection.com\/ginetteash\/wp-content\/uploads\/IMG_8328-200x200.jpeg 200w, https:\/\/artzoomconnection.com\/ginetteash\/wp-content\/uploads\/IMG_8328-300x300.jpeg 300w, https:\/\/artzoomconnection.com\/ginetteash\/wp-content\/uploads\/IMG_8328-400x400.jpeg 400w, https:\/\/artzoomconnection.com\/ginetteash\/wp-content\/uploads\/IMG_8328-500x500.jpeg 500w, https:\/\/artzoomconnection.com\/ginetteash\/wp-content\/uploads\/IMG_8328-600x600.jpeg 600w, https:\/\/artzoomconnection.com\/ginetteash\/wp-content\/uploads\/IMG_8328-700x700.jpeg 700w, https:\/\/artzoomconnection.com\/ginetteash\/wp-content\/uploads\/IMG_8328-768x768.jpeg 768w, https:\/\/artzoomconnection.com\/ginetteash\/wp-content\/uploads\/IMG_8328-800x800.jpeg 800w, https:\/\/artzoomconnection.com\/ginetteash\/wp-content\/uploads\/IMG_8328-1024x1024.jpeg 1024w, https:\/\/artzoomconnection.com\/ginetteash\/wp-content\/uploads\/IMG_8328-1200x1200.jpeg 1200w, https:\/\/artzoomconnection.com\/ginetteash\/wp-content\/uploads\/IMG_8328.jpeg 1280w\" sizes=\"(max-width: 1280px) 100vw, 1280px\" \/><\/p>\n<p style=\"text-align: justify;\"><em>Le papillon se r\u00e9jouit devant cette belle nature<\/em> est une technique mixte de 16 x 16 pouces (40 x 40 cm) de l\u2019artiste Ginette Ash.<\/p>\n<p style=\"text-align: justify;\">R\u00e9alis\u00e9e en 2025 pour une exposition th\u00e9matique portant sur les reflets lumineux, cette \u0153uvre pr\u00e9sente un papillon aux couleurs vives, captur\u00e9 en plein vol au-dessus d\u2019un plan d\u2019eau. Les ailes du papillon sont saisissantes, orn\u00e9es de riches teintes d\u2019orange, de jaune et de bleu, soulign\u00e9es de noir pour mettre en valeur leurs motifs complexes.<\/p>\n<p style=\"text-align: justify;\">La surface de l\u2019eau en-dessous refl\u00e8te un motif captivant de cercles concentriques dans des nuances de rouge, de bleu et de violet, sugg\u00e9rant l\u2019effet d\u2019ondulation provoqu\u00e9 par le toucher d\u00e9licat du papillon. Autour de l\u2019eau, des fleurs roses aux p\u00e9tales et tiges d\u00e9taill\u00e9s ancrent la composition avec des \u00e9l\u00e9ments naturels. L\u2019arri\u00e8re-plan comprend des arbres verts luxuriants et un ciel dor\u00e9 \u00e0 la feuille d\u2019or 24k, mettant en lumi\u00e8re ce papillon-roi comme point central de la composition, tout en offrant un cadre forestier serein.<\/p>\n<p style=\"text-align: justify;\">La palette de couleurs vivantes, vibrantes, et le souci du d\u00e9tail insufflent \u00e0 cette \u0153uvre une grande vitalit\u00e9. Le papillon repr\u00e9sente la l\u00e9g\u00e8ret\u00e9 et l\u2019inconstance. C\u2019est un embl\u00e8me f\u00e9minin. Son symbolisme touche \u00e0 ses m\u00e9tamorphoses, \u00e0 sa potentialit\u00e9 de l\u2019\u00eatre. De chenille \u00e0 papillon, le sujet repr\u00e9sent\u00e9 est avant tout l\u2019\u00e9closion triomphante du changement d\u2019un \u00e9tat. Dans certaines traditions anciennes, il repr\u00e9sente l\u2019\u00e2me, notamment des d\u00e9funts qui apparaissent sous la forme d\u2019un papillon de nuit.<\/p>\n<p style=\"text-align: justify;\">Le m\u00e9lange d\u2019\u00e9l\u00e9ments r\u00e9alistes et stylis\u00e9s, notamment dans la fa\u00e7on dont l\u2019effet d\u2019ondulation est rendu par des motifs concentriques audacieux, r\u00e9v\u00e8le une approche cr\u00e9ative qui capture \u00e0 la fois la d\u00e9licatesse et la puissance de la nature et du papillon, insecte tr\u00e8s appr\u00e9ci\u00e9 de l\u2019artiste. Le contraste entre les couleurs intenses du papillon et les tons plus doux des fleurs et du feuillage cr\u00e9e un \u00e9quilibre harmonieux, attirant naturellement le regard vers cette figure centrale. L\u2019utilisation des contours d\u00e9finit non seulement les formes mais ajoute \u00e9galement une qualit\u00e9 graphique qui renforce l\u2019impact visuel.<\/p>\n<p style=\"text-align: justify;\">Sous la vo\u00fbte c\u00e9leste, un paysage s\u2019est d\u00e9ploy\u00e9 en couleurs, \u00e0 l\u2019image des ailes de la cr\u00e9ature color\u00e9e. Si l\u2019artiste souhaitait pr\u00e9senter un papillon de nuit, les couleurs sont rest\u00e9es malgr\u00e9 tout tr\u00e8s vives donnant l\u2019illusion d\u2019un jour. On y voit cependant quelques indications du ciel nocturne par ce bleu nuit qu\u2019on peut apercevoir dans les reflets de l\u2019eau et \u00e0 travers les branches des arbres.<\/p>\n<p style=\"text-align: justify;\">Cette peinture de 16 x 16 pouces (40 x 40 cm) \u00e9voque avec succ\u00e8s un carr\u00e9 d\u2019\u00e9merveillement et de dynamisme, c\u00e9l\u00e9brant la beaut\u00e9 \u00e9ph\u00e9m\u00e8re de la nature. Ginette Ash, artiste coloriste, a toujours enrichit ses cr\u00e9ations avec des couleurs vives, \u00e0 l\u2019image de sa personnalit\u00e9 fonci\u00e8rement optimiste. Les effets de texture, tels que les lignes \u00e9paisses, les ombrages subtils et les modelage d\u2019\u00e9l\u00e9ments en p\u00e2te, notamment du corps du papillon, contribuent \u00e0 ajouter une dimension suppl\u00e9mentaire, invitant le spectateur \u00e0 s\u2019engager plus \u00e9toilement dans la contemplation d\u2019une \u0153uvre en relief qui fusionne la peinture traditionnelle avec des mat\u00e9riaux tangibles pour cr\u00e9er du volume et de la profondeur.<\/p>\n<p style=\"text-align: justify;\">La ma\u00eetrise confiante de l\u2019artiste en mati\u00e8re de tonalit\u00e9 et de composition brille ici, encourageant l\u2019exploration continue de la mani\u00e8re dont les formes naturelles peuvent \u00eatre c\u00e9l\u00e9br\u00e9es \u00e0 travers le chatoiement des teintes franches, tr\u00e8s expressives. Sa vision de l\u2019art insuffle la vie \u00e0 chaque nouvelle \u0153uvre. <em>Le papillon se r\u00e9jouit devant cette belle nature<\/em> met en valeur un talent pour marier r\u00e9alisme et expression imaginative qui invite le public \u00e0 un voyage visuel captivant, repoussant les limites de l\u2019espace pictural dans lequel on voit le sujet d\u00e9ployer ses ailes avec vigueur et style.<\/p>\n<\/div><\/div><style type=\"text\/css\">.fusion-body .fusion-builder-column-1{width:66.666666666667% !important;margin-top : 0px;margin-bottom : 20px;}.fusion-builder-column-1 > .fusion-column-wrapper {padding-top : 0px !important;padding-right : 0px !important;margin-right : 2.88%;padding-bottom : 0px !important;padding-left : 0px !important;margin-left : 2.88%;}@media only screen and (max-width:1024px) {.fusion-body .fusion-builder-column-1{width:66.666666666667% !important;order : 0;}.fusion-builder-column-1 > .fusion-column-wrapper {margin-right : 2.88%;margin-left : 2.88%;}}@media only screen and (max-width:640px) {.fusion-body .fusion-builder-column-1{width:100% !important;order : 0;}.fusion-builder-column-1 > .fusion-column-wrapper {margin-right : 1.92%;margin-left : 1.92%;}}<\/style><\/div><\/div><style type=\"text\/css\">.fusion-body .fusion-flex-container.fusion-builder-row-1{ padding-top : 0px;margin-top : 0px;padding-right : 0px;padding-bottom : 0px;margin-bottom : 0px;padding-left : 0px;}<\/style><\/div>\n","protected":false},"excerpt":{"rendered":"","protected":false},"author":1,"featured_media":0,"parent":0,"menu_order":0,"comment_status":"closed","ping_status":"closed","template":"","meta":[],"_links":{"self":[{"href":"https:\/\/artzoomconnection.com\/ginetteash\/wp-json\/wp\/v2\/pages\/3453"}],"collection":[{"href":"https:\/\/artzoomconnection.com\/ginetteash\/wp-json\/wp\/v2\/pages"}],"about":[{"href":"https:\/\/artzoomconnection.com\/ginetteash\/wp-json\/wp\/v2\/types\/page"}],"author":[{"embeddable":true,"href":"https:\/\/artzoomconnection.com\/ginetteash\/wp-json\/wp\/v2\/users\/1"}],"replies":[{"embeddable":true,"href":"https:\/\/artzoomconnection.com\/ginetteash\/wp-json\/wp\/v2\/comments?post=3453"}],"version-history":[{"count":5,"href":"https:\/\/artzoomconnection.com\/ginetteash\/wp-json\/wp\/v2\/pages\/3453\/revisions"}],"predecessor-version":[{"id":3461,"href":"https:\/\/artzoomconnection.com\/ginetteash\/wp-json\/wp\/v2\/pages\/3453\/revisions\/3461"}],"wp:attachment":[{"href":"https:\/\/artzoomconnection.com\/ginetteash\/wp-json\/wp\/v2\/media?parent=3453"}],"curies":[{"name":"wp","href":"https:\/\/api.w.org\/{rel}","templated":true}]}}