
{"id":37,"date":"2009-11-16T23:48:26","date_gmt":"2009-11-17T04:48:26","guid":{"rendered":"http:\/\/www.artzoom.org\/members\/wordpress\/?page_id=37"},"modified":"2025-03-07T17:14:13","modified_gmt":"2025-03-07T21:14:13","slug":"cote","status":"publish","type":"page","link":"https:\/\/artzoomconnection.com\/ginetteash\/cote\/","title":{"rendered":"COTE"},"content":{"rendered":"<div class=\"fusion-fullwidth fullwidth-box fusion-builder-row-1 fusion-flex-container has-pattern-background has-mask-background nonhundred-percent-fullwidth non-hundred-percent-height-scrolling\" style=\"background-color: rgba(255,255,255,0);background-position: center center;background-repeat: no-repeat;border-width: 0px 0px 0px 0px;border-color:#eae9e9;border-style:solid;\" ><div class=\"fusion-builder-row fusion-row fusion-flex-align-items-flex-start\" style=\"max-width:1144px;margin-left: calc(-4% \/ 2 );margin-right: calc(-4% \/ 2 );\"><div class=\"fusion-layout-column fusion_builder_column fusion-builder-column-0 fusion_builder_column_1_3 1_3 fusion-flex-column\"><div class=\"fusion-column-wrapper fusion-flex-justify-content-flex-start fusion-content-layout-column\" style=\"background-position:left top;background-repeat:no-repeat;-webkit-background-size:cover;-moz-background-size:cover;-o-background-size:cover;background-size:cover;padding: 0px 0px 0px 0px;\"><div class=\"fusion-text fusion-text-1\"><p><img decoding=\"async\" class=\"aligncenter size-full wp-image-2725\" src=\"http:\/\/artzoomconnection.com\/ginetteash\/wp-content\/uploads\/artiste_expertise.png\" alt=\"\" width=\"177\" height=\"177\" srcset=\"https:\/\/artzoomconnection.com\/ginetteash\/wp-content\/uploads\/artiste_expertise-150x150.png 150w, https:\/\/artzoomconnection.com\/ginetteash\/wp-content\/uploads\/artiste_expertise.png 177w\" sizes=\"(max-width: 177px) 100vw, 177px\" \/><\/p>\n<h4>SA VALEUR SUR LE MARCH\u00c9 DE L&rsquo;ART<\/h4>\n<h5>2024<\/h5>\n<p><strong>Acrylique, huile et techniques mixtes sur toile<\/strong><\/p>\n<p><strong>Oeuvres de formats standard<\/strong><\/p>\n<p><strong>Petits formats<\/strong><\/p>\n<p>3 x 4 pouces, 4 x 6 pouces, 5 x 7 pouces, 8 x 8 pouces = prix plancher 195 $ ou l&rsquo;\u00e9quivalent en euro<\/p>\n<p><strong>Formats standards<\/strong><\/p>\n<p>12 x 12 pouces (30 x 30 cm) = 432 $<br \/>\n8 x 24 pouces (20 x 60 cm) = 576 $<br \/>\n10 x 20 pouces (25 x 50 cm) = 600 $<br \/>\n16 x 16 pouces (40 x 40 cm) = 768 $<br \/>\n16 x 20 pouces (40 x 50 cm) = 960 $<br \/>\n20 x 20 pouces (50 x 50 cm) = 1200 $<br \/>\n15 x 30 pouces (37,5 x 75 cm) = 1350 $<br \/>\n30 x 30 pouces (75 x 75 cm) = 2700 $<br \/>\nPrix plafond \u00e0 partir de 30 x 36 pouces (75 cm x 90 cm) = 3240 $<\/p>\n<p>(le prix varie selon la complexit\u00e9 du sujet)<\/p>\n<p><strong>La cote est un indicatif du prix en galerie pour une oeuvre. Le prix peut donc varier l\u00e9g\u00e8rement d&rsquo;une galerie \u00e0 l&rsquo;autre.<\/strong><\/p>\n<p><em>Derni\u00e8re mise \u00e0 jour de la cote: le 9 d\u00e9cembre 2022<\/em><\/p>\n<\/div><\/div><style type=\"text\/css\">.fusion-body .fusion-builder-column-0{width:33.333333333333% !important;margin-top : 0px;margin-bottom : 20px;}.fusion-builder-column-0 > .fusion-column-wrapper {padding-top : 0px !important;padding-right : 0px !important;margin-right : 5.76%;padding-bottom : 0px !important;padding-left : 0px !important;margin-left : 5.76%;}@media only screen and (max-width:1024px) {.fusion-body .fusion-builder-column-0{width:33.333333333333% !important;order : 0;}.fusion-builder-column-0 > .fusion-column-wrapper {margin-right : 5.76%;margin-left : 5.76%;}}@media only screen and (max-width:640px) {.fusion-body .fusion-builder-column-0{width:100% !important;order : 0;}.fusion-builder-column-0 > .fusion-column-wrapper {margin-right : 1.92%;margin-left : 1.92%;}}<\/style><\/div><div class=\"fusion-layout-column fusion_builder_column fusion-builder-column-1 fusion_builder_column_2_3 2_3 fusion-flex-column\"><div class=\"fusion-column-wrapper fusion-flex-justify-content-flex-start fusion-content-layout-column\" style=\"background-position:left top;background-repeat:no-repeat;-webkit-background-size:cover;-moz-background-size:cover;-o-background-size:cover;background-size:cover;padding: 0px 0px 0px 0px;\"><div class=\"fusion-text fusion-text-2\"><h4>GUIDES DE COTATION<\/h4>\n<p>&#8211; R\u00e9-expertise professionnelle par une experte en art, 2022<br \/>\n&#8211; Expertise professionnelle par une experte en art, 2018<br \/>\n&#8211; <em>Le Guide de Cotation des Artistes d\u2019Art Zoom<\/em>, 2015<br \/>\n&#8211; etc.<\/p>\n<h4>INDEX ET R\u00c9PERTOIRES<\/h4>\n<p><strong>2022:<\/strong>\u00a0Dictionnaire des artistes de l\u2019objet d\u2019art au Qu\u00e9bec &#8211; <a href=\"https:\/\/artistesduquebec.ca\/ash-ginette\" target=\"_blank\" rel=\"noopener\">voir le lien<\/a><br \/>\n<strong>2022:<\/strong> ArtPrice, leader mondial de l\u2019information sur le march\u00e9 de l\u2019art &#8211; <a href=\"https:\/\/www.artprice.com\/artist\/1080735\/ginette-ash\" target=\"_blank\" rel=\"noopener\">voir le lien<\/a><br \/>\n<strong>2018:<\/strong> Art Total Multimedia ART BANK<br \/>\n<strong>2018:<\/strong> R\u00e9pertoire des peintres canadiens Lareau &#8211; <a href=\"http:\/\/www.lareau-law.ca\/peintres_1A.html\" target=\"_blank\" rel=\"noopener\">voir le lien<\/a><\/p>\n<h4>AFFILIATIONS PROFESSIONNELLES<\/h4>\n<p>Amis du Mus\u00e9e Marius Barbeau, depuis 2020.<br \/>\nRegroupement des artistes en arts visuels du Qu\u00e9bec (RAAV), juin 2018 &#8211; membre professionnelle<br \/>\nC\u00e9sure, 2015-2023<br \/>\nCollectif International d\u2019Artistes Art Zoom (CIAAZ), depuis septembre 2014<br \/>\nSoci\u00e9t\u00e9 artistique et culturelle de Qu\u00e9bec (SACQ) depuis septembre 2012<br \/>\nAcad\u00e9mie internationale des beaux-arts du Qu\u00e9bec (A.I.B.A.Q.), depuis ao\u00fbt 2011 &#8211; acad\u00e9micienne depuis d\u00e9cembre 2023<br \/>\nAssociation des retrait\u00e9s de l\u2019enseignement du Qu\u00e9bec (AREQ), depuis novembre 2010<br \/>\nAssociation des artistes de la Rive-Sud (AARS), depuis novembre 2009<br \/>\nAmis du Mus\u00e9e national des beaux-arts du Qu\u00e9bec, depuis 2009<\/p>\n<h4>COLLECTIONS MUS\u00c9ALES<\/h4>\n<p><strong>Mus\u00e9e d\u2019art contemporain VR 3D \u2013 MAC VR3D<\/strong><br \/>\nPlace Darche<br \/>\n54400 Longwy<br \/>\nFrance<br \/>\n<a href=\"http:\/\/www.macvr3d.com\" target=\"_blank\" rel=\"noopener noreferrer\">www.macvr3d.com<\/a><\/p>\n<h4>PRIX ET DISTINCTIONS<\/h4>\n<p>2024: Obtient le statut de membre professionnelle aupr\u00e8s du RAAV<br \/>\n2024: Certificat de participation au D\u00e9fi 6 aquarelles en 6 semaines, HEART &#8211; Au Coeur de l\u2019art, magazine des arts<br \/>\n2024: Le Prix du M\u00e9rite Artistique pour l\u2019oeuvre \u00ab\u00a0Paon bleu sous le soleil jaune d\u2019Orient (2022)\u00a0\u00bb, Salon D\u00e9couverte 2024, Mus\u00e9e d\u2019art contemporain VR 3D (MACVR3D)<br \/>\n2024: Certificat d\u2019accomplissement, Arts Connaissances, histoire de l\u2019art, Acad\u00e9mie des arts visuels du CIAAZ (modules 1-4), avec Mention d\u2019excellence<br \/>\n2024: Finaliste au Concours d&rsquo;\u0153uvres d&rsquo;art de Diffusion culturelle de L\u00e9vis, Ville de L\u00e9vis<br \/>\n2023: Nombreux votes du public \u2013 Acad\u00e9mie internationale des beaux-arts du Qu\u00e9bec (AIBAQ)<br \/>\n2023: L\u2019oeuvre \u00abFeuilles exotiques et lys\u00bb achet\u00e9e par la Ville\u00a0de L\u00e9vis, collection des \u0153uvres d&rsquo;art de la Ville de L\u00e9vis<br \/>\n2023: Obtient le titre d\u2019artiste acad\u00e9micienne, Acad\u00e9mie Internationale des Beaux-Arts du Qu\u00e9bec (AIBAQ)<br \/>\n2023: Certificat de reconnaissance, Mus\u00e9e d\u2019art contemporain VR3D (MACVR3D), Longwy (France) pour avoir particip\u00e9 \u00e0 l\u2019exposition \u00ab Internation\u2019ART 2023 \u00bb<br \/>\n2023: Certificat de reconnaissance, Mus\u00e9e d\u2019art contemporain VR3D (MACVR3D), Longwy (France) pour avoir particip\u00e9 lors du Salon Printemps\/\u00c9t\u00e9 2023<br \/>\n2022: Nombreux votes du public \u2013 Acad\u00e9mie internationale des beaux-arts du Qu\u00e9bec (AIBAQ)<br \/>\n2022: Finaliste,<span class=\"Apple-converted-space\">\u00a0 <\/span>Concours d\u2019\u0153uvres d\u2019art de Diffusion culturelle de L\u00e9vis au Centre d\u2019exposition Louise-Carrier de L\u00e9vis<br \/>\n2022: Certificat de participation, Maison O\u2019Neill (Canada) pour avoir particip\u00e9 \u00e0 l\u2019exposition \u00ab\u00a0Le Pouvoir des Couleurs\u00a0\u00bb qui souligne les 25 ans du CIAAZ.<br \/>\n2022: Certificat de reconnaissance, Mus\u00e9e d\u2019art contemporain VR3D (MACVR3D), Longwy (France) pour avoir particip\u00e9 \u00e0 l\u2019exposition \u00ab\u00a0Internation\u2019ART 2022\u00a0\u00bb<br \/>\n2022: Certificat de reconnaissance, Mus\u00e9e d\u2019art contemporain VR3D (MACVR3D), Longwy (France) pour avoir particip\u00e9 \u00e0 l\u2019exposition \u00ab\u00a0Pays, Paysage \/ Land, Landscape\u00a0\u00bb<br \/>\n2022: Certificat de reconnaissance, Mus\u00e9e d\u2019art contemporain VR3D (MACVR3D), Longwy (France) pour avoir particip\u00e9 \u00e0 l\u2019exposition \u00ab\u00a0Jardin de Joie \/ Garden of Joy\u00a0\u00bb<br \/>\n2021: Nombreux votes du public \u2013 Acad\u00e9mie internationale des beaux-arts du Qu\u00e9bec (AIBAQ)<br \/>\n2021: Certificat de participation, D\u00e9fi 15 dessins 15 semaines, avec mention sp\u00e9ciale pour sa pers\u00e9v\u00e9rance<br \/>\n2021: Certificat de reconnaissance, Mus\u00e9e d\u2019art contemporain VR3D (MACVR3D), Longwy (France) pour son exposition personnelle \u00ab\u00a0Ginette Ash. Couleurs et diversit\u00e9\u00a0\u00bb<br \/>\n2021: Certificat de reconnaissance, Mus\u00e9e d\u2019art contemporain VR3D (MACVR3D), Longwy (France) pour avoir particip\u00e9 \u00e0 l\u2019exposition \u00ab\u00a0Internation\u2019ART 2021\u00a0\u00bb<br \/>\n2020: Nombreux votes du public \u2013 Acad\u00e9mie internationale des beaux-arts du Qu\u00e9bec (AIBAQ)<br \/>\n2020: Certificat de reconnaissance, Mus\u00e9e d\u2019art contemporain VR3D (MACVR3D), Longwy (France) pour avoir particip\u00e9 \u00e0 l\u2019exposition \u00ab\u00a0Colores\u00a0\u00bb<br \/>\n2020: Certificat de reconnaissance, Mus\u00e9e d\u2019art contemporain VR3D (MACVR3D), Longwy (France) pour avoir particip\u00e9 \u00e0 l\u2019exposition \u00ab\u00a0Internation\u2019ART 2020\u00a0\u00bb<br \/>\n2019: Certificat de reconnaissance, Mus\u00e9e d\u2019art contemporain VR3D (MACVR3D), Longwy (France) pour avoir particip\u00e9 \u00e0 l\u2019exposition \u00ab\u00a0Ames d\u2019artistes \/ Artists\u2019 Souls\u00a0\u00bb<br \/>\n2018: 3e Prix Bronze en art figuratif, Grande comp\u00e9tition internationale d\u2019\u0153uvres d\u2019art avec jury, 6e \u00e9dition<br \/>\n2018: Coup de c\u0153ur des administrateurs, La Grande comp\u00e9tition internationale d\u2019\u0153uvres d\u2019art avec jury, cinqui\u00e8me \u00e9dition de C\u00e9sure<br \/>\n2017: Premier Prix Palmar\u00e8s (vote du public) \u2013 par pointage cumul\u00e9 lors des votes mensuels de 2015 et 2016 dans la cat\u00e9gorie \u00ab\u00a0artiste professionnelle\u00a0\u00bb<br \/>\n2017: Premier Prix Demos (vote du public) pour l\u2019oeuvre \u00ab\u00a0Vive les vacances\u00a0\u00bb (cat\u00e9gorie professionnelle)<br \/>\n2016: Distinction honorifique \u2013 Internation\u2019ART 6e \u00e9dition (Canada)<br \/>\n2016: Grand Prix des techniques mixtes (vote du public)<br \/>\n2016: Finaliste, Concours d\u2019\u0153uvres d\u2019art de Diffusion culturelle de L\u00e9vis en \u00e9dition 2016<br \/>\n2016: Grande Distinction Honorifique du CIAAZ, Art Total Multim\u00e9dia<br \/>\n2016: Membre d\u2019honneur du CIAAZ<br \/>\n2016: Pr\u00e9sidente d\u2019honneur \u00e0 la Grande Exposition Internationale d\u2019Art Zoom 2016<br \/>\n2015: Premier Prix Palmar\u00e8s, accord\u00e9 par le \u00abvote du public\u00a0\u00bb, \u00e0 l\u2019artiste s\u2019\u00e9tant m\u00e9rit\u00e9 le pointage cumul\u00e9 le plus \u00e9lev\u00e9 des r\u00e9sultats des votes mensuels de 2013 et 2014, dans la cat\u00e9gorie Artiste Professionnel<br \/>\n2015: Nombreux votes du public \u2013 Acad\u00e9mie internationale des beaux-arts du Qu\u00e9bec (AIBAQ)<br \/>\n2015: Finaliste,<span class=\"Apple-converted-space\">\u00a0 <\/span>Concours d\u2019\u0153uvres d\u2019art Desjardins,<span class=\"Apple-converted-space\">\u00a0 <\/span>Mus\u00e9e Marius-Barbeau,<span class=\"Apple-converted-space\">\u00a0 <\/span>\u00e9dition 2015<br \/>\n2015: Premier Prix pour le plus grand nombre de votes et le plus haut pourcentage de la part du public,<span class=\"Apple-converted-space\">\u00a0 <\/span>l\u2019Acad\u00e9mie internationale des beaux-arts du Qu\u00e9bec (AIBAQ)<br \/>\n2015: Troisi\u00e8me Prix pour la qualit\u00e9 de l\u2019\u0153uvre \u00abTulipe perroquet aux couleurs ardentes\u00bb, l\u2019Acad\u00e9mie internationale des beaux-arts du Qu\u00e9bec (AIBAQ)<br \/>\n2015-2016-2017: S\u00e9lectionn\u00e9e pour participer \u00e0 un encan d\u2019\u0153uvres d\u2019art, Galerie Louise-Carrier, L\u00e9vis (Qu\u00e9bec-Canada)<br \/>\n2014: Nombreux votes du public \u2013 Acad\u00e9mie internationale des beaux-arts du Qu\u00e9bec (AIBAQ)<br \/>\n2014: Finaliste, Concours d\u2019\u0153uvres d\u2019art Desjardins,<span class=\"Apple-converted-space\">\u00a0 <\/span>Mus\u00e9e Marius-Barbeau, \u00e9dition 2014<br \/>\n2013: Nombreux votes du public \u2013 Acad\u00e9mie internationale des beaux-arts du Qu\u00e9bec (AIBAQ)<br \/>\n2013: Mentions honorables, toutes cat\u00e9gories confondues \u2013 Acad\u00e9mie internationale des beaux-arts du Qu\u00e9bec (AIBAQ)<br \/>\n2013: Finaliste, Concours d\u2019\u0153uvres d\u2019art de Diffusion culturelle de L\u00e9vis, \u00e9dition 2013<br \/>\n2013: L\u2019oeuvre \u00abLys en feu Brissot\u00bb s\u00e9lectionn\u00e9e, Fondation de l\u2019H\u00f4tel-Dieu de L\u00e9vis<br \/>\n2013 et 2012: S\u00e9lectionn\u00e9e pour participer \u00e0 un encan d\u2019\u0153uvres d\u2019art, Galerie Louise-Carrier, L\u00e9vis (Qu\u00e9bec-Canada).<br \/>\n2012: Nombreux votes du public \u2013 Acad\u00e9mie internationale des beaux-arts du Qu\u00e9bec (AIBAQ)<br \/>\n2012: Mentions honorables, toutes cat\u00e9gories confondues \u2013 Acad\u00e9mie internationale des beaux-arts du Qu\u00e9bec (AIBAQ)<br \/>\n2012: Troisi\u00e8me Prix pour la toile Beaut\u00e9 aquatique, <span class=\"Apple-converted-space\">\u00a0 <\/span>Congr\u00e8s des Arts D\u00e9coratifs et visuels, Saint-Hyacinthe (Qu\u00e9bec-Canada).<br \/>\n2011: L\u2019oeuvre \u00abHibiscus\u00bb<span class=\"Apple-converted-space\">\u00a0 <\/span>s\u00e9lectionn\u00e9e pour une publicit\u00e9,<span class=\"Apple-converted-space\">\u00a0 <\/span>Galerie d\u2019art des Deux-Ponts, Saint-Nicolas (Qu\u00e9bec-Canada).<br \/>\n2011: Troisi\u00e8me Prix pour la toile L\u2019\u00e9veil de la nature, Congr\u00e8s des Arts D\u00e9coratifs et Visuels, Saint-Hyacinthe (Qu\u00e9bec-Canada).<br \/>\n1975: Premier Prix en sculpture et Deuxi\u00e8me Prix en \u00e9maux sur cuivre, lors de L\u2019exposition r\u00e9gionale du Nord-Ouest Qu\u00e9b\u00e9cois, Rouyn-Noranda (Qu\u00e9bec-Canada).<\/p>\n<\/div><\/div><style type=\"text\/css\">.fusion-body .fusion-builder-column-1{width:66.666666666667% !important;margin-top : 0px;margin-bottom : 20px;}.fusion-builder-column-1 > .fusion-column-wrapper {padding-top : 0px !important;padding-right : 0px !important;margin-right : 2.88%;padding-bottom : 0px !important;padding-left : 0px !important;margin-left : 2.88%;}@media only screen and (max-width:1024px) {.fusion-body .fusion-builder-column-1{width:66.666666666667% !important;order : 0;}.fusion-builder-column-1 > .fusion-column-wrapper {margin-right : 2.88%;margin-left : 2.88%;}}@media only screen and (max-width:640px) {.fusion-body .fusion-builder-column-1{width:100% !important;order : 0;}.fusion-builder-column-1 > .fusion-column-wrapper {margin-right : 1.92%;margin-left : 1.92%;}}<\/style><\/div><\/div><style type=\"text\/css\">.fusion-body .fusion-flex-container.fusion-builder-row-1{ padding-top : 0px;margin-top : 0px;padding-right : 0px;padding-bottom : 0px;margin-bottom : 0px;padding-left : 0px;}<\/style><\/div>\n","protected":false},"excerpt":{"rendered":"","protected":false},"author":1,"featured_media":0,"parent":0,"menu_order":0,"comment_status":"closed","ping_status":"closed","template":"","meta":[],"_links":{"self":[{"href":"https:\/\/artzoomconnection.com\/ginetteash\/wp-json\/wp\/v2\/pages\/37"}],"collection":[{"href":"https:\/\/artzoomconnection.com\/ginetteash\/wp-json\/wp\/v2\/pages"}],"about":[{"href":"https:\/\/artzoomconnection.com\/ginetteash\/wp-json\/wp\/v2\/types\/page"}],"author":[{"embeddable":true,"href":"https:\/\/artzoomconnection.com\/ginetteash\/wp-json\/wp\/v2\/users\/1"}],"replies":[{"embeddable":true,"href":"https:\/\/artzoomconnection.com\/ginetteash\/wp-json\/wp\/v2\/comments?post=37"}],"version-history":[{"count":75,"href":"https:\/\/artzoomconnection.com\/ginetteash\/wp-json\/wp\/v2\/pages\/37\/revisions"}],"predecessor-version":[{"id":3410,"href":"https:\/\/artzoomconnection.com\/ginetteash\/wp-json\/wp\/v2\/pages\/37\/revisions\/3410"}],"wp:attachment":[{"href":"https:\/\/artzoomconnection.com\/ginetteash\/wp-json\/wp\/v2\/media?parent=37"}],"curies":[{"name":"wp","href":"https:\/\/api.w.org\/{rel}","templated":true}]}}