
{"id":1625,"date":"2012-11-10T15:31:33","date_gmt":"2012-11-10T14:31:33","guid":{"rendered":"http:\/\/www.artzoomconnection.com\/lo\/?page_id=1625"},"modified":"2021-01-08T22:14:49","modified_gmt":"2021-01-08T21:14:49","slug":"biographie","status":"publish","type":"page","link":"https:\/\/artzoomconnection.com\/guylainemalo\/presentation\/biographie\/","title":{"rendered":"BIOGRAPHIE"},"content":{"rendered":"<div class=\"fusion-fullwidth fullwidth-box fusion-builder-row-1 nonhundred-percent-fullwidth non-hundred-percent-height-scrolling\" style=\"background-color: rgba(255,255,255,0);background-position: center center;background-repeat: no-repeat;padding-top:0px;padding-right:0px;padding-bottom:0px;padding-left:0px;margin-bottom: 0px;margin-top: 0px;border-width: 0px 0px 0px 0px;border-color:#eae9e9;border-style:solid;\" ><div class=\"fusion-builder-row fusion-row\"><div class=\"fusion-layout-column fusion_builder_column fusion-builder-column-0 fusion_builder_column_1_3 1_3 fusion-one-third fusion-column-first\" style=\"width:30.6666%; margin-right: 4%;margin-top:0px;margin-bottom:0px;\"><div class=\"fusion-column-wrapper fusion-flex-column-wrapper-legacy\" style=\"background-position:left top;background-repeat:no-repeat;-webkit-background-size:cover;-moz-background-size:cover;-o-background-size:cover;background-size:cover;padding: 0px 0px 0px 0px;\"><div class=\"fusion-text fusion-text-1\" style=\"transform:translate3d(0,0,0);\"><h4>FORMATION<\/h4>\n<p>2013 &#8211; Formation en d\u00e9veloppement de carri\u00e8re avec Art Total Multim\u00e9dia<br \/>\n1994 \u2013 Dessin Anim\u00e9 Coll\u00e8ge Algonquin, Ottawa, Canada : &#8220;Animation-Television Media Studies&#8221;<\/p>\n<\/div><div class=\"fusion-clearfix\"><\/div><\/div><\/div><div class=\"fusion-layout-column fusion_builder_column fusion-builder-column-1 fusion_builder_column_2_3 2_3 fusion-two-third fusion-column-last\" style=\"width:65.3333%;margin-top:0px;margin-bottom:0px;\"><div class=\"fusion-column-wrapper fusion-flex-column-wrapper-legacy\" style=\"background-position:left top;background-repeat:no-repeat;-webkit-background-size:cover;-moz-background-size:cover;-o-background-size:cover;background-size:cover;padding: 0px 0px 0px 0px;\"><div class=\"fusion-text fusion-text-2\" style=\"transform:translate3d(0,0,0);\"><h4>PR\u00c9SENTATION DE L&#8217;ARTISTE<\/h4>\n<p><img class=\"alignright size-thumbnail wp-image-2273\" title=\"Guylaine Malo\" src=\"https:\/\/artzoomconnection.com\/guylainemalo\/wp-content\/uploads\/guylainemalo-150x150.jpg\" alt=\"\" width=\"150\" height=\"150\" srcset=\"https:\/\/artzoomconnection.com\/guylainemalo\/wp-content\/uploads\/guylainemalo-150x150.jpg 150w, https:\/\/artzoomconnection.com\/guylainemalo\/wp-content\/uploads\/guylainemalo-300x300.jpg 300w, https:\/\/artzoomconnection.com\/guylainemalo\/wp-content\/uploads\/guylainemalo.jpg 301w\" sizes=\"(max-width: 150px) 100vw, 150px\" \/><\/p>\n<p style=\"text-align: justify;\">N\u00e9e en 1959 en Abitibi, \u00e0 Rouyn-Noranda (Canada), Guylaine Malo passe son enfance \u00e0 dessiner. Son milieu \u00e9tait plus propice \u00e0 apprendre la musique qu&#8217;\u00e0 apprendre le dessin. Ses parents, tous deux musiciens, contribueront \u00e0 faire de leurs enfants de grands m\u00e9lomanes. Par contre, il n&#8217;\u00e9tait pas question pour eux de faire carri\u00e8re dans un art quel qu&#8217;il soit; ils voulaient un &#8220;vrai&#8221; m\u00e9tier pour leurs enfants. A l&#8217;\u00e2ge de 3 ans, la jeune Guylaine a d\u00e9j\u00e0 une passion pour le dessin. C&#8217;est une passion qui ne s&#8217;arr\u00eatera jamais et qui va la conduire, 10 ans plus tard, au secondaire, dans une classe avanc\u00e9e d&#8217;arts plastiques. Sans grand effort, elle sautera directement dans une classe de secondaire 4 pour pr\u00e9parer des d\u00e9cors de th\u00e9\u00e2tre avec les plus vieux de son \u00e9cole. En 1984, elle d\u00e9bute l&#8217;aquarelle, m\u00e9dium qui va la suivre tout au long de sa carri\u00e8re, parall\u00e8lement \u00e0 la peinture \u00e0 l&#8217;huile et \u00e0 l&#8217;acrylique qui occuperont chacun une place de choix dans son parcours professionnel. Elle fait ses premi\u00e8res expositions en 1984, en tant qu&#8217;artiste aquarelliste.<\/p>\n<p style=\"text-align: justify;\">En 1990, elle commence \u00e0 donner des cours priv\u00e9s de dessin et d&#8217;aquarelle pour des \u00e9l\u00e8ves de niveau avanc\u00e9 &#8211; ce qu&#8217;elle continue \u00e0 faire aujourd&#8217;hui. De 1992 \u00e0 1995, elle vit \u00e0 Ottawa et \u00e9tudie au Coll\u00e8ge Algonquin en animation, t\u00e9l\u00e9vision et dessins anim\u00e9s. C&#8217;est la premi\u00e8re fois qu&#8217;elle a la sensation d&#8217;appartenir \u00e0 un &#8220;univers&#8221; plus en accord avec sa vision du monde parfait. Le monde du dessin anim\u00e9 sera sa deuxi\u00e8me famille pendant ses ann\u00e9es d&#8217;\u00e9tude en Ontario.<\/p>\n<p style=\"text-align: justify;\">2003 est une ann\u00e9e charni\u00e8re pour Guylaine Malo. Elle d\u00e9bute des expositions au niveau international et obtient un certificat de reconnaissance pour ses expositions en Europe dans des salons internationaux d&#8217;art contemporain. De 2003 \u00e0 2013, elle fera sept expositions majeures en France et en Belgique.<\/p>\n<p style=\"text-align: justify;\">En 2005, l&#8217;artiste r\u00e9alise une s\u00e9rie de 52 peintures repr\u00e9sentant Marylin, une chatte en fin de vie qui partage son quotidien depuis pr\u00e8s de 18 ans. Une oeuvre par semaine a \u00e9t\u00e9 r\u00e9alis\u00e9e dans la derni\u00e8re ann\u00e9e de vie de Marylin. Un travail monumental en peinture acrylique sur un sujet unique qui reste \u00e0 ce jour la s\u00e9rie th\u00e9matique la plus importante de l&#8217;artiste. L&#8217;art animalier est un th\u00e8me souvent abord\u00e9 au cours de sa carri\u00e8re, que ce soit pour repr\u00e9senter des chats, des chevaux ou encore des vaches; souvenir du temps o\u00f9 elle avait sa ferme laiti\u00e8re de 1980 \u00e0 1990.<\/p>\n<p style=\"text-align: justify;\">Au cours de sa carri\u00e8re, Guylaine Malo a obtenu des prix et des distinctions pour son travail, notamment en 2013 avec le Prix Canada\/Am\u00e9rique du Nord en tant que Canadienne s&#8217;\u00e9tant distingu\u00e9e hors de son pays. En 2014 et 2015, elle obtient le Prix honorifique du D\u00e9veloppement culturel dans le cadre d&#8217;une exposition internationale \u00e0 laquelle elle prend part en tant qu&#8217;exposante, mais \u00e9galement en tant qu&#8217;intervenante b\u00e9n\u00e9vole en enseignement de l&#8217;art aupr\u00e8s d&#8217;\u00e9tudiants du primaire. Puis, en 2016, elle obtient une autre Distinction honorifique qui couronne plus de trente ans de cr\u00e9ation artistique en tant qu&#8217;artiste. En 2020, elle fait partie des quinze artistes professionnels qui participent \u00e0 une \u00e9tude sociologique ayant trait aux effets de la pand\u00e9mie au niveau de la pratique artistique chez les artistes en arts visuels. Le dossier th\u00e9matique sp\u00e9cial a \u00e9t\u00e9 publi\u00e9 exclusivement sur HEART, magazine des arts, en deux volets, \u00e0 l\u2019\u00e9t\u00e9 et \u00e0 l\u2019automne 2020.<\/p>\n<\/div><div class=\"fusion-clearfix\"><\/div><\/div><\/div><\/div><\/div>\n","protected":false},"excerpt":{"rendered":"","protected":false},"author":1,"featured_media":0,"parent":1623,"menu_order":0,"comment_status":"closed","ping_status":"closed","template":"","meta":[],"_links":{"self":[{"href":"https:\/\/artzoomconnection.com\/guylainemalo\/wp-json\/wp\/v2\/pages\/1625"}],"collection":[{"href":"https:\/\/artzoomconnection.com\/guylainemalo\/wp-json\/wp\/v2\/pages"}],"about":[{"href":"https:\/\/artzoomconnection.com\/guylainemalo\/wp-json\/wp\/v2\/types\/page"}],"author":[{"embeddable":true,"href":"https:\/\/artzoomconnection.com\/guylainemalo\/wp-json\/wp\/v2\/users\/1"}],"replies":[{"embeddable":true,"href":"https:\/\/artzoomconnection.com\/guylainemalo\/wp-json\/wp\/v2\/comments?post=1625"}],"version-history":[{"count":28,"href":"https:\/\/artzoomconnection.com\/guylainemalo\/wp-json\/wp\/v2\/pages\/1625\/revisions"}],"predecessor-version":[{"id":2588,"href":"https:\/\/artzoomconnection.com\/guylainemalo\/wp-json\/wp\/v2\/pages\/1625\/revisions\/2588"}],"up":[{"embeddable":true,"href":"https:\/\/artzoomconnection.com\/guylainemalo\/wp-json\/wp\/v2\/pages\/1623"}],"wp:attachment":[{"href":"https:\/\/artzoomconnection.com\/guylainemalo\/wp-json\/wp\/v2\/media?parent=1625"}],"curies":[{"name":"wp","href":"https:\/\/api.w.org\/{rel}","templated":true}]}}