
{"id":1643,"date":"2009-11-16T23:44:16","date_gmt":"2009-11-17T04:44:16","guid":{"rendered":"http:\/\/www.artzoom.org\/members\/wordpress\/?page_id=31"},"modified":"2021-01-08T22:43:41","modified_gmt":"2021-01-08T21:43:41","slug":"entrevue","status":"publish","type":"page","link":"https:\/\/artzoomconnection.com\/guylainemalo\/presse\/entrevue\/","title":{"rendered":"ENTREVUE"},"content":{"rendered":"<div class=\"fusion-fullwidth fullwidth-box fusion-builder-row-1 nonhundred-percent-fullwidth non-hundred-percent-height-scrolling\" style=\"background-color: rgba(255,255,255,0);background-position: center center;background-repeat: no-repeat;padding-top:0px;padding-right:0px;padding-bottom:0px;padding-left:0px;margin-bottom: 0px;margin-top: 0px;border-width: 0px 0px 0px 0px;border-color:#eae9e9;border-style:solid;\" ><div class=\"fusion-builder-row fusion-row\"><div class=\"fusion-layout-column fusion_builder_column fusion-builder-column-0 fusion_builder_column_1_1 1_1 fusion-one-full fusion-column-first fusion-column-last\" style=\"margin-top:0px;margin-bottom:0px;\"><div class=\"fusion-column-wrapper fusion-flex-column-wrapper-legacy\" style=\"background-position:left top;background-repeat:no-repeat;-webkit-background-size:cover;-moz-background-size:cover;-o-background-size:cover;background-size:cover;padding: 0px 0px 0px 0px;\"><div class=\"fusion-text fusion-text-1\" style=\"transform:translate3d(0,0,0);\"><p><em>Pour le compte de\u00a0<\/em><em>Art Zoom<\/em><em>\u00a0par\u00a0<\/em><em>HeleneCaroline Fournier<\/em><em>\u00a0(septembre 2004)<\/em><\/p>\n<p><img class=\"aligncenter size-full wp-image-2294\" title=\"Guylaine Malo\" src=\"https:\/\/artzoomconnection.com\/guylainemalo\/wp-content\/uploads\/acrylique.jpg\" alt=\"\" width=\"452\" height=\"376\" srcset=\"https:\/\/artzoomconnection.com\/guylainemalo\/wp-content\/uploads\/acrylique-150x124.jpg 150w, https:\/\/artzoomconnection.com\/guylainemalo\/wp-content\/uploads\/acrylique-300x249.jpg 300w, https:\/\/artzoomconnection.com\/guylainemalo\/wp-content\/uploads\/acrylique.jpg 452w\" sizes=\"(max-width: 452px) 100vw, 452px\" \/><\/p>\n<p style=\"text-align: justify;\"><em><span style=\"color: #ff6600;\">Est-ce que vous pensez que l\u2019art visuel est en perp\u00e9tuelle \u00e9volution ?<\/span> <\/em><\/p>\n<p style=\"text-align: justify;\">Oui, je pense que l\u2019art visuel s\u2019adapte avec les besoins de cr\u00e9er, les nouveaux mat\u00e9riaux et les nouvelles technologies.<\/p>\n<p style=\"text-align: justify;\"><em><span style=\"color: #ff6600;\">Avec votre exp\u00e9rience, avec ce que vous avez vu et v\u00e9cu en tant qu\u2019artiste-peintre, pensez-vous que l\u2019art visuel restera \u00ab traditionnel \u00bb ou si vous pensez que l\u2019art visuel \u00e9voluera avec la technologie dans les prochaines d\u00e9cennies ?<\/span> <\/em><\/p>\n<p style=\"text-align: justify;\">L\u2019art visuel ne peut rester traditionnel. La technologie offre des outils nouveaux et tellement int\u00e9ressants pour permettre aux artistes de pousser plus loin la cr\u00e9ation.<\/p>\n<p style=\"text-align: justify;\"><em><span style=\"color: #ff6600;\"> Jusqu\u2019o\u00f9 ira-t-on ? Jusqu\u2019o\u00f9 pourrait-on dire \u00ab ceci reste de l\u2019art \u00bb ?<\/span> <\/em><\/p>\n<p style=\"text-align: justify;\">Je pense que c\u2019est impossible de pr\u00e9dire jusqu\u2019o\u00f9 l\u2019art visuel sera pouss\u00e9. Par contre on peut pr\u00e9voir que les anciens proc\u00e9d\u00e9s, m\u00eame s\u2019ils seront moins utilis\u00e9s auront toujours une place tant que ceux qui les ont utilis\u00e9s seront en vie. Je pense sinc\u00e8rement \u00eatre incapable de r\u00e9pondre \u00e0 cette question. L\u2019art dans 100 ans d\u2019ici n\u2019aura peut-\u00eatre plus la m\u00eame signification. Les crit\u00e8res d\u2019aujourd\u2019hui ne seront plus les m\u00eames tout comme ceux d\u2019aujourd\u2019hui sont diff\u00e9rents de ceux d\u2019il y a cent ans. Heureusement, les artistes se r\u00e9f\u00e8rent encore \u00e0 ce qui c\u2019est fait dans le pass\u00e9. On s\u2019\u00e9merveille toujours devant un Rembrandt, un Turner, un Van Gogh, un Degas et tant d\u2019autres etc, etc,. Je pense que si l\u2019\u0153uvre a une \u00e2me, ce sera toujours de l\u2019art. Mais c\u2019est ma humble opinion qui n\u2019aura pas vraiment de poids dans plusieurs ann\u00e9es !!<\/p>\n<p style=\"text-align: justify;\"><em><span style=\"color: #ff6600;\">Y aura-t-il un moment o\u00f9 l\u2019art sera d\u00e9natur\u00e9 au profit de la performance informatique, selon vous ?<\/span> <\/em><\/p>\n<p style=\"text-align: justify;\">Probablement que oui, si la technique prend le dessus sur ce qui est artistique. Je pense, (encore ici c\u2019est mon humble opinion) que pour qu\u2019une \u0153uvre d\u2019art soit une \u0153uvre d\u2019art, il faut un pourcentage de technique, un pourcentage de talent, un pourcentage d\u2019inspiration et le reste c\u2019est l\u2019\u00e2me qui transpara\u00eet. Une \u0153uvre trop technique, sans \u00e2me, n\u2019a pas cette capacit\u00e9 de toucher les \u00eatres. C\u2019est beau, c\u2019est esth\u00e9tique mais il y manque quelque chose. Lorsqu\u2019il y a une \u00e2me dans l\u2019\u0153uvre, elle vibre, elle a une vie par elle-m\u00eame, elle communique quelque chose. L\u2019informatique offre une possibilit\u00e9 monstre au niveau technique et le danger serait que l\u2019art visuel deviennent trop technique ; par contre je suis certaine qu\u2019il y aura des artistes aux capacit\u00e9s cr\u00e9atrices aussi pouss\u00e9es qui sauront faire un usage juste de la technique qu\u2019offre l\u2019informatique combin\u00e9 \u00e0 l\u2019artistique, cette \u00e9nergie cr\u00e9atrice qui appartient \u00e0 l\u2019\u00eatre humain. Il y aura je pense des \u0153uvres merveilleuses qui seront cr\u00e9\u00e9es dans le futur.<\/p>\n<p style=\"text-align: justify;\"><em><span style=\"color: #ff6600;\">On dit souvent que les artistes sont des \u00eatres solitaires, qu\u2019ils sont \u00ab seuls \u00bb, que ce sont des individus \u00ab \u00e0 part des autres \u00bb, \u00eates-vous de cet avis ?<\/span> <\/em><\/p>\n<p style=\"text-align: justify;\">Oui.<\/p>\n<p style=\"text-align: justify;\"><span style=\"color: #ff6600;\"><em> Vous sentez-vous seul(e) ? Etes-vous fondamentalement solitaire ? Ou avez-vous besoin de vous entourer de gens pour cr\u00e9er ?<\/em><\/span><\/p>\n<p style=\"text-align: justify;\">Je ne me sens pas seule. Mais j\u2019ai besoin de solitudes pour \u00eatre connect\u00e9e \u00e0 moi-m\u00eame pour produire. Je pense que oui, m\u00eame si j\u2019ai besoin d\u2019\u00eatre entour\u00e9e de gens j\u2019ai absolument besoin de solitude pour cr\u00e9er. Dans un pourcentage \u00e7a ressemblerait \u00e0 ceci 75% de solitude pour 25% de social !<\/p>\n<p style=\"text-align: justify;\">Lorsque je suis entour\u00e9e de gens, je suis trop dispers\u00e9e pour cr\u00e9er, par contre, les gens sont inspirants pour ce qu\u2019ils sont, ce qu\u2019ils communiquent. Mais j\u2019ai absolument besoin de solitude pour cr\u00e9er. La solitude me permet de faire le vide, de me recentrer pour \u00eatre connect\u00e9e \u00e0 moi-m\u00eame, pour contempler ce qui m\u2019habite, ce qui m\u2019inspire.<\/p>\n<p style=\"text-align: justify;\"><span style=\"color: #ff6600;\"><em>Quelle est votre source d\u2019inspiration ?<\/em><\/span><\/p>\n<p style=\"text-align: justify;\">C\u2019est difficile \u00e0 r\u00e9pondre. Je pense que c\u2019est un m\u00e9lange de quelque chose qui m\u2019habite. C\u2019est des souvenirs, des impressions, des sentiments, les gens que j\u2019aime, les paysages vus, la nature, la pluie, le vent, c\u2019est aussi l\u2019imaginaire, c\u2019est un m\u00e9lange de tout \u00e7a que je porte en moi.<\/p>\n<p style=\"text-align: justify;\"><span style=\"color: #ff6600;\"><em>Et quelle est votre source de motivation ?<\/em><\/span><\/p>\n<p style=\"text-align: justify;\">Il y en a deux. Pour la premi\u00e8re, j\u2019ai souvent l\u2019impression que le processus de motivation se fait \u00e0 mon insu. \u00c7a r\u00e9pond plus \u00e0 un besoin d\u2019expression qui s\u2019enclenche par lui-m\u00eame. Il y a des p\u00e9riodes tr\u00e8s difficiles \u00e0 traverser o\u00f9 je me dis je ne peindrai plus, je ne dessinerai plus ; bref je veux y mettre un terme mais j\u2019y arrive pas. C\u2019est quelque chose de plus fort que moi et sans m\u2019en rendre compte, je me retrouve en train de dessiner ou peindre. \u00c7a r\u00e9pond donc \u00e0 un besoin que j\u2019ai de m\u2019exprimer par l\u2019art. La deuxi\u00e8me source de motivation est la r\u00e9action positive de l\u2019entourage sans laquelle je mets plus facilement tout en doute. J\u2019ai un besoin vital du support de ceux qui m\u2019entourent qui croient en moi.<\/p>\n<p style=\"text-align: justify;\"><em><span style=\"color: #ff6600;\">Est-ce que votre famille a \u00e9t\u00e9 solidaire de votre d\u00e9cision de \u00ab devenir \u00bb artiste ou si elle vous a d\u00e9courag\u00e9 en disant que c\u2019\u00e9tait difficile d\u2019en vivre ?<\/span> <\/em><\/p>\n<p style=\"text-align: justify;\">Non ma famille n\u2019\u00e9tait pas solidaire de cette d\u00e9cision, et j\u2019ai d\u00fb attendre la trentaine pour faire enfin des \u00e9tudes dans mon domaine.<\/p>\n<p style=\"text-align: justify;\"><span style=\"color: #ff6600;\"><em>Comment s\u2019est fait cette d\u00e9cision ?<\/em><\/span><\/p>\n<p style=\"text-align: justify;\">Apr\u00e8s mon divorce, suivi d\u2019une ann\u00e9e sabbatique au cours de laquelle j\u2019ai pris le temps de m\u2019informer des divers cours qui pouvaient correspondre \u00e0 mes besoins. J\u2019\u00e9tais rendu \u00e0 rendre vie et personnalit\u00e9 \u00e0 mes dessins et personnages. L\u2019animation correspondait tout \u00e0 fait \u00e0 cette d\u00e9marche. J\u2019ai donc opt\u00e9 pour le dessin anim\u00e9 au Coll\u00e8ge Algonquin (Ottawa).<\/p>\n<p style=\"text-align: justify;\"><span style=\"color: #ff6600;\"><em>Quelle a \u00e9t\u00e9 la r\u00e9action de votre famille ?<\/em><\/span><\/p>\n<p style=\"text-align: justify;\">Certains m\u2019ont demand\u00e9 pourquoi ? et suivi du discours normal qu\u2019on sert : \u00ab tu vas crever de faim ! \u00bb. D\u2019autres par contre, m\u2019ont encourag\u00e9e.<\/p>\n<p style=\"text-align: justify;\"><span style=\"color: #ff6600;\"><em>A quel moment vous \u00eates-vous int\u00e9ress\u00e9(e) \u00e0 l\u2019art ? Lorsque vous \u00e9tiez enfant ? Adulte ? Par hasard ?<\/em><\/span><\/p>\n<p style=\"text-align: justify;\">Lorsque j\u2019\u00e9tais enfant. J\u2019avais 3 ans et demi lorsque je m\u2019en suis rendu compte. Parfois je pense que je ne me suis pas int\u00e9ress\u00e9 \u00e0 l\u2019art, mais que l\u2019art c\u2019est int\u00e9ress\u00e9 \u00e0 moi, mais je ne le dis pas trop fort \u00e7a l\u2019air pr\u00e9tentieux !! Les futurs artistes devraient na\u00eetre avec une \u00e9tiquette sur le front disant \u00ab Artiste, manipulez avec soin \u00bb !!!.<\/p>\n<p style=\"text-align: justify;\"><span style=\"color: #ff6600;\"><em>Quels ont \u00e9t\u00e9 les obstacles majeurs que vous avez rencontr\u00e9s au cours de votre carri\u00e8re ?<\/em><\/span><\/p>\n<p style=\"text-align: justify;\">Il y en a tellement. Le plus gros vient du fait que la profession n\u2019est pas reconnu en tant que telle. Il n\u2019y a pas d\u2019industries et d\u2019infrastructures qui permettent aux artistes de vivre de leur art. Pour ma part, j\u2019ai d\u00fb travailler de jour et produire le soir et une grosse partie de la nuit 7 jours sur 7. L\u2019\u00e9puisement physique est une des cons\u00e9quences de ce mode de vie. \u00c0 un moment donn\u00e9 il est difficile de produire dans de telles conditions. Ensuite, si on regarde un peu plus ce qui devrait servir de base \u00e0 la profession on se rend compte que les droits d\u2019auteurs ne sont pas enseign\u00e9s dans les \u00e9coles et sont bafou\u00e9s par plusieurs qui enseignent en cours priv\u00e9. Les \u00e9coles, du primaire au secondaire n\u2019ont pratiquement pas de professeurs capables d\u2019enseigner l\u2019art. On enseigne les maths avec une importance capitale, mais l\u2019art c\u2019est un cours de loisir o\u00f9 les attentes ne sont pas tr\u00e8s \u00e9lev\u00e9es. Bref l\u2019art est associ\u00e9 aux loisirs \u00e0 la relaxation, mais n\u2019est pas consid\u00e9r\u00e9 comme une discipline importante. Les fondations de la profession sont pr\u00e9caires alors il n\u2019est pas surprenant qu\u2019encore de nos jours les parents aient beaucoup de r\u00e9ticences \u00e0 voir leurs enfants choisir l\u2019art en tant que carri\u00e8re. Les obstacles sont nombreux ensuite du c\u00f4t\u00e9 des expositions. On a comme crit\u00e8re de s\u00e9lection que les \u0153uvres ressemblent aux reproductions d\u2019\u0153uvres am\u00e9ricaines qu\u2019on trouve dans les centres d\u2019achat. On recherche donc l\u2019homog\u00e8ne le commercial. Si un artiste a ce quelque chose d\u2019un peu trop originale, on ne se g\u00eane pas pour le refuser. La mentalit\u00e9 aussi que plusieurs ont qu\u2019un artiste doit n\u2019avoir qu\u2019un style reconnaissable en tout temps. En r\u00e9alit\u00e9 ce genre d\u2019attente limite les artistes dans leur cr\u00e9ation. \u00c0 mon avis un artiste doit \u00eatre capable d\u2019exprimer en image une vari\u00e9t\u00e9 infinie de styles, de textures, de th\u00e8mes, de coups de pinceaux. Si on tire un parall\u00e8le avec le cin\u00e9ma, on reconna\u00eet un grand acteur par sa capacit\u00e9 de jouer les bons, les m\u00e9chants, les fous, les g\u00e9nies etc ; Bref une gamme infinie de personnages. Je vois les arts visuels sous cet angle.<\/p>\n<p style=\"text-align: justify;\"><em><span style=\"color: #ff6600;\">Pensez-vous que tous les artistes passent par les m\u00eames obstacles ? Les m\u00eames emb\u00fbches ou si vous pensez que chaque artiste a ses \u00ab propres \u00bb obstacles ?<\/span> <\/em><\/p>\n<p style=\"text-align: justify;\">Je pense qu\u2019effectivement plusieurs artistes passent par les m\u00eames obstacles et je pense aussi que d\u2019autres artistes ont des obstacles qui leur sont propres parce selon le milieu d\u2019o\u00f9 ils sont issus. Certains auront le support parental pour les \u00e9tudes mais ensuite au niveau de la profession en tant que tel, ils font face \u00e0 l\u2019obstacle majeur, l\u2019industrie des arts visuels n\u2019est pas ad\u00e9quat pour permettre aux artistes de vivre de leur art. La majorit\u00e9 devront donc s\u2019investir dans deux carri\u00e8res parall\u00e8les.<\/p>\n<p style=\"text-align: justify;\"><span style=\"color: #ff6600;\"><em>Quel est le souvenir le plus heureux de l\u2019une de vos expositions gardez-vous en souvenir ?<\/em><\/span><\/p>\n<p style=\"text-align: justify;\">Je suis toujours \u00e9merveill\u00e9e de voir ce que font les autres artistes. De discuter et d\u2019\u00e9changer avec eux. C\u2019est tellement stimulant que chaque exposition apporte des souvenirs heureux. Les Artzoomades 2003 et 2004 en France sont je pense les expositions qui m\u2019apportent beaucoup de bonheur. C\u2019est un tournant important et d\u00e9cisif parce que c\u2019est la r\u00e9alisation du r\u00eave d\u2019exposer outre-mer.<\/p>\n<p style=\"text-align: justify;\"><span style=\"color: #ff6600;\"><em>Et quel serait le plus malheureux ?<\/em><\/span><\/p>\n<p style=\"text-align: justify;\">Probablement celle o\u00f9 j\u2019ai vu des artistes tellement comp\u00e9titifs d\u00e9molir en parole les \u0153uvres d\u2019artistes d\u00e9butants.<\/p>\n<p style=\"text-align: justify;\"><span style=\"color: #ff6600;\"><em>Qu\u2019est-ce qu\u2019il faudrait am\u00e9liorer dans le domaine des arts professionnels selon vous ?<\/em><\/span><\/p>\n<p style=\"text-align: justify;\">Tellement de choses\u2026 Premi\u00e8rement il faudrait qu\u2019on ait des infrastructures pour l\u2019industrie des arts visuels. Un peu comme en musique. Bref qu\u2019on prot\u00e8ge le march\u00e9 pour que les images sur les cartes de souhaits, les posters, les affiches, les imprim\u00e9s etc, proviennent majoritairement de peintres qu\u00e9b\u00e9cois. Allouer des budgets pour les projets et \u00e9v\u00e9nements artistiques. Il faudrait r\u00e9pertorier les artistes, et leur allouer des budgets afin qu\u2019ils n\u2019aient plus \u00e0 s\u2019investir dans deux carri\u00e8re ce qui leur donnerait enfin le temps pour qu\u2019ils puissent produire. Tiens \u00e7a serait faisable si les gouvernements ou l\u2019industrie achetait une partie de la production annuelle artistique. Il faudrait aussi que les \u00e9coles du primaire au secondaire offre des cours d\u2019art digne de ce nom. La g\u00e9om\u00e9trie serait plus facilement assimilable et pas du tout ennuyeuse dans un cours de dessin. L\u2019histoire de l\u2019art de m\u00eame que les droits d\u2019auteurs pourraient facilement \u00eatre int\u00e9gr\u00e9s dans le cours de fran\u00e7ais. Il serait possible \u00e9galement de mettre sur pied dans les \u00e9coles des projets pilote pour apprendre aux jeunes artistes \u00e0 vendre leur produits artistiques. Enseigner les rudiments de la promotion et de la diffusion et de la distribution de leurs \u0153uvres. Enseigner \u00e9galement \u00e0 travailler en collaboration au lieu de faire des concours et des comp\u00e9titions.<\/p>\n<p style=\"text-align: justify;\"><span style=\"color: #ff6600;\"><em>Si vous aviez un conseil \u00e0 donner \u00e0 un jeune artiste qui d\u00e9sire se lancer dans le domaine, quel conseil lui donneriez-vous ?<\/em><\/span><\/p>\n<p style=\"text-align: justify;\">De toujours pers\u00e9v\u00e9rer. De se rassembler pour am\u00e9liorer les conditions de vie des artistes.<\/p>\n<p style=\"text-align: justify;\"><span style=\"color: #ff6600;\"><em>Pensez-vous qu\u2019Art Zoom (l\u2019association Galerie Art Zoom ou l\u2019agence des artistes de Art Zoom) a sa raison d\u2019\u00eatre dans le milieu de l\u2019art contemporain international ?<\/em><\/span><\/p>\n<p style=\"text-align: justify;\">Tout \u00e0 fait. Art Zoom r\u00e9pond \u00e0 un besoin. En permettant et facilitant les \u00e9changes internationaux Art Zoom est plus qu\u2019un pont entre le Qu\u00e9bec et l\u2019Europe c\u2019est une porte qui s\u2019ouvre sur de nouvelles possibilit\u00e9s.<\/p>\n<p style=\"text-align: justify;\"><span style=\"color: #ff6600;\"><em>En quoi \u00eatre cybermembre ou membre de l\u2019Association Galerie Art Zoom a \u00e9t\u00e9 positif pour vous ?<\/em><\/span><\/p>\n<p style=\"text-align: justify;\">Art Zoom m\u2019a procur\u00e9 une visibilit\u00e9 accrue via internet en plus de me donner l l\u2019acc\u00e8s \u00e0 tellement d\u2019informations sur les droits d\u2019auteurs et des renseignements essentiels relatifs \u00e0 ma profession. \u00c9galement, par Art Zoom j\u2019obtiens des r\u00e9ponse \u00e0 mes questions.<\/p>\n<p style=\"text-align: justify;\"><span style=\"color: #ff6600;\"><em>Qu\u2019est-ce qui a chang\u00e9 dans votre vie d\u2019artiste ?<\/em><\/span><\/p>\n<p style=\"text-align: justify;\">Beaucoup de chose. Art Zoom m\u2019apporte visibilit\u00e9, reconnaissance, support, encouragement, structure, informations, nouvelles opportunit\u00e9s, c\u2019est maintenant plus facile pour moi d\u2019\u00e9tablir des objectifs et de travailler \u00e0 les atteindre.<\/p>\n<\/div><div class=\"fusion-clearfix\"><\/div><\/div><\/div><\/div><\/div>\n","protected":false},"excerpt":{"rendered":"","protected":false},"author":1,"featured_media":0,"parent":1687,"menu_order":1,"comment_status":"closed","ping_status":"closed","template":"","meta":[],"_links":{"self":[{"href":"https:\/\/artzoomconnection.com\/guylainemalo\/wp-json\/wp\/v2\/pages\/1643"}],"collection":[{"href":"https:\/\/artzoomconnection.com\/guylainemalo\/wp-json\/wp\/v2\/pages"}],"about":[{"href":"https:\/\/artzoomconnection.com\/guylainemalo\/wp-json\/wp\/v2\/types\/page"}],"author":[{"embeddable":true,"href":"https:\/\/artzoomconnection.com\/guylainemalo\/wp-json\/wp\/v2\/users\/1"}],"replies":[{"embeddable":true,"href":"https:\/\/artzoomconnection.com\/guylainemalo\/wp-json\/wp\/v2\/comments?post=1643"}],"version-history":[{"count":19,"href":"https:\/\/artzoomconnection.com\/guylainemalo\/wp-json\/wp\/v2\/pages\/1643\/revisions"}],"predecessor-version":[{"id":2605,"href":"https:\/\/artzoomconnection.com\/guylainemalo\/wp-json\/wp\/v2\/pages\/1643\/revisions\/2605"}],"up":[{"embeddable":true,"href":"https:\/\/artzoomconnection.com\/guylainemalo\/wp-json\/wp\/v2\/pages\/1687"}],"wp:attachment":[{"href":"https:\/\/artzoomconnection.com\/guylainemalo\/wp-json\/wp\/v2\/media?parent=1643"}],"curies":[{"name":"wp","href":"https:\/\/api.w.org\/{rel}","templated":true}]}}