
{"id":1644,"date":"2009-11-16T23:46:01","date_gmt":"2009-11-17T04:46:01","guid":{"rendered":"http:\/\/www.artzoom.org\/members\/wordpress\/?page_id=33"},"modified":"2023-03-07T06:32:09","modified_gmt":"2023-03-07T05:32:09","slug":"expositions","status":"publish","type":"page","link":"https:\/\/artzoomconnection.com\/guylainemalo\/expositions\/","title":{"rendered":"EXPOSITIONS"},"content":{"rendered":"<div class=\"fusion-fullwidth fullwidth-box fusion-builder-row-1 nonhundred-percent-fullwidth non-hundred-percent-height-scrolling\" style=\"background-color: rgba(255,255,255,0);background-position: center center;background-repeat: no-repeat;padding-top:0px;padding-right:0px;padding-bottom:0px;padding-left:0px;margin-bottom: 0px;margin-top: 0px;border-width: 0px 0px 0px 0px;border-color:#eae9e9;border-style:solid;\" ><div class=\"fusion-builder-row fusion-row\"><div class=\"fusion-layout-column fusion_builder_column fusion-builder-column-0 fusion_builder_column_1_3 1_3 fusion-one-third fusion-column-first\" style=\"width:30.6666%; margin-right: 4%;margin-top:0px;margin-bottom:0px;\"><div class=\"fusion-column-wrapper fusion-flex-column-wrapper-legacy\" style=\"background-position:left top;background-repeat:no-repeat;-webkit-background-size:cover;-moz-background-size:cover;-o-background-size:cover;background-size:cover;padding: 0px 0px 0px 0px;\"><div class=\"fusion-text fusion-text-1\" style=\"transform:translate3d(0,0,0);\"><h4>EN PERMANENCE<\/h4>\n<p><em>liste non exhaustive<\/em><\/p>\n<p><strong>Atelier de Guylaine Malo<\/strong><br \/>\n680, boul. Laval, suite 12<br \/>\nLaval (Qu\u00e9bec)<br \/>\nH7N 5N1<br \/>\nCanada<\/p>\n<p><strong>Mus\u00e9e d\u2019art contemporain VR 3D<\/strong><br \/>\nPlace Darche<br \/>\n54400 Longwy (France)<br \/>\n<a href=\"http:\/\/www.macvr3d.com\" target=\"_blank\" rel=\"noopener\">www.macvr3d.com<\/a><\/p>\n<p><strong>Art Total Multim\u00e9dia<\/strong><br \/>\nC.P. 75161 Succursale Cap-Rouge<br \/>\nQu\u00e9bec (Qu\u00e9bec)<br \/>\nG1Y 3C7 Canada<br \/>\n<a title=\"info@arttotalmultimedia.com\" href=\"mailto:info@arttotalmultimedia.com\" target=\"_blank\" rel=\"noopener noreferrer\">info@arttotalmultimedia.com<\/a><\/p>\n<\/div><div class=\"fusion-clearfix\"><\/div><\/div><\/div><div class=\"fusion-layout-column fusion_builder_column fusion-builder-column-1 fusion_builder_column_2_3 2_3 fusion-two-third fusion-column-last\" style=\"width:65.3333%;margin-top:0px;margin-bottom:0px;\"><div class=\"fusion-column-wrapper fusion-flex-column-wrapper-legacy\" style=\"background-position:left top;background-repeat:no-repeat;-webkit-background-size:cover;-moz-background-size:cover;-o-background-size:cover;background-size:cover;padding: 0px 0px 0px 0px;\"><div class=\"fusion-text fusion-text-2\" style=\"transform:translate3d(0,0,0);\"><h4>EN COURS ET \u00c0 VENIR<\/h4>\n<h5>2023<\/h5>\n<p>Information \u00e0 venir<\/p>\n<div class=\"fusion-sep-clear\"><\/div><div class=\"fusion-separator fusion-full-width-sep\" style=\"margin-left: auto;margin-right: auto;width:100%;\"><div class=\"fusion-separator-border sep-double\" style=\"border-color:#e0dede;border-top-width:1px;border-bottom-width:1px;\"><\/div><\/div><div class=\"fusion-sep-clear\"><\/div>\n<h4>EXPOSITIONS PASS\u00c9ES<\/h4>\n<h5>Liste non exhaustive<\/h5>\n<p><strong>2022: <\/strong>Jardin de Joie \/ Garden of Joy &#8211; Mus\u00e9e d\u2019art contemporain VR 3D (MACVR3D), Place Darche, 54400 Longwy\u00a0<strong><span style=\"color: #ff6600;\">(France)<\/span><br \/>2021: <\/strong> Internation\u2019ART 2021 &#8211; exposition internationale annuelle &#8211; Mus\u00e9e d\u2019art contemporain VR 3D (MACVR3D), Place Darche, 54400 Longwy <strong><span style=\"color: #ff6600;\">(France)<\/span><\/strong><br \/><strong>2020\/2021:<\/strong> \u00ab\u00a0Colores\u00a0\u00bb, Mus\u00e9e d&#8217;art contemporain VR 3D (MACVR3D), Place Darche, 54400 Longwy <strong><span style=\"color: #ff6600;\">(France)<\/span><\/strong><br \/><strong>2020\/2021:<\/strong> \u00ab\u00a0Amor\u00a0\u00bb, Mus\u00e9e d&#8217;art contemporain VR 3D (MACVR3D), Place Darche, 54400 Longwy <strong><span style=\"color: #ff6600;\">(France)<\/span><\/strong><br \/><strong>2020:<\/strong> Internation\u2019art 2020 \u2013 exposition internationale \u2013 Mus\u00e9e d&#8217;art contemporain VR 3D (MACVR3D), Place Darche, 54400 Longwy <strong><span style=\"color: #ff6600;\">(France)<\/span><\/strong><br \/><strong>2019\/2020:<\/strong> \u201cVibration\u201d exposition collective d\u2019artistes s\u00e9lectionn\u00e9s au Mus\u00e9e d\u2019art contemporain VR 3D, 54400 Longwy <strong><span style=\"color: #ff6600;\">(France)<\/span><\/strong><br \/><strong>2019:<\/strong> \u201cAu-del\u00e0 des mots \/ Beyond Words\u201d exposition collective th\u00e9matique au Mus\u00e9e d\u2019art contemporain VR 3D, 54400 Longwy <strong><span style=\"color: #ff6600;\"> (France)<\/span><\/strong><br \/><strong>2019:<\/strong> Exposition en trio (BEL, Guylaine Malo et Chaguy) \u00ab Du Qu\u00e9bec \u00e0 Longwy \u00bb, Puits de Si\u00e8ge, Place Darche, 54400 Longwy <strong><span style=\"color: #ff6600;\">(France)<\/span><\/strong><br \/><strong>2019:<\/strong> Salon de peinture sculpture, H\u00f4tel de Ville, \u00c9tain (France) avec le Groupement artistique de la Wo\u00ebvre &#8211; H\u00f4tel de ville, Place Rouillon, 55400 \u00c9tain <strong><span style=\"color: #ff6600;\">(France)<\/span><\/strong><br \/><strong>2019:<\/strong> \u201cAmes d&#8217;artistes \/ Artists&#8217; souls\u201d exposition internationale au Mus\u00e9e d\u2019art contemporain VR 3D, 54400 Longwy <strong><span style=\"color: #ff6600;\">(France)<\/span><\/strong><br \/><strong>2019:<\/strong> Salon International de Peinture et de Sculpture \u00e0 Audun-le-Tiche (France), Complexe Jean Moulin, Avenue Salvador Allende, 57390 Audun-le-Tiche <strong><span style=\"color: #ff6600;\">(France)<\/span><\/strong><br \/><strong>2019:<\/strong> \u201cArtZoom\u201d exposition collective d\u2019artistes s\u00e9lectionn\u00e9s au Mus\u00e9e d\u2019art contemporain VR 3D, 54400 Longwy <strong><span style=\"color: #ff6600;\">(France)<\/span><\/strong><br \/><strong>2019:<\/strong> Internation\u2019art 9e \u00e9dition \u2013 exposition internationale \u2013 Biblioth\u00e8que Georges-Henri-L\u00e9vesque, 829 boul. St-Joseph, Roberval (Qu\u00e9bec-Canada)<br \/><strong>2018\/2019<\/strong> &#8211; \u201cArtZoom\u201d exposition collective d\u2019artistes s\u00e9lectionn\u00e9s au Mus\u00e9e d\u2019art contemporain VR 3D, 54400 Longwy <strong><span style=\"color: #ff6600;\">(France)<\/span><\/strong><br \/><strong>2018<\/strong> &#8211; Internation\u2019ART 8e \u00e9dition, Biblioth\u00e8que Georges-Henri-L\u00e9vesque, 829 boul. Saint-Joseph, Roberval (Qu\u00e9bec-Canada)<br \/><strong>2017<\/strong> &#8211; Internation&#8217;ART 7e \u00e9dition annuelle &#8211; Exposition internationale &#8211; Biblioth\u00e8que Georges-Henri-L\u00e9vesque, 829 boul. St-Joseph, Roberval (Qu\u00e9bec-Canada)<br \/><strong>2016<\/strong> &#8211; Internation\u2019ART 6\u00e8me \u00e9dition \u2013 Biblioth\u00e8que Georges-Henri-L\u00e9vesque, 829 boul. Saint-Joseph, Roberval (Canada)<br \/><strong>2015<\/strong> &#8211; Internation\u2019Art 5\u00e8me \u00e9dition, \u00e9v\u00e8nement international, Biblioth\u00e8que Georges-Henri-L\u00e9vesque, 829 boul. Saint-Joseph, Roberval (Qu\u00e9bec-Canada)<br \/><strong>2014<\/strong> &#8211; Internation&#8217;Art, 4\u00e8me \u00e9dition, \u00e9v\u00e8nement international, Biblioth\u00e8que Georges-Henri-L\u00e9vesque, 829 boul. Saint-Joseph, Roberval, Qu\u00e9bec (Canada)<br \/><strong>2013<\/strong> &#8211; ART en GAUME 2013, avec Erik Bonnet, Bernard Hild et LO, Complexe sportif et culturel, Etalle <span style=\"color: #ff6600;\"><strong>(Belgique)<\/strong><\/span><br \/><strong>2013<\/strong> &#8211; LIBRART \u2013 Salon international d\u2019art contemporain de Libramont, Halle aux foires, Place Communale 5-7, Libramont <strong><span style=\"color: #ff6600;\">(Belgique)<\/span><\/strong><br \/><strong>2013<\/strong> \u2013 Internation\u2019Art 3\u00e8me \u00e9dition, \u00e9v\u00e8nement international, Biblioth\u00e8que Georges-Henri-L\u00e9vesque, 829 boul. Saint-Joseph, Roberval (Qu\u00e9bec-Canada)<br \/><strong>2012<\/strong> \u2013 Internation\u2019Art 2\u00e8me \u00e9dition, \u00e9v\u00e8nement international, Biblioth\u00e8que Georges-Henri-L\u00e9vesque, 829 boul. Saint-Joseph, Roberval (Qu\u00e9bec-Canada)<br \/><strong>2011<\/strong>&#8211; Internation\u2019Art 1\u00e8re \u00e9dition, \u00e9v\u00e8nement international, Biblioth\u00e8que Georges-Henri-L\u00e9vesque, 829 boul. Saint-Joseph, Roberval (Qu\u00e9bec-Canada)<br \/><strong>2010<\/strong> &#8211; La Grande Exposition Internationale d\u2019ArtZoom, L\u2019espace contemporain galerie d\u2019art, 313 rue Saint-Jean, Qu\u00e9bec (Canada), \u2013 en tant que participante au projet d\u2019art collectif \u00ab La Mosa\u00efque internationale \u00bb<br \/><strong>2007<\/strong> \u2013 Symposium d\u2019ArtZoom \u00e0 Cap-Rouge, Journ\u00e9es de la Culture, Galerie La Gwal\u2019Art, 1480 rue Provancher, Cap-Rouge (Qu\u00e9bec-Canada)<br \/><strong>2005<\/strong> \u2013 La maison des A\u00een\u00e9s, Laval (Qu\u00e9bec-Canada)<br \/><strong>2005<\/strong> \u2013 Laval en fleurs, Laval (Qu\u00e9bec-Canada)<br \/><strong>2004<\/strong> \u2013 Les Estivales de l\u2019Art de Longlaville<span style=\"color: #ff6600;\"><strong> (France)<\/strong><\/span><br \/><strong>2004\/2005<\/strong> \u2013 Pleins Feux<br \/><strong>2004<\/strong> \u2013 La maison des A\u00een\u00e9s, Laval (Qu\u00e9bec-Canada)<br \/><strong>2004<\/strong> \u2013 3\u00e8me Salon international d\u2019art contemporain d\u2019Art Zoom Dole <span style=\"color: #ff6600;\"><strong>(France)<\/strong><\/span><br \/><strong>2004<\/strong> \u2013 2\u00e8me Salon international d\u2019art contemporain d\u2019Art Zoom, Longlaville <span style=\"color: #ff6600;\"><strong>(France)<\/strong><\/span><br \/><strong>2003<\/strong> \u2013 Week end des artistes et artisans \/ Galerie Laval (organisateurs de l\u2019\u00e9v\u00e9nement) (Qu\u00e9bec-Canada)<br \/><strong>2003<\/strong> &#8211; Station C Montr\u00e9al (Qu\u00e9bec-Canada)<br \/><strong>2003<\/strong> \u2013 Les Estivales de l\u2019Art de Longlaville<span style=\"color: #ff6600;\"><strong> (France)<\/strong><\/span><br \/><strong>2003<\/strong> \u2013 1er Salon international d\u2019art contemporain d\u2019Art Zoom, Cons-la-Grandville <span style=\"color: #ff6600;\"><strong>(France)<\/strong><\/span><br \/><strong>2002<\/strong> &#8211; Tous pour un, un pour tous (membre organisateur) (Qu\u00e9bec-Canada)<br \/><strong>2002<\/strong> &#8211; Centre Renaud (Qu\u00e9bec-Canada)<br \/><strong>2002<\/strong> \u2013 Centre Georges Vanier (Qu\u00e9bec-Canada)<br \/><strong>2002<\/strong> &#8211; Portes Ouvertes, Galerie Laval, 5e \u00e9dition (membre organisateur) (Qu\u00e9bec-Canada)<br \/><strong>2002<\/strong> \u2013 La f\u00eate de l\u2019eau, St-Romuald (Qu\u00e9bec-Canada)<br \/><strong>2002<\/strong> \u2013 Journ\u00e9es Portes Ouvertes 4e \u00e9dition, boul. des Laurentides, Laval (membre organisateur) (Qu\u00e9bec-Canada)<br \/><strong>2001<\/strong> &#8211; Journ\u00e9es Portes Ouvertes 3e \u00e9dition, \u00c9dimbourg, Laval, (membre organisateur) (Qu\u00e9bec-Canada)<br \/><strong>2001<\/strong> &#8211; Journ\u00e9es Portes Ouvertes 2e \u00e9dition, \u00c9dimbourg, Laval, (membre organisateur) (Qu\u00e9bec-Canada)<br \/><strong>2000<\/strong> &#8211; Journ\u00e9es Portes Ouvertes 1\u00e8re \u00e9dition, \u00c9dimbourg, Laval, (membre organisateur) (Qu\u00e9bec-Canada)<br \/><strong>1991<\/strong> \u2013 Exposition de groupe, Galerie Cadre-Image, Joliette (Qu\u00e9bec-Canada)<br \/><strong>1990<\/strong> \u2013 Fragment Lanaudi\u00e8re, MRC D\u2019Autray, Berthierville (Qu\u00e9bec-Canada)<br \/><strong>1990<\/strong> \u2013 Fragment Lanaudi\u00e8re, MRC D\u2019Autray, St-Gabriel (Qu\u00e9bec-Canada)<br \/><strong>1984<\/strong> \u2013 Exposition organis\u00e9e par l\u2019AF\u00c9AS, Ste-Elisabeth (Qu\u00e9bec-Canada)<\/p>\n<\/div><div class=\"fusion-clearfix\"><\/div><\/div><\/div><\/div><\/div>\n","protected":false},"excerpt":{"rendered":"","protected":false},"author":1,"featured_media":0,"parent":0,"menu_order":0,"comment_status":"closed","ping_status":"closed","template":"","meta":[],"_links":{"self":[{"href":"https:\/\/artzoomconnection.com\/guylainemalo\/wp-json\/wp\/v2\/pages\/1644"}],"collection":[{"href":"https:\/\/artzoomconnection.com\/guylainemalo\/wp-json\/wp\/v2\/pages"}],"about":[{"href":"https:\/\/artzoomconnection.com\/guylainemalo\/wp-json\/wp\/v2\/types\/page"}],"author":[{"embeddable":true,"href":"https:\/\/artzoomconnection.com\/guylainemalo\/wp-json\/wp\/v2\/users\/1"}],"replies":[{"embeddable":true,"href":"https:\/\/artzoomconnection.com\/guylainemalo\/wp-json\/wp\/v2\/comments?post=1644"}],"version-history":[{"count":56,"href":"https:\/\/artzoomconnection.com\/guylainemalo\/wp-json\/wp\/v2\/pages\/1644\/revisions"}],"predecessor-version":[{"id":2646,"href":"https:\/\/artzoomconnection.com\/guylainemalo\/wp-json\/wp\/v2\/pages\/1644\/revisions\/2646"}],"wp:attachment":[{"href":"https:\/\/artzoomconnection.com\/guylainemalo\/wp-json\/wp\/v2\/media?parent=1644"}],"curies":[{"name":"wp","href":"https:\/\/api.w.org\/{rel}","templated":true}]}}