
{"id":37,"date":"2009-11-16T23:48:26","date_gmt":"2009-11-17T04:48:26","guid":{"rendered":"http:\/\/www.artzoom.org\/members\/wordpress\/?page_id=37"},"modified":"2022-03-10T06:21:42","modified_gmt":"2022-03-10T05:21:42","slug":"cote","status":"publish","type":"page","link":"https:\/\/artzoomconnection.com\/guylainemalo\/cote\/","title":{"rendered":"COTE"},"content":{"rendered":"<div class=\"fusion-fullwidth fullwidth-box fusion-builder-row-1 nonhundred-percent-fullwidth non-hundred-percent-height-scrolling\" style=\"background-color: rgba(255,255,255,0);background-position: center center;background-repeat: no-repeat;padding-top:0px;padding-right:0px;padding-bottom:0px;padding-left:0px;margin-bottom: 0px;margin-top: 0px;border-width: 0px 0px 0px 0px;border-color:#eae9e9;border-style:solid;\" ><div class=\"fusion-builder-row fusion-row\"><div class=\"fusion-layout-column fusion_builder_column fusion-builder-column-0 fusion_builder_column_1_2 1_2 fusion-one-half fusion-column-first\" style=\"width:48%; margin-right: 4%;margin-top:0px;margin-bottom:0px;\"><div class=\"fusion-column-wrapper fusion-flex-column-wrapper-legacy\" style=\"background-position:left top;background-repeat:no-repeat;-webkit-background-size:cover;-moz-background-size:cover;-o-background-size:cover;background-size:cover;padding: 0px 0px 0px 0px;\"><div class=\"fusion-text fusion-text-1\" style=\"transform:translate3d(0,0,0);\"><p><img class=\"aligncenter size-full wp-image-2455\" src=\"https:\/\/artzoomconnection.com\/guylainemalo\/wp-content\/uploads\/artiste_expertise.png\" alt=\"Artiste expertis\u00e9. Valeur certifi\u00e9e.\" width=\"177\" height=\"177\" srcset=\"https:\/\/artzoomconnection.com\/guylainemalo\/wp-content\/uploads\/artiste_expertise-150x150.png 150w, https:\/\/artzoomconnection.com\/guylainemalo\/wp-content\/uploads\/artiste_expertise.png 177w\" sizes=\"(max-width: 177px) 100vw, 177px\" \/><\/p>\n<h4>SA VALEUR SUR LE MARCH\u00c9 DE L&#8217;ART<\/h4>\n<h5>2021<\/h5>\n<p><strong>Dessin, aquarelle, acrylique sur toile<\/strong><\/p>\n<p><strong>Oeuvres de formats standards<\/strong><\/p>\n<p>\u00c0 partir de 250 $ ou l&#8217;\u00e9quivalent en euro pour les petits formats jusqu&#8217;\u00e0 8 \u00e0 10 pouces (20 x 25 cm)<br \/>8 x 16 pouces (20 x 40 cm) = 400 $ ou l&#8217;\u00e9quivalent en euro<br \/>12 x 16 pouces (30 x 40 cm) = 600 $ ou l&#8217;\u00e9quivalent en euro<br \/>12 x 24 pouces (30 x 60 cm) = 900 $ ou l&#8217;\u00e9quivalent en euro<br \/>16 x 16 pouces (40 x 40 cm) = 800 $ ou l&#8217;\u00e9quivalent en euro<br \/>20 x 24 pouces (50 x 60 cm) = 1500 $ ou l&#8217;\u00e9quivalent en euro<br \/>24 x 30 pouces (60 x 75 cm) = 2250 $ ou l&#8217;\u00e9quivalent en euro<br \/>24 x 36 pouces (60 x 90 cm) = 2700 $ ou l&#8217;\u00e9quivalent en euro<br \/>30 x 40 pouces (75 x 100 cm) = 3750 $ ou l&#8217;\u00e9quivalent en euro<br \/>36 x 48 pouces (90 x 120 cm) = 5400 $ ou l&#8217;\u00e9quivalent en euro<br \/>Jusqu&#8217;\u00e0 5400 $<\/p>\n<p>(le prix varie selon la complexit\u00e9 du sujet)<\/p>\n<p><strong>La cote est un indicatif du prix en galerie pour une oeuvre. Le prix peut donc varier l\u00e9g\u00e8rement d&#8217;une galerie \u00e0 l&#8217;autre.<\/strong><\/p>\n<p><span style=\"color: #ff6600;\"><em>Derni\u00e8re mise \u00e0 jour de la cote: le 12 mars 2021<\/em><\/span><\/p>\n<\/div><div class=\"fusion-clearfix\"><\/div><\/div><\/div><div class=\"fusion-layout-column fusion_builder_column fusion-builder-column-1 fusion_builder_column_1_2 1_2 fusion-one-half fusion-column-last\" style=\"width:48%;margin-top:0px;margin-bottom:0px;\"><div class=\"fusion-column-wrapper fusion-flex-column-wrapper-legacy\" style=\"background-position:left top;background-repeat:no-repeat;-webkit-background-size:cover;-moz-background-size:cover;-o-background-size:cover;background-size:cover;padding: 0px 0px 0px 0px;\"><div class=\"fusion-text fusion-text-2\" style=\"transform:translate3d(0,0,0);\"><h4>GUIDES DE COTATION<\/h4>\n<p><strong>2017: <\/strong>Expertise professionnelle par une experte en art<br \/>\n<strong>2017: <\/strong>Index\u00e9e ArtPrice, leader mondial de l\u2019information sur le march\u00e9 de l\u2019art<br \/>\n<strong>De 2007 \u00e0 2015:<\/strong> <em>Le Guide de Cotation des Artistes d\u2019Art Zoom<\/em><br \/>\n&#8211; etc.<\/p>\n<h4>INDEX ET R\u00c9PERTOIRES<\/h4>\n<p><strong>2019:<\/strong> Art Bank, Art Total Multim\u00e9dia expert en art (Canada)<br \/>\n<strong>2018:<\/strong> R\u00e9pertori\u00e9e sur Wikipedia dans la liste des peintres canadiens &#8211; <a href=\"https:\/\/fr.m.wikipedia.org\/wiki\/Liste_de_peintres_canadiens\" target=\"_blank\" rel=\"noopener\">voir le lien<\/a><br \/>\n<strong>2018: <\/strong>R\u00e9pertoire des peintres canadiens Lareau &#8211; <a href=\"http:\/\/www.lareau-law.ca\/peintres_1M.html\" target=\"_blank\" rel=\"noopener\">voir le lien<\/a><br \/>\n&#8211; etc.<\/p>\n<h4>AFFILIATIONS PROFESSIONNELLES<\/h4>\n<p>Collectif International d\u2019Artistes Art Zoom (CIAAZ)<\/p>\n<h4>COLLECTIONS MUS\u00c9ALES<\/h4>\n<p><strong>Mus\u00e9e d&#8217;art contemporain VR 3D &#8211; MAC VR3D<\/strong><br \/>\nPlace Darche<br \/>\n54400 Longwy<br \/>\nFrance<br \/>\n<a href=\"http:\/\/www.macvr3d.com\" target=\"_blank\" rel=\"noopener\">www.macvr3d.com<\/a><\/p>\n<h4>PRIX ET DISTINCTIONS<\/h4>\n<p><strong>2022:<\/strong> Certificat de reconnaissance, Mus\u00e9e d\u2019art contemporain VR3D (MACVR3D), Longwy (France) pour avoir particip\u00e9 \u00e0 l\u2019exposition \u00ab\u00a0Jardin de Joie \/ Garden of Joy\u00a0\u00bb<br \/>\n<strong>2021:<\/strong> Certificat de reconnaissance, Mus\u00e9e d\u2019art contemporain VR3D (MACVR3D), Longwy (France) pour avoir particip\u00e9 \u00e0 l\u2019exposition \u201cInternation\u2019ART 2021\u201d<br \/>\n<strong>2020:<\/strong> Certificat de reconnaissance, Mus\u00e9e d\u2019art contemporain VR3D (MACVR3D), Longwy (France) pour avoir particip\u00e9 \u00e0 l\u2019exposition \u201cColores\u201d<br \/>\n<strong>2020:<\/strong> Certificat de reconnaissance, Mus\u00e9e d\u2019art contemporain VR3D (MACVR3D), Longwy (France) pour avoir particip\u00e9 \u00e0 l\u2019exposition \u201cAmor\u201d<br \/>\n<strong>2020:<\/strong> Certificat de reconnaissance, Mus\u00e9e d&#8217;art contemporain VR3D (MACVR3D), Longwy (France) pour avoir particip\u00e9 \u00e0 l&#8217;exposition &#8220;Internation&#8217;ART 2020&#8221;<br \/>\n<strong>2019:<\/strong> Certificat de reconnaissance, Mus\u00e9e d&#8217;art contemporain VR3D (MACVR3D), Longwy (France) pour avoir particip\u00e9 \u00e0 l&#8217;exposition &#8220;Vibration&#8221;<br \/>\n<strong>2019: <\/strong>Certificat de participation au 23e Salon International de Peinture et Sculpture, Audun-le-Tiche (France)<br \/>\n<strong>2019: <\/strong>Prix Canada\/Am\u00e9rique du Nord<br \/>\n<strong>2019:<\/strong> Certificat de reconnaissance, Mus\u00e9e d&#8217;art contemporain VR3D (MACVR3D), Longwy (France) pour avoir particip\u00e9 \u00e0 l&#8217;exposition &#8220;Au-del\u00e0 des mots \/ Beyond Words&#8221;<br \/>\n<strong>2019:<\/strong> Certificat de reconnaissance, Mus\u00e9e d&#8217;art contemporain VR3D (MACVR3D), Longwy (France) pour avoir particip\u00e9 \u00e0 l&#8217;exposition &#8220;Ames d&#8217;artistes \/ Artists&#8217; Souls&#8221;<br \/>\n<strong>2019:<\/strong> Certificat de reconnaissance, Mus\u00e9e d&#8217;art contemporain VR3D (MACVR3D), Longwy (France) pour avoir particip\u00e9 \u00e0 l&#8217;exposition inaugurale &#8220;ArtZoom&#8221;<br \/>\n<strong>2018:<\/strong> Prix honorifique du D\u00e9veloppement culturel 2018 &#8211; Internation&#8217;ART 8e \u00e9dition (Canada)<br \/>\n<strong>2017:<\/strong> Prix honorifique du D\u00e9veloppement culturel 2017 &#8211; Internation&#8217;ART 7e \u00e9dition (Canada)<br \/>\n<strong>2016:<\/strong> Prix honorifique du D\u00e9veloppement culturel 2016 &#8211; Internation&#8217;ART 6e \u00e9dition (Canada)<br \/>\n<strong>2015:<\/strong> Prix honorifique du D\u00e9veloppement culturel 2015 &#8211; Internation&#8217;ART 5e \u00e9dition (Canada)<br \/>\n<strong>2014:<\/strong> Prix honorifique du D\u00e9veloppement culturel 2014 &#8211; Internation&#8217;ART 4e \u00e9dition (Canada)<br \/>\n<strong>2013:<\/strong> Prix Canada\/Am\u00e9rique du Nord<br \/>\n<strong>2006:<\/strong> Certificat de reconnaissance internationale pour avoir expos\u00e9 en France en 2003 et 2004<\/p>\n<\/div><div class=\"fusion-clearfix\"><\/div><\/div><\/div><\/div><\/div>\n","protected":false},"excerpt":{"rendered":"","protected":false},"author":1,"featured_media":0,"parent":0,"menu_order":0,"comment_status":"closed","ping_status":"closed","template":"","meta":[],"_links":{"self":[{"href":"https:\/\/artzoomconnection.com\/guylainemalo\/wp-json\/wp\/v2\/pages\/37"}],"collection":[{"href":"https:\/\/artzoomconnection.com\/guylainemalo\/wp-json\/wp\/v2\/pages"}],"about":[{"href":"https:\/\/artzoomconnection.com\/guylainemalo\/wp-json\/wp\/v2\/types\/page"}],"author":[{"embeddable":true,"href":"https:\/\/artzoomconnection.com\/guylainemalo\/wp-json\/wp\/v2\/users\/1"}],"replies":[{"embeddable":true,"href":"https:\/\/artzoomconnection.com\/guylainemalo\/wp-json\/wp\/v2\/comments?post=37"}],"version-history":[{"count":56,"href":"https:\/\/artzoomconnection.com\/guylainemalo\/wp-json\/wp\/v2\/pages\/37\/revisions"}],"predecessor-version":[{"id":2644,"href":"https:\/\/artzoomconnection.com\/guylainemalo\/wp-json\/wp\/v2\/pages\/37\/revisions\/2644"}],"wp:attachment":[{"href":"https:\/\/artzoomconnection.com\/guylainemalo\/wp-json\/wp\/v2\/media?parent=37"}],"curies":[{"name":"wp","href":"https:\/\/api.w.org\/{rel}","templated":true}]}}