
{"id":40,"date":"2009-11-16T23:49:23","date_gmt":"2009-11-17T04:49:23","guid":{"rendered":"http:\/\/www.artzoom.org\/members\/wordpress\/?page_id=40"},"modified":"2021-01-08T22:42:19","modified_gmt":"2021-01-08T21:42:19","slug":"documents-de-presse","status":"publish","type":"page","link":"https:\/\/artzoomconnection.com\/guylainemalo\/presse\/documents-de-presse\/","title":{"rendered":"PRESSE"},"content":{"rendered":"<div class=\"fusion-fullwidth fullwidth-box fusion-builder-row-1 nonhundred-percent-fullwidth non-hundred-percent-height-scrolling\" style=\"background-color: rgba(255,255,255,0);background-position: center center;background-repeat: no-repeat;padding-top:0px;padding-right:0px;padding-bottom:0px;padding-left:0px;margin-bottom: 0px;margin-top: 0px;border-width: 0px 0px 0px 0px;border-color:#eae9e9;border-style:solid;\" ><div class=\"fusion-builder-row fusion-row\"><div class=\"fusion-layout-column fusion_builder_column fusion-builder-column-0 fusion_builder_column_1_2 1_2 fusion-one-half fusion-column-first\" style=\"width:48%; margin-right: 4%;margin-top:0px;margin-bottom:0px;\"><div class=\"fusion-column-wrapper fusion-flex-column-wrapper-legacy\" style=\"background-position:left top;background-repeat:no-repeat;-webkit-background-size:cover;-moz-background-size:cover;-o-background-size:cover;background-size:cover;padding: 0px 0px 0px 0px;\"><div class=\"fusion-text fusion-text-1\" style=\"transform:translate3d(0,0,0);\"><h4>COUVERTURE M\u00c9DIATIQUE<\/h4>\n<p style=\"text-align: left;\"><em>Liste non exhaustive<\/em><\/p>\n<p style=\"text-align: justify;\"><strong>Nombreux articles de journaux :<\/strong> Le R\u00e9publicain Lorrain (France), L\u2019Est R\u00e9publicain (France),\u00a0Hebdo Qu\u00e9bec,\u00a0L&#8217;\u00e9toile du Lac, Le Progr\u00e8s-Dimanche, etc. Articles dans des revues sp\u00e9cialis\u00e9es d\u2019art, articles dans des cybermagazines d\u00e9di\u00e9s \u00e0 l\u2019art, catalogues de salons, catalogues d\u2019expositions, guides de cotation, etc. <strong>\u00a0<\/strong><\/p>\n<p style=\"text-align: justify;\"><strong>Cyberpresse<\/strong><\/p>\n<p style=\"text-align: justify;\"><strong>L&#8217;\u00c9toile du Lac:<\/strong>\u00a0 <a title=\"L'\u00c9toile du Lac\" href=\"http:\/\/www.letoiledulac.com\/Culture\/Arts%20et%20spectacles\/2011-04-14\/article-2426925\/Une-exposition-internationale-a-la-Bibliotheque-de-Roberval\/1\" target=\"_blank\" rel=\"noopener noreferrer\">article 1<\/a> \u2013 <strong>Info-Culture:<\/strong>\u00a0\u00a0<a title=\"Info Culture\" href=\"http:\/\/www.infosculture.com\/actualite-art\/annoncer-exposition-art\/linternationart-a-roberval\/\" target=\"_blank\" rel=\"noopener noreferrer\">article 1<\/a> &#8211; <a href=\"http:\/\/info-culture.biz\/2017\/05\/01\/des-prix-et-des-distinctions-en-arts-visuels-decernes-a-des-artistes-du-canada-et-de-france\" target=\"_blank\" rel=\"noopener noreferrer\">article 2<\/a> &#8211; <a href=\"https:\/\/info-culture.biz\/2018\/04\/19\/dessin-cette-pierre-angulaire\/\" target=\"_blank\" rel=\"noopener noreferrer\">article 3<\/a> \u2013 <strong>Pat White:<\/strong>\u00a0\u00a0<a title=\"Pat White\" href=\"http:\/\/patwhite.com\/node\/12460\" target=\"_blank\" rel=\"noopener noreferrer\">article 1<\/a> &#8211; <a href=\"http:\/\/patwhite.com\/le-dessin-cette-pierre-angulaire-portrait-de-lartiste-guylaine-malo\" target=\"_blank\" rel=\"noopener noreferrer\">article 2<\/a> \u2013 <strong>HEART, magazine des arts:\u00a0<\/strong> <a href=\"http:\/\/magazinedesarts.com\/?s=guylaine+malo\" target=\"_blank\" rel=\"noopener\">voir l&#8217;ensemble des articles<\/a> \u2013\u00a0<strong>HeleneCaroline (site de r\u00e9f\u00e9rence):<\/strong>\u00a0 <a href=\"https:\/\/helenecaroline.com\/?s=guylaine+malo\" target=\"_blank\" rel=\"noopener\">voir l&#8217;ensemble des articles<\/a> \u2013 <strong>Sorties<\/strong>:\u00a0<a title=\"Sorties\" href=\"http:\/\/www.sorties.ca\/event.asp?no_event=11844\" target=\"_blank\" rel=\"noopener noreferrer\">article 1<\/a> \u2013 <strong>Galerie Cr\u00e9ation:<\/strong>\u00a0\u00a0<a title=\"Galerie Cr\u00e9ation\" href=\"http:\/\/www.galerie-creation.com\/roberval-fait-des-envieux-avec-l-internation-art-a-10449.htm\" target=\"_blank\" rel=\"noopener noreferrer\">article 1<\/a> \u2013\u00a0 <strong>Artsetculture:<\/strong> <a href=\"http:\/\/www.artsetculture.ca\/le-dessin-cette-pierre-angulaire\/\" target=\"_blank\" rel=\"noopener noreferrer\">article 1<\/a> &#8211; <strong>Voir:<\/strong> <a title=\"Voir\" href=\"http:\/\/www.voir.ca\/infocenter\/show.aspx?zone=6&amp;section=20&amp;show=128836&amp;performance=274718\" target=\"_blank\" rel=\"noopener noreferrer\">article 1\u00a0<\/a>&#8211; <strong>HuffPost Qu\u00e9bec:<\/strong> <a href=\"https:\/\/quebec.huffingtonpost.ca\/helenecaroline-fournier\/le-dessin-cette-pierre-angulaire_a_23430206\/\" target=\"_blank\" rel=\"noopener noreferrer\">article 1<\/a> &#8211; <strong>Wikipedia:<\/strong> <a href=\"https:\/\/fr.wikipedia.org\/wiki\/Guylaine_Malo\" target=\"_blank\" rel=\"noopener\">voir le lien<\/a> &#8211; <strong>LeMonde.fr (blog):<\/strong> <a href=\"http:\/\/artzoom.blog.lemonde.fr\/2018\/09\/03\/au-dela-du-dessin-une-passion\/\" target=\"_blank\" rel=\"noopener\">article 1<\/a> &#8211; etc.<\/p>\n<p><strong>liste non exhaustive de la couverture m\u00e9diatique de l\u2019Internation\u2019ART 9\u00e8me \u00e9dition (2019):<\/strong><br \/>\n<a href=\"http:\/\/info-culture.biz\/2019\/03\/10\/internationart-9e-edition\/\" target=\"_blank\" rel=\"noopener\">Info-Culture<\/a> \/ <a href=\"https:\/\/magazinedesarts.com\/internationart-9e-edition\/\" target=\"_blank\" rel=\"noopener\">HEART, magazine des arts<\/a> \/ <a href=\"http:\/\/artzoom.blog.lemonde.fr\/2019\/03\/04\/internationart-2019\/\" target=\"_blank\" rel=\"noopener\">LeMonde (blog)<\/a> \/ <a href=\"https:\/\/patwhite.com\/internationart-9e-edition\" target=\"_blank\" rel=\"noopener\">PatWhite<\/a> \/ <a href=\"https:\/\/helenecaroline.com\/la-9e-edition-de-linternationart-presentee-du-30-mars-au-30-mai-2019-a-roberval\/\" target=\"_blank\" rel=\"noopener\">HeleneCaroline Fournier, experte en art<\/a> \/ Journal Le Progr\u00e8s (quotidien, presse \u00e9crite) \/ <a href=\"https:\/\/ici.radio-canada.ca\/tele\/le-tjextra-saguenay-lac-saint-jean\/site\/episodes\/431065\/episode-du-5-avril-2019\" target=\"_blank\" rel=\"noopener\">Le TJ Extra Saguenay Lac-Saint-Jean ICI RADIO-CANADA \u2013 5 avril 2019<\/a> \/ <a href=\"https:\/\/matv.ca\/saguenay-lac-saint-jean\/mes-emissions\/la-vitrine-culturelle\" target=\"_blank\" rel=\"noopener\">MA.TV (de Videotron) \u2013 \u00e9mission La vitrine culturelle, no 11<\/a> \/ Journal L\u2019\u00c9toile du Lac (hebdo, presse \u00e9crite) \/ Journal Le Nouvelles Hebdo (hebdo, presse \u00e9crite) \/ Journal Le Lac St-Jean (hebdo, presse \u00e9crite) \/ NOUSTV (de TVcogeco) \u2013 \u00e9mission Zoom ! \/ Etc.<\/p>\n<\/div><div class=\"fusion-clearfix\"><\/div><\/div><\/div><div class=\"fusion-layout-column fusion_builder_column fusion-builder-column-1 fusion_builder_column_1_2 1_2 fusion-one-half fusion-column-last\" style=\"width:48%;margin-top:0px;margin-bottom:0px;\"><div class=\"fusion-column-wrapper fusion-flex-column-wrapper-legacy\" style=\"background-position:left top;background-repeat:no-repeat;-webkit-background-size:cover;-moz-background-size:cover;-o-background-size:cover;background-size:cover;padding: 0px 0px 0px 0px;\"><div class=\"fusion-text fusion-text-2\" style=\"transform:translate3d(0,0,0);\"><h4>RADIO ET T\u00c9L\u00c9VISION<\/h4>\n<p><em>Liste non exhaustive<\/em><br \/>\nICI Radio-Canada<br \/>\nMATV<br \/>\nNOUSTV<br \/>\nNombreuses productions audiovisuelles (podcasts et clips)<br \/>\nDocumentaire Maux (Mots) d&#8217;Artistes &#8211; <a title=\"MAUX (MOTS) D'ARTISTES\" href=\"http:\/\/www.artzoom.tv\/maux-mots-dartistes-guylaine-malo\/\" target=\"_blank\" rel=\"noopener noreferrer\">voir le documentaire<\/a><br \/>\n\u00c9mission Zoom ! (r\u00e9alis\u00e9e, produite et diffus\u00e9e par TVCOGECO ROBERVAL)<br \/>\n\u00c9mission ArtZoom (r\u00e9alis\u00e9e et produite par Art Total Multim\u00e9dia et diffus\u00e9e par TVCOGECO ROBERVAL)<\/p>\n<h4>MULTIM\u00c9DIA<\/h4>\n<p><em>Liste non exhaustive<\/em><\/p>\n<p>\u00c9MISSION ART ZOOM (saison 1) (DVD commercialis\u00e9)<\/p>\n<h4>BIBLIOGRAPHIE<\/h4>\n<p><em>Liste non exhaustive<\/em><br \/>\n&#8211; <em>L\u2019ArtZoomeur<\/em>, revue d\u2019art annuelle, depuis 2016<br \/>\n&#8211; <em>Mise en abyme<\/em>, nouvelle, 2018 &#8211; mention<br \/>\n&#8211; <em>Le Guide de Cotation des Artistes d&#8217;ArtZoom<\/em>, 2007-2015<br \/>\n&#8211; <em>L&#8217;ArtZoomeur (Dossier: Au-del\u00e0 des fronti\u00e8res) <\/em> &#8211; article &#8220;Am\u00e9liorer la vie des artistes&#8221;<br \/>\n&#8211; <em>Mon M\u00e9tier \u00e0 travers mes artistes<\/em> &#8211; essai, 2012 &#8211; mention<br \/>\n&#8211; Etc.<\/p>\n<h4 style=\"text-align: center;\">CATALOGUES D&#8217;EXPOSITION<\/h4>\n<p><a href=\"http:\/\/macvr3d.com\/pdf\/catalogue_expo_internationart2020_macvr3d.pdf\" target=\"_blank\" rel=\"noopener noreferrer\"><img class=\"aligncenter size-medium wp-image-3325\" src=\"https:\/\/artzoomconnection.com\/lo\/wp-content\/uploads\/couverture_catalogue_internationart2020-232x300.jpg\" alt=\"\" width=\"232\" height=\"300\" \/><\/a><\/p>\n<p style=\"text-align: justify;\"><strong>Du 28 mars au 31 d\u00e9cembre 2020<\/strong><br \/>\nCette exposition pr\u00e9sent\u00e9e en salle 6 met en lumi\u00e8re 93 oeuvres r\u00e9alis\u00e9es par 18 artistes originaires d\u2019Alg\u00e9rie, de Belgique, du Canada et de France. La 10\u00e8me \u00e9dition annuelle de l\u2019Internation\u2019ART devait avoir lieu du 28 mars au 30 mai 2020 \u00e0 la Biblioth\u00e8que Georges-Henri-L\u00e9vesque \u00e0 Roberval (Qu\u00e9bec) au Canada. A cause de la pand\u00e9mie reli\u00e9e au COVID-19, l\u2019exposition a \u00e9t\u00e9 remplac\u00e9e par celle-ci, pr\u00e9sent\u00e9e dans le Mus\u00e9e d\u2019art contemporain VR3D (MACVR3D) jusqu\u2019au 31 d\u00e9cembre 2020.<\/p>\n<\/div><div class=\"fusion-clearfix\"><\/div><\/div><\/div><\/div><\/div>\n","protected":false},"excerpt":{"rendered":"","protected":false},"author":1,"featured_media":0,"parent":1687,"menu_order":3,"comment_status":"closed","ping_status":"closed","template":"","meta":[],"_links":{"self":[{"href":"https:\/\/artzoomconnection.com\/guylainemalo\/wp-json\/wp\/v2\/pages\/40"}],"collection":[{"href":"https:\/\/artzoomconnection.com\/guylainemalo\/wp-json\/wp\/v2\/pages"}],"about":[{"href":"https:\/\/artzoomconnection.com\/guylainemalo\/wp-json\/wp\/v2\/types\/page"}],"author":[{"embeddable":true,"href":"https:\/\/artzoomconnection.com\/guylainemalo\/wp-json\/wp\/v2\/users\/1"}],"replies":[{"embeddable":true,"href":"https:\/\/artzoomconnection.com\/guylainemalo\/wp-json\/wp\/v2\/comments?post=40"}],"version-history":[{"count":50,"href":"https:\/\/artzoomconnection.com\/guylainemalo\/wp-json\/wp\/v2\/pages\/40\/revisions"}],"predecessor-version":[{"id":2604,"href":"https:\/\/artzoomconnection.com\/guylainemalo\/wp-json\/wp\/v2\/pages\/40\/revisions\/2604"}],"up":[{"embeddable":true,"href":"https:\/\/artzoomconnection.com\/guylainemalo\/wp-json\/wp\/v2\/pages\/1687"}],"wp:attachment":[{"href":"https:\/\/artzoomconnection.com\/guylainemalo\/wp-json\/wp\/v2\/media?parent=40"}],"curies":[{"name":"wp","href":"https:\/\/api.w.org\/{rel}","templated":true}]}}