
{"id":1627,"date":"2012-11-10T15:32:07","date_gmt":"2012-11-10T14:32:07","guid":{"rendered":"http:\/\/www.artzoomconnection.com\/lo\/?page_id=1627"},"modified":"2023-03-22T00:21:35","modified_gmt":"2023-03-21T23:21:35","slug":"demarche","status":"publish","type":"page","link":"https:\/\/artzoomconnection.com\/jeanpotvin\/presentation\/demarche\/","title":{"rendered":"D\u00c9MARCHE"},"content":{"rendered":"<div class=\"fusion-fullwidth fullwidth-box fusion-builder-row-1 fusion-flex-container nonhundred-percent-fullwidth non-hundred-percent-height-scrolling\" style=\"background-color: rgba(255,255,255,0);background-position: center center;background-repeat: no-repeat;border-width: 0px 0px 0px 0px;border-color:#eae9e9;border-style:solid;\" ><div class=\"fusion-builder-row fusion-row fusion-flex-align-items-flex-start\" style=\"max-width:1144px;margin-left: calc(-4% \/ 2 );margin-right: calc(-4% \/ 2 );\"><div class=\"fusion-layout-column fusion_builder_column fusion-builder-column-0 fusion_builder_column_1_3 1_3 fusion-flex-column\"><div class=\"fusion-column-wrapper fusion-flex-justify-content-flex-start fusion-content-layout-column\" style=\"background-position:left top;background-repeat:no-repeat;-webkit-background-size:cover;-moz-background-size:cover;-o-background-size:cover;background-size:cover;padding: 0px 0px 0px 0px;\"><div class=\"fusion-text fusion-text-1\"><h4>TECHNIQUE<\/h4>\n<p>Dessin, huile, acrylique, mixte, vitrail, sculpture, meuble<\/p>\n<p style=\"text-align: justify;\">Travaill\u00e9 principalement au pinceau<\/p>\n<\/div><\/div><style type=\"text\/css\">.fusion-body .fusion-builder-column-0{width:33.333333333333% !important;margin-top : 0px;margin-bottom : 0px;}.fusion-builder-column-0 > .fusion-column-wrapper {padding-top : 0px !important;padding-right : 0px !important;margin-right : 3.84%;padding-bottom : 0px !important;padding-left : 0px !important;margin-left : 5.76%;}@media only screen and (max-width:1024px) {.fusion-body .fusion-builder-column-0{width:100% !important;}.fusion-builder-column-0 > .fusion-column-wrapper {margin-right : 1.92%;margin-left : 1.92%;}}@media only screen and (max-width:640px) {.fusion-body .fusion-builder-column-0{width:100% !important;}.fusion-builder-column-0 > .fusion-column-wrapper {margin-right : 1.92%;margin-left : 1.92%;}}<\/style><\/div><div class=\"fusion-layout-column fusion_builder_column fusion-builder-column-1 fusion_builder_column_2_3 2_3 fusion-flex-column\"><div class=\"fusion-column-wrapper fusion-flex-justify-content-flex-start fusion-content-layout-column\" style=\"background-position:left top;background-repeat:no-repeat;-webkit-background-size:cover;-moz-background-size:cover;-o-background-size:cover;background-size:cover;padding: 0px 0px 0px 0px;\"><div class=\"fusion-text fusion-text-2\"><p style=\"text-align: justify;\">Les arts visuels sont pour moi un d\u00e9fi, un moment d\u2019\u00e9vasion et par-dessus tout une \u00ab\u00a0drogue douce \u00bb qui me permet depuis maintenant 44 ans de m\u2019\u00e9vader \u00e0 chaque cr\u00e9ation dans une nouvelle aventure. C\u2019est un d\u00e9fi sans cesse renouvel\u00e9 chaque fois que je sors soit: tubes de peinture, verres color\u00e9s, bois, ou encore argile et pl\u00e2tre. Ce sont mes armes contre la monotonie et l\u2019ennui du quotidien. Antonin Artaud a dit\u00a0: \u00ab\u00a0Nul n&rsquo;a jamais \u00e9crit ou peint, sculpt\u00e9, model\u00e9, construit, que pour sortir en fait de l&rsquo;enfer\u00a0\u00bb. Je suis d\u2019accord si enfer est synonyme\u00a0 d\u2019ennui\u2026<\/p>\n<p style=\"text-align: justify;\">L\u2019\u0153uvre satisfait pour moi \u00e0 un besoin fondamental et imp\u00e9ratif de communiquer une perception particuli\u00e8re des gens, des lieux, des objets, des croyances ou des pens\u00e9es qui meublent le quotidien. J\u2019observe, je suis patient et je cr\u00e9e sans me contraindre \u00e0 un seul th\u00e8me. Je crois que ce sont les trois principales qualit\u00e9s de celui travaillant sans cesse \u00e0 devenir un meilleur artiste sans contrainte.<\/p>\n<p style=\"text-align: justify;\">Observer patiemment afin de cr\u00e9er des \u0153uvres que je souhaite attrayantes c\u2019est ce que nous pouvons appeler une \u00ab\u00a0d\u00e9marche artistique \u00bb essentielle. En fait, un aspect important de cette d\u00e9marche vise \u00e0 ce que, quel que soit le sujet, l\u2019\u0153uvre r\u00e9v\u00e8le et surtout valorise l\u2019instant particulier de la cr\u00e9ation. Je travaille en esp\u00e9rant que l\u2019observateur partagera momentan\u00e9ment un m\u00eame moment d\u2019\u00e9motion et\/ou de questionnement, soit celui que j\u2019ai ressenti en cr\u00e9ant l\u2019\u0153uvre.<\/p>\n<p style=\"text-align: justify;\">En ce qui a trait au style et\u00a0\u00e0 la technique, c\u2019est une m\u00e9thode\u00a0personnelle pour r\u00e9aliser l\u2019\u0153uvre d\u2019une certaine mani\u00e8re avec des connaissances, des \u00e9tapes, des gestes, des mat\u00e9riaux, des outils et des couleurs qui m\u2019ont sembl\u00e9 appropri\u00e9s pour parvenir \u00e0 mes fins du moment.<\/p>\n<p style=\"text-align: justify;\">Les mat\u00e9riaux qui concr\u00e9tisent mes r\u00e9alisations sont ce que, comme artiste, je choisi d\u2019utiliser pour parvenir au but. J\u2019exp\u00e9rimente selon mes besoins. Les m\u00e9diums ou mat\u00e9riaux divers peuvent donc \u00eatre nombreux ou unique dans une m\u00eame \u0153uvre. Ainsi, une \u0153uvre peut contenir de l\u2019acrylique, de l\u2019huile, du graphite, du crayon de couleur, de la gouache, du pastel, du collage, des encres ou un seul de ces \u00e9l\u00e9ments.<\/p>\n<p style=\"text-align: justify;\">Il est alors particuli\u00e8rement usit\u00e9 d\u2019employer l\u2019expression disant que la fin justifie les moyens. Edgar Degas ne disait-il pas\u00a0\u00ab Une \u0153uvre est quelque chose qui requiert autant de friponnerie, de ruses et de supercherie que la pr\u00e9paration d\u2019un crime \u00bb.<\/p>\n<\/div><\/div><style type=\"text\/css\">.fusion-body .fusion-builder-column-1{width:66.666666666667% !important;margin-top : 0px;margin-bottom : 0px;}.fusion-builder-column-1 > .fusion-column-wrapper {padding-top : 0px !important;padding-right : 0px !important;margin-right : 2.88%;padding-bottom : 0px !important;padding-left : 0px !important;margin-left : 3.84%;}@media only screen and (max-width:1024px) {.fusion-body .fusion-builder-column-1{width:100% !important;}.fusion-builder-column-1 > .fusion-column-wrapper {margin-right : 1.92%;margin-left : 1.92%;}}@media only screen and (max-width:640px) {.fusion-body .fusion-builder-column-1{width:100% !important;}.fusion-builder-column-1 > .fusion-column-wrapper {margin-right : 1.92%;margin-left : 1.92%;}}<\/style><\/div><\/div><style type=\"text\/css\">.fusion-body .fusion-flex-container.fusion-builder-row-1{ padding-top : 0px;margin-top : 0px;padding-right : 0px;padding-bottom : 0px;margin-bottom : 0px;padding-left : 0px;}<\/style><\/div>\n","protected":false},"excerpt":{"rendered":"","protected":false},"author":1,"featured_media":0,"parent":1623,"menu_order":2,"comment_status":"closed","ping_status":"closed","template":"","meta":[],"_links":{"self":[{"href":"https:\/\/artzoomconnection.com\/jeanpotvin\/wp-json\/wp\/v2\/pages\/1627"}],"collection":[{"href":"https:\/\/artzoomconnection.com\/jeanpotvin\/wp-json\/wp\/v2\/pages"}],"about":[{"href":"https:\/\/artzoomconnection.com\/jeanpotvin\/wp-json\/wp\/v2\/types\/page"}],"author":[{"embeddable":true,"href":"https:\/\/artzoomconnection.com\/jeanpotvin\/wp-json\/wp\/v2\/users\/1"}],"replies":[{"embeddable":true,"href":"https:\/\/artzoomconnection.com\/jeanpotvin\/wp-json\/wp\/v2\/comments?post=1627"}],"version-history":[{"count":29,"href":"https:\/\/artzoomconnection.com\/jeanpotvin\/wp-json\/wp\/v2\/pages\/1627\/revisions"}],"predecessor-version":[{"id":5188,"href":"https:\/\/artzoomconnection.com\/jeanpotvin\/wp-json\/wp\/v2\/pages\/1627\/revisions\/5188"}],"up":[{"embeddable":true,"href":"https:\/\/artzoomconnection.com\/jeanpotvin\/wp-json\/wp\/v2\/pages\/1623"}],"wp:attachment":[{"href":"https:\/\/artzoomconnection.com\/jeanpotvin\/wp-json\/wp\/v2\/media?parent=1627"}],"curies":[{"name":"wp","href":"https:\/\/api.w.org\/{rel}","templated":true}]}}