
{"id":1642,"date":"2009-11-16T23:34:34","date_gmt":"2009-11-17T04:34:34","guid":{"rendered":"http:\/\/www.artzoom.org\/members\/wordpress\/?page_id=27"},"modified":"2023-04-18T10:35:47","modified_gmt":"2023-04-18T09:35:47","slug":"critique","status":"publish","type":"page","link":"https:\/\/artzoomconnection.com\/jeanpotvin\/presse\/critique\/","title":{"rendered":"CRITIQUE"},"content":{"rendered":"<div class=\"fusion-fullwidth fullwidth-box fusion-builder-row-1 fusion-flex-container has-pattern-background has-mask-background nonhundred-percent-fullwidth non-hundred-percent-height-scrolling\" style=\"background-color: rgba(255,255,255,0);background-position: center center;background-repeat: no-repeat;border-width: 0px 0px 0px 0px;border-color:#eae9e9;border-style:solid;\" ><div class=\"fusion-builder-row fusion-row fusion-flex-align-items-flex-start\" style=\"max-width:1144px;margin-left: calc(-4% \/ 2 );margin-right: calc(-4% \/ 2 );\"><div class=\"fusion-layout-column fusion_builder_column fusion-builder-column-0 fusion_builder_column_1_2 1_2 fusion-flex-column\"><div class=\"fusion-column-wrapper fusion-flex-justify-content-flex-start fusion-content-layout-column\" style=\"background-position:left top;background-repeat:no-repeat;-webkit-background-size:cover;-moz-background-size:cover;-o-background-size:cover;background-size:cover;padding: 0px 0px 0px 0px;\"><div class=\"fusion-text fusion-text-1\"><p><img decoding=\"async\" class=\"aligncenter size-full wp-image-2691\" src=\"http:\/\/artzoomconnection.com\/jeanpotvin\/wp-content\/uploads\/A11.jpg\" alt=\"\" width=\"3000\" height=\"2400\" srcset=\"https:\/\/artzoomconnection.com\/jeanpotvin\/wp-content\/uploads\/A11-150x120.jpg 150w, https:\/\/artzoomconnection.com\/jeanpotvin\/wp-content\/uploads\/A11-300x240.jpg 300w, https:\/\/artzoomconnection.com\/jeanpotvin\/wp-content\/uploads\/A11-768x614.jpg 768w, https:\/\/artzoomconnection.com\/jeanpotvin\/wp-content\/uploads\/A11-1024x819.jpg 1024w, https:\/\/artzoomconnection.com\/jeanpotvin\/wp-content\/uploads\/A11.jpg 3000w\" sizes=\"(max-width: 3000px) 100vw, 3000px\" \/><\/p>\n<\/div><div class=\"fusion-text fusion-text-2\"><p><img decoding=\"async\" class=\"aligncenter size-full wp-image-2688\" src=\"http:\/\/artzoomconnection.com\/jeanpotvin\/wp-content\/uploads\/A10.jpg\" alt=\"\" width=\"1272\" height=\"1572\" srcset=\"https:\/\/artzoomconnection.com\/jeanpotvin\/wp-content\/uploads\/A10-121x150.jpg 121w, https:\/\/artzoomconnection.com\/jeanpotvin\/wp-content\/uploads\/A10-243x300.jpg 243w, https:\/\/artzoomconnection.com\/jeanpotvin\/wp-content\/uploads\/A10-768x949.jpg 768w, https:\/\/artzoomconnection.com\/jeanpotvin\/wp-content\/uploads\/A10-829x1024.jpg 829w, https:\/\/artzoomconnection.com\/jeanpotvin\/wp-content\/uploads\/A10.jpg 1272w\" sizes=\"(max-width: 1272px) 100vw, 1272px\" \/><\/p>\n<\/div><\/div><style type=\"text\/css\">.fusion-body .fusion-builder-column-0{width:50% !important;margin-top : 0px;margin-bottom : 20px;}.fusion-builder-column-0 > .fusion-column-wrapper {padding-top : 0px !important;padding-right : 0px !important;margin-right : 3.84%;padding-bottom : 0px !important;padding-left : 0px !important;margin-left : 3.84%;}@media only screen and (max-width:1024px) {.fusion-body .fusion-builder-column-0{width:100% !important;order : 0;}.fusion-builder-column-0 > .fusion-column-wrapper {margin-right : 1.92%;margin-left : 1.92%;}}@media only screen and (max-width:640px) {.fusion-body .fusion-builder-column-0{width:100% !important;order : 0;}.fusion-builder-column-0 > .fusion-column-wrapper {margin-right : 1.92%;margin-left : 1.92%;}}<\/style><\/div><div class=\"fusion-layout-column fusion_builder_column fusion-builder-column-1 fusion_builder_column_1_2 1_2 fusion-flex-column\"><div class=\"fusion-column-wrapper fusion-flex-justify-content-flex-start fusion-content-layout-column\" style=\"background-position:left top;background-repeat:no-repeat;-webkit-background-size:cover;-moz-background-size:cover;-o-background-size:cover;background-size:cover;padding: 0px 0px 0px 0px;\"><div class=\"fusion-text fusion-text-3\"><h4>\u00c9CRITE SUR L&rsquo;ARTISTE<\/h4>\n<h5>Tant de Solitude<\/h5>\n<p><cite>HeleneCaroline Fournier<\/cite><\/p>\n<p style=\"text-align: justify;\">La s\u00e9rie de 62 petites oeuvres de 20 x 25 cm ponctue le rythme de l\u2019exposition de cette grande salle, laissant place, au passage, \u00e0 quelques peintures de dimensions sup\u00e9rieures telles que: Solitude internet, une acrylique sur toile de 90 x 60 cm et Les deux solitudes, une acrylique sur toile de 115 x 90 cm. On y retrouve \u00e9galement trois oeuvres rondes: Solitude musicale, Solitude de Darwin et Derni\u00e8re solitude, trois acryliques de 75 cm de diam\u00e8tre.<\/p>\n<p style=\"text-align: justify;\">Ces soixante-sept oeuvres de Jean Potvin placent l\u2019humain au coeur de cette exposition. L\u2019artiste profite de l\u2019occasion pour d\u00e9noncer, sans langue de bois, quelques aspects de la solitude sociale: vieillesse, pauvret\u00e9, alcoolisme, d\u00e9sespoir, itin\u00e9rance, perte d\u2019autonomie, etc. Par des sc\u00e8nes urbaines, la solitude se voit au quotidien.<\/p>\n<p style=\"text-align: justify;\">Ex\u00e9cut\u00e9es de fa\u00e7on r\u00e9aliste, dans un espace bien trait\u00e9, dans un propos bien compris, les oeuvres de Jean Potvin nous rappellent que certaines personnes sont plus seules que d\u2019autres et qu\u2019il est possible, au d\u00e9tour d\u2019une rue, d\u2019une ruelle ou d\u2019un parc de s\u2019attarder \u00e0 leur pr\u00e9sence au lieu de les ignorer. L\u2019artiste, connu pour son art engag\u00e9, pr\u00e9sente cette exposition dans le plus grand des respects pour ces gens, qui n\u2019ont pas toujours choisi leur solitude, crois\u00e9s \u00e0 Paris, Boston, New York, Ottawa, Montr\u00e9al, Magog, Sherbrooke, Qu\u00e9bec, Trois-Rivi\u00e8res, etc.<\/p>\n<p><em>Qu\u00e9bec &#8211; 12 mars 2017 <\/em><\/p>\n<\/div><\/div><style type=\"text\/css\">.fusion-body .fusion-builder-column-1{width:50% !important;margin-top : 0px;margin-bottom : 20px;}.fusion-builder-column-1 > .fusion-column-wrapper {padding-top : 0px !important;padding-right : 0px !important;margin-right : 3.84%;padding-bottom : 0px !important;padding-left : 0px !important;margin-left : 3.84%;}@media only screen and (max-width:1024px) {.fusion-body .fusion-builder-column-1{width:100% !important;order : 0;}.fusion-builder-column-1 > .fusion-column-wrapper {margin-right : 1.92%;margin-left : 1.92%;}}@media only screen and (max-width:640px) {.fusion-body .fusion-builder-column-1{width:100% !important;order : 0;}.fusion-builder-column-1 > .fusion-column-wrapper {margin-right : 1.92%;margin-left : 1.92%;}}<\/style><\/div><\/div><style type=\"text\/css\">.fusion-body .fusion-flex-container.fusion-builder-row-1{ padding-top : 0px;margin-top : 0px;padding-right : 0px;padding-bottom : 0px;margin-bottom : 0px;padding-left : 0px;}<\/style><\/div>\n","protected":false},"excerpt":{"rendered":"","protected":false},"author":1,"featured_media":0,"parent":1687,"menu_order":2,"comment_status":"open","ping_status":"open","template":"","meta":[],"_links":{"self":[{"href":"https:\/\/artzoomconnection.com\/jeanpotvin\/wp-json\/wp\/v2\/pages\/1642"}],"collection":[{"href":"https:\/\/artzoomconnection.com\/jeanpotvin\/wp-json\/wp\/v2\/pages"}],"about":[{"href":"https:\/\/artzoomconnection.com\/jeanpotvin\/wp-json\/wp\/v2\/types\/page"}],"author":[{"embeddable":true,"href":"https:\/\/artzoomconnection.com\/jeanpotvin\/wp-json\/wp\/v2\/users\/1"}],"replies":[{"embeddable":true,"href":"https:\/\/artzoomconnection.com\/jeanpotvin\/wp-json\/wp\/v2\/comments?post=1642"}],"version-history":[{"count":16,"href":"https:\/\/artzoomconnection.com\/jeanpotvin\/wp-json\/wp\/v2\/pages\/1642\/revisions"}],"predecessor-version":[{"id":5223,"href":"https:\/\/artzoomconnection.com\/jeanpotvin\/wp-json\/wp\/v2\/pages\/1642\/revisions\/5223"}],"up":[{"embeddable":true,"href":"https:\/\/artzoomconnection.com\/jeanpotvin\/wp-json\/wp\/v2\/pages\/1687"}],"wp:attachment":[{"href":"https:\/\/artzoomconnection.com\/jeanpotvin\/wp-json\/wp\/v2\/media?parent=1642"}],"curies":[{"name":"wp","href":"https:\/\/api.w.org\/{rel}","templated":true}]}}