
{"id":1643,"date":"2009-11-16T23:44:16","date_gmt":"2009-11-17T04:44:16","guid":{"rendered":"http:\/\/www.artzoom.org\/members\/wordpress\/?page_id=31"},"modified":"2023-04-18T10:31:19","modified_gmt":"2023-04-18T09:31:19","slug":"entrevue","status":"publish","type":"page","link":"https:\/\/artzoomconnection.com\/jeanpotvin\/presse\/entrevue\/","title":{"rendered":"ENTREVUE"},"content":{"rendered":"<div class=\"fusion-fullwidth fullwidth-box fusion-builder-row-1 fusion-flex-container nonhundred-percent-fullwidth non-hundred-percent-height-scrolling\" style=\"background-color: rgba(255,255,255,0);background-position: center center;background-repeat: no-repeat;border-width: 0px 0px 0px 0px;border-color:#eae9e9;border-style:solid;\" ><div class=\"fusion-builder-row fusion-row fusion-flex-align-items-flex-start\" style=\"max-width:1144px;margin-left: calc(-4% \/ 2 );margin-right: calc(-4% \/ 2 );\"><div class=\"fusion-layout-column fusion_builder_column fusion-builder-column-0 fusion_builder_column_1_2 1_2 fusion-flex-column\"><div class=\"fusion-column-wrapper fusion-flex-justify-content-flex-start fusion-content-layout-column\" style=\"background-position:left top;background-repeat:no-repeat;-webkit-background-size:cover;-moz-background-size:cover;-o-background-size:cover;background-size:cover;padding: 0px 0px 0px 0px;\"><div class=\"fusion-text fusion-text-1\"><p><img decoding=\"async\" class=\"aligncenter size-full wp-image-5219\" src=\"http:\/\/artzoomconnection.com\/jeanpotvin\/wp-content\/uploads\/71161F32-7C69-4C50-B147-34032B34B0AB.jpeg\" alt=\"\" width=\"1280\" height=\"960\" srcset=\"https:\/\/artzoomconnection.com\/jeanpotvin\/wp-content\/uploads\/71161F32-7C69-4C50-B147-34032B34B0AB-200x150.jpeg 200w, https:\/\/artzoomconnection.com\/jeanpotvin\/wp-content\/uploads\/71161F32-7C69-4C50-B147-34032B34B0AB-300x225.jpeg 300w, https:\/\/artzoomconnection.com\/jeanpotvin\/wp-content\/uploads\/71161F32-7C69-4C50-B147-34032B34B0AB-400x300.jpeg 400w, https:\/\/artzoomconnection.com\/jeanpotvin\/wp-content\/uploads\/71161F32-7C69-4C50-B147-34032B34B0AB-600x450.jpeg 600w, https:\/\/artzoomconnection.com\/jeanpotvin\/wp-content\/uploads\/71161F32-7C69-4C50-B147-34032B34B0AB-768x576.jpeg 768w, https:\/\/artzoomconnection.com\/jeanpotvin\/wp-content\/uploads\/71161F32-7C69-4C50-B147-34032B34B0AB-800x600.jpeg 800w, https:\/\/artzoomconnection.com\/jeanpotvin\/wp-content\/uploads\/71161F32-7C69-4C50-B147-34032B34B0AB-1024x768.jpeg 1024w, https:\/\/artzoomconnection.com\/jeanpotvin\/wp-content\/uploads\/71161F32-7C69-4C50-B147-34032B34B0AB-1200x900.jpeg 1200w, https:\/\/artzoomconnection.com\/jeanpotvin\/wp-content\/uploads\/71161F32-7C69-4C50-B147-34032B34B0AB.jpeg 1280w\" sizes=\"(max-width: 1280px) 100vw, 1280px\" \/><\/p>\n<\/div><\/div><style type=\"text\/css\">.fusion-body .fusion-builder-column-0{width:50% !important;margin-top : 0px;margin-bottom : 20px;}.fusion-builder-column-0 > .fusion-column-wrapper {padding-top : 0px !important;padding-right : 0px !important;margin-right : 3.84%;padding-bottom : 0px !important;padding-left : 0px !important;margin-left : 3.84%;}@media only screen and (max-width:1024px) {.fusion-body .fusion-builder-column-0{width:100% !important;order : 0;}.fusion-builder-column-0 > .fusion-column-wrapper {margin-right : 1.92%;margin-left : 1.92%;}}@media only screen and (max-width:640px) {.fusion-body .fusion-builder-column-0{width:100% !important;order : 0;}.fusion-builder-column-0 > .fusion-column-wrapper {margin-right : 1.92%;margin-left : 1.92%;}}<\/style><\/div><div class=\"fusion-layout-column fusion_builder_column fusion-builder-column-1 fusion_builder_column_1_2 1_2 fusion-flex-column\"><div class=\"fusion-column-wrapper fusion-flex-justify-content-flex-start fusion-content-layout-column\" style=\"background-position:left top;background-repeat:no-repeat;-webkit-background-size:cover;-moz-background-size:cover;-o-background-size:cover;background-size:cover;padding: 0px 0px 0px 0px;\"><div class=\"fusion-text fusion-text-2\"><p style=\"text-align: justify;\">Entrevue r\u00e9alis\u00e9e par <a href=\"http:\/\/www.helenecaroline.com\" target=\"_blank\" rel=\"noopener\">HeleneCaroline Fournier<\/a>, experte en art et th\u00e9oricienne de l\u2019art, pour le compte du <a href=\"http:\/\/www.artzoom.org\" target=\"_blank\" rel=\"noopener\">CIAAZ<\/a>, avec Jean Potvin, artiste de Qu\u00e9bec, ce 7 mars 2017.<\/p>\n<h4>ENTREVUE AVEC JEAN POTVIN<\/h4>\n<p style=\"text-align: justify;\"><span style=\"color: #993300;\"><strong>ArtZoom :<\/strong> Est-ce que vous pensez que l\u2019art visuel est en perp\u00e9tuelle \u00e9volution? Avec votre exp\u00e9rience, avec ce que vous avez vu, v\u00e9cu et\/ou entendu, en tant qu\u2019artiste, pensez-vous que l\u2019art visuel restera \u00abtraditionnel\u00bb ou si vous pensez que l\u2019art visuel penchera de plus en plus avec la technologie ? Jusqu\u2019o\u00f9 ira la pr\u00e9sence technologique dans l&rsquo;art ? Jusqu\u2019o\u00f9 pourrait-on dire \u00abceci reste de l\u2019art\u00bb? Y aura-t-il un moment o\u00f9 l\u2019art sera d\u00e9natur\u00e9 au profit de la performance informatique, selon vous?<\/span><\/p>\n<p style=\"text-align: justify;\"><strong>Jean Potvin :<\/strong> L&rsquo;art actuel est en perp\u00e9tuelle \u00e9volution mais, malheureusement, pas n\u00e9cessairement dans le sens uniquement de l\u2019intelligence et de l\u2019imagination humaine comme dans le pass\u00e9. L\u2019\u00e9volution actuelle est peut-\u00eatre trop souvent reli\u00e9e aux technologies informatiques relativement faciles d\u2019utilisation pour qui en apprend la manipulation. Ce qui n\u2019est pas n\u00e9cessairement un mauvais outil en soi, si utilis\u00e9 de fa\u00e7on raisonnable.<\/p>\n<p style=\"text-align: justify;\">Mais, est-ce possible que le c\u00f4t\u00e9 \u00abutilisation\u00bb technologique \u00e9limine quelque peu la d\u00e9brouillardise et la dext\u00e9rit\u00e9 reli\u00e9es \u00e0 la qualit\u00e9 intrins\u00e8que d\u2019une oeuvre inh\u00e9rente au talent de l\u2019artiste ? L\u2019utilisation \u00e0 outrance de la technologie pour cr\u00e9er une ou des oeuvres avec de bons logiciels \u00abcr\u00e9atifs\u00bb peut certainement donner quelque chose d\u2019extraordinaire mais est-ce de l\u2019art ? Est-ce le logiciel sophistiqu\u00e9 ou l\u2019artiste le v\u00e9ritable cr\u00e9ateur ? L\u2019art est, selon moi, d\u00e9j\u00e0 d\u00e9natur\u00e9 par la capacit\u00e9 de cr\u00e9ation de certains logiciels\u2026<\/p>\n<p style=\"text-align: justify;\">\u00c0 chaque si\u00e8cle sa technologie. Peut-on interdire le marteau pilon \u00e0 compresseur au forgeron d\u2019art ? Peut-on interdire la d\u00e9coupeuse laser \u00e0 l\u2019artisan du m\u00e9tal ? Peut-on interdire un logiciel tel Photoshop \u00e0 l\u2019artiste en art visuel ? Certainement non. Cependant, aussi sophistiqu\u00e9 qu\u2019il puisse \u00eatre \u00abl\u2019outil\u00bb ne doit pas devenir plus cr\u00e9atif que celui qui l\u2019utilise. Certains logiciels y parviennent en cr\u00e9ant de fa\u00e7on al\u00e9atoire des figures ou oeuvres abstraites.<\/p>\n<p style=\"text-align: justify;\">Oui actuellement dans bien des cas, malheureusement, l\u2019art est d\u00e9natur\u00e9 au profit de la performance informatique car, particuli\u00e8rement en art visuel, certains logiciels peuvent faire transpara\u00eetre de l\u2019art o\u00f9 il n\u2019y en a pas. Alors dire \u00abceci est de l\u2019art\u00bb sera de plus en plus difficile \u00e0 \u00e9valuer en raison de l\u2019intelligence artificielle de certains logiciels.<\/p>\n<p style=\"text-align: justify;\"><span style=\"color: #993300;\"><strong>ArtZoom :<\/strong> On dit souvent que les artistes sont des \u00eatres solitaires, qu\u2019ils sont \u00abseuls\u00bb, que ce sont des individus \u00ab diff\u00e9rents des autres \u00bb, \u00eates-vous de cet avis? Vous sentez-vous seul(e)? \u00cates-vous fondamentalement solitaire? Ou avez-vous besoin de vous entourer de gens pour cr\u00e9er?<\/span><\/p>\n<p style=\"text-align: justify;\"><strong>Jean Potvin :<\/strong> Pour cr\u00e9er il faut r\u00e9fl\u00e9chir, se concentrer, se questionner et remettre en question la perception des \u00eatres, des objets, des lieux et des \u00e9v\u00e8nements qui entourent et interpellent l\u2019artiste. Donc, effectivement, la solitude plus ou moins fr\u00e9quente est n\u00e9cessaire. Un artiste, m\u00eame lorsqu\u2019il est solitaire, parce qu\u2019il est dans son monde int\u00e9rieur, n\u2019a pas n\u00e9cessairement le sentiment d\u2019\u00eatre seul.<\/p>\n<p style=\"text-align: justify;\">Comment cr\u00e9er sans \u00eatre fondamentalement solitaire \u00e0 certaines p\u00e9riodes o\u00f9 il est n\u00e9cessaire de mettre les \u00e9l\u00e9ments en place pour obtenir une finalit\u00e9 qui est l\u2019\u0153uvre ? Particuli\u00e8rement en art visuel, j\u2019ai toujours \u00e9t\u00e9 \u00e9bahi d\u2019entendre des gens dire qu\u2019il leur \u00e9tait n\u00e9cessaire d\u2019avoir des gens autour d\u2019eux pour cr\u00e9er.<\/p>\n<p style=\"text-align: justify;\"><span style=\"color: #993300;\"><strong>ArtZoom :<\/strong> Quelle est votre source d\u2019inspiration? Et que faites-vous pour conserver votre motivation \u00e0 cr\u00e9er ?<\/span><\/p>\n<p style=\"text-align: justify;\"><strong>Jean Potvin :<\/strong> Tout peut \u00eatre une source d\u2019inspiration. La nature changeante des paysages, le comportement des animaux et des gens, m\u00eame une pens\u00e9e exprim\u00e9e de fa\u00e7on semblant anodine. Pour cr\u00e9er, l\u2019artiste ne parle pas de motivation de cr\u00e9er mais de besoin de cr\u00e9er. Cr\u00e9er est une drogue douce et il peut y avoir occasionnellement une p\u00e9riode de latence. Mais ce besoin de cr\u00e9er est toujours pr\u00e9sent chez le v\u00e9ritable artiste. Il refait invariablement surface et n\u00e9cessite de se remettre \u00e0 nouveau \u00e0 l\u2019oeuvre.<\/p>\n<p style=\"text-align: justify;\"><span style=\"color: #993300;\"><strong>ArtZoom :<\/strong> Est-ce que votre famille a \u00e9t\u00e9 solidaire de votre d\u00e9cision de \u00ab devenir \u00bb artiste ou si elle vous a d\u00e9courag\u00e9 en disant que c\u2019\u00e9tait difficile d\u2019en vivre? Comment s\u2019est fait cette d\u00e9cision de devenir artiste professionnel(le)? Quelle a \u00e9t\u00e9 la r\u00e9action de votre famille \u00e0 l&rsquo;\u00e9poque ? Quelle est la r\u00e9action de votre famille aujourd&rsquo;hui ?<\/span><\/p>\n<p style=\"text-align: justify;\"><strong>Jean Potvin :<\/strong> Aucune r\u00e9action familiale de solidarit\u00e9 n\u2019est n\u00e9cessaire pour devenir artiste. Peu importe, j\u2019ai toujours consid\u00e9r\u00e9 qu\u2019on ne devient pas artiste mais qu\u2019on na\u00eet artiste. Le talent et le besoin de cr\u00e9er sous diff\u00e9rente forme s\u2019affirme relativement d\u00e8s le jeune \u00e2ge et s\u2019accentue au fil des ans. Les proches, famille et amis, consid\u00e8rent alors g\u00e9n\u00e9ralement ce besoin cr\u00e9atif comme naturel. Ils consid\u00e8rent le fait comme une chose allant de soi, commentent et appr\u00e9cient tout ce qui en ressort selon chacun leur perception.<\/p>\n<p style=\"text-align: justify;\"><span style=\"color: #993300;\"><strong>ArtZoom :<\/strong> A quel moment vous \u00eates-vous int\u00e9ress\u00e9(e) \u00e0 l\u2019art? Lorsque vous \u00e9tiez enfant ou une fois adulte?<\/span><\/p>\n<p style=\"text-align: justify;\"><strong>Jean Potvin:<\/strong> Comme je l\u2019ai ant\u00e9rieurement mentionn\u00e9, j\u2019ai toujours consid\u00e9r\u00e9 qu\u2019on ne devient pas artiste mais qu\u2019on na\u00eet artiste. Donc celui qui a un tel temp\u00e9rament artistique s\u2019int\u00e9resse forc\u00e9ment au domaine d\u00e8s son jeune \u00e2ge sans n\u00e9cessairement cr\u00e9er constamment. La fr\u00e9quentation des galeries d\u2019art et des mus\u00e9es l\u2019attire ainsi que les livres sur le sujet. Et cet int\u00e9r\u00eat se continue, au fil des ans, et se concr\u00e9tise g\u00e9n\u00e9ralement dans un domaine particulier.<\/p>\n<p style=\"text-align: justify;\"><span style=\"color: #993300;\"><strong>ArtZoom :<\/strong> Quels ont \u00e9t\u00e9 les obstacles majeurs que vous avez rencontr\u00e9s au cours de votre carri\u00e8re? Pensez-vous que tous les artistes passent par les m\u00eames obstacles? Ou si vous pensez que chaque artiste a ses \u00ab propres \u00bb obstacles?<\/span><\/p>\n<p style=\"text-align: justify;\"><strong>Jean Potvin :<\/strong> Il faut penser que peu d\u2019artistes peuvent vivre d\u00e9cemment de l\u2019art visuel particuli\u00e8rement au Qu\u00e9bec. Il ne faut pas se le cacher, encore aujourd\u2019hui, h\u00e9las, peu de gens ont la culture \u00abn\u00e9cessaire\u00bb et les connaissances pour appr\u00e9cier l\u2019art comme il se doit. Les choses \u00e9voluent, mais tr\u00e8s lentement. M\u00eame qu\u2019actuellement, on semble en perte de vitesse \u00e0 ce sujet.<\/p>\n<p style=\"text-align: justify;\">Mais, nonobstant ce fait, chaque artiste rencontre n\u00e9cessairement aussi des obstacles qui lui sont propres. Par contre, le premier obstacle habituel \u00e0 chacun est g\u00e9n\u00e9ralement le besoin d\u2019une carri\u00e8re en parall\u00e8le pour apporter un revenu pour vivre d\u00e9cemment.<\/p>\n<p style=\"text-align: justify;\">Aussi, les artistes sont confront\u00e9s au peu de connaissance des gens sur leur travail, le peu d\u2019ouverture des galeristes qui se concentrent sur un groupe restreint d\u2019artistes reconnus comme faisant de l\u2019art \u00abcommercial\u00bb, les pourcentages ind\u00e9cents souvent pr\u00e9lev\u00e9s sur les ventes, le peu de publicit\u00e9 lors d\u2019\u00e9v\u00e8nement, etc.<\/p>\n<p style=\"text-align: justify;\"><span style=\"color: #993300;\"><strong>ArtZoom :<\/strong> Quel est le souvenir le plus heureux de l\u2019une de vos expositions gardez-vous en sou-venir? Quel serait le souvenir le plus malheureux ?<\/span><\/p>\n<p style=\"text-align: justify;\"><strong>Jean Potvin:<\/strong> Apr\u00e8s de nombreuses ann\u00e9es dans le domaine des arts visuels, les souvenirs les plus heureux sont faciles \u00e0 \u00e9num\u00e9rer: Les bonnes ann\u00e9es au cours desquelles le march\u00e9 \u00e9tait meilleur. Les ventes r\u00e9guli\u00e8res de plusieurs tableaux au fil des mois en galerie et aussi lors des vernissages. Voir des gens d\u00e9couvrir tout \u00e0 coup l\u2019art et s\u2019informer avec int\u00e9r\u00eat sur le travail que n\u00e9cessite la r\u00e9alisation d\u2019une oeuvre. Voir de jeunes enfants visiter les galeries d\u2019art et les mus\u00e9es avec leurs parents et\/ou professeurs et poser de nombreuses questions sur l\u2019art.<\/p>\n<p style=\"text-align: justify;\">Les souvenirs les plus malheureux sont: de voir dans les derni\u00e8res ann\u00e9es d\u2019excellentes galeries d\u2019art, dont les galeristes \u00e9taient de v\u00e9ritables connaisseurs, fermer leur porte par manque de clients. Aussi, voir de nouvelles galeries \u00e9merger avec des propri\u00e9taires s\u2019improvisant connaisseurs devenir galeristes sans de r\u00e9elles connaissances en art et se donner le droit de commenter les oeuvres de fa\u00e7on parfois cavali\u00e8re\u2026<\/p>\n<p style=\"text-align: justify;\">\u00c9galement, parmi les choses malheureusement constat\u00e9es, voir certains artistes diluer leurs oeuvres en reproductions de toutes sortes: sur gicl\u00e9es, cartes de souhaits, photocopies, signets et autres supports communs allant presque jusqu\u2019\u00e0 la reproduction sur papier hygi\u00e9nique. Ils pensent donner plus de valeur \u00e0 leur production, avoir ainsi plus de diffusion et augmenter leurs revenus ce qui est malheureusement faux.<\/p>\n<p style=\"text-align: justify;\"><span style=\"color: #993300;\"><strong>ArtZoom :<\/strong> Qu\u2019est ce qu\u2019il faudrait am\u00e9liorer dans le domaine des arts visuels, au niveau professionnel, selon vous pour am\u00e9liorer la qualit\u00e9 de vie des artistes professionnels ?<\/span><\/p>\n<p style=\"text-align: justify;\"><strong>Jean Potvin:<\/strong> Ce qu\u2019il faudrait am\u00e9liorer dans le domaine: La diffusion des connaissance en art, l\u2019ouverture d\u2019esprit des gens face aux oeuvres pr\u00e9sent\u00e9es, l\u2019accessibilit\u00e9 pour les artistes \u00e0 plus de lieux d\u2019expositions. Aussi, faire comprendre \u00e0 nos \u00e9lus qu\u2019il faudrait cesser de fermer des galeries publiques dans les biblioth\u00e8ques. Beaucoup de gens ont d\u00e9couvert les arts visuels en visitant les galeries int\u00e9gr\u00e9es aux biblioth\u00e8ques et non simplement en raison de quelques oeuvres accroch\u00e9es au mur du fond.<\/p>\n<p style=\"text-align: justify;\">Autres choses \u00e0 am\u00e9liorer : que les gouvernements f\u00e9d\u00e9ral, provincial et municipal cessent de nommer des \u00e9lus qui ne connaissent rien aux arts. Ils nomment des incomp\u00e9tents responsables de ce secteur en se disant qu\u2019il faut les r\u00e9compenser pour service rendu dans un secteur, tel que les arts, o\u00f9 ils seront moins \u00e0 risque de manques de jugement qui serait politiquement co\u00fbteux.<\/p>\n<p style=\"text-align: justify;\"><span style=\"color: #993300;\"><strong>ArtZoom :<\/strong> Si vous aviez un conseil \u00e0 donner \u00e0 un(e) jeune artiste qui d\u00e9sire se lancer dans le domaine, quel conseil lui donneriez-vous?<\/span><\/p>\n<p style=\"text-align: justify;\"><strong>Jean Potvin :<\/strong> Les meilleurs conseils \u00e0 donner \u00e0 un jeune artiste qui se lance dans le domaine pourraient \u00eatre: consid\u00e9rer que peu d\u2019artistes vivent exclusivement du revenu de leur art, et particuli\u00e8rement au Qu\u00e9bec. Alors \u00e0 moins d\u2019\u00eatre issu d\u2019une riche famille, de vivre d\u2019un h\u00e9ritage, de conna\u00eetre un g\u00e9n\u00e9reux m\u00e9c\u00e8ne, d\u2019un gain \u00e0 la loto, d\u2019un(e) conjoint(e) qui t\u2019apportera un revenu d\u2019appoint, ou d\u2019un travail r\u00e9gulier en parall\u00e8le, pr\u00e9pare-toi \u00e0 vivre assez pauvrement. Et m\u00eame en ayant un talent exceptionnel, surtout demeurer humble, car il y a toujours de meilleurs artistes que toi, m\u00eame si on encense ton travail et ton imagination.<\/p>\n<p style=\"text-align: justify;\">Aussi, r\u00e9alise des oeuvres sur des sujets de ton choix et si les gens les aiment tant mieux et s\u2019il les d\u00e9testent consid\u00e8re que c\u2019est leur probl\u00e8me pas le tien car tous ne peuvent aimer les oeuvres que tu r\u00e9aliseras. M\u00e9fie-toi des sp\u00e9cialistes de la critique qui n\u2019ont pour seul talent de d\u00e9nigrer par jalousie les oeuvres que tu cr\u00e9eras. Accepte seulement les critiques des gens qui ont des connaissances r\u00e9elles en art ou du talent reconnu dans le domaine et ayant fait leur preuve.<\/p>\n<p style=\"text-align: justify;\">Mais peu importe, fais la part des choses car il faut en prendre et en laisser car c\u2019est toujours toi qui d\u00e9cideras de t\u2019exprimer selon ton imagination, tes connaissances, ton talent et ton inspiration. Aussi, \u00e9vite les commentaires n\u00e9gatifs sur le travail de tes pairs et donne ton avis ou des conseils sur le travail d\u2019un artiste uniquement \u00e0 la demande de celui-ci.<\/p>\n<p style=\"text-align: justify;\"><span style=\"color: #993300;\"><strong>ArtZoom :<\/strong> Pensez-vous que l&rsquo;artiste contemporain doit obligatoirement exposer dans un autre pays pour obtenir une reconnaissance professionnelle dans son propre pays? L&rsquo;adage \u00ab\u00a0nul n&rsquo;est proph\u00e8te en son pays\u00a0\u00bb est-il vrai, selon vous ?<\/span><\/p>\n<p style=\"text-align: justify;\"><strong>Jean Potvin:<\/strong> Il est toujours vrai, autant dans le domaine des arts que dans tous les autres domaines que nul n\u2019est proph\u00e8te dans son pays. Malheureusement, sans \u00eatre une obligation d\u2019exposer dans un autre pays, \u00e7a semble grandement aider pour la reconnaissance. De bons exemples, pour n\u2019en nommer que quelque-uns: Jean-Paul Riopelle, Jean-Paul Lemieux ou Corno\u2026<\/p>\n<p style=\"text-align: justify;\">Lorsqu\u2019on parle d\u2019exposer dans un autre pays, nous ne parlons pas du petit monsieur ou de la petite dame qui expose une fois un tableau \u00e0 l\u2019\u00e9tranger et se vante \u00e0 l\u2019exc\u00e8s dans son CV \u00abd\u2019avoir \u00e9t\u00e9 reconnu(e) \u00e0 l\u2019international\u00bb mais d\u2019artistes ayant fait des solos \u00e0 l\u2019\u00e9tranger et d\u2019y avoir m\u00eame r\u00e9sid\u00e9 une certaine p\u00e9riode.<\/p>\n<p style=\"text-align: justify;\">En d\u00e9finitive, la vie d\u2019artiste n\u2019a jamais \u00e9t\u00e9 et ne sera jamais facile. Particuli\u00e8rement au Qu\u00e9bec, o\u00f9 la culture semble encore malheureusement et curieusement qu\u2019\u00e0 un stade de d\u00e9veloppement. Il y a encore des galeries, j\u2019en ai moi-m\u00eame entendu, o\u00f9 le galeriste recommande aux clients \u00abachetez des peintres morts c\u2019est plus rentable \u00e0 long terme\u00bb.<\/p>\n<p style=\"text-align: justify;\">Et il y a aussi encore des visiteurs lors des vernissages pour dire \u00abvous avez fait des beaux cadres\u00bb. Soyons patients, nous partons de loin et nous devrons aller encore plus loin car, au Qu\u00e9bec, et, particuli\u00e8rement \u00e0 Qu\u00e9bec, le sport pr\u00e9vaut sur la culture et les \u00e9lus prouvent r\u00e9guli\u00e8rement qu\u2019ils ne sont pas des amateurs d\u2019art.<\/p>\n<\/div><\/div><style type=\"text\/css\">.fusion-body .fusion-builder-column-1{width:50% !important;margin-top : 0px;margin-bottom : 0px;}.fusion-builder-column-1 > .fusion-column-wrapper {padding-top : 0px !important;padding-right : 0px !important;margin-right : 3.84%;padding-bottom : 0px !important;padding-left : 0px !important;margin-left : 3.84%;}@media only screen and (max-width:1024px) {.fusion-body .fusion-builder-column-1{width:100% !important;}.fusion-builder-column-1 > .fusion-column-wrapper {margin-right : 1.92%;margin-left : 1.92%;}}@media only screen and (max-width:640px) {.fusion-body .fusion-builder-column-1{width:100% !important;}.fusion-builder-column-1 > .fusion-column-wrapper {margin-right : 1.92%;margin-left : 1.92%;}}<\/style><\/div><\/div><style type=\"text\/css\">.fusion-body .fusion-flex-container.fusion-builder-row-1{ padding-top : 0px;margin-top : 0px;padding-right : 0px;padding-bottom : 0px;margin-bottom : 0px;padding-left : 0px;}<\/style><\/div>\n","protected":false},"excerpt":{"rendered":"","protected":false},"author":1,"featured_media":0,"parent":1687,"menu_order":1,"comment_status":"closed","ping_status":"closed","template":"","meta":[],"_links":{"self":[{"href":"https:\/\/artzoomconnection.com\/jeanpotvin\/wp-json\/wp\/v2\/pages\/1643"}],"collection":[{"href":"https:\/\/artzoomconnection.com\/jeanpotvin\/wp-json\/wp\/v2\/pages"}],"about":[{"href":"https:\/\/artzoomconnection.com\/jeanpotvin\/wp-json\/wp\/v2\/types\/page"}],"author":[{"embeddable":true,"href":"https:\/\/artzoomconnection.com\/jeanpotvin\/wp-json\/wp\/v2\/users\/1"}],"replies":[{"embeddable":true,"href":"https:\/\/artzoomconnection.com\/jeanpotvin\/wp-json\/wp\/v2\/comments?post=1643"}],"version-history":[{"count":26,"href":"https:\/\/artzoomconnection.com\/jeanpotvin\/wp-json\/wp\/v2\/pages\/1643\/revisions"}],"predecessor-version":[{"id":5220,"href":"https:\/\/artzoomconnection.com\/jeanpotvin\/wp-json\/wp\/v2\/pages\/1643\/revisions\/5220"}],"up":[{"embeddable":true,"href":"https:\/\/artzoomconnection.com\/jeanpotvin\/wp-json\/wp\/v2\/pages\/1687"}],"wp:attachment":[{"href":"https:\/\/artzoomconnection.com\/jeanpotvin\/wp-json\/wp\/v2\/media?parent=1643"}],"curies":[{"name":"wp","href":"https:\/\/api.w.org\/{rel}","templated":true}]}}