
{"id":2596,"date":"2018-08-28T08:01:10","date_gmt":"2018-08-28T07:01:10","guid":{"rendered":"http:\/\/artzoomconnection.com\/jeanpotvin\/?page_id=2596"},"modified":"2023-01-29T20:18:37","modified_gmt":"2023-01-29T19:18:37","slug":"politique-de-confidentialite","status":"publish","type":"page","link":"https:\/\/artzoomconnection.com\/jeanpotvin\/politique-de-confidentialite\/","title":{"rendered":"Politique de confidentialit\u00e9"},"content":{"rendered":"<p>Qui sommes-nous ?<br \/>\nL\u2019adresse de notre site Web est : http:\/\/artzoomconnection.com\/jeanpotvin<\/p>\n<a href=\"#\" class=\"_brlbs-btn-cookie-preference borlabs-cookie-preference\">Changer mon consentement<\/a>\n<p>Est-ce que nous utilisons des cookies ?<br \/>\nOui les cookies utilis\u00e9s sur notre site sont PHPSESSID et stockage local: ces cookies permettent la gestion de sessions. Il sont conserv\u00e9s pour PHPSESSID le temps de votre connexion \u00e0 la session et pour \u00ab\u00a0stockage local\u00a0\u00bb sans limite de dur\u00e9e de vie.<\/p>\n<p>D\u00e9sactiver les cookies<br \/>\nDans les diff\u00e9rents navigateurs internet que vous utilisez, vous pouvez les d\u00e9sactiver dans l&rsquo;onglet \u00ab\u00a0Pr\u00e9f\u00e9rences\u00a0\u00bb ou \u00ab\u00a0Param\u00e8tres\u00a0\u00bb suivant le type de navigateur internet utilis\u00e9, vous pouvez choisir de bloquer les cookies.<\/p>\n<p>Consentement<br \/>\nEn utilisant notre site, vous consentez \u00e0 notre politique de confidentialit\u00e9.<\/p>\n","protected":false},"excerpt":{"rendered":"<p>Qui sommes-nous ? L\u2019adresse de notre site Web est : [&hellip;]<\/p>\n","protected":false},"author":1,"featured_media":0,"parent":0,"menu_order":0,"comment_status":"closed","ping_status":"closed","template":"","meta":[],"_links":{"self":[{"href":"https:\/\/artzoomconnection.com\/jeanpotvin\/wp-json\/wp\/v2\/pages\/2596"}],"collection":[{"href":"https:\/\/artzoomconnection.com\/jeanpotvin\/wp-json\/wp\/v2\/pages"}],"about":[{"href":"https:\/\/artzoomconnection.com\/jeanpotvin\/wp-json\/wp\/v2\/types\/page"}],"author":[{"embeddable":true,"href":"https:\/\/artzoomconnection.com\/jeanpotvin\/wp-json\/wp\/v2\/users\/1"}],"replies":[{"embeddable":true,"href":"https:\/\/artzoomconnection.com\/jeanpotvin\/wp-json\/wp\/v2\/comments?post=2596"}],"version-history":[{"count":2,"href":"https:\/\/artzoomconnection.com\/jeanpotvin\/wp-json\/wp\/v2\/pages\/2596\/revisions"}],"predecessor-version":[{"id":2741,"href":"https:\/\/artzoomconnection.com\/jeanpotvin\/wp-json\/wp\/v2\/pages\/2596\/revisions\/2741"}],"wp:attachment":[{"href":"https:\/\/artzoomconnection.com\/jeanpotvin\/wp-json\/wp\/v2\/media?parent=2596"}],"curies":[{"name":"wp","href":"https:\/\/api.w.org\/{rel}","templated":true}]}}