
{"id":5209,"date":"2023-04-18T10:25:52","date_gmt":"2023-04-18T09:25:52","guid":{"rendered":"http:\/\/artzoomconnection.com\/jeanpotvin\/?page_id=5209"},"modified":"2023-04-18T10:26:46","modified_gmt":"2023-04-18T09:26:46","slug":"atelier","status":"publish","type":"page","link":"https:\/\/artzoomconnection.com\/jeanpotvin\/presentation\/atelier\/","title":{"rendered":"ATELIER"},"content":{"rendered":"<div class=\"fusion-fullwidth fullwidth-box fusion-builder-row-1 fusion-flex-container has-pattern-background has-mask-background nonhundred-percent-fullwidth non-hundred-percent-height-scrolling\" style=\"background-color: rgba(255,255,255,0);background-position: center center;background-repeat: no-repeat;border-width: 0px 0px 0px 0px;border-color:#eae9e9;border-style:solid;\" ><div class=\"fusion-builder-row fusion-row fusion-flex-align-items-flex-start\" style=\"max-width:1144px;margin-left: calc(-4% \/ 2 );margin-right: calc(-4% \/ 2 );\"><div class=\"fusion-layout-column fusion_builder_column fusion-builder-column-0 fusion_builder_column_1_2 1_2 fusion-flex-column\"><div class=\"fusion-column-wrapper fusion-flex-justify-content-flex-start fusion-content-layout-column\" style=\"background-position:left top;background-repeat:no-repeat;-webkit-background-size:cover;-moz-background-size:cover;-o-background-size:cover;background-size:cover;padding: 0px 0px 0px 0px;\"><div class=\"fusion-text fusion-text-1\"><p style=\"text-align: justify;\">L\u2019atelier de Jean Potvin se situe au coeur de la Haute-Ville de Qu\u00e9bec. Il est le prolongement de son appartement. Il mesure environ 10\u2019 x 12\u2019 pieds (3,05 x 3,65 m). C\u2019est un espace qui est suffisamment spacieux pour ses besoins. \u00ab<em>Je n\u2019ai pas l\u2019intention d\u2019agrandir mon atelier, c\u2019est tr\u00e8s suffisant depuis des ann\u00e9es, pour les diff\u00e9rents travaux de peinture, sculpture et autres occupations auxquelles je m\u2019adonne.<\/em>\u00bb Parmi lesquelles, il faut mentionner le dessin, puisque l\u2019artiste est dessinateur industriel, la peinture tous supports, le bricolage en tout genre, le travail de vitrail, la sculpture, etc. Jean Potvin est un artiste plasticien qui s\u2019int\u00e9resse \u00e0 tout.<\/p>\n<p style=\"text-align: justify;\">\u00ab<em>Mon environnement de travail n\u2019influence pas mon travail artistique. \u00c0 mes d\u00e9buts, en 1972, je n\u2019avais pas d\u2019atelier, mais simplement un coin dans la salle \u00e0 d\u00eener pour mon chevalet et ma chaise. Et, pourtant, j\u2019\u00e9tais alors aussi productif qu\u2019avec mon atelier actuel, confortable, d\u00e9di\u00e9 principalement \u00e0 la peinture et mes autres activit\u00e9s.<\/em>\u00bb L\u2019atelier ne fait donc pas l\u2019artiste, en ce qui concerne cet homme, qui a longtemps \u00e9t\u00e9 tr\u00e8s engag\u00e9 dans la vie culturelle et artistique de sa ville. Aujourd\u2019hui, son engagement se retrouve au coeur de son travail pictural qui traite de sujets d\u2019actualit\u00e9 qui ne laissent personne indiff\u00e9rent.<\/p>\n<p style=\"text-align: justify;\">Dans son atelier, l\u2019artiste travaille \u00e0 la lumi\u00e8re naturelle tout autant qu\u2019artificielle. \u00ab<em>Cela d\u00e9pend des heures.<\/em>\u00bb La lumi\u00e8re naturelle est excellente dans son atelier, mais selon l\u2019heure du jour, la lumi\u00e8re artificielle est aussi n\u00e9cessaire. \u00ab<em>J\u2019aime un \u00e9clairage intense pour les d\u00e9tails fr\u00e9quents dans mes tableaux.<\/em>\u00bb<span class=\"Apple-converted-space\">\u00a0 <\/span>L\u2019artiste avoue que la luminosit\u00e9, naturelle ou non, n\u2019a aucune incidence sur ses couleurs. \u00ab<em>Mon atelier r\u00e9pond \u00e0 tous mes besoins depuis de nombreuses ann\u00e9es quel que soit le format de tableaux que je d\u00e9cide de cr\u00e9er.<\/em>\u00bb L\u2019espace en atelier n\u2019a pas non plus d\u2019incidence directe sur sa production. \u00ab<em>J\u2019ai suffisamment d\u2019espace, de tables de travail, de chevalets, de mat\u00e9riel et d\u2019outils pour tout type de peinture ou de travaux d\u2019artisanat pouvant me venir \u00e0 l\u2019esprit.<\/em>\u00bb Il trouve son bonheur dans le travail manuel et dans les arts plastiques dans cette pi\u00e8ce qui est un lieu secret. \u00ab<em>Il est surtout discret. C\u2019est un lieu de silence, un lieu intime, un refuge, un lieu rempli de musique, mais aucunement un lieu de rencontres.<\/em>\u00bb Dans son atelier, on y trouve un ordinateur, un syst\u00e8me de son et des outils de travail, autant pour la peinture que pour les travaux manuels. \u00ab<em>C\u2019est notre refuge confortable, autant pour mon chat Max que pour moi, et peu de gens y p\u00e9n\u00e8trent.<\/em>\u00bb<\/p>\n<p style=\"text-align: justify;\">Le temps consacr\u00e9 \u00e0 sa production est tr\u00e8s variable selon les saisons. \u00ab<em>Je dirais entre 40 et 80 heures par mois selon la saison, depuis plus de 50 ans cette ann\u00e9e (en 2023).<\/em>\u00bb L\u2019artiste a d\u2019autres activit\u00e9s qui le tiennent occup\u00e9. \u00ab<em>J\u2019ai des activit\u00e9s r\u00e9guli\u00e8res telles que: le sport, le cin\u00e9ma, la lecture, la t\u00e9l\u00e9vision, le magasinage, la marche, la rencontre entre amis, etc.<\/em>\u00bb Pour Jean Potvin, les activit\u00e9s sociales ont une grande importance pour son \u00e9quilibre int\u00e9rieure, tout comme le fait de rester actif physiquement. \u00ab<em>Il n\u2019y a pas que la peinture qui est n\u00e9cessaire dans la vie normale d\u2019un artiste. Des activit\u00e9s diverses et une vie sociale active sont aussi tr\u00e8s importantes pour conserver un \u00e9quilibre.<\/em>\u00bb M\u00eame si peindre est vital pour lui, les id\u00e9es et les sujets lui viennent \u00e0 tout moment pendant l\u2019ann\u00e9e, mais s\u2019il fallait dire quelle est la saison la plus propice \u00e0 la cr\u00e9ativit\u00e9, l\u2019artiste penche en faveur de la saison froide. \u00ab<em>Je consid\u00e8re que l\u2019hiver est la saison la plus productive pour moi car je consacre un plus grand nombre d\u2019heures \u00e0 la peinture.<\/em>\u00bb<\/p>\n<p style=\"text-align: justify;\">L\u2019artiste n\u2019a aucun rituel ou c\u00e9r\u00e9monial particulier avant de peindre. \u00ab<em>Mon atelier est un prolongement de mon appartement, alors ce n\u2019est pas comme si mon atelier \u00e9tait \u00e0 l\u2019ext\u00e9rieur. D\u00e8s que j\u2019ai envie de peindre, ou qu\u2019une id\u00e9e de dessin me vient, je peux y acc\u00e9der le temps qu\u2019il faut, que ce soit le jour ou, parfois m\u00eame, tr\u00e8s tard le soir, pour \u00e9baucher un nouveau travail ou compl\u00e9ter un tableau.<\/em>\u00bb En entrant dans son atelier, il a toujours un bon vieux tablier de jeans, qui n\u2019a rien de symbolique \u00e0 ses yeux, mais qui a son utilit\u00e9. \u00ab<em>Je l\u2019utilise depuis de nombreuses ann\u00e9es. Il est d\u00e9cor\u00e9 de traces de peinture de toutes les couleurs.<\/em>\u00bb<\/p>\n<p style=\"text-align: justify;\">Et pour ce qui est de peindre ailleurs ? \u00ab<em>Je peux peindre ailleurs que dans mon atelier, et je l\u2019ai souvent fait, particuli\u00e8rement lors de symposiums.<\/em>\u00bb Cela lui importe peu de peindre ailleurs que chez lui, en autant d\u2019avoir l\u2019\u00e9quipement appropri\u00e9 qui puisse \u00eatre transportable. \u00ab<em>Pour un symposium, par exemple, j\u2019ai un bon chevalet-coffre ajustable, un si\u00e8ge pliable solide et confortable, un parasol d\u00e9montable et un sac \u00e0 dos contenant breuvage, nourriture, ainsi que quelques outils de d\u00e9pannage l\u00e9gers et utiles.<\/em>\u00bb Bien qu\u2019il puisse peindre en ext\u00e9rieur ou en int\u00e9rieur lors de symposium, lors de rencontres artistiques, Jean Potvin se sent quand m\u00eame plus confortable dans l\u2019intimit\u00e9 de son atelier. \u00ab<em>J\u2019aime particuli\u00e8rement travailler dans mon endroit personnel. Je pr\u00e9f\u00e8re \u00eatre seul pour la concentration dans le travail.\u00a0 Je ne dois pas \u00eatre le seul \u00e0 constater que les id\u00e9es et la cr\u00e9ation sont plus intenses dans le travail en solitaire.<\/em>\u00bb Ceci dit, l\u2019artiste est tout de m\u00eame \u00e0 l\u2019aise avec un public autour de lui, quand cela est n\u00e9cessaire. \u00ab<em>J\u2019ai particip\u00e9 \u00e0 de nombreux symposiums sans probl\u00e8me. J\u2019aime aussi partager et \u00e9changer avec les autres participants et le public. J\u2019ai \u00e9t\u00e9 membre et\/ou pr\u00e9sident et vice-pr\u00e9sident de deux soci\u00e9t\u00e9s artistiques, durant de nombreuses ann\u00e9es, et j\u2019organisais des symposiums auxquels je participais avec plaisir.<\/em>\u00bb Contrairement \u00e0 d\u2019autres artistes peintres, Jean Potvin n\u2019a cependant pas jug\u00e9 utile d\u2019ouvrir son atelier au grand public. \u00ab<em>Pour moi, l\u2019important, ce n\u2019est pas que les gens voient l\u2019atelier, ou ce qui se passe dans l\u2019atelier, c\u2019est surtout ce qui en sort. A titre d\u2019exemple, j\u2019ai d\u00e9j\u00e0 particip\u00e9 \u00e0 des jours d\u2019activit\u00e9s dits \u00ables ateliers ouverts\u00bb, il y a quelques ann\u00e9es, \u00e0 Qu\u00e9bec. J\u2019ai alors constat\u00e9 &#8211; et mes amis artistes aussi &#8211; que c\u2019\u00e9tait surtout des \u00abfouineurs\u00bb qui visitaient les ateliers et peu de r\u00e9els amateurs ou de vrais acheteurs.<\/em>\u00bb\u00a0 M\u00eame si, techniquement, <a href=\"mailto:courrieljeanpotvin@gmail.com?subject=prendre rendez-vous pour visiter l\u2019atelier\">la visite de l\u2019atelier est possible sur rendez-vous<\/a>, il n\u2019en demeure pas moins que l\u2019atelier est priv\u00e9. C\u2019est un lieu o\u00f9 bien peu de gens ont eu la chance d\u2019entrer.<\/p>\n<blockquote>\n<p>\u00ab\u00a0Peindre c\u2019est penser avec son pinceau\u00a0\u00bb\u00a0&#8211; Paul C\u00e9zanne<\/p>\n<\/blockquote>\n<p style=\"text-align: justify;\">\u00ab<em>J\u2019aime beaucoup une citation de Paul C\u00e9zanne. Celle-ci serait susceptible de me repr\u00e9senter. Il disait\u00a0: \u00abPeindre, c\u2019est penser avec son pinceau\u00bb. C\u2019est simple et \u00e7a dit tout ce qu\u2019est la peinture pour un artiste qui peint le \u00abr\u00e9alisme\u00bb car, pour moi, l\u2019art ou l\u2019artiste ne doit pas chercher \u00e0 id\u00e9aliser ou \u00e0 embellir le r\u00e9el, mais \u00e0 exprimer tout simplement d\u2019une mani\u00e8re personnelle la r\u00e9alit\u00e9 telle qu\u2019elle se pr\u00e9sente.<\/em>\u00bb<\/p>\n<p style=\"text-align: justify;\">Jean Potvin peint r\u00e9guli\u00e8rement depuis 1972. C\u2019est un artiste professionnel multidisciplinaire. Il a expos\u00e9 dans des galeries et dans divers endroits publics. Il a fait bon nombre d\u2019expositions personnelles et collectives. \u00ab<em>Dans le domaine des arts toutes les possibilit\u00e9s de montrer son travail sont tr\u00e8s importantes. Actuellement l\u2019Internet, l\u2019atelier, la galerie, l\u2019exposition, le bouche \u00e0 oreille sont d\u2019une grande importance et sont non n\u00e9gligeables. \u00c0 chaque artiste de choisir ce qui lui convient le mieux pour promouvoir son art.<\/em>\u00bb<\/p>\n<p style=\"text-align: justify;\">Dans le cas de Jean Potvin, ce qui importe, c\u2019est avant tout le travail et non le lieu o\u00f9 il a \u00e9t\u00e9 cr\u00e9\u00e9.<\/p>\n<p style=\"text-align: justify;\"><strong>SUR INTERNET<\/strong><br \/>\n<a href=\"http:\/\/www.artzoom.org\/jeanpotvin\" target=\"_blank\" rel=\"noopener noreferrer\">www.artzoom.org\/jeanpotvin<\/a><\/p>\n<\/div><\/div><style type=\"text\/css\">.fusion-body .fusion-builder-column-0{width:50% !important;margin-top : 0px;margin-bottom : 20px;}.fusion-builder-column-0 > .fusion-column-wrapper {padding-top : 0px !important;padding-right : 0px !important;margin-right : 3.84%;padding-bottom : 0px !important;padding-left : 0px !important;margin-left : 3.84%;}@media only screen and (max-width:1024px) {.fusion-body .fusion-builder-column-0{width:100% !important;order : 0;}.fusion-builder-column-0 > .fusion-column-wrapper {margin-right : 1.92%;margin-left : 1.92%;}}@media only screen and (max-width:640px) {.fusion-body .fusion-builder-column-0{width:100% !important;order : 0;}.fusion-builder-column-0 > .fusion-column-wrapper {margin-right : 1.92%;margin-left : 1.92%;}}<\/style><\/div><div class=\"fusion-layout-column fusion_builder_column fusion-builder-column-1 fusion_builder_column_1_2 1_2 fusion-flex-column\"><div class=\"fusion-column-wrapper fusion-flex-justify-content-flex-start fusion-content-layout-column\" style=\"background-position:left top;background-repeat:no-repeat;-webkit-background-size:cover;-moz-background-size:cover;-o-background-size:cover;background-size:cover;padding: 0px 0px 0px 0px;\"><div class=\"fusion-text fusion-text-2\"><p><img decoding=\"async\" class=\"aligncenter size-full wp-image-5211\" src=\"http:\/\/artzoomconnection.com\/jeanpotvin\/wp-content\/uploads\/7B851609-8CCF-4B8B-B6C6-4FC37ED31B63.jpeg\" alt=\"\" width=\"1280\" height=\"853\" srcset=\"https:\/\/artzoomconnection.com\/jeanpotvin\/wp-content\/uploads\/7B851609-8CCF-4B8B-B6C6-4FC37ED31B63-200x133.jpeg 200w, https:\/\/artzoomconnection.com\/jeanpotvin\/wp-content\/uploads\/7B851609-8CCF-4B8B-B6C6-4FC37ED31B63-300x200.jpeg 300w, https:\/\/artzoomconnection.com\/jeanpotvin\/wp-content\/uploads\/7B851609-8CCF-4B8B-B6C6-4FC37ED31B63-400x267.jpeg 400w, https:\/\/artzoomconnection.com\/jeanpotvin\/wp-content\/uploads\/7B851609-8CCF-4B8B-B6C6-4FC37ED31B63-600x400.jpeg 600w, https:\/\/artzoomconnection.com\/jeanpotvin\/wp-content\/uploads\/7B851609-8CCF-4B8B-B6C6-4FC37ED31B63-768x512.jpeg 768w, https:\/\/artzoomconnection.com\/jeanpotvin\/wp-content\/uploads\/7B851609-8CCF-4B8B-B6C6-4FC37ED31B63-800x533.jpeg 800w, https:\/\/artzoomconnection.com\/jeanpotvin\/wp-content\/uploads\/7B851609-8CCF-4B8B-B6C6-4FC37ED31B63-1024x682.jpeg 1024w, https:\/\/artzoomconnection.com\/jeanpotvin\/wp-content\/uploads\/7B851609-8CCF-4B8B-B6C6-4FC37ED31B63-1200x800.jpeg 1200w, https:\/\/artzoomconnection.com\/jeanpotvin\/wp-content\/uploads\/7B851609-8CCF-4B8B-B6C6-4FC37ED31B63.jpeg 1280w\" sizes=\"(max-width: 1280px) 100vw, 1280px\" \/><\/p>\n<\/div><div class=\"fusion-text fusion-text-3\"><p><img decoding=\"async\" class=\"aligncenter size-full wp-image-5210\" src=\"http:\/\/artzoomconnection.com\/jeanpotvin\/wp-content\/uploads\/2F36FA07-6BB6-4AE4-B671-94B9A57F1D7F.jpeg\" alt=\"\" width=\"1056\" height=\"1280\" srcset=\"https:\/\/artzoomconnection.com\/jeanpotvin\/wp-content\/uploads\/2F36FA07-6BB6-4AE4-B671-94B9A57F1D7F-200x242.jpeg 200w, https:\/\/artzoomconnection.com\/jeanpotvin\/wp-content\/uploads\/2F36FA07-6BB6-4AE4-B671-94B9A57F1D7F-248x300.jpeg 248w, https:\/\/artzoomconnection.com\/jeanpotvin\/wp-content\/uploads\/2F36FA07-6BB6-4AE4-B671-94B9A57F1D7F-400x485.jpeg 400w, https:\/\/artzoomconnection.com\/jeanpotvin\/wp-content\/uploads\/2F36FA07-6BB6-4AE4-B671-94B9A57F1D7F-600x727.jpeg 600w, https:\/\/artzoomconnection.com\/jeanpotvin\/wp-content\/uploads\/2F36FA07-6BB6-4AE4-B671-94B9A57F1D7F-768x931.jpeg 768w, https:\/\/artzoomconnection.com\/jeanpotvin\/wp-content\/uploads\/2F36FA07-6BB6-4AE4-B671-94B9A57F1D7F-800x970.jpeg 800w, https:\/\/artzoomconnection.com\/jeanpotvin\/wp-content\/uploads\/2F36FA07-6BB6-4AE4-B671-94B9A57F1D7F-845x1024.jpeg 845w, https:\/\/artzoomconnection.com\/jeanpotvin\/wp-content\/uploads\/2F36FA07-6BB6-4AE4-B671-94B9A57F1D7F.jpeg 1056w\" sizes=\"(max-width: 1056px) 100vw, 1056px\" \/><\/p>\n<\/div><div class=\"fusion-text fusion-text-4\"><p><img decoding=\"async\" class=\"aligncenter size-full wp-image-5213\" src=\"http:\/\/artzoomconnection.com\/jeanpotvin\/wp-content\/uploads\/5EDCFB4D-50D1-4A06-AAF5-AE74497EBD11.jpeg\" alt=\"\" width=\"960\" height=\"1280\" srcset=\"https:\/\/artzoomconnection.com\/jeanpotvin\/wp-content\/uploads\/5EDCFB4D-50D1-4A06-AAF5-AE74497EBD11-200x267.jpeg 200w, https:\/\/artzoomconnection.com\/jeanpotvin\/wp-content\/uploads\/5EDCFB4D-50D1-4A06-AAF5-AE74497EBD11-225x300.jpeg 225w, https:\/\/artzoomconnection.com\/jeanpotvin\/wp-content\/uploads\/5EDCFB4D-50D1-4A06-AAF5-AE74497EBD11-400x533.jpeg 400w, https:\/\/artzoomconnection.com\/jeanpotvin\/wp-content\/uploads\/5EDCFB4D-50D1-4A06-AAF5-AE74497EBD11-600x800.jpeg 600w, https:\/\/artzoomconnection.com\/jeanpotvin\/wp-content\/uploads\/5EDCFB4D-50D1-4A06-AAF5-AE74497EBD11-768x1024.jpeg 768w, https:\/\/artzoomconnection.com\/jeanpotvin\/wp-content\/uploads\/5EDCFB4D-50D1-4A06-AAF5-AE74497EBD11-800x1067.jpeg 800w, https:\/\/artzoomconnection.com\/jeanpotvin\/wp-content\/uploads\/5EDCFB4D-50D1-4A06-AAF5-AE74497EBD11.jpeg 960w\" sizes=\"(max-width: 960px) 100vw, 960px\" \/><\/p>\n<\/div><\/div><style type=\"text\/css\">.fusion-body .fusion-builder-column-1{width:50% !important;margin-top : 0px;margin-bottom : 20px;}.fusion-builder-column-1 > .fusion-column-wrapper {padding-top : 0px !important;padding-right : 0px !important;margin-right : 3.84%;padding-bottom : 0px !important;padding-left : 0px !important;margin-left : 3.84%;}@media only screen and (max-width:1024px) {.fusion-body .fusion-builder-column-1{width:100% !important;order : 0;}.fusion-builder-column-1 > .fusion-column-wrapper {margin-right : 1.92%;margin-left : 1.92%;}}@media only screen and (max-width:640px) {.fusion-body .fusion-builder-column-1{width:100% !important;order : 0;}.fusion-builder-column-1 > .fusion-column-wrapper {margin-right : 1.92%;margin-left : 1.92%;}}<\/style><\/div><\/div><style type=\"text\/css\">.fusion-body .fusion-flex-container.fusion-builder-row-1{ padding-top : 0px;margin-top : 0px;padding-right : 0px;padding-bottom : 0px;margin-bottom : 0px;padding-left : 0px;}<\/style><\/div>\n","protected":false},"excerpt":{"rendered":"","protected":false},"author":1,"featured_media":0,"parent":1623,"menu_order":3,"comment_status":"closed","ping_status":"closed","template":"100-width.php","meta":[],"_links":{"self":[{"href":"https:\/\/artzoomconnection.com\/jeanpotvin\/wp-json\/wp\/v2\/pages\/5209"}],"collection":[{"href":"https:\/\/artzoomconnection.com\/jeanpotvin\/wp-json\/wp\/v2\/pages"}],"about":[{"href":"https:\/\/artzoomconnection.com\/jeanpotvin\/wp-json\/wp\/v2\/types\/page"}],"author":[{"embeddable":true,"href":"https:\/\/artzoomconnection.com\/jeanpotvin\/wp-json\/wp\/v2\/users\/1"}],"replies":[{"embeddable":true,"href":"https:\/\/artzoomconnection.com\/jeanpotvin\/wp-json\/wp\/v2\/comments?post=5209"}],"version-history":[{"count":2,"href":"https:\/\/artzoomconnection.com\/jeanpotvin\/wp-json\/wp\/v2\/pages\/5209\/revisions"}],"predecessor-version":[{"id":5214,"href":"https:\/\/artzoomconnection.com\/jeanpotvin\/wp-json\/wp\/v2\/pages\/5209\/revisions\/5214"}],"up":[{"embeddable":true,"href":"https:\/\/artzoomconnection.com\/jeanpotvin\/wp-json\/wp\/v2\/pages\/1623"}],"wp:attachment":[{"href":"https:\/\/artzoomconnection.com\/jeanpotvin\/wp-json\/wp\/v2\/media?parent=5209"}],"curies":[{"name":"wp","href":"https:\/\/api.w.org\/{rel}","templated":true}]}}