
{"id":37,"date":"2009-11-16T23:48:26","date_gmt":"2009-11-17T04:48:26","guid":{"rendered":"http:\/\/www.artzoom.org\/members\/wordpress\/?page_id=37"},"modified":"2026-02-05T22:58:31","modified_gmt":"2026-02-05T21:58:31","slug":"cote","status":"publish","type":"page","link":"https:\/\/artzoomconnection.com\/lo\/cote\/","title":{"rendered":"COTE"},"content":{"rendered":"<p><div class=\"fusion-fullwidth fullwidth-box fusion-builder-row-1 nonhundred-percent-fullwidth non-hundred-percent-height-scrolling\" style=\"--awb-border-radius-top-left:0px;--awb-border-radius-top-right:0px;--awb-border-radius-bottom-right:0px;--awb-border-radius-bottom-left:0px;--awb-flex-wrap:wrap;\" ><div class=\"fusion-builder-row fusion-row\"><div class=\"fusion-layout-column fusion_builder_column fusion-builder-column-0 fusion_builder_column_1_2 1_2 fusion-one-half fusion-column-first\" style=\"--awb-bg-size:cover;--awb-margin-bottom:0px;width:48%; margin-right: 4%;\"><div class=\"fusion-column-wrapper fusion-flex-column-wrapper-legacy\"><div class=\"fusion-text fusion-text-1\"><p><img decoding=\"async\" class=\"aligncenter size-full wp-image-2731\" src=\"http:\/\/artzoomconnection.com\/lo\/wp-content\/uploads\/artiste_expertise.png\" alt=\"\" width=\"177\" height=\"177\" srcset=\"https:\/\/artzoomconnection.com\/lo\/wp-content\/uploads\/artiste_expertise-100x100.png 100w, https:\/\/artzoomconnection.com\/lo\/wp-content\/uploads\/artiste_expertise-150x150.png 150w, https:\/\/artzoomconnection.com\/lo\/wp-content\/uploads\/artiste_expertise.png 177w\" sizes=\"(max-width: 177px) 100vw, 177px\" \/><\/p>\n<h4>SA VALEUR SUR LE MARCH\u00c9 DE L&rsquo;ART<\/h4>\n<h5>2026<\/h5>\n<p><b>Acrylique sur toile ou sur bois<\/b><\/p>\n<p><b>Oeuvres de formats standards sur toile<\/b><\/p>\n<p>8 x 16 pouces (20 cm x 40 cm) = 704 $ (ou l\u2019\u00e9quivalent en euro)<br \/>\n9 x 12 pouces (22,5 cm x 30 cm) = 600 $ (ou l\u2019\u00e9quivalent en euro)<br \/>\n10 x 12 pouces (25 cm x 30 cm) = 600 $ (ou l\u2019\u00e9quivalent en euro)<br \/>\n10 x 20 pouces (25 cm x 50 cm) = 1000 $ (ou l\u2019\u00e9quivalent en euro)<br \/>\n15 x 30 pouces (37,5 cm x 75 cm) = 2250 $ (ou l&rsquo;\u00e9quivalent en euro)<br \/>\n16 x 16 pouces (40 cm x 40 cm) = 1472 $ \u00a0(ou l&rsquo;\u00e9quivalent en euro)<br \/>\n16 x 20 pouces (40 cm x 50 cm) = 1840 $ (ou l\u2019\u00e9quivalent en euro)<br \/>\n20 x 24 pouces (50 cm x 60 cm) = 2400 $ (ou l&rsquo;\u00e9quivalent en euro)<br \/>\n24 x 30 pouces (60 cm x 75 cm) = 3600 $ (ou l&rsquo;\u00e9quivalent en euro)<br \/>\n24 x 36 pouces (60 cm x 90 cm) = 4320 $ (ou l&rsquo;\u00e9quivalent en euro)<br \/>\n30 x 30 pouces (75 cm x 75 cm) = 4500 $ (ou l&rsquo;\u00e9quivalent en euro)<br \/>\n30 x 36 pouces (75 cm x 90 cm) = 5400 $ (ou l&rsquo;\u00e9quivalent en euro)<br \/>\n30 x 40 pouces (75 cm x 100 cm) = 6000 $ (ou l&rsquo;\u00e9quivalent en euro)<br \/>\n36 x 48 pouces (90 cm x 120cm) = 8640 $ (ou l&rsquo;\u00e9quivalent en euro)<\/p>\n<p><strong> Aquarelle sur papier ou gouache sur papier<\/strong><br \/>\n5 x 7 pouces (12,5 cm x 17,5 cm) = \u00e0 partir de \u00a0500 $ (ou l\u2019\u00e9quivalent en euro)<br \/>\n8,5 x 11 pouces (21,25 x 27,5 cm) = \u00e0 partir de \u00a0500 $ (ou l\u2019\u00e9quivalent en euro)<br \/>\n9 x 12 pouces (22,5 x 30 cm) = entre 500 $ et 594 $ (ou l\u2019\u00e9quivalent en euro)<\/p>\n<p>(le prix varie selon la complexit\u00e9 du sujet et des dimensions)<\/p>\n<p><strong>La cote est un indicatif du prix en galerie pour une oeuvre. Le prix peut donc varier l\u00e9g\u00e8rement d\u2019une galerie \u00e0 l\u2019autre.<\/strong><\/p>\n<p><em>Derni\u00e8re mise \u00e0 jour de la cote artistique: le 5 f\u00e9vrier 2026<\/em><\/p>\n<\/div><div class=\"fusion-clearfix\"><\/div><\/div><\/div><div class=\"fusion-layout-column fusion_builder_column fusion-builder-column-1 fusion_builder_column_1_2 1_2 fusion-one-half fusion-column-last\" style=\"--awb-bg-size:cover;--awb-margin-bottom:0px;width:48%;\"><div class=\"fusion-column-wrapper fusion-flex-column-wrapper-legacy\"><div class=\"fusion-text fusion-text-2\"><h4>GUIDES DE COTATION<\/h4>\n<p><strong><br \/>\n&#8211; 2021, 2023, 2025:<\/strong> R\u00e9-\u00e9valuation, expertise professionnelle par une experte en art<br \/>\n&#8211; <strong>2019:<\/strong> Art Bank, Art Total Multim\u00e9dia expert en art (Canada)<br \/>\n&#8211; <strong>2017: <\/strong>Expertise professionnelle par une experte en art<br \/>\n&#8211; <strong>2016-2019:<\/strong>\u00a0<em>R\u00e9pertoire biennal des artistes canadiens en galeries<\/em> &#8211; version en ligne<br \/>\n&#8211; <strong>2006-2008, 2009-2010, 2015-2016:\u00a0<\/strong><em>R\u00e9pertoire biennal des artistes canadiens en galeries<\/em>, Le Magazin\u2019art<br \/>\n&#8211; <strong>2006-2016:<\/strong> <em>Le Guide de Cotation des Artistes d\u2019Art Zoom<\/em><br \/>\n&#8211; <strong>depuis 2005:<\/strong> R\u00e9pertori\u00e9 ARTPRICE, leader mondial de l&rsquo;information sur le march\u00e9 de l&rsquo;art<br \/>\n&#8211; <strong>depuis 2005:<\/strong>\u00a0<em>Akoun<\/em>, \u00c9ditions la cote de l\u2019amateur, depuis 2005 (le leader mondial de l\u2019estimation du march\u00e9 de l\u2019art)<br \/>\n&#8211; <strong>2005, 2008, 2009, 2010, 2011:<\/strong>\u00a0<em>Guide de Roussan<\/em>,<br \/>\n&#8211; ETC.<\/p>\n<h4>INDEX ET R\u00c9PERTOIRES<\/h4>\n<p>&#8211; Page Wikipedia &#8211; <a href=\"https:\/\/fr.m.wikipedia.org\/wiki\/Laurent_Torregrossa\" target=\"_blank\" rel=\"noopener noreferrer\">voir la page<\/a><br \/>\n&#8211; R\u00e9pertoire des peintres canadiens Lareau &#8211; <a href=\"http:\/\/www.lareau-law.ca\/peintres_1T.html\" target=\"_blank\" rel=\"noopener noreferrer\">voir le lien<\/a><br \/>\n&#8211; R\u00e9pertori\u00e9 sur Wikipedia dans la liste des peintres canadiens &#8211; <a href=\"https:\/\/fr.m.wikipedia.org\/wiki\/Liste_de_peintres_canadiens\" target=\"_blank\" rel=\"noopener noreferrer\">voir le lien<\/a><br \/>\n&#8211; R\u00e9pertori\u00e9 dans la liste des artistes canadiens du gouvernement du Canada &#8211; <a href=\"https:\/\/app.pch.gc.ca\/application\/aac-aic\/artiste_detailler_bas-artist_detail_bas.app?rID=48342&amp;fID=2&amp;lang=fr&amp;qlang=fr&amp;pID=1&amp;an=Torregrossa&amp;ps=50&amp;sort=AM_ASC\" target=\"_blank\" rel=\"noopener noreferrer\">voir le lien<\/a><br \/>\n&#8211; etc.<\/p>\n<h4>AFFILIATIONS PROFESSIONNELLES<\/h4>\n<p>Chambre de commerce et du tourisme du Grand Caraquet<br \/>\nCollectif International d\u2019Artistes Art Zoom (CIAAZ)<br \/>\nAcad\u00e9mie Internationale des Beaux-Arts du Qu\u00e9bec (AIBAQ) &#8211; Ma\u00eetre en beaux-arts<br \/>\nInstitut des Arts Figuratifs (IAF) &#8211; membre signataire<br \/>\nLes Arts Libres de Longwy (AL)<\/p>\n<p>Artiste professionnel de niveau international certifi\u00e9<\/p>\n<h4>COLLECTIONS MUS\u00c9ALES<\/h4>\n<p><strong>Mus\u00e9e du Ballet de Qu\u00e9bec &#8211; EBQBQ<\/strong><\/p>\n<p><strong>Mus\u00e9e d&rsquo;art contemporain VR 3D &#8211; MAC VR3D<\/strong><br \/>\nPlace Darche<br \/>\n54400 Longwy<br \/>\nFrance<br \/>\n<a href=\"http:\/\/www.macvr3d.com\" target=\"_blank\" rel=\"noopener noreferrer\">www.macvr3d.com<\/a><\/p>\n<h4>PRIX ET DISTINCTIONS<\/h4>\n<p>2024: Prix d\u2019Excellence de la Ma\u00eetrise Acad\u00e9mique pour l\u2019oeuvre \u00ab Il marche avec le vent (2023) \u00bb une acrylique sur toile de 24 x 36 pouces lors du Salon D\u00e9couverte 2024 pr\u00e9sent\u00e9 du 1er mars au 31 ao\u00fbt 2024 au Mus\u00e9e d\u2019art contemporain VR3D (MACVR3D) \u00e0 Longwy (France) &#8211; Ce prix a \u00e9t\u00e9 attribu\u00e9 par un jury international compos\u00e9 de 5 personnalit\u00e9s du monde de l\u2019art<br \/>\n2023: Vote mensuel du public, juillet (AIBAQ)<br \/>\n2023: Vote mensuel du public, juin (AIBAQ)<br \/>\n2023: Prix d\u2019Excellence de la Ma\u00eetrise Acad\u00e9mique pour l\u2019oeuvre \u00ab R\u00e9flexions urbaines (2016) \u00bb une aquarelle de 8 x 10 pouces lors du Salon D\u00e9couverte Printemps\/\u00c9t\u00e9 2023 pr\u00e9sent\u00e9 du 1er mars au 30 ao\u00fbt 2023 au Mus\u00e9e d\u2019art contemporain VR3D (MACVR3D) \u00e0 Longwy (France) &#8211; Ce prix a \u00e9t\u00e9 attribu\u00e9 par un jury international compos\u00e9 de 5 personnalit\u00e9s du monde de l\u2019art<br \/>\n2023: Vote mensuel du public, mai (AIBAQ)<br \/>\n2023: Vote mensuel du public, avril (AIBAQ)<br \/>\n2023: Vote mensuel du public, mars (AIBAQ)<br \/>\n2023: Vote mensuel du public, f\u00e9vrier (AIBAQ)<br \/>\n2023: Vote mensuel du public, janvier (AIBAQ)<br \/>\n2022: Vote mensuel du public, novembre (AIBAQ)<br \/>\n2022: Vote mensuel du public, octobre (AIBAQ)<br \/>\n2022: Certificat de reconnaissance, Mus\u00e9e d\u2019art contemporain VR3D (MACVR3D), Longwy (France) pour avoir particip\u00e9 \u00e0 l\u2019exposition \u00ab\u00a0ARTE \u00bb<br \/>\n2022: Vote mensuel du public, ao\u00fbt (AIBAQ)<br \/>\n2022: Vote mensuel du public, juillet (AIBAQ)<br \/>\n2022: Vote mensuel du public, juin (AIBAQ)<br \/>\n2022: Certificat de reconnaissance, Mus\u00e9e d\u2019art contemporain VR3D (MACVR3D), Longwy (France) pour avoir particip\u00e9 \u00e0 l\u2019exposition \u00ab\u00a0MOMENTO \u00bb<br \/>\n2022: Vote mensuel du public, mai (AIBAQ)<br \/>\n2022: Certificat de participation, Maison O\u2019Neill (Canada) pour avoir particip\u00e9 \u00e0 l\u2019exposition \u00ab\u00a0Le Pouvoir des Couleurs\u00a0\u00bb qui souligne les 25 ans du CIAAZ.<br \/>\n2022: Vote mensuel du public, avril (AIBAQ)<br \/>\n2022: Certificat de reconnaissance, Mus\u00e9e d\u2019art contemporain VR3D (MACVR3D), Longwy (France) pour avoir particip\u00e9 \u00e0 l\u2019exposition \u00ab\u00a0Internation\u2019ART 2022\u00a0\u00bb<br \/>\n2022: Vote mensuel du public, mars (AIBAQ)<br \/>\n2022: Certificat de reconnaissance, Mus\u00e9e d\u2019art contemporain VR3D (MACVR3D), Longwy (France) pour avoir particip\u00e9 \u00e0 l\u2019exposition \u00ab\u00a0Pays, Paysage \/ Land, Landscape\u00a0\u00bb<br \/>\n2022: Vote mensuel du public, f\u00e9vrier (AIBAQ)<br \/>\n2022: Vote mensuel du public, janvier (AIBAQ)<br \/>\n2022: Certificat de reconnaissance, Mus\u00e9e d\u2019art contemporain VR3D (MACVR3D), Longwy (France) pour avoir particip\u00e9 \u00e0 l\u2019exposition \u00ab\u00a0Jardin de Joie \/ Garden of Joy\u00a0\u00bb<br \/>\n2022: Certificat d\u2019excellence, \u00c9mergence Magazine Qu\u00e9bec, f\u00e9vrier 20222<br \/>\n2021: Certificat de participation 2021, Luxembourg Art Prize<br \/>\n2021: Vote mensuel du public, d\u00e9cembre (AIBAQ)<br \/>\n2021: Vote mensuel du public, octobre (AIBAQ)<br \/>\n2021: Vote mensuel du public, septembre (AIBAQ)<br \/>\n2021: Vote mensuel du public, ao\u00fbt (AIBAQ)<br \/>\n2021: Certificat de participation, D\u00e9fi 15 dessins 15 semaines, avec mention sp\u00e9ciale pour sa ma\u00eetrise du m\u00e9dium<br \/>\n2021: Certificat de reconnaissance, Mus\u00e9e d\u2019art contemporain VR3D (MACVR3D), Longwy (France) pour avoir particip\u00e9 \u00e0 l\u2019exposition \u201cInternation\u2019ART 2021\u201d<br \/>\n2021: Vote mensuel du public, juin (AIBAQ)<br \/>\n2021: Vote mensuel du public, mai (AIBAQ)<br \/>\n2021: Vote mensuel du public, avril (AIBAQ)<br \/>\n2021: Vote mensuel du public, mars (AIBAQ)<br \/>\n2021: Vote mensuel du public, f\u00e9vrier (AIBAQ)<br \/>\n2021: Vote mensuel du public, janvier (AIBAQ)<br \/>\n2020:\u00a0Certificat de reconnaissance, Mus\u00e9e d&rsquo;art contemporain VR3D (MACVR3D), Longwy (France) pour avoir particip\u00e9 \u00e0 l&rsquo;exposition \u00ab\u00a0Colores\u00a0\u00bb<br \/>\n2020:\u00a0Vote mensuel du public, d\u00e9cembre (AIBAQ)<br \/>\n2020:\u00a0Vote mensuel du public, novembre (AIBAQ)<br \/>\n2020:\u00a0Vote mensuel du public, octobre (AIBAQ)<br \/>\n2020:\u00a0Vote mensuel du public, septembre (AIBAQ)<br \/>\n2020: Certificat de reconnaissance, Mus\u00e9e d&rsquo;art contemporain VR3D (MACVR3D), Longwy (France) pour avoir particip\u00e9 \u00e0 l&rsquo;exposition \u00ab\u00a0Amor\u00a0\u00bb<br \/>\n2020: Vote mensuel du public, ao\u00fbt (AIBAQ)<br \/>\n2020: Certificat de reconnaissance, Mus\u00e9e d&rsquo;art contemporain VR3D (MACVR3D), Longwy (France) pour avoir particip\u00e9 \u00e0 l&rsquo;exposition \u00ab\u00a0Internation&rsquo;ART 2020\u00a0\u00bb<br \/>\n2020: Vote mensuel du public, juin (AIBAQ)<br \/>\n2020: Certificat de reconnaissance, Mus\u00e9e d&rsquo;art contemporain VR3D (MACVR3D), Longwy (France) pour avoir particip\u00e9 \u00e0 l&rsquo;exposition \u00ab\u00a0Vibration\u00a0\u00bb<br \/>\n2020: Vote mensuel du public, mai (AIBAQ)<br \/>\n2020: Vote mensuel du public, mars (AIBAQ)<br \/>\n2020: Vote mensuel du public, f\u00e9vrier (AIBAQ)<br \/>\n2020: Vote mensuel du public, janvier (AIBAQ)<br \/>\n2019: Vote mensuel du public, d\u00e9cembre (AIBAQ)<br \/>\n2019: Vote mensuel du public, novembre (AIBAQ)<br \/>\n2019: Vote mensuel du public, octobre (AIBAQ)<br \/>\n2019: Vote mensuel du public, septembre (AIBAQ)<br \/>\n2019: Vote mensuel du public, ao\u00fbt (AIBAQ)<br \/>\n2019: Vote mensuel du public, juillet (AIBAQ)<br \/>\n2019: Vote mensuel du public, juin (AIBAQ)<br \/>\n2019: Vote mensuel du public, mai (AIBAQ)<br \/>\n2019: Vote mensuel du public, avril (AIBAQ)<br \/>\n2019: Vote mensuel du public, mars (AIBAQ)<br \/>\n2019: Vote mensuel du public, f\u00e9vrier (AIBAQ)<br \/>\n2019: Vote mensuel du public, janvier (AIBAQ)<br \/>\n2018: Certificat de reconnaissance, Mus\u00e9e d&rsquo;art contemporain VR3D (MACVR3D), Longwy (France) pour son exposition personnelle (permanente) \u00ab\u00a0Vents et Mar\u00e9es\u00a0\u00bb<br \/>\n2018: Vote mensuel du public, novembre (AIBAQ)<br \/>\n2018: Vote mensuel du public, octobre (AIBAQ)<br \/>\n2018: Vote mensuel du public, septembre (AIBAQ)<br \/>\n2018: Titre de \u00ab Ma\u00eetre en beaux-arts \u00bb, Acad\u00e9mie Internationale des Beaux-Arts du Qu\u00e9bec<br \/>\n2018: Vote mensuel du public, ao\u00fbt (AIBAQ)<br \/>\n2018: Vote mensuel du public, juillet (AIBAQ)<br \/>\n2018: Vote mensuel du public, mai (AIBAQ)<br \/>\n2018: Prix Internation&rsquo;ART 2018 (vote du public) &#8211; Internation&rsquo;ART, 8e \u00e9dition<br \/>\n2018: Prix honorifique du D\u00e9veloppement culturel 2018 &#8211; Internation&rsquo;ART 8e \u00e9dition (Canada)<br \/>\n2017: Vote mensuel du public, d\u00e9cembre (AIBAQ)<br \/>\n2017: Vote mensuel du public, novembre (AIBAQ)<br \/>\n2017: Vote mensuel du public, septembre (AIBAQ)<br \/>\n2017: Vote mensuel du public, ao\u00fbt (AIBAQ)<br \/>\n2017: Vote mensuel du public, juillet (AIBAQ)<br \/>\n2017: Prix Internation&rsquo;ART 2017 (vote du public) &#8211; Internation&rsquo;ART, 7e \u00e9dition<br \/>\n2017: Vote mensuel du public, mai (AIBAQ)<br \/>\n2017: Vote mensuel du public, avril (AIBAQ)<br \/>\n2017: Grand Prix de Peinture du CIAAZ (vote du public)<br \/>\n2016: L&rsquo;oeuvre \u00ab\u00a0Aux Quatre Vents\u00a0\u00bb, jug\u00e9e remarquable par le jury, Salon d&rsquo;automne de la Ville de Talange (France)<br \/>\n2016: Vote mensuel du public, novembre (AIBAQ)<br \/>\n2016: Vote mensuel du public, ao\u00fbt (AIBAQ)<br \/>\n2016: Vote mensuel du public, juillet (AIBAQ)<br \/>\n2016: Vote mensuel du public, juin (AIBAQ)<br \/>\n2016: Prix Internation&rsquo;ART 2016 (vote du public) &#8211; Internation&rsquo;ART, 6e \u00e9dition<br \/>\n2016: Distinction honorifique &#8211; Internation&rsquo;ART 6e \u00e9dition (Canada)<br \/>\n2016: Vote mensuel du public, avril (AIBAQ)<br \/>\n2016: Grand Prix d&rsquo;aquarelle du CIAAZ (vote du public)<br \/>\n2015: Vote mensuel du public, octobre (AIBAQ)<br \/>\n2015: Vote mensuel du public, septembre (AIBAQ)<br \/>\n2015: Vote mensuel du public, ao\u00fbt (AIBAQ)<br \/>\n2015: Vote mensuel du public, juillet (AIBAQ)<br \/>\n2015: Vote mensuel du public, juin (AIBAQ)<br \/>\n2015: Prix Internation&rsquo;ART 2015 (vote du public) &#8211; Internation&rsquo;ART, 5e \u00e9dition<br \/>\n2015: Vote mensuel du public, mars (AIBAQ)<br \/>\n2015: Grand Prix de Peinture du CIAAZ (vote du public)<br \/>\n2015: Vote mensuel du public, janvier (AIBAQ)<br \/>\n2014: Vote mensuel du public, novembre (AIBAQ)<br \/>\n2014: Prix Jules Bastien-Lepage<br \/>\n2014: Prix Internation&rsquo;ART 2014 (vote du public) &#8211; Internation&rsquo;ART, 4e \u00e9dition<br \/>\n2014: 1er Prix du 18e Salon International de Peinture et Sculpture d&rsquo;Audun-le-Tiche (France) dans la cat\u00e9gorie huile et acrylique<br \/>\n2014: Vote mensuel du public, ao\u00fbt (AIBAQ)<br \/>\n2014: Vote mensuel du public, avril (AIBAQ)<br \/>\n2013: Vote mensuel du public, octobre (AIBAQ)<br \/>\n2013: Vote mensuel du public, septembre (AIBAQ)<br \/>\n2013: Vote mensuel du public, ao\u00fbt (AIBAQ)<br \/>\n2013: Prix Internation&rsquo;ART 2013 (vote du public) &#8211; Internation&rsquo;ART, 3e \u00e9dition<br \/>\n2012: Vote mensuel du public, juin (AIBAQ)<br \/>\n2011: Grand Prix de Peinture du CIAAZ (vote du public)<br \/>\n2010: Prix du Public (Maison des Arts et de la Culture de L&rsquo;Ancienne-Lorette) &#8211; Exposition \u00ab\u00a0Nos Cousins Fran\u00e7ais\u00a0\u00bb 2010<br \/>\n2010: Pr\u00e9sident d&rsquo;honneur &#8211; Nos Cousins Fran\u00e7ais<br \/>\n2009: Vote mensuel du public, ao\u00fbt (AIBAQ)<br \/>\n2009: Grand Prix de Peinture du CIAAZ (vote du public)<br \/>\n2009: Pr\u00e9sident d&rsquo;honneur &#8211; La Grande Exposition Internationale d&rsquo;ArtZoom<br \/>\n2008: Vote mensuel du public, ao\u00fbt (AIBAQ)<br \/>\n2008: Vote mensuel du public, avril (AIBAQ)<br \/>\n2008: Grand Prix de Peinture du CIAAZ (vote du public)<br \/>\n2007: Vote mensuel du public, ao\u00fbt (AIBAQ)<br \/>\n2007: Titre d\u2019\u00ab Acad\u00e9micien \u00bb, Acad\u00e9mie Internationale des Beaux-Arts du Qu\u00e9bec<br \/>\n2003: Certificat de reconnaissance en tant qu\u2019artiste de niveau international par une agence d\u2019artistes au Canada<br \/>\nAnn\u00e9es ant\u00e9rieures \u00e0 2000: Nombreux prix public lors d\u2019expositions en Europe<br \/>\nDe 1989 \u00e0 aujourd&rsquo;hui: Nombreuses s\u00e9lections avec jury<br \/>\netc.<\/p>\n<\/div><div class=\"fusion-clearfix\"><\/div><\/div><\/div><\/div><\/div><div class=\"fusion-fullwidth fullwidth-box fusion-builder-row-2 fusion-flex-container nonhundred-percent-fullwidth non-hundred-percent-height-scrolling\" style=\"--awb-border-radius-top-left:0px;--awb-border-radius-top-right:0px;--awb-border-radius-bottom-right:0px;--awb-border-radius-bottom-left:0px;--awb-flex-wrap:wrap;\" ><div class=\"fusion-builder-row fusion-row fusion-flex-align-items-flex-start fusion-flex-content-wrap\" style=\"max-width:1144px;margin-left: calc(-4% \/ 2 );margin-right: calc(-4% \/ 2 );\"><div class=\"fusion-layout-column fusion_builder_column fusion-builder-column-2 fusion_builder_column_1_1 1_1 fusion-flex-column\" style=\"--awb-bg-size:cover;--awb-width-large:100%;--awb-margin-top-large:0px;--awb-spacing-right-large:1.92%;--awb-margin-bottom-large:0px;--awb-spacing-left-large:1.92%;--awb-width-medium:100%;--awb-spacing-right-medium:1.92%;--awb-spacing-left-medium:1.92%;--awb-width-small:100%;--awb-spacing-right-small:1.92%;--awb-spacing-left-small:1.92%;\"><div class=\"fusion-column-wrapper fusion-flex-justify-content-flex-start fusion-content-layout-column\"><div class=\"fusion-text fusion-text-3\"><\/div><\/div><\/div><\/div><\/div><\/p>\n","protected":false},"excerpt":{"rendered":"","protected":false},"author":1,"featured_media":0,"parent":0,"menu_order":0,"comment_status":"open","ping_status":"open","template":"","meta":{"footnotes":""},"class_list":["post-37","page","type-page","status-publish","hentry"],"_links":{"self":[{"href":"https:\/\/artzoomconnection.com\/lo\/wp-json\/wp\/v2\/pages\/37"}],"collection":[{"href":"https:\/\/artzoomconnection.com\/lo\/wp-json\/wp\/v2\/pages"}],"about":[{"href":"https:\/\/artzoomconnection.com\/lo\/wp-json\/wp\/v2\/types\/page"}],"author":[{"embeddable":true,"href":"https:\/\/artzoomconnection.com\/lo\/wp-json\/wp\/v2\/users\/1"}],"replies":[{"embeddable":true,"href":"https:\/\/artzoomconnection.com\/lo\/wp-json\/wp\/v2\/comments?post=37"}],"version-history":[{"count":156,"href":"https:\/\/artzoomconnection.com\/lo\/wp-json\/wp\/v2\/pages\/37\/revisions"}],"predecessor-version":[{"id":4107,"href":"https:\/\/artzoomconnection.com\/lo\/wp-json\/wp\/v2\/pages\/37\/revisions\/4107"}],"wp:attachment":[{"href":"https:\/\/artzoomconnection.com\/lo\/wp-json\/wp\/v2\/media?parent=37"}],"curies":[{"name":"wp","href":"https:\/\/api.w.org\/{rel}","templated":true}]}}