
{"id":1627,"date":"2012-11-10T15:32:07","date_gmt":"2012-11-10T14:32:07","guid":{"rendered":"http:\/\/www.artzoomconnection.com\/lo\/?page_id=1627"},"modified":"2021-01-11T08:54:25","modified_gmt":"2021-01-11T07:54:25","slug":"demarche","status":"publish","type":"page","link":"https:\/\/artzoomconnection.com\/martingaudreault\/presentation\/demarche\/","title":{"rendered":"D\u00c9MARCHE"},"content":{"rendered":"<div class=\"fusion-fullwidth fullwidth-box fusion-builder-row-1 fusion-flex-container nonhundred-percent-fullwidth non-hundred-percent-height-scrolling\" style=\"background-color: rgba(255,255,255,0);background-position: center center;background-repeat: no-repeat;border-width: 0px 0px 0px 0px;border-color:#eae9e9;border-style:solid;\" ><div class=\"fusion-builder-row fusion-row fusion-flex-align-items-flex-start\" style=\"max-width:1064.96px;margin-left: calc(-4% \/ 2 );margin-right: calc(-4% \/ 2 );\"><div class=\"fusion-layout-column fusion_builder_column fusion-builder-column-0 fusion_builder_column_1_3 1_3 fusion-flex-column\"><div class=\"fusion-column-wrapper fusion-flex-justify-content-flex-start fusion-content-layout-column\" style=\"background-position:left top;background-repeat:no-repeat;-webkit-background-size:cover;-moz-background-size:cover;-o-background-size:cover;background-size:cover;padding: 0px 0px 0px 0px;\"><div class=\"fusion-text fusion-text-1\" style=\"transform:translate3d(0,0,0);\"><h4 style=\"text-align: left;\">TECHNIQUE<\/h4>\n<p style=\"text-align: left;\">Photographie<\/p>\n<p style=\"text-align: left;\">Travaill\u00e9e principalement de fa\u00e7on num\u00e9rique.<\/p>\n<\/div><\/div><\/div><style type=\"text\/css\">.fusion-body .fusion-builder-column-0{width:33.333333333333% !important;margin-top : 0px;margin-bottom : 0px;}.fusion-builder-column-0 > .fusion-column-wrapper {padding-top : 0px !important;padding-right : 0px !important;margin-right : 3.84%;padding-bottom : 0px !important;padding-left : 0px !important;margin-left : 5.76%;}@media only screen and (max-width:1024px) {.fusion-body .fusion-builder-column-0{width:33.333333333333% !important;}.fusion-builder-column-0 > .fusion-column-wrapper {margin-right : 3.84%;margin-left : 5.76%;}}@media only screen and (max-width:640px) {.fusion-body .fusion-builder-column-0{width:100% !important;}.fusion-builder-column-0 > .fusion-column-wrapper {margin-right : 1.92%;margin-left : 1.92%;}}<\/style><div class=\"fusion-layout-column fusion_builder_column fusion-builder-column-1 fusion_builder_column_2_3 2_3 fusion-flex-column\"><div class=\"fusion-column-wrapper fusion-flex-justify-content-flex-start fusion-content-layout-column\" style=\"background-position:left top;background-repeat:no-repeat;-webkit-background-size:cover;-moz-background-size:cover;-o-background-size:cover;background-size:cover;padding: 0px 0px 0px 0px;\"><div class=\"fusion-text fusion-text-2\" style=\"transform:translate3d(0,0,0);\"><h3 style=\"text-align: left;\">SON APPROCHE ARTISTIQUE<\/h3>\n<p style=\"text-align: left;\">Martin Gaudreault est un chasseur d\u2019images.<\/p>\n<p style=\"text-align: justify;\">Il interpr\u00e8te les paysages sous le regard anim\u00e9 de la passion. Il met en lumi\u00e8re les d\u00e9tails de la nature principalement, mais aussi des paysages dans lesquels la po\u00e9sie est particuli\u00e8rement pr\u00e9sente.<\/p>\n<p style=\"text-align: left;\"><strong>Ses influences<\/strong><\/p>\n<p style=\"text-align: justify;\">Ren\u00e9 Richard, son grand-oncle, l\u2019un des peintres canadiens qui a su le mieux exprimer la solitude des grands espaces nordiques \u00e0 travers les saisons, \u00e9tait \u00e9galement photographe. Il est l\u2019une de ses principales influences artistiques.<\/p>\n<p style=\"text-align: justify;\">Le photographe et dessinateur fran\u00e7ais Henri Cartier-Bresson est une autre grande influence dans le travail de Martin Gaudreault qui admire la ma\u00eetrise des compositions du photojournaliste, notamment connu pour ses photographies de rues et pour la repr\u00e9sentation des aspects pittoresques ou signifiants de la vie quotidienne.<\/p>\n<p style=\"text-align: justify;\">Le couple de photographes Mia et Klaus (Mia Matthes et Klaus-Peter Matthes) a \u00e9galement marqu\u00e9 Martin Gaudreault, par cette mani\u00e8re particuli\u00e8re de pr\u00e9senter la beaut\u00e9 de diverses r\u00e9gions du Qu\u00e9bec.<\/p>\n<p style=\"text-align: justify;\">Ces influences artistiques, Martin Gaudreault s\u2019en sert comme d\u2019un id\u00e9al \u00e0 atteindre.<\/p>\n<p style=\"text-align: left;\"><strong>La technique<\/strong><\/p>\n<p style=\"text-align: justify;\">Martin Gaudreault utilise les r\u00e8gles classiques de la composition photographique, la m\u00eame qui est enseign\u00e9e dans les \u00e9coles des beaux-arts. Au fil des ann\u00e9es de pratique, avec l\u2019\u00e9volution technologique des appareils, le num\u00e9rique a n\u00e9anmoins remplac\u00e9 la photographie argentique. Cependant, le photographe n\u2019ajoute aucun \u00e9l\u00e9ment lors de la post-production. Les effets sont minimalistes, respectant ainsi l\u2019image d\u2019origine, l\u2019authenticit\u00e9 du moment capt\u00e9, immortalis\u00e9. Il est un fervent amateur de l\u2019heure bleue et des particularit\u00e9s de la lumi\u00e8re \u00e0 certains moments-cl\u00e9s de la journ\u00e9e. Il est un chasseur d\u2019images, mais aussi de luminosit\u00e9s.<\/p>\n<p style=\"text-align: left;\"><strong>Son regard personnel<\/strong><\/p>\n<p style=\"text-align: justify;\">L\u2019oeil num\u00e9rique du photographe robervalois se pose. Une v\u00e9ritable passion des couleurs et de la lumi\u00e8re l\u2019anime. Martin Gaudreault capte le changement tonal \u00e0 travers des compositions qui t\u00e9moignent de l\u2019instant pr\u00e9sent. Pour lui, la photo n\u2019est jamais une image prise au hasard, c\u2019est une recherche, puis une mise en narration et une prise de conscience de la beaut\u00e9 naturelle et silencieuse qui existe tout autour de nous. Le calme, le silence et ce sentiment de s\u00e9r\u00e9nit\u00e9 font partie int\u00e9grante de son travail; ce sont des \u00e9l\u00e9ments omnipr\u00e9sents dans l\u2019esth\u00e9tique particuli\u00e8re de Martin Gaudreault.<\/p>\n<p style=\"text-align: justify;\">A travers l\u2019expression sensible du photographe, qui ressent des \u00e9motions \u00e0 travers son outil de travail, un t\u00e9moignage s\u2019immortalise en une seconde d\u2019\u00e9ternit\u00e9. Il exprime ainsi sa vision toute personnelle, souvent contemplative, sur la diversit\u00e9 des paysages qu\u00e9b\u00e9cois et des \u00e9l\u00e9ments qui les composent, parfois fragiles et \u00e9ph\u00e9m\u00e8res.<\/p>\n<p style=\"text-align: justify;\">En toute humilit\u00e9, il propose son regard profond\u00e9ment optimiste au public, afin de faire vivre une exp\u00e9rience par l\u2019image. L\u2019univers de Martin Gaudreault est un espace \u00e0 voir et \u00e0 ressentir; une exp\u00e9rience esth\u00e9tique.<\/p>\n<p style=\"text-align: left;\"><span style=\"color: #808080;\"><em>D\u00e9marche artistique \u00e9crite par HeleneCaroline Fournier, experte en art et th\u00e9oricienne de l\u2019art, r\u00e9dactrice sp\u00e9cialis\u00e9e et critique d\u2019art, juin 2019.<\/em><\/span><\/p>\n<\/div><\/div><\/div><style type=\"text\/css\">.fusion-body .fusion-builder-column-1{width:66.666666666667% !important;margin-top : 0px;margin-bottom : 0px;}.fusion-builder-column-1 > .fusion-column-wrapper {padding-top : 0px !important;padding-right : 0px !important;margin-right : 2.88%;padding-bottom : 0px !important;padding-left : 0px !important;margin-left : 3.84%;}@media only screen and (max-width:1024px) {.fusion-body .fusion-builder-column-1{width:66.666666666667% !important;}.fusion-builder-column-1 > .fusion-column-wrapper {margin-right : 2.88%;margin-left : 3.84%;}}@media only screen and (max-width:640px) {.fusion-body .fusion-builder-column-1{width:100% !important;}.fusion-builder-column-1 > .fusion-column-wrapper {margin-right : 1.92%;margin-left : 1.92%;}}<\/style><\/div><style type=\"text\/css\">.fusion-body .fusion-flex-container.fusion-builder-row-1{ padding-top : 0px;margin-top : 0px;padding-right : 0px;padding-bottom : 0px;margin-bottom : 0px;padding-left : 0px;}<\/style><\/div>\n","protected":false},"excerpt":{"rendered":"","protected":false},"author":1,"featured_media":0,"parent":1623,"menu_order":2,"comment_status":"closed","ping_status":"closed","template":"","meta":{"footnotes":""},"_links":{"self":[{"href":"https:\/\/artzoomconnection.com\/martingaudreault\/wp-json\/wp\/v2\/pages\/1627"}],"collection":[{"href":"https:\/\/artzoomconnection.com\/martingaudreault\/wp-json\/wp\/v2\/pages"}],"about":[{"href":"https:\/\/artzoomconnection.com\/martingaudreault\/wp-json\/wp\/v2\/types\/page"}],"author":[{"embeddable":true,"href":"https:\/\/artzoomconnection.com\/martingaudreault\/wp-json\/wp\/v2\/users\/1"}],"replies":[{"embeddable":true,"href":"https:\/\/artzoomconnection.com\/martingaudreault\/wp-json\/wp\/v2\/comments?post=1627"}],"version-history":[{"count":28,"href":"https:\/\/artzoomconnection.com\/martingaudreault\/wp-json\/wp\/v2\/pages\/1627\/revisions"}],"predecessor-version":[{"id":2576,"href":"https:\/\/artzoomconnection.com\/martingaudreault\/wp-json\/wp\/v2\/pages\/1627\/revisions\/2576"}],"up":[{"embeddable":true,"href":"https:\/\/artzoomconnection.com\/martingaudreault\/wp-json\/wp\/v2\/pages\/1623"}],"wp:attachment":[{"href":"https:\/\/artzoomconnection.com\/martingaudreault\/wp-json\/wp\/v2\/media?parent=1627"}],"curies":[{"name":"wp","href":"https:\/\/api.w.org\/{rel}","templated":true}]}}