
{"id":1644,"date":"2009-11-16T23:46:01","date_gmt":"2009-11-17T04:46:01","guid":{"rendered":"http:\/\/www.artzoom.org\/members\/wordpress\/?page_id=33"},"modified":"2023-11-03T14:10:44","modified_gmt":"2023-11-03T13:10:44","slug":"expositions","status":"publish","type":"page","link":"https:\/\/artzoomconnection.com\/martingaudreault\/expositions\/","title":{"rendered":"EXPOSITIONS"},"content":{"rendered":"<div class=\"fusion-fullwidth fullwidth-box fusion-builder-row-1 fusion-flex-container nonhundred-percent-fullwidth non-hundred-percent-height-scrolling\" style=\"background-color: rgba(255,255,255,0);background-position: center center;background-repeat: no-repeat;border-width: 0px 0px 0px 0px;border-color:#eae9e9;border-style:solid;\" ><div class=\"fusion-builder-row fusion-row fusion-flex-align-items-flex-start\" style=\"max-width:1064.96px;margin-left: calc(-4% \/ 2 );margin-right: calc(-4% \/ 2 );\"><div class=\"fusion-layout-column fusion_builder_column fusion-builder-column-0 fusion_builder_column_1_3 1_3 fusion-flex-column\"><div class=\"fusion-column-wrapper fusion-flex-justify-content-flex-start fusion-content-layout-column\" style=\"background-position:left top;background-repeat:no-repeat;-webkit-background-size:cover;-moz-background-size:cover;-o-background-size:cover;background-size:cover;padding: 0px 0px 0px 0px;\"><div class=\"fusion-text fusion-text-1\" style=\"transform:translate3d(0,0,0);\"><h4>EN PERMANENCE<\/h4>\n<p><em>liste non exhaustive<\/em><\/p>\n<p><strong>Galerie d\u2019art Urbania<\/strong><br \/>\n112, rue Saint-Paul<br \/>\nQu\u00e9bec (Qu\u00e9bec)<br \/>\nG1Y 8E4 Canada<br \/>\n1.418.999.9862<\/p>\n<p><strong>Art Total Multim\u00e9dia<\/strong><br \/>\nC.P. 75161 Succursale Cap-Rouge<br \/>\nQu\u00e9bec (Qu\u00e9bec)<br \/>\nG1Y 3C7 Canada<br \/>\n1.418.653.7030<br \/>\n<a title=\"info@arttotalmultimedia.com\" href=\"mailto:info@arttotalmultimedia.com\" target=\"_blank\" rel=\"noopener noreferrer\">info@arttotalmultimedia.com<\/a><\/p>\n<\/div><\/div><\/div><style type=\"text\/css\">.fusion-body .fusion-builder-column-0{width:33.333333333333% !important;margin-top : 0px;margin-bottom : 0px;}.fusion-builder-column-0 > .fusion-column-wrapper {padding-top : 0px !important;padding-right : 0px !important;margin-right : 3.84%;padding-bottom : 0px !important;padding-left : 0px !important;margin-left : 5.76%;}@media only screen and (max-width:1024px) {.fusion-body .fusion-builder-column-0{width:33.333333333333% !important;}.fusion-builder-column-0 > .fusion-column-wrapper {margin-right : 3.84%;margin-left : 5.76%;}}@media only screen and (max-width:640px) {.fusion-body .fusion-builder-column-0{width:100% !important;}.fusion-builder-column-0 > .fusion-column-wrapper {margin-right : 1.92%;margin-left : 1.92%;}}<\/style><div class=\"fusion-layout-column fusion_builder_column fusion-builder-column-1 fusion_builder_column_2_3 2_3 fusion-flex-column\"><div class=\"fusion-column-wrapper fusion-flex-justify-content-flex-start fusion-content-layout-column\" style=\"background-position:left top;background-repeat:no-repeat;-webkit-background-size:cover;-moz-background-size:cover;-o-background-size:cover;background-size:cover;padding: 0px 0px 0px 0px;\"><div class=\"fusion-text fusion-text-2\" style=\"transform:translate3d(0,0,0);\"><h4>EN COURS ET \u00c0 VENIR<\/h4>\n<h5>2023<\/h5>\n<p><strong> Du 1er avril au 31 d\u00e9cembre 2023:<\/strong> Internation\u2019Art &#8211; Mus\u00e9e d\u2019art contemporain VR 3D (MACVR3D), Place Darche, 54400 Longwy <span style=\"color: #ff6600;\">\u00a0<strong>(France)<\/strong><\/span> &#8211; <strong>Commissaire: HeleneCaroline Fournier<\/strong><\/p>\n<p><strong> Du 1er septembre 2023 au 28 f\u00e9vrier 2024: <\/strong> Salon D\u00e9couverte Automne\/Hiver 2023\/2024 Mus\u00e9e d\u2019art contemporain VR 3D (MACVR3D), Place Darche, 54400 Longwy <span style=\"color: #ff6600;\">\u00a0<strong>(France)<\/strong><\/span> &#8211; <strong>Commissaire: HeleneCaroline Fournier<\/strong><\/p>\n<hr \/>\n<h4>EXPOSITIONS PASS\u00c9ES<\/h4>\n<h5>Liste non exhaustive<\/h5>\n<h5>Expositions personnelles<\/h5>\n<p><strong>2021\/2022<\/strong>: Exposition individuelle \u00abInfluences\u00bb &#8211;\u00a0Biblioth\u00e8que Georges Henri Levesque &#8211; Roberval (Qu\u00e9bec-Canada)<br \/>\n<strong>2021:<\/strong> Exposition personnelle &#8211; Maison O\u2019Neill, 3160, boul. Hamel, Qu\u00e9bec (Qu\u00e9bec-Canada)<br \/>\n<strong>2021<\/strong>: Exposition personnelle virtuelle &#8211; Espace Nature \u2013 Qu\u00e9bec (Qu\u00e9bec-Canada)<br \/>\n<strong>2018:<\/strong> Enchev\u00eatrement de lumi\u00e8res &#8211; Biblioth\u00e8que Georges-Henri-L\u00e9vesque, 820 boul. St-Joseph, Roberval (Qu\u00e9bec-Canada)<br \/>\n<strong>2018:<\/strong> La ligne du temps &#8211; Galerie d&rsquo;Art Urbania, 112 rue Saint-Paul, Qu\u00e9bec (Canada)<\/p>\n<h5>Expositions collectives<\/h5>\n<p><strong>2023\/2024:<\/strong> Salon D\u00e9couverte Automne\/Hiver 2023\/2024 Mus\u00e9e d\u2019art contemporain VR 3D (MACVR3D), Place Darche, 54400 Longwy\u00a0\u00a0<span style=\"color: #ff6600;\"><strong>(France)<\/strong><\/span>\u00a0\u2013\u00a0Commissaire: HeleneCaroline Fournier<br \/>\n<strong>2023:<\/strong> Internation\u2019Art \u2013 Mus\u00e9e d\u2019art contemporain VR 3D (MACVR3D), Place Darche, 54400 Longwy <span style=\"color: #ff6600;\"><strong>(France)<\/strong><\/span> \u2013 Commissaire: HeleneCaroline Fournier<br \/>\n<strong>2023:<\/strong> Earth quake num\u00e9ro 12 \u2013 Ni\u011fde <span style=\"color: #ff6600;\"><strong>(Turquie)<\/strong><\/span> \u2013 Commissaire d\u2019exposition Safa B\u00fcte<br \/>\n<strong>2023:<\/strong> Les artistes pour la paix <span style=\"color: #ff6600;\"><strong>(Ukraine)<\/strong><\/span> \u2013 Commissaire Olga Kotlyarovaprokopenko<br \/>\n<strong>2023:<\/strong> Netherland photofest \u2013 Mus\u00e9e des Am\u00e9riques &#8211; Commissaires d\u2019exposition Michelle Poliakoff<br \/>\n<strong>2023:<\/strong> Salon D\u00e9couverte Printemps\/\u00c9t\u00e9 2023 \u2013 Mus\u00e9e d\u2019art contemporain VR 3D (MACVR3D), Place Darche, 54400 Longwy \u00a0<span style=\"color: #ff6600;\"><strong>(France)<\/strong><\/span> \u2013 Commissaire: HeleneCaroline Fournier<br \/>\n<strong>2023:<\/strong> Master brush international \u2013 Gagnant de l\u2019Orchid\u00e9e d\u2019or \u2013 Commissaire d\u2019exposition Patrizia Gallo<br \/>\n<strong>2023:<\/strong> Mus\u00e9e des Am\u00e9riques \u2013 Duba\u00ef &#8211; <span style=\"color: #ff6600;\"><strong>(\u00c9mirats Arabes Unis)<\/strong><\/span>&#8211; Commissaires d\u2019exposition ARTE GLOBAL PRO et Michelle Poliakoff<br \/>\n<strong>2023:<\/strong> Exposition FUTURE \u2013 Los Angeles <span style=\"color: #ff6600;\"><strong>(USA)<\/strong><\/span> \u2013 Commissaires d\u2019exposition ARTE GLOBAL PRO et Michelle Poliakoff<br \/>\n<strong>2023:<\/strong> Exposition pour la paix \u2013 Acad\u00e9mie LIK \u2013 <span style=\"color: #ff6600;\"><strong>(Allemagne)<\/strong><\/span> et <span style=\"color: #ff6600;\"><strong>(Ukraine)<\/strong><\/span><br \/>\n<strong>2023:<\/strong> Exposition Solstice d\u2019\u00e9t\u00e9 <span style=\"color: #ff6600;\"><strong>(Ukraine)<\/strong><\/span> &#8211; Commissaire Olga Kotlyarovaprokopenko<br \/>\n<strong>2023:<\/strong> Exposition ACACIA <span style=\"color: #ff6600;\"><strong>(Ukraine)<\/strong><\/span> &#8211; Commissaire Olga Kotlyarovaprokopenko<br \/>\n<strong>2023:<\/strong> Exposition TERRA <span style=\"color: #ff6600;\"><strong>(Argentine)<\/strong><\/span> \u2013 Commissaire d\u2019exposition Dar\u00edo Zilbersztein<br \/>\n<strong>2023:<\/strong> Ukraine pour la paix- Commissaire Olga Kotlyarovaprokopenko<br \/>\n<strong>2023:<\/strong> Flash Mob \u2013 World art day \u2013 Commissaire Olga Kotlyarovaprokopenko<br \/>\n<strong>2023:<\/strong> World art day \u2013 Commissaire Olga Kotlyarovaprokopenko<br \/>\n<strong>2022 \/2023:\u00a0<\/strong>CLIC PHOTO (trio) &#8211; Mus\u00e9e d\u2019art contemporain VR 3D (MACVR3D), Place Darche, 54400 Longwy <strong><span style=\"color: #ff6600;\">(France)<\/span><\/strong> \u2013 Commissaire: HeleneCaroline Fournier<br \/>\n<strong>2022:<\/strong> Internation\u2019ART 2022 &#8211; Mus\u00e9e d\u2019art contemporain VR 3D (MACVR3D), Place Darche, 54400 Longwy<strong><span style=\"color: #ff6600;\">\u00a0(France)<\/span><br \/>\n<\/strong><strong>2022: <\/strong>Jardin de Joie \/ Garden of Joy &#8211; Mus\u00e9e d\u2019art contemporain VR 3D (MACVR3D), Place Darche, 54400 Longwy<strong><span style=\"color: #ff6600;\">\u00a0(France)<\/span><br \/>\n<\/strong><strong>2022: <\/strong>Pays, Paysage \/ Land, Landscape &#8211; Mus\u00e9e d\u2019art contemporain VR 3D (MACVR3D), Place Darche, 54400 Longwy<strong><span style=\"color: #ff6600;\">\u00a0(France)<\/span><br \/>\n<\/strong><strong>2022: <\/strong>Exposition collective internationale \u00abAvec amour pour l&rsquo;Ukraine\u00bb Odessa<strong> <span style=\"color: #ff6600;\">(Ukraine)<br \/>\n<\/span><\/strong><strong>2022:<\/strong> Exposition collective \u00abInternational Women&rsquo;s Day\u00bb ARTE Global &#8211; Los Angeles <strong><span style=\"color: #ff6600;\">(\u00c9tats-Unis)<br \/>\n<\/span><\/strong><strong>2022:<\/strong> Exposition collective &#8211; ILAMAR Gallery &#8211; Mondial de l&rsquo;Art &#8211; Lima <strong><span style=\"color: #ff6600;\">(P\u00e9rou)<br \/>\n<\/span><\/strong><strong>2022:<\/strong> Exposition collective &#8211; Festival international d&rsquo;art et de litt\u00e9rature \u00abWhite Acacia \u00bb Odessa <span style=\"color: #ff6600;\"><strong>(Ukraine)<br \/>\n<\/strong><\/span><strong>2022:<\/strong> Exposition collective &#8211; Festival international des arts \u00abFavorite Odessa\u00bb Odessa <span style=\"color: #ff6600;\"><strong>(Ukraine)<br \/>\n<\/strong><\/span><strong>2022:<\/strong> Exposition internationale collective de photographies &#8211; Centre national d&rsquo;expostion de Jonqui\u00e8re &#8211; Faut voir le monde (Qu\u00e9bec-Canada)<br \/>\n<strong>2022:<\/strong> Exposition internationale collective &#8211; Galerie Pintar la vida <span style=\"color: #ff6600;\"><strong>(Paraguay)<br \/>\n<\/strong><\/span><strong>2022:<\/strong> Exposition internationale collective &#8211; Mus\u00e9e virtuel international virtuel des arts &#8211; ARTE Global Galery &#8211; Numero de Dunbar <strong><span style=\"color: #ff6600;\">(Br\u00e9sil)<br \/>\n<\/span><\/strong><strong>2021: <\/strong> Internation\u2019ART 2021 &#8211; exposition internationale annuelle &#8211; Mus\u00e9e d\u2019art contemporain VR 3D (MACVR3D), Place Darche, 54400 Longwy <span style=\"color: #ff6600;\"><strong>(France)<\/strong><\/span><br \/>\n<strong>2021<\/strong>: Exposition collective virtuelle &#8211; Galerie Menduina Schneider &#8211; Gagnants du collectif de d\u00e9cembre 2020 Los Angeles <strong><span style=\"color: #ff6600;\">(\u00c9tats-Unis)<br \/>\n<\/span><\/strong><strong>2021<\/strong>: Exposition internationale collective &#8211; Nidge Art Gallery &#8211; ArtQuake 7 &#8211; All the birds freely <span style=\"color: #ff6600;\"><strong>(Turquie)<br \/>\n<\/strong><\/span><strong>2021<\/strong>: Exposition collective &#8211;\u00a0Maison de la culture de la Bolivie<span style=\"color: #ff6600;\"><strong> (\u00c9quateur)<br \/>\n<\/strong><\/span><strong>2021:<\/strong> Galerie Sare Art &#8211; Exposition internationale de photograhies &#8211; Moscou <span style=\"color: #ff6600;\"><strong>(Russie)<br \/>\n<\/strong><\/span><strong>2021:<\/strong> Festival photos &#8211; Images d&rsquo;ici et d&rsquo;ailleurs &#8211; Carpentras <span style=\"color: #ff6600;\"><strong>(France)<br \/>\n<\/strong><\/span><strong>2020\/2021:<\/strong>\u00ab\u00a0COLORES\u00a0\u00bb exposition collective d\u2019artistes s\u00e9lectionn\u00e9s au Mus\u00e9e d\u2019art contemporain VR 3D, 54400 Longwy\u00a0<span style=\"color: #ff6600;\"><strong>(France)<br \/>\n<\/strong><\/span><strong>2020\/2021:<\/strong>\u00ab\u00a0AMOR\u00a0\u00bb exposition collective d\u2019artistes s\u00e9lectionn\u00e9s au Mus\u00e9e d\u2019art contemporain VR 3D, 54400 Longwy<span style=\"color: #ff6600;\"><strong>(France)<br \/>\n<\/strong><\/span><strong>2020:<\/strong> Internation\u2019art 2020 &#8211; exposition internationale &#8211; Mus\u00e9e d\u2019art contemporain VR 3D, 54400 Longwy (France) &#8211; Commissaire: HeleneCaroline Fournier<br \/>\n<strong>2020:<\/strong> Blancheur macul\u00e9e, Galerie 5, 2365 rue St-Dominique, Jonqui\u00e8re (Qu\u00e9bec-Canada)<br \/>\n<strong>2020:<\/strong> Exposition personnelle &#8211; Enchev\u00eatrement de lumi\u00e8res &#8211;\u00a0Galerie 5 &#8211; Jonqui\u00e8re\u00a0 (Qu\u00e9bec &#8211; Canada)<br \/>\n<strong>2020:<\/strong> \u00a0Exposition virtuelle &#8211; Manhattan Arts International &#8211; \u00ab The spirit of resilience\u00bb New-York <span style=\"color: #ff6600;\"><strong>(\u00c9tats-Unis)<br \/>\n<\/strong><\/span><strong>2019\/2020:<\/strong> \u201cVibration\u201d exposition collective d\u2019artistes s\u00e9lectionn\u00e9s au Mus\u00e9e d\u2019art contemporain VR 3D, 54400 Longwy <span style=\"color: #ff6600;\"><strong>(France)<\/strong><\/span><br \/>\n<strong>2019\/2020:<\/strong> \u201cInstinct\u201d exposition collective d\u2019artistes s\u00e9lectionn\u00e9s au Mus\u00e9e d\u2019art contemporain VR 3D, 54400 Longwy <span style=\"color: #ff6600;\"><strong>(France)<\/strong><\/span><br \/>\n<strong>2019: <\/strong>A la rencontre de l\u2019inattendu &#8211; Mus\u00e9e de l\u2019H\u00f4tel des postes, 949 boul. des Bois Francs Sud, Victoriaville (Qu\u00e9bec-Canada)<br \/>\n<strong>2019: <\/strong>Papermill Gallery at the historic Todmorden Mills heritage site in Rosedale, Toronto (Canada)<strong><br \/>\n2018:<\/strong> Art Shopping, salon international d&rsquo;art contemporain, Carrousel du Louvre, Paris<strong><span style=\"color: #ff6600;\"> (France)<\/span><\/strong><br \/>\n<strong>2018:<\/strong> Merlino Bottega D&rsquo;arte, Via delle Vecchie Carceri, snc \u2013 le Murate \u2013 Firenze 50122 Florence <strong><span style=\"color: #ff6600;\">(Italie)<\/span><\/strong><br \/>\n<strong>2018:<\/strong> Biennale internationale d&rsquo;art contemporain de Florence, Florence<strong><span style=\"color: #ff6600;\"> (Italie)<\/span><\/strong><br \/>\n<strong>2018:<\/strong> National Open Art, Londres <strong><span style=\"color: #ff6600;\">(Angleterre)<\/span><\/strong><br \/>\n<strong>2017:<\/strong> Art Shopping, salon international d&rsquo;art contemporain, Carrousel du Louvre, Paris<strong><span style=\"color: #ff6600;\"> (France)<\/span><\/strong><br \/>\n<strong>2017:<\/strong> Galerie le Livart \u2013 \u00ab L\u2019Europe rencontre le Canada \u00bb &#8211; Exposition internationale, 3980 rue Saint-Denis, Montr\u00e9al (Canada)<br \/>\n<strong>2017:<\/strong> Salon international Artistes du monde (SIAM) \u2013 Exposition internationale, La Croisette, Gare Maritime, Cannes <strong><span style=\"color: #ff6600;\">(France)<\/span><\/strong> &#8211; Son travail est remarqu\u00e9 par la marraine de l&rsquo;\u00e9v\u00e8nement Madame Marina Picasso.<br \/>\n<strong>2017:<\/strong> Galerie la T\u00eat&rsquo; de l\u2019Art \u2013 \u00ab Le Canada rencontre l\u2019Europe \u00bb &#8211; Exposition internationale, 70 a rue nationale 57600 Forbach <strong><span style=\"color: #ff6600;\">(France)<\/span><\/strong><br \/>\n<strong>2017: <\/strong>Grand prix international des amis de l\u2019\u00cele Sainte-Marguerite, Cannes <span style=\"color: #ff6600;\"><strong>(France)<\/strong><\/span><\/p>\n<h5>R\u00e9sidence d&rsquo;artiste<\/h5>\n<p><strong>2018:<\/strong> Galerie d&rsquo;Art Urbania, 112 rue Saint-Paul, Qu\u00e9bec (Canada)<br \/>\n<strong>2018:<\/strong> Merlino Bottega D&rsquo;arte, Via delle Vecchie Carceri, snc \u2013 le Murate \u2013 Firenze 50122 Florence <strong><span style=\"color: #ff6600;\">(Italie)<\/span><\/strong><br \/>\n<strong>2017:<\/strong> Merlino Bottega D&rsquo;arte, Via delle Vecchie Carceri, snc \u2013 le Murate \u2013 Firenze 50122 Florence <strong><span style=\"color: #ff6600;\">(Italie)<\/span><\/strong><\/p>\n<\/div><\/div><\/div><style type=\"text\/css\">.fusion-body .fusion-builder-column-1{width:66.666666666667% !important;margin-top : 0px;margin-bottom : 0px;}.fusion-builder-column-1 > .fusion-column-wrapper {padding-top : 0px !important;padding-right : 0px !important;margin-right : 2.88%;padding-bottom : 0px !important;padding-left : 0px !important;margin-left : 3.84%;}@media only screen and (max-width:1024px) {.fusion-body .fusion-builder-column-1{width:66.666666666667% !important;}.fusion-builder-column-1 > .fusion-column-wrapper {margin-right : 2.88%;margin-left : 3.84%;}}@media only screen and (max-width:640px) {.fusion-body .fusion-builder-column-1{width:100% !important;}.fusion-builder-column-1 > .fusion-column-wrapper {margin-right : 1.92%;margin-left : 1.92%;}}<\/style><\/div><style type=\"text\/css\">.fusion-body .fusion-flex-container.fusion-builder-row-1{ padding-top : 0px;margin-top : 0px;padding-right : 0px;padding-bottom : 0px;margin-bottom : 0px;padding-left : 0px;}<\/style><\/div>\n","protected":false},"excerpt":{"rendered":"","protected":false},"author":1,"featured_media":0,"parent":0,"menu_order":0,"comment_status":"open","ping_status":"open","template":"","meta":{"footnotes":""},"_links":{"self":[{"href":"https:\/\/artzoomconnection.com\/martingaudreault\/wp-json\/wp\/v2\/pages\/1644"}],"collection":[{"href":"https:\/\/artzoomconnection.com\/martingaudreault\/wp-json\/wp\/v2\/pages"}],"about":[{"href":"https:\/\/artzoomconnection.com\/martingaudreault\/wp-json\/wp\/v2\/types\/page"}],"author":[{"embeddable":true,"href":"https:\/\/artzoomconnection.com\/martingaudreault\/wp-json\/wp\/v2\/users\/1"}],"replies":[{"embeddable":true,"href":"https:\/\/artzoomconnection.com\/martingaudreault\/wp-json\/wp\/v2\/comments?post=1644"}],"version-history":[{"count":73,"href":"https:\/\/artzoomconnection.com\/martingaudreault\/wp-json\/wp\/v2\/pages\/1644\/revisions"}],"predecessor-version":[{"id":2624,"href":"https:\/\/artzoomconnection.com\/martingaudreault\/wp-json\/wp\/v2\/pages\/1644\/revisions\/2624"}],"wp:attachment":[{"href":"https:\/\/artzoomconnection.com\/martingaudreault\/wp-json\/wp\/v2\/media?parent=1644"}],"curies":[{"name":"wp","href":"https:\/\/api.w.org\/{rel}","templated":true}]}}