
{"id":2319,"date":"2019-04-10T09:24:25","date_gmt":"2019-04-10T08:24:25","guid":{"rendered":"http:\/\/artzoomconnection.com\/martingaudreault\/?page_id=2319"},"modified":"2024-01-02T06:46:15","modified_gmt":"2024-01-02T05:46:15","slug":"politique-de-confidentialite","status":"publish","type":"page","link":"https:\/\/artzoomconnection.com\/martingaudreault\/politique-de-confidentialite\/","title":{"rendered":"Politique de confidentialit\u00e9"},"content":{"rendered":"\r\n<p>Qui sommes-nous ?<br \/>L\u2019adresse de notre site Web est : https:\/\/artzoomconnection.com\/martingaudreault<\/p>\r\n<a href=\"#\" class=\"_brlbs-btn-cookie-preference borlabs-cookie-preference\">Changer mon consentement<\/a>\r\n\r\n\r\n\r\n<p>Est-ce que nous utilisons des cookies ?<br \/>Oui les cookies utilis\u00e9s sur notre site sont PHPSESSID et stockage local: ces cookies permettent la gestion de sessions. Il sont conserv\u00e9s pour PHPSESSID le temps de votre connexion \u00e0 la session et pour \u00ab\u00a0stockage local\u00a0\u00bb sans limite de dur\u00e9e de vie. D&rsquo;autres cookies peuvent \u00eatres utilis\u00e9s.<\/p>\r\n\r\n\r\n\r\n<p>D\u00e9sactiver les cookies<br \/>Dans les diff\u00e9rents navigateurs internet que vous utilisez, vous pouvez les d\u00e9sactiver dans l&rsquo;onglet \u00ab\u00a0Pr\u00e9f\u00e9rences\u00a0\u00bb ou \u00ab\u00a0Param\u00e8tres\u00a0\u00bb suivant le type de navigateur internet utilis\u00e9, vous pouvez choisir de bloquer les cookies.<\/p>\r\n\r\n\r\n\r\n<p>Consentement<br \/>En utilisant notre site, vous consentez \u00e0 notre politique de confidentialit\u00e9.<\/p>\r\n","protected":false},"excerpt":{"rendered":"<p>Qui sommes-nous ?L\u2019adresse de notre site Web est : https:\/\/artzoomconnection.com\/martingaudreault [&hellip;]<\/p>\n","protected":false},"author":1,"featured_media":0,"parent":0,"menu_order":0,"comment_status":"closed","ping_status":"closed","template":"","meta":{"footnotes":""},"_links":{"self":[{"href":"https:\/\/artzoomconnection.com\/martingaudreault\/wp-json\/wp\/v2\/pages\/2319"}],"collection":[{"href":"https:\/\/artzoomconnection.com\/martingaudreault\/wp-json\/wp\/v2\/pages"}],"about":[{"href":"https:\/\/artzoomconnection.com\/martingaudreault\/wp-json\/wp\/v2\/types\/page"}],"author":[{"embeddable":true,"href":"https:\/\/artzoomconnection.com\/martingaudreault\/wp-json\/wp\/v2\/users\/1"}],"replies":[{"embeddable":true,"href":"https:\/\/artzoomconnection.com\/martingaudreault\/wp-json\/wp\/v2\/comments?post=2319"}],"version-history":[{"count":2,"href":"https:\/\/artzoomconnection.com\/martingaudreault\/wp-json\/wp\/v2\/pages\/2319\/revisions"}],"predecessor-version":[{"id":2629,"href":"https:\/\/artzoomconnection.com\/martingaudreault\/wp-json\/wp\/v2\/pages\/2319\/revisions\/2629"}],"wp:attachment":[{"href":"https:\/\/artzoomconnection.com\/martingaudreault\/wp-json\/wp\/v2\/media?parent=2319"}],"curies":[{"name":"wp","href":"https:\/\/api.w.org\/{rel}","templated":true}]}}