
{"id":40,"date":"2009-11-16T23:49:23","date_gmt":"2009-11-17T04:49:23","guid":{"rendered":"http:\/\/www.artzoom.org\/members\/wordpress\/?page_id=40"},"modified":"2023-11-03T14:12:03","modified_gmt":"2023-11-03T13:12:03","slug":"documents-de-presse","status":"publish","type":"page","link":"https:\/\/artzoomconnection.com\/martingaudreault\/presse\/documents-de-presse\/","title":{"rendered":"PRESSE"},"content":{"rendered":"<div class=\"fusion-fullwidth fullwidth-box fusion-builder-row-1 fusion-flex-container nonhundred-percent-fullwidth non-hundred-percent-height-scrolling\" style=\"background-color: rgba(255,255,255,0);background-position: center center;background-repeat: no-repeat;border-width: 0px 0px 0px 0px;border-color:#eae9e9;border-style:solid;\" ><div class=\"fusion-builder-row fusion-row fusion-flex-align-items-flex-start\" style=\"max-width:1064.96px;margin-left: calc(-4% \/ 2 );margin-right: calc(-4% \/ 2 );\"><div class=\"fusion-layout-column fusion_builder_column fusion-builder-column-0 fusion_builder_column_1_2 1_2 fusion-flex-column\"><div class=\"fusion-column-wrapper fusion-flex-justify-content-flex-start fusion-content-layout-column\" style=\"background-position:left top;background-repeat:no-repeat;-webkit-background-size:cover;-moz-background-size:cover;-o-background-size:cover;background-size:cover;padding: 0px 0px 0px 0px;\"><div class=\"fusion-text fusion-text-1\" style=\"transform:translate3d(0,0,0);\"><h4>COUVERTURE M\u00c9DIATIQUE<\/h4>\n<p style=\"text-align: left;\"><em>Liste non exhaustive<\/em><\/p>\n<p style=\"text-align: justify;\">Magazines sp\u00e9cialis\u00e9s<\/p>\n<p style=\"text-align: justify;\"><strong>Nombreux articles de journaux :<\/strong>\u00a0L\u2019\u00c9toile du Lac, Le Quotidien, Le Progr\u00e8s, Le Lac St-Jean, etc.<\/p>\n<p style=\"text-align: justify;\"><strong>Cyberpresse<\/strong><\/p>\n<p style=\"text-align: justify;\"><strong>Le Quotidien: <\/strong><a href=\"https:\/\/www.lequotidien.com\/arts\/martin-gaudreault-expose-au-louvre-6c6cff4d251e03f9dc32e7dea7e8c34f\" target=\"_blank\" rel=\"noopener noreferrer\">article 1<\/a> &#8211;<strong> L\u2019\u00c9toile du Lac: <\/strong><a href=\"https:\/\/www.letoiledulac.com\/culture\/les-expositions-senchainent-pour-le-photographe-martin-gaudreault\/\" target=\"_blank\" rel=\"noopener noreferrer\">article 1<\/a> &#8211; <a href=\"https:\/\/www.letoiledulac.com\/culture\/martin-gaudreault-a-quebec-pour-un-soir-seulement\/\" target=\"_blank\" rel=\"noopener noreferrer\">article 2<\/a> <strong>&#8211; Le Lac St-Jean: <\/strong><a href=\"https:\/\/lelacstjean.com\/sports\/traversee-du-lac-a-velo-pres-des-2-3-des-participants-forces-a-labandon\/\" target=\"_blank\" rel=\"noopener noreferrer\">photos<\/a> &#8211;<strong> Info-Culture: <\/strong><a href=\"http:\/\/info-culture.biz\/2019\/05\/07\/ordre-du-bleuet-2019\/\" target=\"_blank\" rel=\"noopener noreferrer\">article 1<\/a><strong> &#8211; PatWhite (site de r\u00e9f\u00e9rence):\u00a0 <\/strong><a href=\"https:\/\/patwhite.com\/un-10eme-gala-honorifique-de-la-societe-de-lordre-du-bleuet-pour-les-arts-et-la-culture\" target=\"_blank\" rel=\"noopener noreferrer\">article 1<\/a><strong> &#8211; Arts&amp;Culture: <\/strong><a href=\"https:\/\/www.artsetculture.ca\/ordre-du-bleuet-2019\/\" target=\"_blank\" rel=\"noopener noreferrer\">article 1<\/a><strong> &#8211; helenecaroline (site de r\u00e9f\u00e9rence): <\/strong><a href=\"https:\/\/helenecaroline.com\/?s=martin+gaudreault\" target=\"_blank\" rel=\"noopener noreferrer\">l\u2019ensemble des articles <\/a><strong> &#8211; HEART, magazine des arts: <\/strong><a href=\"https:\/\/magazinedesarts.com\/?s=martin+gaudreault\" target=\"_blank\" rel=\"noopener noreferrer\">L\u2019ensemble des articles<\/a> &#8211; etc.<\/p>\n<p>Publication r\u00e9guli\u00e8re sur Web Magazine, Les Radieuses<br \/>\nParution Magazine Folium, Argentine (\u00e9dition sp\u00e9ciale Mondial Art Academia)<\/p>\n<\/div><\/div><\/div><style type=\"text\/css\">.fusion-body .fusion-builder-column-0{width:50% !important;margin-top : 0px;margin-bottom : 0px;}.fusion-builder-column-0 > .fusion-column-wrapper {padding-top : 0px !important;padding-right : 0px !important;margin-right : 3.84%;padding-bottom : 0px !important;padding-left : 0px !important;margin-left : 3.84%;}@media only screen and (max-width:1024px) {.fusion-body .fusion-builder-column-0{width:50% !important;}.fusion-builder-column-0 > .fusion-column-wrapper {margin-right : 3.84%;margin-left : 3.84%;}}@media only screen and (max-width:640px) {.fusion-body .fusion-builder-column-0{width:100% !important;}.fusion-builder-column-0 > .fusion-column-wrapper {margin-right : 1.92%;margin-left : 1.92%;}}<\/style><div class=\"fusion-layout-column fusion_builder_column fusion-builder-column-1 fusion_builder_column_1_2 1_2 fusion-flex-column\"><div class=\"fusion-column-wrapper fusion-flex-justify-content-flex-start fusion-content-layout-column\" style=\"background-position:left top;background-repeat:no-repeat;-webkit-background-size:cover;-moz-background-size:cover;-o-background-size:cover;background-size:cover;padding: 0px 0px 0px 0px;\"><div class=\"fusion-text fusion-text-2\" style=\"transform:translate3d(0,0,0);\"><h4>RADIO ET T\u00c9L\u00c9VISION<\/h4>\n<p><em>Liste non exhaustive<\/em><\/p>\n<p>Entrevue Enchev\u00eatrement de lumi\u00e8res (NOUSTV), 2018<br \/>\nEntrevue S\u00e9lection Carrousel du Louvre (NOUSTV), 2017<br \/>\nPlusieurs entrevues dans plusieurs m\u00e9dias de la r\u00e9gion du Saguenay-Lac-Saint-Jean<br \/>\nPhotos diffus\u00e9es sur RTBF (le site de la Radio T\u00e9l\u00e9vision Belge Francophone) dans le 6 \u00e0 8.<br \/>\nEtc.<\/p>\n<h4>MULTIM\u00c9DIA<\/h4>\n<p><em>Liste non exhaustive<\/em><br \/>\n\u00e0 venir<\/p>\n<h4>BIBLIOGRAPHIE<\/h4>\n<p><em>Liste non exhaustive<\/em><br \/>\n&#8211; <em>Circle Quartely Art Review<\/em>, 2019 (\u00e0 para\u00eetre)<br \/>\n&#8211; <em>International contemporary Artist<\/em> &#8211; Catalogue vol. 1 en 2018 et vol. 2 en 2019 &#8211; <a href=\"https:\/\/www.artcertificate.eu\/offres\/offre.php?id=40\" target=\"_blank\" rel=\"noopener noreferrer\">voir le lien<\/a><br \/>\n&#8211; <em>Endorphinemag<\/em>, avril 2016 &#8211; <a href=\"https:\/\/issuu.com\/endorphinmag\/docs\/marsavril2016\" target=\"_blank\" rel=\"noopener noreferrer\">voir le lien<\/a><br \/>\n&#8211; <em>Vojo Mag<\/em>, 2015 &#8211; <a href=\"https:\/\/www.vojomag.com\/la-traversee-du-lac-st-jean-32km-de-fatbike-dans-le-desert-blanc\/\" target=\"_blank\" rel=\"noopener noreferrer\">voir le lien<\/a><br \/>\nEtc.<\/p>\n<h4 style=\"text-align: center;\">CATALOGUES D&rsquo;EXPOSITION<\/h4>\n<p><a href=\"http:\/\/macvr3d.com\/pdf\/catalogue_expo_internationart2020_macvr3d.pdf\" target=\"_blank\" rel=\"noopener noreferrer\"><img decoding=\"async\" class=\"aligncenter size-medium wp-image-3325\" src=\"https:\/\/artzoomconnection.com\/lo\/wp-content\/uploads\/couverture_catalogue_internationart2020-232x300.jpg\" alt=\"\" width=\"232\" height=\"300\" \/><\/a><\/p>\n<p style=\"text-align: justify;\"><strong>Du 28 mars au 31 d\u00e9cembre 2020<\/strong><br \/>\nCette exposition pr\u00e9sent\u00e9e en salle 6 met en lumi\u00e8re 93 oeuvres r\u00e9alis\u00e9es par 18 artistes originaires d\u2019Alg\u00e9rie, de Belgique, du Canada et de France. La 10\u00e8me \u00e9dition annuelle de l\u2019Internation\u2019ART devait avoir lieu du 28 mars au 30 mai 2020 \u00e0 la Biblioth\u00e8que Georges-Henri-L\u00e9vesque \u00e0 Roberval (Qu\u00e9bec) au Canada. A cause de la pand\u00e9mie reli\u00e9e au COVID-19, l\u2019exposition a \u00e9t\u00e9 remplac\u00e9e par celle-ci, pr\u00e9sent\u00e9e dans le Mus\u00e9e d\u2019art contemporain VR3D (MACVR3D) jusqu\u2019au 31 d\u00e9cembre 2020.<\/p>\n<\/div><\/div><\/div><style type=\"text\/css\">.fusion-body .fusion-builder-column-1{width:50% !important;margin-top : 0px;margin-bottom : 0px;}.fusion-builder-column-1 > .fusion-column-wrapper {padding-top : 0px !important;padding-right : 0px !important;margin-right : 3.84%;padding-bottom : 0px !important;padding-left : 0px !important;margin-left : 3.84%;}@media only screen and (max-width:1024px) {.fusion-body .fusion-builder-column-1{width:50% !important;}.fusion-builder-column-1 > .fusion-column-wrapper {margin-right : 3.84%;margin-left : 3.84%;}}@media only screen and (max-width:640px) {.fusion-body .fusion-builder-column-1{width:100% !important;}.fusion-builder-column-1 > .fusion-column-wrapper {margin-right : 1.92%;margin-left : 1.92%;}}<\/style><\/div><style type=\"text\/css\">.fusion-body .fusion-flex-container.fusion-builder-row-1{ padding-top : 0px;margin-top : 0px;padding-right : 0px;padding-bottom : 0px;margin-bottom : 0px;padding-left : 0px;}<\/style><\/div>\n","protected":false},"excerpt":{"rendered":"","protected":false},"author":1,"featured_media":0,"parent":1687,"menu_order":3,"comment_status":"closed","ping_status":"closed","template":"","meta":{"footnotes":""},"_links":{"self":[{"href":"https:\/\/artzoomconnection.com\/martingaudreault\/wp-json\/wp\/v2\/pages\/40"}],"collection":[{"href":"https:\/\/artzoomconnection.com\/martingaudreault\/wp-json\/wp\/v2\/pages"}],"about":[{"href":"https:\/\/artzoomconnection.com\/martingaudreault\/wp-json\/wp\/v2\/types\/page"}],"author":[{"embeddable":true,"href":"https:\/\/artzoomconnection.com\/martingaudreault\/wp-json\/wp\/v2\/users\/1"}],"replies":[{"embeddable":true,"href":"https:\/\/artzoomconnection.com\/martingaudreault\/wp-json\/wp\/v2\/comments?post=40"}],"version-history":[{"count":51,"href":"https:\/\/artzoomconnection.com\/martingaudreault\/wp-json\/wp\/v2\/pages\/40\/revisions"}],"predecessor-version":[{"id":2625,"href":"https:\/\/artzoomconnection.com\/martingaudreault\/wp-json\/wp\/v2\/pages\/40\/revisions\/2625"}],"up":[{"embeddable":true,"href":"https:\/\/artzoomconnection.com\/martingaudreault\/wp-json\/wp\/v2\/pages\/1687"}],"wp:attachment":[{"href":"https:\/\/artzoomconnection.com\/martingaudreault\/wp-json\/wp\/v2\/media?parent=40"}],"curies":[{"name":"wp","href":"https:\/\/api.w.org\/{rel}","templated":true}]}}