{"id":2602,"date":"2022-01-17T16:34:57","date_gmt":"2022-01-17T15:34:57","guid":{"rendered":"https:\/\/artzoomconnection.com\/mfsztuka\/?page_id=2602"},"modified":"2022-01-17T16:34:57","modified_gmt":"2022-01-17T15:34:57","slug":"politique-de-confidentialite","status":"publish","type":"page","link":"https:\/\/artzoomconnection.com\/mfsztuka\/politique-de-confidentialite\/","title":{"rendered":"Politique de confidentialit\u00e9"},"content":{"rendered":"<p>Qui sommes-nous ?<br \/>\nL\u2019adresse de notre site Web est : https:\/\/artzoomconnection.com\/mfsztuka<\/p>\n<p><a href=\"#\" class=\"_brlbs-btn-cookie-preference borlabs-cookie-preference\">Changer mon consentement<\/a><\/p>\n<p>Est-ce que nous utilisons des cookies ?<br \/>\nOui les cookies utilis\u00e9s sur notre site sont PHPSESSID et stockage local: ces cookies permettent la gestion de sessions. Il sont conserv\u00e9s pour PHPSESSID le temps de votre connexion \u00e0 la session et pour \u00ab\u00a0stockage local\u00a0\u00bb sans limite de dur\u00e9e de vie.D\u2019autres cookies peuvent \u00eatres utilis\u00e9s.<\/p>\n<p>D\u00e9sactiver les cookies<br \/>\nDans les diff\u00e9rents navigateurs internet que vous utilisez, vous pouvez les d\u00e9sactiver dans l&rsquo;onglet \u00ab\u00a0Pr\u00e9f\u00e9rences\u00a0\u00bb ou \u00ab\u00a0Param\u00e8tres\u00a0\u00bb suivant le type de navigateur internet utilis\u00e9, vous pouvez choisir de bloquer les cookies.<\/p>\n<p>Consentement<br \/>\nEn utilisant notre site, vous consentez \u00e0 notre politique de confidentialit\u00e9.<\/p>\n","protected":false},"excerpt":{"rendered":"<p>Qui sommes-nous ? L\u2019adresse de notre site Web est : https:\/\/artzoomconnection.com\/mfsztuka Est-ce que nous utilisons des cookies ? Oui les cookies utilis\u00e9s sur notre site sont PHPSESSID et stockage local: ces cookies permettent la gestion de sessions. Il sont conserv\u00e9s [&hellip;]<\/p>\n","protected":false},"author":1,"featured_media":0,"parent":0,"menu_order":0,"comment_status":"closed","ping_status":"closed","template":"","meta":[],"_links":{"self":[{"href":"https:\/\/artzoomconnection.com\/mfsztuka\/wp-json\/wp\/v2\/pages\/2602"}],"collection":[{"href":"https:\/\/artzoomconnection.com\/mfsztuka\/wp-json\/wp\/v2\/pages"}],"about":[{"href":"https:\/\/artzoomconnection.com\/mfsztuka\/wp-json\/wp\/v2\/types\/page"}],"author":[{"embeddable":true,"href":"https:\/\/artzoomconnection.com\/mfsztuka\/wp-json\/wp\/v2\/users\/1"}],"replies":[{"embeddable":true,"href":"https:\/\/artzoomconnection.com\/mfsztuka\/wp-json\/wp\/v2\/comments?post=2602"}],"version-history":[{"count":1,"href":"https:\/\/artzoomconnection.com\/mfsztuka\/wp-json\/wp\/v2\/pages\/2602\/revisions"}],"predecessor-version":[{"id":2603,"href":"https:\/\/artzoomconnection.com\/mfsztuka\/wp-json\/wp\/v2\/pages\/2602\/revisions\/2603"}],"wp:attachment":[{"href":"https:\/\/artzoomconnection.com\/mfsztuka\/wp-json\/wp\/v2\/media?parent=2602"}],"curies":[{"name":"wp","href":"https:\/\/api.w.org\/{rel}","templated":true}]}}