{"id":37,"date":"2009-11-16T23:48:26","date_gmt":"2009-11-17T04:48:26","guid":{"rendered":"http:\/\/www.artzoom.org\/members\/wordpress\/?page_id=37"},"modified":"2024-06-05T19:43:08","modified_gmt":"2024-06-05T18:43:08","slug":"cote","status":"publish","type":"page","link":"https:\/\/artzoomconnection.com\/mfsztuka\/cote\/","title":{"rendered":"COTE"},"content":{"rendered":"<div class=\"one_half\"><img loading=\"lazy\" class=\"aligncenter size-full wp-image-2542\" src=\"http:\/\/artzoomconnection.com\/mfsztuka\/wp-content\/uploads\/artiste_expertise.png\" alt=\"\" width=\"177\" height=\"177\" srcset=\"https:\/\/artzoomconnection.com\/mfsztuka\/wp-content\/uploads\/artiste_expertise.png 177w, https:\/\/artzoomconnection.com\/mfsztuka\/wp-content\/uploads\/artiste_expertise-150x150.png 150w, https:\/\/artzoomconnection.com\/mfsztuka\/wp-content\/uploads\/artiste_expertise-60x60.png 60w\" sizes=\"(max-width: 177px) 100vw, 177px\" \/><\/p>\n<h4>SA VALEUR SUR LE MARCH\u00c9 DE L&rsquo;ART<\/h4>\n<h5>2022<\/h5>\n<p><strong>Huile et pastel<br \/>\n<\/strong><\/p>\n<p><strong>Oeuvres de formats standards<\/strong><\/p>\n<p>Huile sur toile<\/p>\n<p>Jusqu&rsquo;\u00e0 41 cm x 33 cm (6F) = prix de d\u00e9part de 300 euros<br \/>\nJusqu&rsquo;\u00e0 16 x 13 pouces = prix de d\u00e9part de 420 $CAD<\/p>\n<p>8F (46 cm x 38 cm) = 400 euros ou 18 x 16 pouces = 576 $CAD<br \/>\n10F (55 cm x 46 cm) = 500 euros ou 22 x 18 pouces = 792 $CAD<br \/>\n20F (73 cm x 60cm) = 1000 euros ou 30 x 24 pouces = 1400 $CAD<\/p>\n<p><strong>Commande sp\u00e9ciale selon complexit\u00e9 du sujet et selon les dimensions \u2013 <a href=\"mailto:mfsztuka@orange.fr\">demandez un devis<\/a><\/strong><\/p>\n<p><strong>La cote est un indicatif du prix en galerie pour une oeuvre. Le prix peut donc varier l\u00e9g\u00e8rement d&rsquo;une galerie \u00e0 l&rsquo;autre.<\/strong><\/p>\n<p><span style=\"color: #ff6600;\"><em>Derni\u00e8re mise \u00e0 jour de la cote: le 29 janvier 2022<\/em><\/span><\/div>\n<div class=\"one_half last\">\n<h4>GUIDES DE COTATION<\/h4>\n<p>\u2013 Expertise professionnelle par une experte en art, 2017<br \/>\n&#8211; <em>Le Guide de Cotation des Artistes d\u2019Art Zoom<\/em>, de 2008 \u00e0 2015<\/p>\n<h4>AFFILIATIONS PROFESSIONNELLES<\/h4>\n<p>Cercle des Artistes de Saint Paul<br \/>\nMembre professionnelles du CIAAZ, Collectif International d\u2019Artistes ArtZoom<br \/>\nARAMIS (Association R\u00e9gionale Artistique des M\u00e9decins et Infirmiers Soignants)<br \/>\nLa Maison des Artistes (France)<br \/>\nArtoth\u00e8que de Vence<\/p>\n<h4>PRIX ET DISTINCTIONS<\/h4>\n<p><strong>2024:<\/strong> Certificat de participation au D\u00e9fi 6 aquarelles en 6 semaines, HEART &#8211; Au Coeur de l\u2019art, magazine des arts<br \/>\n<strong>2022:<\/strong> Certificat de reconnaissance, Mus\u00e9e d\u2019art contemporain VR3D (MACVR3D), Longwy (France) pour avoir particip\u00e9 \u00e0 l\u2019exposition \u00ab\u00a0Jardin de Joie \/ Garden of Joy\u00a0\u00bb<br \/>\n<strong>2021:<\/strong>\u00a0Certificat de participation, D\u00e9fi 15 dessins 15 semaines, avec mention sp\u00e9ciale pour sa ma\u00eetrise du m\u00e9dium<br \/>\n<strong>2012:<\/strong> Prix France\/Europe<br \/>\n<strong>2011:<\/strong> Membre d\u2019honneur du CIAAZ<br \/>\n<strong>2010:<\/strong> Le Prix Bastien-Lepage de peinture, Soci\u00e9t\u00e9 historique et culturelle du Damvillois<br \/>\n<strong>2009:<\/strong> Certificat de reconnaissance internationale en tant qu\u2019artiste peintre<br \/>\n<strong>2006:<\/strong> Premier prix au grand concours \u00ab\u00a0votre talent \u00e0 la une\u00a0\u00bb, revue plaisirs de peindre, no 17, oct. 2006<\/div>\n<div class=\"clearBoth\"><\/div>\n<div class=\"divider top\"><a href=\"#wrapper\" title=\"Back To Top\" rel=\"nofollow\">Top<\/a><\/div>\n","protected":false},"excerpt":{"rendered":"","protected":false},"author":1,"featured_media":2404,"parent":0,"menu_order":0,"comment_status":"closed","ping_status":"closed","template":"template_fullwidth.php","meta":[],"_links":{"self":[{"href":"https:\/\/artzoomconnection.com\/mfsztuka\/wp-json\/wp\/v2\/pages\/37"}],"collection":[{"href":"https:\/\/artzoomconnection.com\/mfsztuka\/wp-json\/wp\/v2\/pages"}],"about":[{"href":"https:\/\/artzoomconnection.com\/mfsztuka\/wp-json\/wp\/v2\/types\/page"}],"author":[{"embeddable":true,"href":"https:\/\/artzoomconnection.com\/mfsztuka\/wp-json\/wp\/v2\/users\/1"}],"replies":[{"embeddable":true,"href":"https:\/\/artzoomconnection.com\/mfsztuka\/wp-json\/wp\/v2\/comments?post=37"}],"version-history":[{"count":25,"href":"https:\/\/artzoomconnection.com\/mfsztuka\/wp-json\/wp\/v2\/pages\/37\/revisions"}],"predecessor-version":[{"id":2654,"href":"https:\/\/artzoomconnection.com\/mfsztuka\/wp-json\/wp\/v2\/pages\/37\/revisions\/2654"}],"wp:featuredmedia":[{"embeddable":true,"href":"https:\/\/artzoomconnection.com\/mfsztuka\/wp-json\/wp\/v2\/media\/2404"}],"wp:attachment":[{"href":"https:\/\/artzoomconnection.com\/mfsztuka\/wp-json\/wp\/v2\/media?parent=37"}],"curies":[{"name":"wp","href":"https:\/\/api.w.org\/{rel}","templated":true}]}}