
{"id":3340,"date":"2024-02-07T12:52:46","date_gmt":"2024-02-07T11:52:46","guid":{"rendered":"https:\/\/artzoomconnection.com\/murielcayet\/?page_id=3340"},"modified":"2024-02-07T12:55:01","modified_gmt":"2024-02-07T11:55:01","slug":"le-temps-dun-monde-qui-nous-habite","status":"publish","type":"page","link":"https:\/\/artzoomconnection.com\/murielcayet\/expositions\/le-temps-dun-monde-qui-nous-habite\/","title":{"rendered":"LE TEMPS D&rsquo;UN MONDE QUI NOUS HABITE"},"content":{"rendered":"<div class=\"fusion-fullwidth fullwidth-box fusion-builder-row-1 fusion-flex-container nonhundred-percent-fullwidth non-hundred-percent-height-scrolling\" style=\"background-color: rgba(255,255,255,0);background-position: center center;background-repeat: no-repeat;border-width: 0px 0px 0px 0px;border-color:#eae9e9;border-style:solid;\" ><div class=\"fusion-builder-row fusion-row fusion-flex-align-items-flex-start\" style=\"max-width:1144px;margin-left: calc(-4% \/ 2 );margin-right: calc(-4% \/ 2 );\"><div class=\"fusion-layout-column fusion_builder_column fusion-builder-column-0 fusion_builder_column_1_1 1_1 fusion-flex-column\"><div class=\"fusion-column-wrapper fusion-flex-justify-content-flex-start fusion-content-layout-column\" style=\"background-position:left top;background-repeat:no-repeat;-webkit-background-size:cover;-moz-background-size:cover;-o-background-size:cover;background-size:cover;padding: 0px 0px 0px 0px;\"><div class=\"fusion-text fusion-text-1\"><p><script src=\"https:\/\/static.kuula.io\/embed.js\" data-kuula=\"https:\/\/kuula.co\/share\/collection\/7c4wy?logo=-1&#038;info=0&#038;fs=1&#038;vr=1&#038;zoom=1&#038;sd=1&#038;initload=0&#038;thumbs=-1&#038;inst=fr\" data-width=\"100%\" data-height=\"640px\"><\/script><\/p>\n<\/div><div class=\"fusion-text fusion-text-2\"><p>LE TEMPS D&rsquo;UN MONDE QUI NOUS HABITE<br \/>\npr\u00e9sent\u00e9e du 1er mars 2024 au 28 F\u00e9vrier 2025<br \/>\nMus\u00e9e d\u2019art contemporain VR 3D (MACVR3D)<br \/>\nvisible sur Internet et dans un casque de r\u00e9alit\u00e9 virtuelle<\/p>\n<\/div><\/div><\/div><style type=\"text\/css\">.fusion-body .fusion-builder-column-0{width:100% !important;margin-top : 0px;margin-bottom : 20px;}.fusion-builder-column-0 > .fusion-column-wrapper {padding-top : 0px !important;padding-right : 0px !important;margin-right : 1.92%;padding-bottom : 0px !important;padding-left : 0px !important;margin-left : 1.92%;}@media only screen and (max-width:1024px) {.fusion-body .fusion-builder-column-0{width:100% !important;order : 0;}.fusion-builder-column-0 > .fusion-column-wrapper {margin-right : 1.92%;margin-left : 1.92%;}}@media only screen and (max-width:900px) {.fusion-body .fusion-builder-column-0{width:100% !important;order : 0;}.fusion-builder-column-0 > .fusion-column-wrapper {margin-right : 1.92%;margin-left : 1.92%;}}<\/style><\/div><style type=\"text\/css\">.fusion-body .fusion-flex-container.fusion-builder-row-1{ padding-top : 0px;margin-top : 0px;padding-right : 0px;padding-bottom : 0px;margin-bottom : 0px;padding-left : 0px;}<\/style><\/div>\n","protected":false},"excerpt":{"rendered":"","protected":false},"author":1,"featured_media":0,"parent":1644,"menu_order":0,"comment_status":"closed","ping_status":"closed","template":"","meta":[],"_links":{"self":[{"href":"https:\/\/artzoomconnection.com\/murielcayet\/wp-json\/wp\/v2\/pages\/3340"}],"collection":[{"href":"https:\/\/artzoomconnection.com\/murielcayet\/wp-json\/wp\/v2\/pages"}],"about":[{"href":"https:\/\/artzoomconnection.com\/murielcayet\/wp-json\/wp\/v2\/types\/page"}],"author":[{"embeddable":true,"href":"https:\/\/artzoomconnection.com\/murielcayet\/wp-json\/wp\/v2\/users\/1"}],"replies":[{"embeddable":true,"href":"https:\/\/artzoomconnection.com\/murielcayet\/wp-json\/wp\/v2\/comments?post=3340"}],"version-history":[{"count":3,"href":"https:\/\/artzoomconnection.com\/murielcayet\/wp-json\/wp\/v2\/pages\/3340\/revisions"}],"predecessor-version":[{"id":3343,"href":"https:\/\/artzoomconnection.com\/murielcayet\/wp-json\/wp\/v2\/pages\/3340\/revisions\/3343"}],"up":[{"embeddable":true,"href":"https:\/\/artzoomconnection.com\/murielcayet\/wp-json\/wp\/v2\/pages\/1644"}],"wp:attachment":[{"href":"https:\/\/artzoomconnection.com\/murielcayet\/wp-json\/wp\/v2\/media?parent=3340"}],"curies":[{"name":"wp","href":"https:\/\/api.w.org\/{rel}","templated":true}]}}