
{"id":3446,"date":"2023-06-23T22:36:26","date_gmt":"2023-06-23T21:36:26","guid":{"rendered":"https:\/\/artzoomconnection.com\/nathalielandry\/?page_id=3446"},"modified":"2025-03-11T01:10:12","modified_gmt":"2025-03-11T00:10:12","slug":"atelier","status":"publish","type":"page","link":"https:\/\/artzoomconnection.com\/nathalielandry\/presentation\/atelier\/","title":{"rendered":"ATELIER"},"content":{"rendered":"<div class=\"fusion-fullwidth fullwidth-box fusion-builder-row-1 fusion-flex-container nonhundred-percent-fullwidth non-hundred-percent-height-scrolling\" style=\"background-color: rgba(255,255,255,0);background-position: center center;background-repeat: no-repeat;border-width: 0px 0px 0px 0px;border-color:#eae9e9;border-style:solid;\" ><div class=\"fusion-builder-row fusion-row fusion-flex-align-items-flex-start\" style=\"max-width:1144px;margin-left: calc(-4% \/ 2 );margin-right: calc(-4% \/ 2 );\"><div class=\"fusion-layout-column fusion_builder_column fusion-builder-column-0 fusion_builder_column_1_2 1_2 fusion-flex-column\"><div class=\"fusion-column-wrapper fusion-flex-justify-content-flex-start fusion-content-layout-column\" style=\"background-position:left top;background-repeat:no-repeat;-webkit-background-size:cover;-moz-background-size:cover;-o-background-size:cover;background-size:cover;padding: 0px 0px 0px 0px;\"><div class=\"fusion-text fusion-text-1\"><h4><strong><span style=\"-webkit-tap-highlight-color: rgba(0, 0, 0, 0);\">NATHALIE LANDRY, SANS LIMITE, SANS COMPROMIS<\/span><\/strong><\/h4>\n<blockquote>\n<p style=\"text-align: justify;\">\u00ab\u00a0J\u2019accepte la grande aventure d\u2019\u00eatre moi\u00a0\u00bb &#8211; Simone de Beauvoir<\/p>\n<\/blockquote>\n<p style=\"text-align: justify;\">Nathalie Landry est une artiste qui s\u2019inscrit dans la lign\u00e9e de l\u2019art engag\u00e9, qui travaille l\u2019art abstrait aussi bien que l\u2019art figuratif. Elle suit les traces de ses influences artistiques, qui sont Paul-\u00c9mile Borduas, Marcelle Ferron et les autres artistes peintres du Refus Global, qui \u00e9taient tous des rebelles. Comme Nathalie Landry, ils entrevoyaient l\u2019homme lib\u00e9r\u00e9 de ses cha\u00eenes inutiles, ils entrevoyaient, dans la joie, leur sauvage besoin de lib\u00e9ration. C\u2019est dans cette m\u00eame veine que se site la qu\u00eate de libert\u00e9 de Nathalie Landry.<\/p>\n<p style=\"text-align: justify;\">Il n\u2019y a pas si longtemps, l\u2019artiste cherchait activement un espace plus grand et plus confortable pour accomplir son travail. Son atelier \u00e9tait tr\u00e8s petit. Il consistait en une table de travail de 30 x 60 pouces (75 x 150 cm) avec un rangement sous la table et quelques armoires. Faute de pouvoir faire mieux, elle s\u2019accommodait de cet espace exigu et devait d\u00e9border dans d\u2019autres pi\u00e8ces pour le s\u00e9chage. \u00ab <em>Il est primordial que j\u2019aie plus d\u2019espace pour travailler<\/em>.\u00bb, disait-elle au moment o\u00f9 l\u2019entrevue a \u00e9t\u00e9 r\u00e9alis\u00e9e. En mai 2023, elle d\u00e9m\u00e9nage. Elle quitte un appartement pour emm\u00e9nager dans une maison car il lui manquait d\u00e9finitivement de l\u2019espace pour se sentir \u00e0 l\u2019aise dans sa pratique artistique. \u00ab <em>Avec plus d\u2019espace, je pourrai cr\u00e9er plus grand et diff\u00e9remment. Je pourrai explorer plus amplement la cr\u00e9ation en a\u00e9rosol, etc. Surtout, moi qui aime \u00eatre pieds nus dans la pelouse, je serai \u00ab ground\u00e9e \u00bb diff\u00e9remment. Il y aura plus d\u2019espace pour cr\u00e9er des vid\u00e9os de mon travail, prendre de meilleures photos de mes cr\u00e9ations.<\/em> \u00bb<\/p>\n<p style=\"text-align: justify;\">L\u2019artiste travaille \u00e0 la lumi\u00e8re artificielle et naturelle, mais \u00e9tant donn\u00e9 le manque d\u2019espace, c\u2019\u00e9tait surtout \u00e0 la lumi\u00e8re artificielle qu\u2019elle travaillait dans son appartement. \u00ab\u00a0<em>Il arrivait parfois que je sorte une grande table sur mon balcon et que je peignais dehors. Parfois, juste mon petit chevalet et je peignais \u00e0 l\u2019huile<\/em>\u00a0\u00bb. Quand elle participe \u00e0 une performance (un art battle, par exemple) devant public ou qu\u2019elle travaille lors d\u2019un symposium, la lumi\u00e8re est naturelle. \u00ab <em>La lumi\u00e8re naturelle est, bien s\u00fbr, plus magique, mais la lumi\u00e8re artificielle am\u00e8ne d\u2019autres d\u00e9fis.\u00a0<\/em>\u00bb En effet, dans la pratique de Nathalie Landry, la lumi\u00e8re artificielle est essentielle puisqu\u2019il lui arrive souvent de travailler avec une \u00ab\u00a0black light\u00a0\u00bb, une lumi\u00e8re noire, qui alt\u00e8re certaines couleurs et, puisque l\u2019artiste utilise de la peinture fluorescente, et m\u00eame phosphorescente, cette black light a des propri\u00e9t\u00e9s id\u00e9ales pour mettre en valeur ce type pr\u00e9cis de peinture qui ne se rencontre pas tous les jours chez les artistes contemporains. \u00ab\u00a0<em>Il est certain que la lumi\u00e8re joue un r\u00f4le sur la fa\u00e7on de cr\u00e9er. Il joue s\u00fbrement sur les couleurs choisies. On n\u2019a qu\u2019\u00e0 penser quand on peint, une journ\u00e9e ensoleill\u00e9e ou par une journ\u00e9e nuageuse. Cela joue sur notre \u00e9tat d\u2019esprit et, donc, cela joue sur la cr\u00e9ation qui en ressortira.<\/em>\u00a0\u00bb L\u2019espace et la luminosit\u00e9 sont deux \u00e9l\u00e9ments qui peuvent influencer les oeuvres de Nathalie Landry. \u00ab\u00a0<em>J\u2019ai de grands projets qui n\u00e9cessitent plus d\u2019espace. J\u2019ai une belle toile de 48 x 48 pouces, achet\u00e9e par erreur, qui m\u2019attend impatiemment. Je n\u2019avais malheureusement pas la place pour la travailler. J\u2019adore les grandes toiles. Je pourrai m\u2019amuser avec l\u2019a\u00e9rosol, plus d\u2019\u00e9poxy, de dripping\u2026 L\u2019exploration sera d\u00e9sormais sans limite.<\/em>\u00a0\u00bb Il convient, en effet, d\u2019avoir un endroit bien a\u00e9r\u00e9 pour utiliser de la peinture en bombe, en a\u00e9rosol.<\/p>\n<p style=\"text-align: justify;\">L\u2019atelier de Nathalie Landry est un refuge d\u2019introspection. Elle y travaille en silence. \u00ab\u00a0<em>J\u2019aime beaucoup le calme quand je peins. Je suis une personne tr\u00e8s anxieuse et le silence m\u2019apaise.<\/em>\u00a0\u00bb Elle consacre \u00e0 son art plus de 60 heures par semaine. C\u2019est une pratique de tous les instants. L\u2019artiste peintre est active toute l\u2019ann\u00e9e, mais quand le blues de l\u2019automne arrive, elle se sent plus productive. L\u2019art comble un vif besoin d\u2019\u00e9vasion. \u00ab\u00a0<em>Parfois, mon rituel commence au coucher<\/em>\u00a0\u00bb quand les id\u00e9es se mettent \u00e0 tourner \u00e0 vive allure dans sa t\u00eate. \u00ab\u00a0<em>J\u2019essaie de me d\u00e9tendre et je me mets \u00e0 penser \u00e0 de belles choses, puis les images et les id\u00e9es apparaissent.\u00a0Parfois, cela m\u00e8ne \u00e0 une toile qui devient au final une s\u00e9rie. Parfois, tout n\u2019est qu\u2019instinct.\u00a0<\/em>\u00bb Quand elle vivait en appartement, l\u2019artiste \u00e9tait toujours contrainte de tout ranger par manque d\u2019espace. Elle devait ranger sa toile termin\u00e9e pour en commencer une autre, maintenant elle pourra changer certaines de ses habitudes.<\/p>\n<p style=\"text-align: justify;\">Bien que Nathalie Landry poss\u00e8de deux beaux saros et un tablier, elle porte le plus souvent une vieille robe de soleil tr\u00e8s color\u00e9e pour peindre pieds nus. \u00ab\u00a0<em>Je me sens libre et en l\u00e9g\u00e8ret\u00e9.<\/em>\u00a0\u00bb L\u2019artiste admet qu\u2019elle pourrait travailler ailleurs que dans son atelier, si cela \u00e9tait n\u00e9cessaire, mais pas \u00e0 long terme car la solitude et le calme font partie int\u00e9grante de sa pratique. Avoir acc\u00e8s \u00e0 ses propres outils de travail est aussi une condition pour se sentir confortable et en confiance. Quant \u00e0 cr\u00e9er \u00e0 plusieurs dans un atelier, la r\u00e9ponse est \u00e9vidente quand on conna\u00eet un peu sa d\u00e9marche artistique: \u00ab <em>Je pr\u00e9f\u00e8re tout de m\u00eame cr\u00e9er en solitaire.<\/em>\u00a0\u00bb Pour l\u2019exp\u00e9rience, les \u00e9changes entre artistes, apprendre des techniques des autres professionnels, ce serait une exp\u00e9rience constructive sans nul doute, mais \u00e0 court terme seulement.<\/p>\n<p style=\"text-align: justify;\">Celle qui n\u2019a pas encore ouvert son atelier au public, mais qui y songe n\u00e9anmoins s\u00e9rieusement, participe \u00e0 plusieurs expositions pendant l\u2019ann\u00e9e o\u00f9 son travail est visible et o\u00f9 il peut \u00eatre achet\u00e9. \u00ab\u00a0Je me suis lanc\u00e9e en 2019, mais je suis professionnelle depuis 2022\u00a0\u00bb. Son entreprise Landabstraction est n\u00e9e, quant \u00e0 elle, en 2020. L\u2019artiste, une travailleuse autonome d\u00e9termin\u00e9e \u00e0 percer dans le milieu, vend son travail en ligne tout autant qu\u2019en galerie et lors d\u2019\u00e9v\u00e8nements artistiques. La vente en ligne ou la vente directement avec l\u2019artiste a de bons c\u00f4t\u00e9s, mais \u00ab\u00a0<em>les galeries donnent souvent un bon coup de pouce pour la visibilit\u00e9, surtout en d\u00e9but de carri\u00e8re.<\/em>\u00a0\u00bb L\u2019un n\u2019exclut pas l\u2019autre et peut m\u00eame \u00eatre compl\u00e9mentaires.<\/p>\n<p style=\"text-align: justify;\">L\u2019artiste habite maintenant \u00e0 Granby. <a href=\"mailto:nathalielandry7@gmail.com?subject=prendre rendez-vous pour visiter l\u2019atelier\">On peut la rencontrer sur rendez-vous seulement<\/a>.<\/p>\n<\/div><div class=\"fusion-text fusion-text-2\"><p><img class=\"aligncenter size-full wp-image-3474\" src=\"https:\/\/artzoomconnection.com\/nathalielandry\/wp-content\/uploads\/PXL_20240907_194016567.jpg\" alt=\"\" width=\"600\" height=\"800\" srcset=\"https:\/\/artzoomconnection.com\/nathalielandry\/wp-content\/uploads\/PXL_20240907_194016567-200x267.jpg 200w, https:\/\/artzoomconnection.com\/nathalielandry\/wp-content\/uploads\/PXL_20240907_194016567-225x300.jpg 225w, https:\/\/artzoomconnection.com\/nathalielandry\/wp-content\/uploads\/PXL_20240907_194016567-400x533.jpg 400w, https:\/\/artzoomconnection.com\/nathalielandry\/wp-content\/uploads\/PXL_20240907_194016567.jpg 600w\" sizes=\"(max-width: 600px) 100vw, 600px\" \/><\/p>\n<\/div><\/div><\/div><style type=\"text\/css\">.fusion-body .fusion-builder-column-0{width:50% !important;margin-top : 0px;margin-bottom : 20px;}.fusion-builder-column-0 > .fusion-column-wrapper {padding-top : 0px !important;padding-right : 0px !important;margin-right : 3.84%;padding-bottom : 0px !important;padding-left : 0px !important;margin-left : 3.84%;}@media only screen and (max-width:1024px) {.fusion-body .fusion-builder-column-0{width:50% !important;order : 0;}.fusion-builder-column-0 > .fusion-column-wrapper {margin-right : 3.84%;margin-left : 3.84%;}}@media only screen and (max-width:640px) {.fusion-body .fusion-builder-column-0{width:100% !important;order : 0;}.fusion-builder-column-0 > .fusion-column-wrapper {margin-right : 1.92%;margin-left : 1.92%;}}<\/style><div class=\"fusion-layout-column fusion_builder_column fusion-builder-column-1 fusion_builder_column_1_2 1_2 fusion-flex-column\"><div class=\"fusion-column-wrapper fusion-flex-justify-content-flex-start fusion-content-layout-column\" style=\"background-position:left top;background-repeat:no-repeat;-webkit-background-size:cover;-moz-background-size:cover;-o-background-size:cover;background-size:cover;padding: 0px 0px 0px 0px;\"><div class=\"fusion-text fusion-text-3\"><p><img class=\"aligncenter size-full wp-image-3480\" src=\"https:\/\/artzoomconnection.com\/nathalielandry\/wp-content\/uploads\/PXL_20241109_190359424.MP_.jpg\" alt=\"\" width=\"800\" height=\"450\" srcset=\"https:\/\/artzoomconnection.com\/nathalielandry\/wp-content\/uploads\/PXL_20241109_190359424.MP_-200x113.jpg 200w, https:\/\/artzoomconnection.com\/nathalielandry\/wp-content\/uploads\/PXL_20241109_190359424.MP_-300x169.jpg 300w, https:\/\/artzoomconnection.com\/nathalielandry\/wp-content\/uploads\/PXL_20241109_190359424.MP_-400x225.jpg 400w, https:\/\/artzoomconnection.com\/nathalielandry\/wp-content\/uploads\/PXL_20241109_190359424.MP_-600x338.jpg 600w, https:\/\/artzoomconnection.com\/nathalielandry\/wp-content\/uploads\/PXL_20241109_190359424.MP_-768x432.jpg 768w, https:\/\/artzoomconnection.com\/nathalielandry\/wp-content\/uploads\/PXL_20241109_190359424.MP_.jpg 800w\" sizes=\"(max-width: 800px) 100vw, 800px\" \/><\/p>\n<p><img class=\"aligncenter size-full wp-image-3472\" src=\"https:\/\/artzoomconnection.com\/nathalielandry\/wp-content\/uploads\/P1070795.jpg\" alt=\"\" width=\"800\" height=\"534\" srcset=\"https:\/\/artzoomconnection.com\/nathalielandry\/wp-content\/uploads\/P1070795-200x134.jpg 200w, https:\/\/artzoomconnection.com\/nathalielandry\/wp-content\/uploads\/P1070795-300x200.jpg 300w, https:\/\/artzoomconnection.com\/nathalielandry\/wp-content\/uploads\/P1070795-400x267.jpg 400w, https:\/\/artzoomconnection.com\/nathalielandry\/wp-content\/uploads\/P1070795-600x401.jpg 600w, https:\/\/artzoomconnection.com\/nathalielandry\/wp-content\/uploads\/P1070795-768x513.jpg 768w, https:\/\/artzoomconnection.com\/nathalielandry\/wp-content\/uploads\/P1070795.jpg 800w\" sizes=\"(max-width: 800px) 100vw, 800px\" \/><\/p>\n<p><img class=\"aligncenter size-full wp-image-3479\" src=\"https:\/\/artzoomconnection.com\/nathalielandry\/wp-content\/uploads\/PXL_20241026_152047521.MP_.jpg\" alt=\"\" width=\"800\" height=\"450\" srcset=\"https:\/\/artzoomconnection.com\/nathalielandry\/wp-content\/uploads\/PXL_20241026_152047521.MP_-200x113.jpg 200w, https:\/\/artzoomconnection.com\/nathalielandry\/wp-content\/uploads\/PXL_20241026_152047521.MP_-300x169.jpg 300w, https:\/\/artzoomconnection.com\/nathalielandry\/wp-content\/uploads\/PXL_20241026_152047521.MP_-400x225.jpg 400w, https:\/\/artzoomconnection.com\/nathalielandry\/wp-content\/uploads\/PXL_20241026_152047521.MP_-600x338.jpg 600w, https:\/\/artzoomconnection.com\/nathalielandry\/wp-content\/uploads\/PXL_20241026_152047521.MP_-768x432.jpg 768w, https:\/\/artzoomconnection.com\/nathalielandry\/wp-content\/uploads\/PXL_20241026_152047521.MP_.jpg 800w\" sizes=\"(max-width: 800px) 100vw, 800px\" \/><\/p>\n<p><img class=\"aligncenter size-full wp-image-3473\" src=\"https:\/\/artzoomconnection.com\/nathalielandry\/wp-content\/uploads\/P1070808.jpg\" alt=\"\" width=\"800\" height=\"600\" srcset=\"https:\/\/artzoomconnection.com\/nathalielandry\/wp-content\/uploads\/P1070808-200x150.jpg 200w, https:\/\/artzoomconnection.com\/nathalielandry\/wp-content\/uploads\/P1070808-300x225.jpg 300w, https:\/\/artzoomconnection.com\/nathalielandry\/wp-content\/uploads\/P1070808-400x300.jpg 400w, https:\/\/artzoomconnection.com\/nathalielandry\/wp-content\/uploads\/P1070808-600x450.jpg 600w, https:\/\/artzoomconnection.com\/nathalielandry\/wp-content\/uploads\/P1070808-768x576.jpg 768w, https:\/\/artzoomconnection.com\/nathalielandry\/wp-content\/uploads\/P1070808.jpg 800w\" sizes=\"(max-width: 800px) 100vw, 800px\" \/><\/p>\n<p><img class=\"aligncenter size-full wp-image-3475\" src=\"https:\/\/artzoomconnection.com\/nathalielandry\/wp-content\/uploads\/PXL_20241012_163852649.MP_.jpg\" alt=\"\" width=\"800\" height=\"450\" srcset=\"https:\/\/artzoomconnection.com\/nathalielandry\/wp-content\/uploads\/PXL_20241012_163852649.MP_-200x113.jpg 200w, https:\/\/artzoomconnection.com\/nathalielandry\/wp-content\/uploads\/PXL_20241012_163852649.MP_-300x169.jpg 300w, https:\/\/artzoomconnection.com\/nathalielandry\/wp-content\/uploads\/PXL_20241012_163852649.MP_-400x225.jpg 400w, https:\/\/artzoomconnection.com\/nathalielandry\/wp-content\/uploads\/PXL_20241012_163852649.MP_-600x338.jpg 600w, https:\/\/artzoomconnection.com\/nathalielandry\/wp-content\/uploads\/PXL_20241012_163852649.MP_-768x432.jpg 768w, https:\/\/artzoomconnection.com\/nathalielandry\/wp-content\/uploads\/PXL_20241012_163852649.MP_.jpg 800w\" sizes=\"(max-width: 800px) 100vw, 800px\" \/><\/p>\n<p><img class=\"aligncenter size-full wp-image-3476\" src=\"https:\/\/artzoomconnection.com\/nathalielandry\/wp-content\/uploads\/PXL_20241012_163910544.MP_.jpg\" alt=\"\" width=\"800\" height=\"450\" srcset=\"https:\/\/artzoomconnection.com\/nathalielandry\/wp-content\/uploads\/PXL_20241012_163910544.MP_-200x113.jpg 200w, https:\/\/artzoomconnection.com\/nathalielandry\/wp-content\/uploads\/PXL_20241012_163910544.MP_-300x169.jpg 300w, https:\/\/artzoomconnection.com\/nathalielandry\/wp-content\/uploads\/PXL_20241012_163910544.MP_-400x225.jpg 400w, https:\/\/artzoomconnection.com\/nathalielandry\/wp-content\/uploads\/PXL_20241012_163910544.MP_-600x338.jpg 600w, https:\/\/artzoomconnection.com\/nathalielandry\/wp-content\/uploads\/PXL_20241012_163910544.MP_-768x432.jpg 768w, https:\/\/artzoomconnection.com\/nathalielandry\/wp-content\/uploads\/PXL_20241012_163910544.MP_.jpg 800w\" sizes=\"(max-width: 800px) 100vw, 800px\" \/><\/p>\n<p><img class=\"aligncenter size-full wp-image-3477\" src=\"https:\/\/artzoomconnection.com\/nathalielandry\/wp-content\/uploads\/PXL_20241012_202415803.MP_.jpg\" alt=\"\" width=\"800\" height=\"450\" srcset=\"https:\/\/artzoomconnection.com\/nathalielandry\/wp-content\/uploads\/PXL_20241012_202415803.MP_-200x113.jpg 200w, https:\/\/artzoomconnection.com\/nathalielandry\/wp-content\/uploads\/PXL_20241012_202415803.MP_-300x169.jpg 300w, https:\/\/artzoomconnection.com\/nathalielandry\/wp-content\/uploads\/PXL_20241012_202415803.MP_-400x225.jpg 400w, https:\/\/artzoomconnection.com\/nathalielandry\/wp-content\/uploads\/PXL_20241012_202415803.MP_-600x338.jpg 600w, https:\/\/artzoomconnection.com\/nathalielandry\/wp-content\/uploads\/PXL_20241012_202415803.MP_-768x432.jpg 768w, https:\/\/artzoomconnection.com\/nathalielandry\/wp-content\/uploads\/PXL_20241012_202415803.MP_.jpg 800w\" sizes=\"(max-width: 800px) 100vw, 800px\" \/><\/p>\n<\/div><\/div><\/div><style type=\"text\/css\">.fusion-body .fusion-builder-column-1{width:50% !important;margin-top : 0px;margin-bottom : 20px;}.fusion-builder-column-1 > .fusion-column-wrapper {padding-top : 0px !important;padding-right : 0px !important;margin-right : 3.84%;padding-bottom : 0px !important;padding-left : 0px !important;margin-left : 3.84%;}@media only screen and (max-width:1024px) {.fusion-body .fusion-builder-column-1{width:50% !important;order : 0;}.fusion-builder-column-1 > .fusion-column-wrapper {margin-right : 3.84%;margin-left : 3.84%;}}@media only screen and (max-width:640px) {.fusion-body .fusion-builder-column-1{width:100% !important;order : 0;}.fusion-builder-column-1 > .fusion-column-wrapper {margin-right : 1.92%;margin-left : 1.92%;}}<\/style><\/div><style type=\"text\/css\">.fusion-body .fusion-flex-container.fusion-builder-row-1{ padding-top : 0px;margin-top : 0px;padding-right : 0px;padding-bottom : 0px;margin-bottom : 0px;padding-left : 0px;}<\/style><\/div>\n","protected":false},"excerpt":{"rendered":"","protected":false},"author":1,"featured_media":0,"parent":1623,"menu_order":3,"comment_status":"closed","ping_status":"closed","template":"100-width.php","meta":[],"_links":{"self":[{"href":"https:\/\/artzoomconnection.com\/nathalielandry\/wp-json\/wp\/v2\/pages\/3446"}],"collection":[{"href":"https:\/\/artzoomconnection.com\/nathalielandry\/wp-json\/wp\/v2\/pages"}],"about":[{"href":"https:\/\/artzoomconnection.com\/nathalielandry\/wp-json\/wp\/v2\/types\/page"}],"author":[{"embeddable":true,"href":"https:\/\/artzoomconnection.com\/nathalielandry\/wp-json\/wp\/v2\/users\/1"}],"replies":[{"embeddable":true,"href":"https:\/\/artzoomconnection.com\/nathalielandry\/wp-json\/wp\/v2\/comments?post=3446"}],"version-history":[{"count":4,"href":"https:\/\/artzoomconnection.com\/nathalielandry\/wp-json\/wp\/v2\/pages\/3446\/revisions"}],"predecessor-version":[{"id":3484,"href":"https:\/\/artzoomconnection.com\/nathalielandry\/wp-json\/wp\/v2\/pages\/3446\/revisions\/3484"}],"up":[{"embeddable":true,"href":"https:\/\/artzoomconnection.com\/nathalielandry\/wp-json\/wp\/v2\/pages\/1623"}],"wp:attachment":[{"href":"https:\/\/artzoomconnection.com\/nathalielandry\/wp-json\/wp\/v2\/media?parent=3446"}],"curies":[{"name":"wp","href":"https:\/\/api.w.org\/{rel}","templated":true}]}}