
{"id":43,"date":"2009-11-16T23:50:16","date_gmt":"2009-11-17T04:50:16","guid":{"rendered":"http:\/\/www.artzoom.org\/members\/wordpress\/?page_id=43"},"modified":"2024-11-14T22:24:47","modified_gmt":"2024-11-14T21:24:47","slug":"videos","status":"publish","type":"page","link":"https:\/\/artzoomconnection.com\/nathalielandry\/presse\/videos\/","title":{"rendered":"VID\u00c9OS"},"content":{"rendered":"<div class=\"fusion-fullwidth fullwidth-box fusion-builder-row-1 fusion-flex-container nonhundred-percent-fullwidth non-hundred-percent-height-scrolling\" style=\"background-color: rgba(255,255,255,0);background-position: center center;background-repeat: no-repeat;border-width: 0px 0px 0px 0px;border-color:#eae9e9;border-style:solid;\" ><div class=\"fusion-builder-row fusion-row fusion-flex-align-items-flex-start\" style=\"max-width:1144px;margin-left: calc(-4% \/ 2 );margin-right: calc(-4% \/ 2 );\"><div class=\"fusion-layout-column fusion_builder_column fusion-builder-column-0 fusion_builder_column_1_2 1_2 fusion-flex-column\"><div class=\"fusion-column-wrapper fusion-flex-justify-content-flex-start fusion-content-layout-column\" style=\"background-position:left top;background-repeat:no-repeat;-webkit-background-size:cover;-moz-background-size:cover;-o-background-size:cover;background-size:cover;padding: 0px 0px 0px 0px;\"><div class=\"fusion-text fusion-text-1\"><h4 style=\"text-align: center;\"><strong>PRODUCTIONS AUDIOVISUELLES ET T\u00c9L\u00c9VISUELLES<\/strong><\/h4>\n<div style=\"padding: 75% 0 0 0; position: relative;\"><div class=\"BorlabsCookie\"><div class=\"_brlbs-content-blocker\"> <div class=\"_brlbs-embed _brlbs-video-vimeo\"> <img class=\"_brlbs-thumbnail\" src=\"https:\/\/artzoomconnection.com\/nathalielandry\/wp-content\/plugins\/borlabs-cookie\/assets\/images\/cb-no-thumbnail.png\" alt=\"Vimeo\"> <div class=\"_brlbs-caption\"> <p>En chargeant cette vid\u00e9o, vous acceptez la politique de confidentialit\u00e9 de Vimeo.<br><a href=\"https:\/\/vimeo.com\/privacy\" target=\"_blank\" rel=\"nofollow noopener noreferrer\">En savoir plus<\/a><\/p> <p><a class=\"_brlbs-btn _brlbs-icon-play-white\" href=\"#\" data-borlabs-cookie-unblock role=\"button\">Charger la vid\u00e9o<\/a><\/p> <p><label><input type=\"checkbox\" name=\"unblockAll\" value=\"1\" checked> <small>Toujours autoriser Vimeo<\/small><\/label><\/p> <\/div> <\/div> <\/div><div class=\"borlabs-hide\" data-borlabs-cookie-type=\"content-blocker\" data-borlabs-cookie-id=\"vimeo\"><script type=\"text\/template\">PGlmcmFtZSBzdHlsZT0icG9zaXRpb246IGFic29sdXRlOyB0b3A6IDA7IGxlZnQ6IDA7IHdpZHRoOiAxMDAlOyBoZWlnaHQ6IDEwMCU7IiB0aXRsZT0iTW9uIGZpbG0iIHNyYz0iaHR0cHM6Ly9wbGF5ZXIudmltZW8uY29tL3ZpZGVvLzEwMjk3Njk3MDc\/YmFkZ2U9MCZhbXA7YXV0b3BhdXNlPTAmYW1wO3BsYXllcl9pZD0wJmFtcDthcHBfaWQ9NTg0NzkiIGZyYW1lYm9yZGVyPSIwIj48L2lmcmFtZT4=<\/script><\/div><\/div><\/div>\n<p><script src=\"https:\/\/player.vimeo.com\/api\/player.js\"><\/script><\/p>\n<p><a href=\"https:\/\/www.artzoomconnection.com\" target=\"_blank\" rel=\"noopener\">www.artzoomconnection.com<\/a><\/p>\n<p style=\"text-align: justify;\">Le Collectif International d\u2019Artistes ArtZoom (CIAAZ) a \u00e9t\u00e9 fond\u00e9 en France, en 1997. Il a \u00e9volu\u00e9 au fil des ann\u00e9es. Les artistes vivent sur trois continents diff\u00e9rents. Il est g\u00e9r\u00e9 par Art Total Multim\u00e9dia. Le CIAAZ est dirig\u00e9 par HeleneCaroline Fournier, experte en art et cofondatrice du CIAAZ. Cette vid\u00e9o pr\u00e9sente un \u00e9ventail des possibilit\u00e9s des artistes du CIAAZ. (c) Copyright Art Total Multim\u00e9dia, 2024 &#8211; Libre de diffusion sur Internet<\/p>\n<\/div><\/div><\/div><style type=\"text\/css\">.fusion-body .fusion-builder-column-0{width:50% !important;margin-top : 0px;margin-bottom : 0px;}.fusion-builder-column-0 > .fusion-column-wrapper {padding-top : 0px !important;padding-right : 0px !important;margin-right : 3.84%;padding-bottom : 0px !important;padding-left : 0px !important;margin-left : 3.84%;}@media only screen and (max-width:1024px) {.fusion-body .fusion-builder-column-0{width:50% !important;}.fusion-builder-column-0 > .fusion-column-wrapper {margin-right : 3.84%;margin-left : 3.84%;}}@media only screen and (max-width:640px) {.fusion-body .fusion-builder-column-0{width:100% !important;}.fusion-builder-column-0 > .fusion-column-wrapper {margin-right : 1.92%;margin-left : 1.92%;}}<\/style><div class=\"fusion-layout-column fusion_builder_column fusion-builder-column-1 fusion_builder_column_1_2 1_2 fusion-flex-column\"><div class=\"fusion-column-wrapper fusion-flex-justify-content-flex-start fusion-content-layout-column\" style=\"background-position:left top;background-repeat:no-repeat;-webkit-background-size:cover;-moz-background-size:cover;-o-background-size:cover;background-size:cover;padding: 0px 0px 0px 0px;\"><div class=\"fusion-text fusion-text-2\"><div style=\"padding: 56.25% 0 0 0; position: relative;\"><div class=\"BorlabsCookie\"><div class=\"_brlbs-content-blocker\"> <div class=\"_brlbs-embed _brlbs-video-vimeo\"> <img class=\"_brlbs-thumbnail\" src=\"https:\/\/artzoomconnection.com\/nathalielandry\/wp-content\/plugins\/borlabs-cookie\/assets\/images\/cb-no-thumbnail.png\" alt=\"Vimeo\"> <div class=\"_brlbs-caption\"> <p>En chargeant cette vid\u00e9o, vous acceptez la politique de confidentialit\u00e9 de Vimeo.<br><a href=\"https:\/\/vimeo.com\/privacy\" target=\"_blank\" rel=\"nofollow noopener noreferrer\">En savoir plus<\/a><\/p> <p><a class=\"_brlbs-btn _brlbs-icon-play-white\" href=\"#\" data-borlabs-cookie-unblock role=\"button\">Charger la vid\u00e9o<\/a><\/p> <p><label><input type=\"checkbox\" name=\"unblockAll\" value=\"1\" checked> <small>Toujours autoriser Vimeo<\/small><\/label><\/p> <\/div> <\/div> <\/div><div class=\"borlabs-hide\" data-borlabs-cookie-type=\"content-blocker\" data-borlabs-cookie-id=\"vimeo\"><script type=\"text\/template\">PGlmcmFtZSBzdHlsZT0icG9zaXRpb246IGFic29sdXRlOyB0b3A6IDA7IGxlZnQ6IDA7IHdpZHRoOiAxMDAlOyBoZWlnaHQ6IDEwMCU7IiB0aXRsZT0iI2RlZmkxNWRlc3NpbnMxNXNlbWFpbmVzIiBzcmM9Imh0dHBzOi8vcGxheWVyLnZpbWVvLmNvbS92aWRlby81ODkwNTI4MDY\/aD0zMGQ3NTJmMzJjJmFtcDtiYWRnZT0wJmFtcDthdXRvcGF1c2U9MCZhbXA7cGxheWVyX2lkPTAmYW1wO2FwcF9pZD01ODQ3OSIgZnJhbWVib3JkZXI9IjAiIGFsbG93ZnVsbHNjcmVlbj0iYWxsb3dmdWxsc2NyZWVuIiBkYXRhLW1jZS1mcmFnbWVudD0iMSI+PC9pZnJhbWU+<\/script><\/div><\/div><\/div>\n<p><script src=\"https:\/\/player.vimeo.com\/api\/player.js\"><\/script><\/p>\n<p style=\"text-align: justify;\">\u00ab D\u00e9fi 15 dessins 15 semaines \u00bb d\u00e9but\u00e9 le 1er juin 2021 \u2013 15 artistes participent \u00e0 ce d\u00e9fi estival 2021 \u2013 oeuvres originales \u00e0 vendre en ligne directement aupr\u00e8s des artistes sans commission tierce \u2013 magazinedesarts.com\/defi-15-dessins-15-semaines\/ \u2013 une initiative pour aider les artistes en arts visuels qui ont \u00e9t\u00e9 durement \u00e9prouv\u00e9s en cette p\u00e9riode pand\u00e9mique. Merci de soutenir les artistes \u2764\ufe0f #defi15dessins15semaines \u2013 r\u00e9alisation: Art Total Multim\u00e9dia \u2013 Licence creative commons: Attribution, pas d\u2019utilisation commerciale, partage dans les m\u00eames conditions \u2013 dur\u00e9e: 1:55m \u2013 r\u00e9alis\u00e9 le 18 ao\u00fbt 2021<\/p>\n<div style=\"padding: 56.25% 0 0 0; position: relative;\"><div class=\"BorlabsCookie\"><div class=\"_brlbs-content-blocker\"> <div class=\"_brlbs-embed _brlbs-video-vimeo\"> <img class=\"_brlbs-thumbnail\" src=\"https:\/\/artzoomconnection.com\/nathalielandry\/wp-content\/plugins\/borlabs-cookie\/assets\/images\/cb-no-thumbnail.png\" alt=\"Vimeo\"> <div class=\"_brlbs-caption\"> <p>En chargeant cette vid\u00e9o, vous acceptez la politique de confidentialit\u00e9 de Vimeo.<br><a href=\"https:\/\/vimeo.com\/privacy\" target=\"_blank\" rel=\"nofollow noopener noreferrer\">En savoir plus<\/a><\/p> <p><a class=\"_brlbs-btn _brlbs-icon-play-white\" href=\"#\" data-borlabs-cookie-unblock role=\"button\">Charger la vid\u00e9o<\/a><\/p> <p><label><input type=\"checkbox\" name=\"unblockAll\" value=\"1\" checked> <small>Toujours autoriser Vimeo<\/small><\/label><\/p> <\/div> <\/div> <\/div><div class=\"borlabs-hide\" data-borlabs-cookie-type=\"content-blocker\" data-borlabs-cookie-id=\"vimeo\"><script type=\"text\/template\">PGlmcmFtZSBzdHlsZT0icG9zaXRpb246IGFic29sdXRlOyB0b3A6IDA7IGxlZnQ6IDA7IHdpZHRoOiAxMDAlOyBoZWlnaHQ6IDEwMCU7IiB0aXRsZT0iRMOJRkkgMTUgREVTU0lOUyAxNSBTRU1BSU5FUyIgc3JjPSJodHRwczovL3BsYXllci52aW1lby5jb20vdmlkZW8vNTYzMDkzNjk3P2g9MDlkNWZmNzAwYiZhbXA7YmFkZ2U9MCZhbXA7YXV0b3BhdXNlPTAmYW1wO3BsYXllcl9pZD0wJmFtcDthcHBfaWQ9NTg0NzkiIGZyYW1lYm9yZGVyPSIwIiBhbGxvd2Z1bGxzY3JlZW49ImFsbG93ZnVsbHNjcmVlbiIgZGF0YS1tY2UtZnJhZ21lbnQ9IjEiPjwvaWZyYW1lPg==<\/script><\/div><\/div><\/div>\n<p><script src=\"https:\/\/player.vimeo.com\/api\/player.js\"><\/script><\/p>\n<p style=\"text-align: justify;\">\u00ab D\u00e9fi 15 dessins 15 semaines \u00bb d\u00e9but\u00e9 le 1er juin 2021 &#8211; 15 artistes participent \u00e0 ce d\u00e9fi estival 2021 &#8211; oeuvres originales \u00e0 vendre en ligne directement aupr\u00e8s des artistes sans commission tierce &#8211; https:\/\/magazinedesarts.com\/defi-15-dessins-15-semaines\/ &#8211; une initiative pour aider les artistes en arts visuels qui ont \u00e9t\u00e9 durement \u00e9prouv\u00e9s en cette p\u00e9riode pand\u00e9mique. Merci de soutenir les artistes \u2764\ufe0f #defi15dessins15semaines &#8211; r\u00e9alisation: Art Total Multim\u00e9dia &#8211; Licence creative commons: Attribution, pas d\u2019utilisation commerciale, partage dans les m\u00eames conditions &#8211; dur\u00e9e: 1:36m &#8211; r\u00e9alis\u00e9 le 15 juin 2021<\/p>\n<\/div><\/div><\/div><style type=\"text\/css\">.fusion-body .fusion-builder-column-1{width:50% !important;margin-top : 0px;margin-bottom : 20px;}.fusion-builder-column-1 > .fusion-column-wrapper {padding-top : 0px !important;padding-right : 0px !important;margin-right : 3.84%;padding-bottom : 0px !important;padding-left : 0px !important;margin-left : 3.84%;}@media only screen and (max-width:1024px) {.fusion-body .fusion-builder-column-1{width:50% !important;order : 0;}.fusion-builder-column-1 > .fusion-column-wrapper {margin-right : 3.84%;margin-left : 3.84%;}}@media only screen and (max-width:640px) {.fusion-body .fusion-builder-column-1{width:100% !important;order : 0;}.fusion-builder-column-1 > .fusion-column-wrapper {margin-right : 1.92%;margin-left : 1.92%;}}<\/style><\/div><style type=\"text\/css\">.fusion-body .fusion-flex-container.fusion-builder-row-1{ padding-top : 0px;margin-top : 0px;padding-right : 0px;padding-bottom : 0px;margin-bottom : 0px;padding-left : 0px;}<\/style><\/div>\n","protected":false},"excerpt":{"rendered":"","protected":false},"author":1,"featured_media":0,"parent":1687,"menu_order":4,"comment_status":"closed","ping_status":"closed","template":"","meta":[],"_links":{"self":[{"href":"https:\/\/artzoomconnection.com\/nathalielandry\/wp-json\/wp\/v2\/pages\/43"}],"collection":[{"href":"https:\/\/artzoomconnection.com\/nathalielandry\/wp-json\/wp\/v2\/pages"}],"about":[{"href":"https:\/\/artzoomconnection.com\/nathalielandry\/wp-json\/wp\/v2\/types\/page"}],"author":[{"embeddable":true,"href":"https:\/\/artzoomconnection.com\/nathalielandry\/wp-json\/wp\/v2\/users\/1"}],"replies":[{"embeddable":true,"href":"https:\/\/artzoomconnection.com\/nathalielandry\/wp-json\/wp\/v2\/comments?post=43"}],"version-history":[{"count":60,"href":"https:\/\/artzoomconnection.com\/nathalielandry\/wp-json\/wp\/v2\/pages\/43\/revisions"}],"predecessor-version":[{"id":3470,"href":"https:\/\/artzoomconnection.com\/nathalielandry\/wp-json\/wp\/v2\/pages\/43\/revisions\/3470"}],"up":[{"embeddable":true,"href":"https:\/\/artzoomconnection.com\/nathalielandry\/wp-json\/wp\/v2\/pages\/1687"}],"wp:attachment":[{"href":"https:\/\/artzoomconnection.com\/nathalielandry\/wp-json\/wp\/v2\/media?parent=43"}],"curies":[{"name":"wp","href":"https:\/\/api.w.org\/{rel}","templated":true}]}}