{"id":1644,"date":"2009-11-16T23:46:01","date_gmt":"2009-11-17T04:46:01","guid":{"rendered":"http:\/\/www.artzoom.org\/members\/wordpress\/?page_id=33"},"modified":"2024-11-14T21:50:01","modified_gmt":"2024-11-14T20:50:01","slug":"expositions","status":"publish","type":"page","link":"https:\/\/artzoomconnection.com\/pierrepoulin\/expositions\/","title":{"rendered":"EXPOSITIONS"},"content":{"rendered":"<div class=\"two_fifth\">\n<h4>EN PERMANENCE<\/h4>\n<p><em>liste non exhaustive<\/em><\/p>\n<p><strong>Art Total Multim\u00e9dia<\/strong><br \/>\nC.P. 75161 Succursale Cap-Rouge<br \/>\nQu\u00e9bec (Qu\u00e9bec)<br \/>\nG1Y 3C7 Canada<br \/>\n<a title=\"info@arttotalmultimedia.com\" href=\"mailto:info@arttotalmultimedia.com\" target=\"_blank\" rel=\"noopener noreferrer\">info@arttotalmultimedia.com<\/a><\/p>\n<p><strong>Mus\u00e9e du Ballet de Qu\u00e9bec \u2013 EBQBQ<\/strong><br \/>\nQu\u00e9bec (Qu\u00e9bec)<br \/>\nCanada<\/p>\n<p><strong>American Visionary Art Museum<\/strong><br \/>\n800 Key Highway<br \/>\nBaltimore, Maryland 21230<br \/>\nUSA<br \/>\n<a href=\"http:\/\/www.avam.org\/\" target=\"_blank\" rel=\"noopener noreferrer\">www.avam.org<\/a><\/p>\n<p><strong>Mus\u00e9e d\u2019art contemporain VR 3D<\/strong><br \/>\nPlace Darche<br \/>\n54400 Longwy (France)<br \/>\n<a href=\"http:\/\/www.macvr3d.com\" target=\"_blank\" rel=\"noopener\">www.macvr3d.com<\/a><\/div>\n<div class=\"three_fifth last\">\n<h4>EN COURS ET \u00c0 VENIR<\/h4>\n<h5>2025<\/h5>\n<p>Information \u00e0 venir<\/p>\n<div class=\"divider_line\"><\/div>\n<h4>EXPOSITIONS PASS\u00c9ES<\/h4>\n<h5>Liste non exhaustive<\/h5>\n<h5>PERSONNELLES<\/h5>\n<p><strong>2022: <\/strong> Pierre Poulin expose au Caf\u00e9 culturel situ\u00e9 au Centre d\u2019interpr\u00e9tation de la C\u00f4te de Beaupr\u00e9 Aux trois couvents, 7976 avenue Royale, Ch\u00e2teau Richer (Qu\u00e9bec-Canada)<br \/>\n<strong>2018:<\/strong> Pierre Poulin participe \u00e0 l\u2019Encan pour la Fondation Maison Casa au Ch\u00e2teau Laurier, 1220 Place George V Ouest, Qu\u00e9bec (Qu\u00e9bec-Canada)<br \/>\n<strong>2018:<\/strong> Art brut. L\u2019art au-del\u00e0 des maux par Pierre Poulin &#8211; Maison O&#8217;Neill, 3160 boulevard Wilfrid-Hamel, Qu\u00e9bec (Qu\u00e9bec-Canada) &#8211; <span style=\"color: #ff6600;\"><a style=\"color: #ff6600;\" href=\"http:\/\/www.arttotalmultimedia.com\/pierre\" target=\"_blank\" rel=\"noopener\">visite virtuelle de l&#8217;exposition<\/a><\/span><br \/>\n<strong>2018:<\/strong> Art brut &#8211; Galerie d&#8217;art du Trait-Carr\u00e9, 7985 Trait-Carr\u00e9 Est, Qu\u00e9bec (Qu\u00e9bec-Canada)<br \/>\n<strong>2017:<\/strong> Atelier cr\u00e9atif avec Pierre Poulin &#8211; Aux Trois Couvents, 7676, avenue Royale, Ch\u00e2teau-Richeau (Qu\u00e9bec-Canada)<br \/>\n<strong>2014:<\/strong> Ski Michel, 9414 boul. Sainte-Anne, Sainte-Anne-de-Beaupr\u00e9 (Canada)<br \/>\n<strong>2014:<\/strong> Le Marie Beaupr\u00e9, 9749 boul. Sainte-Anne, Sainte-Anne-de-Beaupr\u00e9, (Qu\u00e9bec-Canada)<br \/>\n<strong>2014:<\/strong> H\u00f4tel Val des Neiges, 201 Rue du Val-des-Neiges, Beaupr\u00e9 (Qu\u00e9bec-Canada)<br \/>\n<strong>2014:<\/strong> Domaine des Neiges, 203 Rue du Val-des-Neiges, Beaupr\u00e9 (Qu\u00e9bec-Canada)<br \/>\n<strong>2011:<\/strong> Mojo Resto Bar, 1450 Boulevard P\u00e8re-Leli\u00e8vre, Qu\u00e9bec (Canada)<br \/>\n<strong>2010:<\/strong> Mojo Resto Bar, 1450 Boulevard P\u00e8re-Leli\u00e8vre, Qu\u00e9bec (Canada)<br \/>\n<strong>2010:<\/strong> Batifol, 995 Boulevard du Lac, Lac-Beauport (Qu\u00e9bec-Canada)<br \/>\n<strong>2009:<\/strong> Mojo Resto Bar, 1450 Boulevard P\u00e8re-Leli\u00e8vre, Qu\u00e9bec (Canada)<br \/>\n<strong>2006-2009:<\/strong> Recherche et cr\u00e9ation insolite en atelier, Lac-Beauport (Qu\u00e9bec-Canada)<br \/>\n<strong>2006-2009:<\/strong> Recherche et cr\u00e9ation insolite dans le monde du spectacle, Busch Gardens <span style=\"color: #ff6600;\"><strong>(USA)<\/strong><\/span><br \/>\n<strong>2006-2009:<\/strong> Recherche et cr\u00e9ation insolite, Toronto (Canada)<br \/>\n<strong>2006-2009:<\/strong> Recherche et cr\u00e9ation insolite, Virginie <span style=\"color: #ff6600;\"><strong>(USA)<\/strong><\/span><br \/>\n<strong>2005:<\/strong> Salle Albert-Rousseau, lors du premier ballet du Ballet de Qu\u00e9bec (Cendrillon) &#8211; par Christiane B\u00e9langer &#8211; 2410 Chemin Sainte-Foy, Qu\u00e9bec (Canada)<br \/>\n<strong>2003:<\/strong> Restaurant Radio Caf\u00e9, 10993 boul. Sainte-Anne, Beaupr\u00e9 (Canada)<br \/>\n<strong>2002:<\/strong> Restaurant Radio Caf\u00e9, 10993 boul. Sainte-Anne, Beaupr\u00e9 (Canada)<br \/>\n<strong>2000:<\/strong> Centre de Commerce mondial, Galerie Harrison, Montr\u00e9al (Qu\u00e9bec)<br \/>\n<strong>1997:<\/strong> Centre de diffusion artistique du Vieux-Port de Qu\u00e9bec, Qu\u00e9bec (Canada)<\/p>\n<h5>COLLECTIVES<\/h5>\n<p><strong>2022:<\/strong> Jardin de Joie \/ Garden of Joy &#8211; Mus\u00e9e d\u2019art contemporain VR 3D (MACVR3D), Place Darche, 54400 Longwy<span style=\"color: #ff6600;\">\u00a0<strong>(France)<\/strong><\/span>\u00a0<br \/>\n<strong>2022\/2023:<\/strong> ARTE &#8211; Mus\u00e9e d\u2019art contemporain VR 3D (MACVR3D), Place Darche, 54400 Longwy<span style=\"color: #ff6600;\">\u00a0<strong>(France)<\/strong><\/span><br \/>\n<strong>2020\/2021:<\/strong> \u201cAMOR\u201d exposition collective d\u2019artistes s\u00e9lectionn\u00e9s au Mus\u00e9e d\u2019art contemporain VR 3D, 54400 Longwy <strong><span style=\"color: #ff6600;\">(France)<\/span><\/strong><br \/>\n<strong>2020:<\/strong> Internation\u2019art 2020 \u2013 exposition internationale \u2013 Mus\u00e9e d&#8217;art contemporain VR 3D (MACVR3D), Place Darche, 54400 Longwy <strong><span style=\"color: #ff6600;\">(France)<\/span><\/strong><br \/>\n<strong>2019\/2020:<\/strong> \u201cVibration\u201d exposition collective d\u2019artistes s\u00e9lectionn\u00e9s au Mus\u00e9e d\u2019art contemporain VR 3D, 54400 Longwy <strong><span style=\"color: #ff6600;\">(France)<\/span><\/strong><br \/>\n<strong>2019:<\/strong> Quand l\u2019art rencontre une autre dimension &#8211; Mus\u00e9e Aux trois couvents, 7676 av. Royale, Ch\u00e2teau-Richer (Qu\u00e9bec-Canada)<br \/>\n<strong>2019:<\/strong> \u201cAu-del\u00e0 des mots \/ Beyond Words\u201d exposition internationale au Mus\u00e9e d\u2019art contemporain VR 3D, 54400 Longwy <span style=\"color: #ff6600;\"><strong>(France)<\/strong><\/span><br \/>\n<strong>2019: <\/strong>\u201cAmes d\u2019artistes \/ Artists\u2019 souls\u201d exposition collective d\u2019artistes s\u00e9lectionn\u00e9s au Mus\u00e9e d\u2019art contemporain VR 3D, 54400 Longwy<strong><span style=\"color: #ff6600;\"> (France)<\/span><\/strong><br \/>\n<strong>Du 30 mars au 30 mai 2019:<\/strong> Internation\u2019art 9e \u00e9dition &#8211; exposition internationale &#8211; Biblioth\u00e8que Georges-Henri-L\u00e9vesque, 829 boul. St-Joseph, Roberval (Qu\u00e9bec-Canada)<br \/>\n<strong>2019: <\/strong>\u201cArtZoom\u201d exposition collective d\u2019artistes s\u00e9lectionn\u00e9s au Mus\u00e9e d\u2019art contemporain VR 3D, 54400 Longwy<strong><span style=\"color: #ff6600;\"> (France)<\/span><\/strong><br \/>\n<strong>2019: <\/strong> Le geste lib\u00e9r\u00e9 &#8211; L\u2019Espace contemporain, 313 rue St-Jean, Qu\u00e9bec (Qu\u00e9bec-Canada)<br \/>\n<strong>2018\/2019: <\/strong>\u201cArtZoom\u201d exposition collective d\u2019artistes s\u00e9lectionn\u00e9s au Mus\u00e9e d\u2019art contemporain VR 3D, 54400 Longwy<strong><span style=\"color: #ff6600;\"> (France)<\/span><\/strong><br \/>\n<strong>2018:<\/strong> Galerie NiVuniCornu, 10005 avenue Royale, Sainte-Anne-de-Beaupr\u00e9 (Qu\u00e9bec-Canada)<br \/>\n<strong>2018:<\/strong> Les Journ\u00e9es de la Culture &#8211; Corrid\u2019art &#8211; Lac-Beauport (Qu\u00e9bec-Canada)<br \/>\n<strong>2018:<\/strong> Internation\u2019ART 8e \u00e9dition, Biblioth\u00e8que Georges-Henri-L\u00e9vesque, 829 boul. Saint-Joseph, Roberval (Qu\u00e9bec-Canada)<br \/>\n<strong>2018:<\/strong> Soir\u00e9e b\u00e9n\u00e9fice aux Trois Couvents, 7976 Avenue Royale, Ch\u00e2teau-Richer (Qu\u00e9bec-Canada)<br \/>\n<strong>2018:<\/strong> Les arts au rendez-vous chez DeSerres Place Sainte-Foy (1\u00e8re \u00e9dition) &#8211; Place Sainte-Foy, boul. Laurier, Qu\u00e9bec (Canada) &#8211; co-organis\u00e9 par Art Total Multim\u00e9dia et DeSerres (de Place Sainte-Foy) &#8211; <strong>heures: de 11h \u00e0 16h<\/strong> &#8211; L\u2019artiste sera pr\u00e9sent le vendredi seulement<br \/>\n<strong>2018:<\/strong> Pierre Poulin participera \u00e0 l\u2019Encan de la Soci\u00e9t\u00e9 de Leuc\u00e9mie et Lymphome du Canada (SLLC) &#8211; Super Encan Chinois &#8211; Qu\u00e9bec (Canada)<br \/>\n<strong>2017:<\/strong> L\u2019Espace contemporain, 313 rue Saint-Jean, Qu\u00e9bec (Canada), avec la Guilde artistique de Lac-Beauport<br \/>\n<strong>2017:<\/strong> Internation&#8217;ART 7e \u00e9dition annuelle &#8211; Exposition internationale &#8211; Biblioth\u00e8que Georges-Henri-L\u00e9vesque, 829 boul. St-Joseph, Roberval (Qu\u00e9bec-Canada)<br \/>\n<strong>2017:<\/strong> 10e \u00e9dition annuelle de La Grande Exposition Internationale d&#8217;ArtZoom, L&#8217;espace contemporain galerie d&#8217;art, 313 rue Saint-Jean, Qu\u00e9bec (Qu\u00e9bec-Canada) &#8211; <span style=\"color: #ff6600;\">Pr\u00e9sident d&#8217;honneur: Pierre Poulin<\/span><br \/>\n<strong>De 2017 \u00e0 2019:<\/strong> Galerie Zen, 1139 rue Saint-Jean, Qu\u00e9bec (Qu\u00e9bec-Canada)<br \/>\n<strong>2015-2016:<\/strong> Galerie Zen, 1025 boul. du Lac, Lac-Beauport (Qu\u00e9bec-Canada)<br \/>\n<b>2016: <\/b>Inauguration officielle du Centre Multifonctionnel de Beaupr\u00e9, 70 rue des \u00c9rables, C\u00f4te-de-Beaupr\u00e9 (Qu\u00e9bec-Canada)<br \/>\n<strong>2016:<\/strong> &#8220;Vernissage \u00e0 notre image&#8221;, avec la Guilde artistique de Lac-Beauport (GALB) et l&#8217;\u00c9cole Montagnac, au Club nautique de Lac-Beauport (Qu\u00e9bec-Canada)<br \/>\n<strong>2016:<\/strong> Internation\u2019ART 6\u00e8me \u00e9dition \u2013 Biblioth\u00e8que Georges-Henri-L\u00e9vesque, 829 boul. Saint-Joseph, Roberval (Canada)<br \/>\n<strong>2015:<\/strong> Centre d&#8217;interpr\u00e9tation de la C\u00f4te de Beaupr\u00e9, 7976 Avenue Royale, Ch\u00e2teau-Richer (Canada)<br \/>\n<strong>2015:<\/strong> Don d&#8217;un tableau pour la 15e \u00e9dition du Gala Reconnaissance de la C\u00f4te-de-Beaupr\u00e9 (Canada)<br \/>\n<strong>2015:<\/strong> Encan Rotary Club, Ch\u00e2teau Frontenac, Qu\u00e9bec (Canada)<br \/>\n<strong>2012:<\/strong> Encan au Club Ski Acrobatique Le relais, Stoneham (Canada)<br \/>\n<strong>2011:<\/strong> Encan au Club Ski Acrobatique Le relais, Stoneham (Canada)<br \/>\n<strong>2010:<\/strong> Encan au Club Ski Acrobatique Le relais, Stoneham (Canada)<br \/>\n<strong>1999:<\/strong> Centre de Commerce mondial, Galerie Harrison, Montr\u00e9al (Qu\u00e9bec)<br \/>\n<strong>1998:<\/strong> Centre de Commerce mondial, Galerie Harrison, Montr\u00e9al (Qu\u00e9bec)<br \/>\n<strong>1997:<\/strong> Centre de Commerce mondial, Galerie Harrison, Montr\u00e9al (Qu\u00e9bec)<br \/>\n<strong>1996:<\/strong> Centre de Commerce mondial, Galerie Harrison, Montr\u00e9al (Qu\u00e9bec)<\/div>\n<div class=\"clearBoth\"><\/div>\n<div class=\"divider top\"><a href=\"#wrapper\" title=\"Back To Top\" rel=\"nofollow\">Top<\/a><\/div>\n","protected":false},"excerpt":{"rendered":"","protected":false},"author":1,"featured_media":2536,"parent":0,"menu_order":0,"comment_status":"closed","ping_status":"closed","template":"template_fullwidth.php","meta":[],"_links":{"self":[{"href":"https:\/\/artzoomconnection.com\/pierrepoulin\/wp-json\/wp\/v2\/pages\/1644"}],"collection":[{"href":"https:\/\/artzoomconnection.com\/pierrepoulin\/wp-json\/wp\/v2\/pages"}],"about":[{"href":"https:\/\/artzoomconnection.com\/pierrepoulin\/wp-json\/wp\/v2\/types\/page"}],"author":[{"embeddable":true,"href":"https:\/\/artzoomconnection.com\/pierrepoulin\/wp-json\/wp\/v2\/users\/1"}],"replies":[{"embeddable":true,"href":"https:\/\/artzoomconnection.com\/pierrepoulin\/wp-json\/wp\/v2\/comments?post=1644"}],"version-history":[{"count":122,"href":"https:\/\/artzoomconnection.com\/pierrepoulin\/wp-json\/wp\/v2\/pages\/1644\/revisions"}],"predecessor-version":[{"id":2915,"href":"https:\/\/artzoomconnection.com\/pierrepoulin\/wp-json\/wp\/v2\/pages\/1644\/revisions\/2915"}],"wp:featuredmedia":[{"embeddable":true,"href":"https:\/\/artzoomconnection.com\/pierrepoulin\/wp-json\/wp\/v2\/media\/2536"}],"wp:attachment":[{"href":"https:\/\/artzoomconnection.com\/pierrepoulin\/wp-json\/wp\/v2\/media?parent=1644"}],"curies":[{"name":"wp","href":"https:\/\/api.w.org\/{rel}","templated":true}]}}