{"id":221,"date":"2021-02-28T20:17:22","date_gmt":"2021-02-28T20:17:22","guid":{"rendered":"https:\/\/artzoomconnection.com\/rejanetremblay\/?page_id=221"},"modified":"2021-02-28T20:17:22","modified_gmt":"2021-02-28T20:17:22","slug":"lunivers-de-rejane-tremblay","status":"publish","type":"page","link":"https:\/\/artzoomconnection.com\/rejanetremblay\/lunivers-de-rejane-tremblay\/","title":{"rendered":"L&rsquo;UNIVERS DE R\u00c9JANE TREMBLAY"},"content":{"rendered":"<p><script src=\"https:\/\/static.kuula.io\/embed.js\" data-kuula=\"https:\/\/kuula.co\/share\/collection\/7YYvZ?fs=1&#038;vr=1&#038;zoom=1&#038;sd=1&#038;initload=0&#038;thumbs=-1&#038;inst=fr&#038;info=0&#038;logo=-1\" data-width=\"100%\" data-height=\"640px\"><\/script><br \/>\nL&rsquo;UNIVERS DE R\u00c9JANE TREMBLAY<br \/>\npr\u00e9sent\u00e9e du 1er mai au 31 octobre 2021<br \/>\nMus\u00e9e d\u2019art contemporain VR 3D (MACVR3D)<br \/>\nvisible sur Internet et dans un casque de r\u00e9alit\u00e9 virtuelle<\/p>\n","protected":false},"excerpt":{"rendered":"<p>L&rsquo;UNIVERS DE R\u00c9JANE TREMBLAY pr\u00e9sent\u00e9e du 1er mai au 31 [&hellip;]<\/p>\n","protected":false},"author":1,"featured_media":0,"parent":0,"menu_order":0,"comment_status":"closed","ping_status":"closed","template":"","meta":[],"_links":{"self":[{"href":"https:\/\/artzoomconnection.com\/rejanetremblay\/wp-json\/wp\/v2\/pages\/221"}],"collection":[{"href":"https:\/\/artzoomconnection.com\/rejanetremblay\/wp-json\/wp\/v2\/pages"}],"about":[{"href":"https:\/\/artzoomconnection.com\/rejanetremblay\/wp-json\/wp\/v2\/types\/page"}],"author":[{"embeddable":true,"href":"https:\/\/artzoomconnection.com\/rejanetremblay\/wp-json\/wp\/v2\/users\/1"}],"replies":[{"embeddable":true,"href":"https:\/\/artzoomconnection.com\/rejanetremblay\/wp-json\/wp\/v2\/comments?post=221"}],"version-history":[{"count":1,"href":"https:\/\/artzoomconnection.com\/rejanetremblay\/wp-json\/wp\/v2\/pages\/221\/revisions"}],"predecessor-version":[{"id":222,"href":"https:\/\/artzoomconnection.com\/rejanetremblay\/wp-json\/wp\/v2\/pages\/221\/revisions\/222"}],"wp:attachment":[{"href":"https:\/\/artzoomconnection.com\/rejanetremblay\/wp-json\/wp\/v2\/media?parent=221"}],"curies":[{"name":"wp","href":"https:\/\/api.w.org\/{rel}","templated":true}]}}