{"id":81,"date":"2020-09-26T07:57:18","date_gmt":"2020-09-26T07:57:18","guid":{"rendered":"http:\/\/artzoomconnection.com\/rejanetremblay\/?page_id=81"},"modified":"2025-05-30T23:12:16","modified_gmt":"2025-05-30T23:12:16","slug":"critiques","status":"publish","type":"page","link":"https:\/\/artzoomconnection.com\/rejanetremblay\/critiques\/","title":{"rendered":"CRITIQUES"},"content":{"rendered":"<div class=\"fusion-fullwidth fullwidth-box fusion-builder-row-1 fusion-flex-container nonhundred-percent-fullwidth non-hundred-percent-height-scrolling\" style=\"background-color: rgba(255,255,255,0);background-position: center center;background-repeat: no-repeat;border-width: 0px 0px 0px 0px;border-color:#eae9e9;border-style:solid;\" ><div class=\"fusion-builder-row fusion-row fusion-flex-align-items-flex-start\" style=\"max-width:1144px;margin-left: calc(-4% \/ 2 );margin-right: calc(-4% \/ 2 );\"><div class=\"fusion-layout-column fusion_builder_column fusion-builder-column-0 fusion_builder_column_1_1 1_1 fusion-flex-column\"><div class=\"fusion-column-wrapper fusion-flex-justify-content-flex-start fusion-content-layout-column\" style=\"background-position:left top;background-repeat:no-repeat;-webkit-background-size:cover;-moz-background-size:cover;-o-background-size:cover;background-size:cover;padding: 0px 0px 0px 0px;\"><\/div><\/div><style type=\"text\/css\">.fusion-body .fusion-builder-column-0{width:100% !important;margin-top : 0px;margin-bottom : 0px;}.fusion-builder-column-0 > .fusion-column-wrapper {padding-top : 0px !important;padding-right : 0px !important;margin-right : 1.92%;padding-bottom : 0px !important;padding-left : 0px !important;margin-left : 1.92%;}@media only screen and (max-width:1024px) {.fusion-body .fusion-builder-column-0{width:100% !important;}.fusion-builder-column-0 > .fusion-column-wrapper {margin-right : 1.92%;margin-left : 1.92%;}}@media only screen and (max-width:640px) {.fusion-body .fusion-builder-column-0{width:100% !important;}.fusion-builder-column-0 > .fusion-column-wrapper {margin-right : 1.92%;margin-left : 1.92%;}}<\/style><div class=\"fusion-layout-column fusion_builder_column fusion-builder-column-1 fusion_builder_column_1_2 1_2 fusion-flex-column\"><div class=\"fusion-column-wrapper fusion-flex-justify-content-flex-start fusion-content-layout-column\" style=\"background-position:left top;background-repeat:no-repeat;-webkit-background-size:cover;-moz-background-size:cover;-o-background-size:cover;background-size:cover;padding: 0px 0px 0px 0px;\"><div class=\"fusion-text fusion-text-1\"><p><img class=\"aligncenter size-full wp-image-459\" src=\"https:\/\/artzoomconnection.com\/rejanetremblay\/wp-content\/uploads\/2025\/05\/IMG_4830.jpeg\" alt=\"\" width=\"1280\" height=\"874\" srcset=\"https:\/\/artzoomconnection.com\/rejanetremblay\/wp-content\/uploads\/2025\/05\/IMG_4830-200x137.jpeg 200w, https:\/\/artzoomconnection.com\/rejanetremblay\/wp-content\/uploads\/2025\/05\/IMG_4830-300x205.jpeg 300w, https:\/\/artzoomconnection.com\/rejanetremblay\/wp-content\/uploads\/2025\/05\/IMG_4830-400x273.jpeg 400w, https:\/\/artzoomconnection.com\/rejanetremblay\/wp-content\/uploads\/2025\/05\/IMG_4830-500x341.jpeg 500w, https:\/\/artzoomconnection.com\/rejanetremblay\/wp-content\/uploads\/2025\/05\/IMG_4830-600x410.jpeg 600w, https:\/\/artzoomconnection.com\/rejanetremblay\/wp-content\/uploads\/2025\/05\/IMG_4830-700x478.jpeg 700w, https:\/\/artzoomconnection.com\/rejanetremblay\/wp-content\/uploads\/2025\/05\/IMG_4830-768x524.jpeg 768w, https:\/\/artzoomconnection.com\/rejanetremblay\/wp-content\/uploads\/2025\/05\/IMG_4830-800x546.jpeg 800w, https:\/\/artzoomconnection.com\/rejanetremblay\/wp-content\/uploads\/2025\/05\/IMG_4830-1024x699.jpeg 1024w, https:\/\/artzoomconnection.com\/rejanetremblay\/wp-content\/uploads\/2025\/05\/IMG_4830-1200x819.jpeg 1200w, https:\/\/artzoomconnection.com\/rejanetremblay\/wp-content\/uploads\/2025\/05\/IMG_4830.jpeg 1280w\" sizes=\"(max-width: 1280px) 100vw, 1280px\" \/><\/p>\n<p>Art Review by Circle Foundation for the Arts, 2025<\/p>\n<\/div><\/div><\/div><style type=\"text\/css\">.fusion-body .fusion-builder-column-1{width:50% !important;margin-top : 0px;margin-bottom : 20px;}.fusion-builder-column-1 > .fusion-column-wrapper {padding-top : 0px !important;padding-right : 0px !important;margin-right : 3.84%;padding-bottom : 0px !important;padding-left : 0px !important;margin-left : 3.84%;}@media only screen and (max-width:1024px) {.fusion-body .fusion-builder-column-1{width:50% !important;order : 0;}.fusion-builder-column-1 > .fusion-column-wrapper {margin-right : 3.84%;margin-left : 3.84%;}}@media only screen and (max-width:640px) {.fusion-body .fusion-builder-column-1{width:100% !important;order : 0;}.fusion-builder-column-1 > .fusion-column-wrapper {margin-right : 1.92%;margin-left : 1.92%;}}<\/style><div class=\"fusion-layout-column fusion_builder_column fusion-builder-column-2 fusion_builder_column_1_2 1_2 fusion-flex-column\"><div class=\"fusion-column-wrapper fusion-flex-justify-content-flex-start fusion-content-layout-column\" style=\"background-position:left top;background-repeat:no-repeat;-webkit-background-size:cover;-moz-background-size:cover;-o-background-size:cover;background-size:cover;padding: 0px 0px 0px 0px;\"><div class=\"fusion-text fusion-text-2\"><p style=\"text-align: justify;\"><strong>traduction<\/strong><\/p>\n<p style=\"text-align: justify;\">L&rsquo;artiste canadienne R\u00e9jane Tremblay ma\u00eetrise avec une finesse remarquable la technique fluide et \u00e9vocatrice de l&rsquo;aquarelle. Install\u00e9e \u00e0 Roberval, au Qu\u00e9bec, sa formation en enseignement secondaire et en math\u00e9matiques contribue \u00e0 la pr\u00e9cision et au souci du d\u00e9tail qui caract\u00e9risent son travail. Apr\u00e8s avoir d\u00e9laiss\u00e9 la peinture \u00e0 l&rsquo;huile, elle se consacre \u00e0 l&rsquo;aquarelle depuis 2023, \u00e9tudiant aupr\u00e8s de membres de la Soci\u00e9t\u00e9 canadienne d&rsquo;aquarelle.<\/p>\n<p style=\"text-align: justify;\">L&rsquo;\u0153uvre de R\u00e9jane Tremblay est une vibrante c\u00e9l\u00e9bration du monde naturel, avec une affinit\u00e9 particuli\u00e8re pour les paysages et les th\u00e8mes qui \u00e9voquent la s\u00e9r\u00e9nit\u00e9 et la richesse de leur environnement. Ses \u0153uvres, telles que \u00ab\u00a0Extase\u00a0\u00bb et \u00ab\u00a0Jardin floral\u00a0\u00bb, t\u00e9moignent de son talent \u00e0 m\u00e9langer subtilement des palettes de couleurs expressives, cr\u00e9ant des images \u00e0 la fois r\u00e9alistes et \u00e9th\u00e9r\u00e9es. Ces \u0153uvres illustrent non seulement la beaut\u00e9 de l&rsquo;environnement naturel, mais r\u00e9sonnent \u00e9galement avec les paysages \u00e9motionnels qu&rsquo;elles inspirent.<\/p>\n<p style=\"text-align: justify;\">En approfondissant ses \u0153uvres, la technique de Tremblay r\u00e9v\u00e8le un \u00e9quilibre d\u00e9licat entre ma\u00eetrise et spontan\u00e9it\u00e9, caract\u00e9ristique des aquarellistes talentueux. La fluidit\u00e9 de son m\u00e9dium refl\u00e8te une compr\u00e9hension profonde de ses sujets, qu&rsquo;il s&rsquo;agisse de capturer la gr\u00e2ce dynamique des chevaux ou l&rsquo;\u00e9tendue sereine des paysages r\u00e9gionaux. Chaque \u0153uvre ouvre une fen\u00eatre sur les pr\u00e9occupations th\u00e9matiques qui ont fa\u00e7onn\u00e9 son parcours artistique, \u00e0 savoir l&rsquo;interaction de la lumi\u00e8re, de l&rsquo;eau et des formes organiques de la nature.<\/p>\n<p style=\"text-align: justify;\">Ce qui distingue R\u00e9jane Tremblay sur la sc\u00e8ne artistique contemporaine, c&rsquo;est son engagement \u00e0 d\u00e9peindre la beaut\u00e9 transcendante de sc\u00e8nes ordinaires. Son travail offre une pause r\u00e9flexive, une invitation \u00e0 approfondir son regard et \u00e0 appr\u00e9cier l&rsquo;interaction nuanc\u00e9e de la lumi\u00e8re et de la couleur. Membre de plusieurs organismes artistiques r\u00e9put\u00e9s et pr\u00e9sente r\u00e9guli\u00e8rement dans des expositions canadiennes et fran\u00e7aises, R\u00e9jane Tremblay continue de susciter une reconnaissance et une admiration bien m\u00e9rit\u00e9es. Son expression artistique va au-del\u00e0 de la simple repr\u00e9sentation. Elle cherche \u00e0 cr\u00e9er une connexion intuitive avec le spectateur, c\u00e9l\u00e9brant la beaut\u00e9 universelle et l&rsquo;esprit immuable de la nature. \u00c0 travers ses peintures, Tremblay ne se contente pas de pr\u00e9server des instants de beaut\u00e9 fugaces, mais les \u00e9l\u00e8ve au rang de po\u00e9sie visuelle durable, lui conf\u00e9rant une place de choix dans le monde de l&rsquo;aquarellisme contemporain.<\/p>\n<\/div><\/div><\/div><style type=\"text\/css\">.fusion-body .fusion-builder-column-2{width:50% !important;margin-top : 0px;margin-bottom : 20px;}.fusion-builder-column-2 > .fusion-column-wrapper {padding-top : 0px !important;padding-right : 0px !important;margin-right : 3.84%;padding-bottom : 0px !important;padding-left : 0px !important;margin-left : 3.84%;}@media only screen and (max-width:1024px) {.fusion-body .fusion-builder-column-2{width:50% !important;order : 0;}.fusion-builder-column-2 > .fusion-column-wrapper {margin-right : 3.84%;margin-left : 3.84%;}}@media only screen and (max-width:640px) {.fusion-body .fusion-builder-column-2{width:100% !important;order : 0;}.fusion-builder-column-2 > .fusion-column-wrapper {margin-right : 1.92%;margin-left : 1.92%;}}<\/style><div class=\"fusion-layout-column fusion_builder_column fusion-builder-column-3 fusion_builder_column_1_1 1_1 fusion-flex-column\"><div class=\"fusion-column-wrapper fusion-flex-justify-content-flex-start fusion-content-layout-column\" style=\"background-position:left top;background-repeat:no-repeat;-webkit-background-size:cover;-moz-background-size:cover;-o-background-size:cover;background-size:cover;padding: 0px 0px 0px 0px;\"><div class=\"fusion-separator fusion-full-width-sep\" style=\"align-self: center;margin-left: auto;margin-right: auto;width:100%;\"><div class=\"fusion-separator-border sep-single sep-solid\" style=\"border-color:#e0dede;border-top-width:1px;\"><\/div><\/div><\/div><\/div><style type=\"text\/css\">.fusion-body .fusion-builder-column-3{width:100% !important;margin-top : 0px;margin-bottom : 20px;}.fusion-builder-column-3 > .fusion-column-wrapper {padding-top : 0px !important;padding-right : 0px !important;margin-right : 1.92%;padding-bottom : 0px !important;padding-left : 0px !important;margin-left : 1.92%;}@media only screen and (max-width:1024px) {.fusion-body .fusion-builder-column-3{width:100% !important;order : 0;}.fusion-builder-column-3 > .fusion-column-wrapper {margin-right : 1.92%;margin-left : 1.92%;}}@media only screen and (max-width:640px) {.fusion-body .fusion-builder-column-3{width:100% !important;order : 0;}.fusion-builder-column-3 > .fusion-column-wrapper {margin-right : 1.92%;margin-left : 1.92%;}}<\/style><div class=\"fusion-layout-column fusion_builder_column fusion-builder-column-4 fusion_builder_column_1_2 1_2 fusion-flex-column\"><div class=\"fusion-column-wrapper fusion-flex-justify-content-flex-start fusion-content-layout-column\" style=\"background-position:left top;background-repeat:no-repeat;-webkit-background-size:cover;-moz-background-size:cover;-o-background-size:cover;background-size:cover;padding: 0px 0px 0px 0px;\"><div class=\"fusion-text fusion-text-3\"><h5>R\u00e9jane Tremblay &#8211; critique<\/h5>\n<p><cite>Par HeleneCaroline Fournier<\/cite><\/p>\n<p style=\"text-align: justify;\">Si, pour R\u00e9jane Tremblay, la repr\u00e9sentation de la nature en aquarelle s\u2019effectue en soustrayant du mod\u00e8le tout ce qui ne lui est pas essentiel, au point d\u2019en am\u00e9liorer les formes et les couleurs, elle est un v\u00e9ritable acte de perception sensible qui rejoint l\u2019essence m\u00eame des choses qui va au-del\u00e0 de leurs apparences physiques.<\/p>\n<p style=\"text-align: justify;\">Le plaisir que l\u2019on \u00e9prouve devant les aquarelles de l\u2019artiste co\u00efncide pr\u00e9cis\u00e9ment avec ce besoin intrins\u00e8que, cette n\u00e9cessit\u00e9 de l\u2019humain, \u00e0 voir le beau dans tout ce qui l\u2019entoure. On admire la virtuosit\u00e9 de l\u2019artiste, sa ma\u00eetrise de la technique, et cette capacit\u00e9 \u00e0 repr\u00e9senter parfaitement une sc\u00e8ne de la nature en aquarelle, la lib\u00e9rant du poids de la banalit\u00e9 visuelle. L\u2019amateur d\u2019art, le public, \u00e9prouve donc un r\u00e9el plaisir devant l\u2019oeuvre aquarellis\u00e9e qui permet de prendre conscience de la d\u00e9licate beaut\u00e9 qui transcende une sc\u00e8ne au quotidien. Le sujet qui a \u00e9t\u00e9 transform\u00e9 et sublim\u00e9 par le talent et la passion de l\u2019artiste, qui trouve un r\u00e9confort dans la pratique de son art, se transpose sur papier en une approche esth\u00e9tique du sujet sous des traits pr\u00e9cis que l\u2019on devine doux et d\u00e9licats. L\u2019oeuvre permet d\u2019approcher ainsi un certain id\u00e9al de beaut\u00e9 paisible.<\/p>\n<p>Octobre 2020<\/p>\n<\/div><\/div><\/div><style type=\"text\/css\">.fusion-body .fusion-builder-column-4{width:50% !important;margin-top : 0px;margin-bottom : 0px;}.fusion-builder-column-4 > .fusion-column-wrapper {padding-top : 0px !important;padding-right : 0px !important;margin-right : 3.84%;padding-bottom : 0px !important;padding-left : 0px !important;margin-left : 3.84%;}@media only screen and (max-width:1024px) {.fusion-body .fusion-builder-column-4{width:50% !important;}.fusion-builder-column-4 > .fusion-column-wrapper {margin-right : 3.84%;margin-left : 3.84%;}}@media only screen and (max-width:640px) {.fusion-body .fusion-builder-column-4{width:100% !important;}.fusion-builder-column-4 > .fusion-column-wrapper {margin-right : 1.92%;margin-left : 1.92%;}}<\/style><div class=\"fusion-layout-column fusion_builder_column fusion-builder-column-5 fusion_builder_column_1_2 1_2 fusion-flex-column\"><div class=\"fusion-column-wrapper fusion-flex-justify-content-flex-start fusion-content-layout-column\" style=\"background-position:left top;background-repeat:no-repeat;-webkit-background-size:cover;-moz-background-size:cover;-o-background-size:cover;background-size:cover;padding: 0px 0px 0px 0px;\"><div class=\"fusion-text fusion-text-4\"><h5>Plaisirs Quotidiens<\/h5>\n<p><cite>Par HeleneCaroline Fournier<\/cite><\/p>\n<p style=\"text-align: justify;\">R\u00e9jane Tremblay \u00e9tait de celles qui exposaient pour la premi\u00e8re fois \u00e0 L\u2019Espace contemporain. Elle proposait au public trois aquarelles, dont le magnifique duo \u00ab Barna et Caxton \u00bb, une aquarelle de 15 x 22 pouces illustrant des chevaux r\u00e9alis\u00e9s dans une captivante ma\u00eetrise de ce m\u00e9dium particuli\u00e8rement technique. L\u2019artiste de Roberval s\u2019\u00e9tait d\u00e9plac\u00e9e pour partager avec ses invit\u00e9s ce plaisir qu\u2019est l\u2019art pratiqu\u00e9 au quotidien.<\/p>\n<p>Octobre 2017 &#8211; <a href=\"http:\/\/info-culture.biz\/2017\/10\/07\/lexposition-plaisirs-quotidiens\/\" target=\"_blank\" rel=\"noopener noreferrer\">extrait de l&rsquo;article &laquo; L&rsquo;exposition Plaisirs Quotidiens &raquo;<\/a><\/p>\n<\/div><div class=\"fusion-separator fusion-full-width-sep\" style=\"align-self: center;margin-left: auto;margin-right: auto;margin-top:25px;margin-bottom:25px;width:100%;\"><div class=\"fusion-separator-border sep-single sep-solid\" style=\"border-color:#e0dede;border-top-width:1px;\"><\/div><\/div><div class=\"fusion-text fusion-text-5\"><h5>R\u00e9jane Tremblay &#8211; critique<\/h5>\n<p><cite>Par HeleneCaroline Fournier<\/cite><\/p>\n<p style=\"text-align: justify;\">R\u00e9jane Tremblay r\u00e9alise un travail \u00e0 l\u2019aquarelle qui porte en lui une franche intensit\u00e9, les couleurs sont souvent d\u00e9clin\u00e9es dans toute une gamme de tons, rendant la sc\u00e8ne richement nuanc\u00e9e. La technique, brillamment ex\u00e9cut\u00e9e, indique une parfaite ma\u00eetrise du m\u00e9dium et de l\u2019art de la composition qui rend toutes les sc\u00e8nes harmonieuses et bien \u00e9quilibr\u00e9es. La sensibilit\u00e9 s\u2019affiche dans un travail professionnel qu\u2019on ne peut qu\u2019admirer. L\u2019artiste sait assur\u00e9ment capter l\u2019int\u00e9r\u00eat du spectateur avec ses jeux d\u2019ombre et de lumi\u00e8re et cette fragilit\u00e9, intrins\u00e8que au sujet floral, tr\u00e8s bien rendue avec des transparences d\u00e9licates et lumineuses.<\/p>\n<p>Avril 2017<\/p>\n<\/div><\/div><\/div><style type=\"text\/css\">.fusion-body .fusion-builder-column-5{width:50% !important;margin-top : 0px;margin-bottom : 0px;}.fusion-builder-column-5 > .fusion-column-wrapper {padding-top : 0px !important;padding-right : 0px !important;margin-right : 3.84%;padding-bottom : 0px !important;padding-left : 0px !important;margin-left : 3.84%;}@media only screen and (max-width:1024px) {.fusion-body .fusion-builder-column-5{width:50% !important;}.fusion-builder-column-5 > .fusion-column-wrapper {margin-right : 3.84%;margin-left : 3.84%;}}@media only screen and (max-width:640px) {.fusion-body .fusion-builder-column-5{width:100% !important;}.fusion-builder-column-5 > .fusion-column-wrapper {margin-right : 1.92%;margin-left : 1.92%;}}<\/style><\/div><style type=\"text\/css\">.fusion-body .fusion-flex-container.fusion-builder-row-1{ padding-top : 0px;margin-top : 0px;padding-right : 0px;padding-bottom : 0px;margin-bottom : 0px;padding-left : 0px;}<\/style><\/div>\n","protected":false},"excerpt":{"rendered":"","protected":false},"author":1,"featured_media":0,"parent":0,"menu_order":0,"comment_status":"closed","ping_status":"closed","template":"","meta":[],"_links":{"self":[{"href":"https:\/\/artzoomconnection.com\/rejanetremblay\/wp-json\/wp\/v2\/pages\/81"}],"collection":[{"href":"https:\/\/artzoomconnection.com\/rejanetremblay\/wp-json\/wp\/v2\/pages"}],"about":[{"href":"https:\/\/artzoomconnection.com\/rejanetremblay\/wp-json\/wp\/v2\/types\/page"}],"author":[{"embeddable":true,"href":"https:\/\/artzoomconnection.com\/rejanetremblay\/wp-json\/wp\/v2\/users\/1"}],"replies":[{"embeddable":true,"href":"https:\/\/artzoomconnection.com\/rejanetremblay\/wp-json\/wp\/v2\/comments?post=81"}],"version-history":[{"count":12,"href":"https:\/\/artzoomconnection.com\/rejanetremblay\/wp-json\/wp\/v2\/pages\/81\/revisions"}],"predecessor-version":[{"id":462,"href":"https:\/\/artzoomconnection.com\/rejanetremblay\/wp-json\/wp\/v2\/pages\/81\/revisions\/462"}],"wp:attachment":[{"href":"https:\/\/artzoomconnection.com\/rejanetremblay\/wp-json\/wp\/v2\/media?parent=81"}],"curies":[{"name":"wp","href":"https:\/\/api.w.org\/{rel}","templated":true}]}}