
{"id":1625,"date":"2012-11-10T15:31:33","date_gmt":"2012-11-10T14:31:33","guid":{"rendered":"http:\/\/www.artzoomconnection.com\/lo\/?page_id=1625"},"modified":"2026-05-01T14:14:01","modified_gmt":"2026-05-01T13:14:01","slug":"biographie","status":"publish","type":"page","link":"https:\/\/artzoomconnection.com\/steevelechasseur\/presentation\/biographie\/","title":{"rendered":"BIOGRAPHIE"},"content":{"rendered":"<div class=\"fusion-fullwidth fullwidth-box fusion-builder-row-1 fusion-flex-container nonhundred-percent-fullwidth non-hundred-percent-height-scrolling\" style=\"background-color: rgba(255,255,255,0);background-position: center center;background-repeat: no-repeat;border-width: 0px 0px 0px 0px;border-color:#eae9e9;border-style:solid;\" ><div class=\"fusion-builder-row fusion-row fusion-flex-align-items-flex-start\" style=\"max-width:1144px;margin-left: calc(-4% \/ 2 );margin-right: calc(-4% \/ 2 );\"><div class=\"fusion-layout-column fusion_builder_column fusion-builder-column-0 fusion_builder_column_1_3 1_3 fusion-flex-column\"><div class=\"fusion-column-wrapper fusion-flex-justify-content-flex-start fusion-content-layout-column\" style=\"background-position:left top;background-repeat:no-repeat;-webkit-background-size:cover;-moz-background-size:cover;-o-background-size:cover;background-size:cover;padding: 0px 0px 0px 0px;\"><div class=\"fusion-text fusion-text-1\"><p>FORMATION<\/p>\n<p>&#8211; Autodidacte<br \/>\n&#8211;\u00a0Cours de dessin au C\u00e9gep<\/p>\n<\/div><\/div><style type=\"text\/css\">.fusion-body .fusion-builder-column-0{width:33.333333333333% !important;margin-top : 0px;margin-bottom : 0px;}.fusion-builder-column-0 > .fusion-column-wrapper {padding-top : 0px !important;padding-right : 0px !important;margin-right : 3.84%;padding-bottom : 0px !important;padding-left : 0px !important;margin-left : 5.76%;}@media only screen and (max-width:1024px) {.fusion-body .fusion-builder-column-0{width:100% !important;}.fusion-builder-column-0 > .fusion-column-wrapper {margin-right : 1.92%;margin-left : 1.92%;}}@media only screen and (max-width:640px) {.fusion-body .fusion-builder-column-0{width:100% !important;}.fusion-builder-column-0 > .fusion-column-wrapper {margin-right : 1.92%;margin-left : 1.92%;}}<\/style><\/div><div class=\"fusion-layout-column fusion_builder_column fusion-builder-column-1 fusion_builder_column_2_3 2_3 fusion-flex-column\"><div class=\"fusion-column-wrapper fusion-flex-justify-content-flex-start fusion-content-layout-column\" style=\"background-position:left top;background-repeat:no-repeat;-webkit-background-size:cover;-moz-background-size:cover;-o-background-size:cover;background-size:cover;padding: 0px 0px 0px 0px;\"><div class=\"fusion-text fusion-text-2\"><h4>PR\u00c9SENTATION DE L&rsquo;ARTISTE<\/h4>\n<p style=\"text-align: justify;\"><img class=\"alignright wp-image-2666\" src=\"https:\/\/artzoomconnection.com\/steevelechasseur\/wp-content\/uploads\/2326A06F-C9BD-443C-AF59-58153124230C.jpeg\" alt=\"\" width=\"300\" height=\"300\" srcset=\"https:\/\/artzoomconnection.com\/steevelechasseur\/wp-content\/uploads\/2326A06F-C9BD-443C-AF59-58153124230C-66x66.jpeg 66w, https:\/\/artzoomconnection.com\/steevelechasseur\/wp-content\/uploads\/2326A06F-C9BD-443C-AF59-58153124230C-150x150.jpeg 150w, https:\/\/artzoomconnection.com\/steevelechasseur\/wp-content\/uploads\/2326A06F-C9BD-443C-AF59-58153124230C-200x200.jpeg 200w, https:\/\/artzoomconnection.com\/steevelechasseur\/wp-content\/uploads\/2326A06F-C9BD-443C-AF59-58153124230C-300x300.jpeg 300w, https:\/\/artzoomconnection.com\/steevelechasseur\/wp-content\/uploads\/2326A06F-C9BD-443C-AF59-58153124230C-400x400.jpeg 400w, https:\/\/artzoomconnection.com\/steevelechasseur\/wp-content\/uploads\/2326A06F-C9BD-443C-AF59-58153124230C-500x500.jpeg 500w, https:\/\/artzoomconnection.com\/steevelechasseur\/wp-content\/uploads\/2326A06F-C9BD-443C-AF59-58153124230C-600x600.jpeg 600w, https:\/\/artzoomconnection.com\/steevelechasseur\/wp-content\/uploads\/2326A06F-C9BD-443C-AF59-58153124230C-700x700.jpeg 700w, https:\/\/artzoomconnection.com\/steevelechasseur\/wp-content\/uploads\/2326A06F-C9BD-443C-AF59-58153124230C-768x768.jpeg 768w, https:\/\/artzoomconnection.com\/steevelechasseur\/wp-content\/uploads\/2326A06F-C9BD-443C-AF59-58153124230C-800x800.jpeg 800w, https:\/\/artzoomconnection.com\/steevelechasseur\/wp-content\/uploads\/2326A06F-C9BD-443C-AF59-58153124230C-1024x1024.jpeg 1024w, https:\/\/artzoomconnection.com\/steevelechasseur\/wp-content\/uploads\/2326A06F-C9BD-443C-AF59-58153124230C-1200x1200.jpeg 1200w, https:\/\/artzoomconnection.com\/steevelechasseur\/wp-content\/uploads\/2326A06F-C9BD-443C-AF59-58153124230C.jpeg 1280w\" sizes=\"(max-width: 300px) 100vw, 300px\" \/>N\u00e9 en 1967 \u00e0 Saint-Elz\u00e9ar (Bonaventure), dans la r\u00e9gion de la Gasp\u00e9sie au Canada, Steeve Lechasseur d\u00e9bute la peinture en 1989. Tr\u00e8s pr\u00e8s de la for\u00eat et des espaces verdoyants, l\u2019artiste puise son inspiration dans les images de son enfance pass\u00e9e aupr\u00e8s de la nature. Apr\u00e8s avoir visit\u00e9 le Mus\u00e9e des Beaux-Arts de Montr\u00e9al qui pr\u00e9sentait une exposition de Salvador Dali, Steeve Lechasseur, fortement impressionn\u00e9 par la force de ce ma\u00eetre, va se mettre \u00e0 peindre des oeuvres tr\u00e8s originales. Il comprend que la peinture ouvre des possibilit\u00e9s infinies o\u00f9 les seules limites r\u00e9sident dans l\u2019artiste lui-m\u00eame. Sa qu\u00eate artistique se poursuit dans une recherche et un <em>travail<\/em> sur lui. Il se perfectionne aupr\u00e8s d\u2019artistes d\u00e9j\u00e0 \u00e9tablis ainsi qu\u2019au C\u00e9gep. Le surr\u00e9aliste, toujours pr\u00e9sent dans ses oeuvres, se rapproche de l\u2019art na\u00eff par la simplicit\u00e9 des formes et la vivacit\u00e9 de ses couleurs. Un style na\u00eet, d\u00e9riv\u00e9 du pointillisme. Ce style est baptis\u00e9 \u00ab H\u00e9liocentrisme \u00bb. Son objectif est de favoriser l\u2019inspiration artistique cr\u00e9atrice tout en cueillant l\u2019inattendu. L\u2019image appara\u00eet progressivement sur la toile vierge, des \u00e9l\u00e9ments tels que: le poisson, le drapeau, la sph\u00e8re, l\u2019arbre, l\u2019eau, la femme, la ballon, l\u2019oiseau, etc. ont tous une signification particuli\u00e8re pour l\u2019artiste qui exprime purement et simplement ce qu\u2019il ressent, captant le moment pr\u00e9sent en le fixant sur toile. Maniant le r\u00eave comme d\u2019autres manient la plume, il \u00e9crit une histoire symbolique qui pousse le public \u00e0 l\u2019\u00e9tonnement, la r\u00e9flexion et m\u00eame \u00e0 l\u2019admiration. Jouant adroitement avec les couleurs vives, il utilise leurs contrastes pour modeler la forme et mettre en \u00e9vidence la lumi\u00e8re pour donner une impression de r\u00e9alit\u00e9, dans la mesure o\u00f9 le r\u00eave est cette r\u00e9alit\u00e9.<\/p>\n<p style=\"text-align: justify;\">Ses expositions personnelles et collectives se succ\u00e8dent depuis 1991. Apr\u00e8s avoir expos\u00e9 \u00e0 quelques reprises au Salon des arts des Bois-Francs \u00e0 Victoriaville (Canada), apr\u00e8s avoir fait des expositions personnelles et collectives \u00e0 travers le Qu\u00e9bec, en 2011\/2012, il pr\u00e9sente une exposition personnelle au Mus\u00e9e Beaulne de Coaticook, mais ce n&rsquo;est pas sa premi\u00e8re exp\u00e9rience en mus\u00e9e, puisqu&rsquo;il avait d\u00e9j\u00e0 expos\u00e9 au Mus\u00e9e acadien du Qu\u00e9bec \u00e0 Bonaventure, en 1993, dans une exposition personnelle intitul\u00e9e \u00ab\u00a0Fen\u00eatre sur l&rsquo;invisible\u00a0\u00bb. Il avait d&rsquo;ailleurs r\u00e9it\u00e9r\u00e9 l&rsquo;exp\u00e9rience dans une exposition collective mus\u00e9ale en 1998 avec \u00ab\u00a0Hommage aux Artistes de l\u2019Est\u00a0\u00bb.<\/p>\n<p style=\"text-align: justify;\">En 2004, il re\u00e7oit un Prix d\u00e9cern\u00e9 par l&rsquo;organisation du centre d&rsquo;art de Richmond (Canada), puis un Prix du public, en 2007. En 2009, il obtient le Prix du M\u00e9rite Artistique et, en 2012, son art est r\u00e9compens\u00e9 par le Prix Nouveau Mouvement en Arts Visuels. L&rsquo;H\u00e9liocentrisme est enfin reconnu \u00e0 sa juste valeur. Finalement, en 2014, il obtient le statut d&rsquo;acad\u00e9micien du <em>Mondial Art Academia<\/em> (France).<\/p>\n<p style=\"text-align: justify;\">Il devient membre professionnel du <em>Collectif International d&rsquo;Artistes ArtZoom<\/em> (CIAAZ) en 2009 avec qui il expose dans diverses expositions internationales au Canada.<\/p>\n<p style=\"text-align: justify;\">Avec le <em>Mondial Art Academia<\/em> (France), il expose en 2015 \u00e0 Toulouse (France), puis, en 2016, \u00e0 Rotterdam (Pays-Bas). L\u2019international semble l\u2019appeler comme une \u00e9vidence o\u00f9 la r\u00e9alit\u00e9 d\u00e9passe parfois les r\u00eaves les plus fous. Depuis 2017, l&rsquo;artiste travaille en \u00e9troite collaboration avec une agente d&rsquo;artiste au niveau international et avec des experts en art d&rsquo;Am\u00e9rique du Nord et d&rsquo;Europe, ce qui lui permettra d\u2019obtenir de nombreux prix et distinctions, dont trois m\u00e9dailles avec<i> Mondial Art Academia <\/i>(M\u00e9daille de Bronze en 2022, M\u00e9daille d\u2019Argent en 2023 et M\u00e9daille d\u2019Argent en 2025) et d\u2019exposer dans plusieurs pays dont le Canada, la France et les Pays-Bas. L\u2019artiste participe r\u00e9guli\u00e8rement \u00e0 de nombreux concours internationaux, notamment en Europe et aux \u00c9tats-Unis.<\/p>\n<p style=\"text-align: justify;\">En avril 2017, il est r\u00e9f\u00e9renc\u00e9 chez ArtPrice, leader mondial de l&rsquo;information sur le march\u00e9 de l&rsquo;art.<\/p>\n<\/div><\/div><style type=\"text\/css\">.fusion-body .fusion-builder-column-1{width:66.666666666667% !important;margin-top : 0px;margin-bottom : 0px;}.fusion-builder-column-1 > .fusion-column-wrapper {padding-top : 0px !important;padding-right : 0px !important;margin-right : 2.88%;padding-bottom : 0px !important;padding-left : 0px !important;margin-left : 3.84%;}@media only screen and (max-width:1024px) {.fusion-body .fusion-builder-column-1{width:100% !important;}.fusion-builder-column-1 > .fusion-column-wrapper {margin-right : 1.92%;margin-left : 1.92%;}}@media only screen and (max-width:640px) {.fusion-body .fusion-builder-column-1{width:100% !important;}.fusion-builder-column-1 > .fusion-column-wrapper {margin-right : 1.92%;margin-left : 1.92%;}}<\/style><\/div><\/div><style type=\"text\/css\">.fusion-body .fusion-flex-container.fusion-builder-row-1{ padding-top : 0px;margin-top : 0px;padding-right : 0px;padding-bottom : 0px;margin-bottom : 0px;padding-left : 0px;}<\/style><\/div>\n","protected":false},"excerpt":{"rendered":"","protected":false},"author":1,"featured_media":0,"parent":1623,"menu_order":0,"comment_status":"closed","ping_status":"closed","template":"","meta":[],"_links":{"self":[{"href":"https:\/\/artzoomconnection.com\/steevelechasseur\/wp-json\/wp\/v2\/pages\/1625"}],"collection":[{"href":"https:\/\/artzoomconnection.com\/steevelechasseur\/wp-json\/wp\/v2\/pages"}],"about":[{"href":"https:\/\/artzoomconnection.com\/steevelechasseur\/wp-json\/wp\/v2\/types\/page"}],"author":[{"embeddable":true,"href":"https:\/\/artzoomconnection.com\/steevelechasseur\/wp-json\/wp\/v2\/users\/1"}],"replies":[{"embeddable":true,"href":"https:\/\/artzoomconnection.com\/steevelechasseur\/wp-json\/wp\/v2\/comments?post=1625"}],"version-history":[{"count":14,"href":"https:\/\/artzoomconnection.com\/steevelechasseur\/wp-json\/wp\/v2\/pages\/1625\/revisions"}],"predecessor-version":[{"id":2821,"href":"https:\/\/artzoomconnection.com\/steevelechasseur\/wp-json\/wp\/v2\/pages\/1625\/revisions\/2821"}],"up":[{"embeddable":true,"href":"https:\/\/artzoomconnection.com\/steevelechasseur\/wp-json\/wp\/v2\/pages\/1623"}],"wp:attachment":[{"href":"https:\/\/artzoomconnection.com\/steevelechasseur\/wp-json\/wp\/v2\/media?parent=1625"}],"curies":[{"name":"wp","href":"https:\/\/api.w.org\/{rel}","templated":true}]}}