{"id":1625,"date":"2012-11-10T15:31:33","date_gmt":"2012-11-10T14:31:33","guid":{"rendered":"http:\/\/www.artzoomconnection.com\/lo\/?page_id=1625"},"modified":"2019-06-06T16:49:54","modified_gmt":"2019-06-06T15:49:54","slug":"biographie","status":"publish","type":"page","link":"https:\/\/artzoomconnection.com\/uga\/presentation\/biographie\/","title":{"rendered":"BIOGRAPHIE"},"content":{"rendered":"<div class=\"one_third\">\n<h4>FORMATION<\/h4>\n<p><strong>2019:<\/strong> Cours semi-priv\u00e9 en histoire de l\u2019art \u00ab\u00a0350 ans de pratiques artistiques au Qu\u00e9bec\u00a0\u00bb au MNBAQ, avec HeleneCaroline Fournier, experte en art et th\u00e9oricienne de l\u2019art (Acad\u00e9mie des arts visuels du CIAAZ) &#8211; avec certificat d\u2019\u00e9tude<br \/>\n<strong>2017:<\/strong> Cours d&rsquo;art et d&rsquo;histoire de l&rsquo;art au MNBAQ avec l&rsquo;Acad\u00e9mie des arts visuels du CIAAZ, donn\u00e9 par HeleneCaroline Fournier, experte en art et th\u00e9oricienne de l&rsquo;art. Le cours portait sur l&rsquo;exposition temporaire \u00ab\u00a0Le temps file. La Vanit\u00e9 dans la Collection du MNBAQ\u00a0\u00bb et sur l&rsquo;exposition permanente \u00ab\u00a0Art Inuit. La Collection Brousseau\u00a0\u00bb.<br \/>\n<strong>2015: <\/strong>Cours d&rsquo;art et d&rsquo;histoire de l&rsquo;art au MNBAQ avec l&rsquo;Acad\u00e9mie des arts visuels du CIAAZ, donn\u00e9 par HeleneCaroline Fournier, experte en art et th\u00e9oricienne de l&rsquo;art. Le cours portait sur Le Nigog de 1918 et sur les artistes canadiens Ozias Leduc, Maurice Cullen et Marc-Aur\u00e8le de Foy Suzor-C\u00f4t\u00e9.<br \/>\n<strong>1988-2008:\u00a0<\/strong>Cours de peinture \u00e0 l\u2019huile, aquarelle, fusain et pastel sec (portrait mod\u00e8les vivants), acrylique, avec divers professeurs, artistes peintres ind\u00e9pendants ou relevant d\u2019associations artistiques et de l\u2019Universit\u00e9 Laval \u00e0 Qu\u00e9bec (Canada)<br \/>\n<strong>2006:<\/strong>\u00a0M. Guy Lemieux, techniques mixtes<br \/>\n<strong>2005:<\/strong>\u00a0Mme Yolaine Plante, acrylique<br \/>\n<strong>2001:<\/strong>\u00a0M. Laur\u00e9at Marois, technique \u00e0 la d\u00e9trempe, Universit\u00e9 Laval<br \/>\n<strong>2001:<\/strong>\u00a0Mme Rolande Raymond, aquarelle<br \/>\n<strong>1999-2000:<\/strong>\u00a0Mme Lise V\u00e9zina, aquarelle<br \/>\n<strong>1997-1998:<\/strong>\u00a0Cours en Histoire de l\u2019Art Occidental I et II, Universit\u00e9 Laval (Qu\u00e9bec-Canada)<br \/>\n<strong>1996-1997:<\/strong>\u00a0M. Pierre Lanoie, ateliers dirig\u00e9s, portrait<br \/>\n<strong>1994-1996:<\/strong>\u00a0M. Pierre Lanoie, portraits (mod\u00e8les vivants)<br \/>\n<strong>1994-1996:<\/strong>\u00a0M. Richard Fournel, huile, ateliers dirig\u00e9s<br \/>\n<strong>1994:<\/strong>\u00a0Mme Janine Atala, huile<br \/>\n<strong>1993-1994:<\/strong>\u00a0Mme Lisette Cantin, aquarelle<br \/>\n<strong>1988-1993:<\/strong>\u00a0Mme Jacline Goulet, huile<\/div>\n<div class=\"two_third last\">\n<h4>PR\u00c9SENTATION DE L&rsquo;ARTISTE<\/h4>\n<p><img loading=\"lazy\" class=\"alignright size-full wp-image-2229\" title=\"UGA\" src=\"http:\/\/artzoomconnection.com\/uga\/wp-content\/uploads\/logo_150x150.jpg\" alt=\"\" width=\"150\" height=\"150\" \/><\/p>\n<p style=\"text-align: justify;\">D\u00e8s sa jeunesse, UGA s\u2019int\u00e9resse au dessin et \u00e0 la peinture. Afin de satisfaire son d\u00e9sir de peindre, elle s\u2019initie \u00e0 l\u2019art visuel. Au cours de sa carri\u00e8re en administration, elle s\u2019est donc inscrite \u00e0 des cours de peinture \u00e0 l\u2019huile, d\u2019aquarelle et d\u2019acrylique dans lesquels elle a fait du portrait \u00e0 partir de mod\u00e8le vivant. Ayant le go\u00fbt de parfaire ses connaissances en art, elle a suivi des cours en histoire de l\u2019art occidental \u00e0 l\u2019Universit\u00e9 Laval \u00e0 Qu\u00e9bec (Canada). Au cours de son cheminement, elle a expos\u00e9 en Europe (en France, en Espagne, en Belgique, en Roumanie, en Hollande et en Italie) avec le Cercle des Artistes Peintres et Sculpteurs du Qu\u00e9bec (CAPSQ). Elle a d\u2019ailleurs re\u00e7u des distinctions pour l\u2019originalit\u00e9 et la valeur esth\u00e9tique de son travail en 2006 et 2007.<\/p>\n<p style=\"text-align: justify;\">Toujours soucieuse de rajouter un peu plus de bagage \u00e0 son cheminement artistique, depuis 2001, UGA suit des ateliers de d\u00e9veloppement et de perfectionnement. Elle est membre de plusieurs affiliations professionnelles dont le Cercle des Artistes Peintres et Sculpteurs du Qu\u00e9bec (CAPSQ), la Soci\u00e9t\u00e9 Artistique et Culturelle de Qu\u00e9bec (SACQ), la Soci\u00e9t\u00e9 Artistique de Charlesbourg (SAC), l\u2019Association des Arts et de la Culture de L\u2019Ancienne-Lorette (AACAL) et le Collectif International d\u2019Artistes Art Zoom (CIAAZ) qu\u2019elle a rejoint en f\u00e9vrier 2010.<\/p>\n<p style=\"text-align: justify;\">En d\u00e9cembre 2009, lors d\u2019une exposition, une agente d\u2019artistes, critique et commissaire d\u2019exposition \u00e9crit sur sa technique particuli\u00e8re. C\u2019est la naissance du mouvement qui prend le nom de \u00ab uga\u00efsme \u00bb; un mouvement nouveau, d\u00e9riv\u00e9 du pointillisme, dans la grande famille des semi-figuratifs. On \u00e9crira que \u00ab\u00a0<em>ce mouvement aborde des personnages selon l\u2019instinct du moment pr\u00e9sent caract\u00e9ris\u00e9 par une interpr\u00e9tation libre de la r\u00e9alit\u00e9 non imitative dans une signature tout \u00e0 fait personnelle et distinctive de ce qui se fait actuellement au Qu\u00e9bec en art contemporain<\/em>\u00ab\u00a0. En 2012, le \u00ab\u00a0uga\u00efsme\u00a0\u00bb \u00e9volue vers le \u00ab\u00a0n\u00e9o-uga\u00efsme\u00a0\u00bb qui se distingue de mouvement d\u2019origine.<\/p>\n<\/div>\n<div class=\"clearBoth\"><\/div>\n<div class=\"divider top\"><a href=\"#wrapper\" title=\"Back To Top\" rel=\"nofollow\">Top<\/a><\/div>\n","protected":false},"excerpt":{"rendered":"","protected":false},"author":1,"featured_media":2323,"parent":1623,"menu_order":0,"comment_status":"closed","ping_status":"closed","template":"template_fullwidth.php","meta":[],"_links":{"self":[{"href":"https:\/\/artzoomconnection.com\/uga\/wp-json\/wp\/v2\/pages\/1625"}],"collection":[{"href":"https:\/\/artzoomconnection.com\/uga\/wp-json\/wp\/v2\/pages"}],"about":[{"href":"https:\/\/artzoomconnection.com\/uga\/wp-json\/wp\/v2\/types\/page"}],"author":[{"embeddable":true,"href":"https:\/\/artzoomconnection.com\/uga\/wp-json\/wp\/v2\/users\/1"}],"replies":[{"embeddable":true,"href":"https:\/\/artzoomconnection.com\/uga\/wp-json\/wp\/v2\/comments?post=1625"}],"version-history":[{"count":26,"href":"https:\/\/artzoomconnection.com\/uga\/wp-json\/wp\/v2\/pages\/1625\/revisions"}],"predecessor-version":[{"id":2588,"href":"https:\/\/artzoomconnection.com\/uga\/wp-json\/wp\/v2\/pages\/1625\/revisions\/2588"}],"up":[{"embeddable":true,"href":"https:\/\/artzoomconnection.com\/uga\/wp-json\/wp\/v2\/pages\/1623"}],"wp:featuredmedia":[{"embeddable":true,"href":"https:\/\/artzoomconnection.com\/uga\/wp-json\/wp\/v2\/media\/2323"}],"wp:attachment":[{"href":"https:\/\/artzoomconnection.com\/uga\/wp-json\/wp\/v2\/media?parent=1625"}],"curies":[{"name":"wp","href":"https:\/\/api.w.org\/{rel}","templated":true}]}}