{"id":1627,"date":"2012-11-10T15:32:07","date_gmt":"2012-11-10T14:32:07","guid":{"rendered":"http:\/\/www.artzoomconnection.com\/lo\/?page_id=1627"},"modified":"2018-07-24T20:38:01","modified_gmt":"2018-07-24T19:38:01","slug":"demarche","status":"publish","type":"page","link":"https:\/\/artzoomconnection.com\/uga\/presentation\/demarche\/","title":{"rendered":"D\u00c9MARCHE"},"content":{"rendered":"<div class=\"one_fifth\">\n<h4>TECHNIQUE<\/h4>\n<p>Huile, pastel sec, aquarelle &#8211; actuellement, l\u2019acrylique avec textures (techniques mixtes)<\/p>\n<p style=\"text-align: justify;\">Travaill\u00e9 principalement au pinceau et au couteau<\/div>\n<div class=\"four_fifth last\">\n<h3>SON APPROCHE ARTISTIQUE<\/h3>\n<p style=\"text-align: justify;\">D\u00e8s ma jeunesse, je m\u2019int\u00e9ressais au dessin et \u00e0 la peinture. Afin de satisfaire mon d\u00e9sir de peindre, je me suis initi\u00e9e \u00e0 l\u2019art visuel, au cours de ma carri\u00e8re en administration, en m\u2019inscrivant \u00e0 des sessions de cours en peinture \u00e0 l\u2019huile, \u00e0 l\u2019aquarelle, au portrait (mod\u00e8les vivants) et \u00e0 l\u2019acrylique, avec divers professeurs. Ayant le go\u00fbt de parfaire mes connaissances en art, je me suis inscrite \u00e0 deux sessions de cours en Histoire de l\u2019art occidental, \u00e0 l\u2019Universit\u00e9 Laval.<\/p>\n<p style=\"text-align: justify;\">J\u2019ai peint \u00e0 l\u2019huile, au pastel sec, \u00e0 l\u2019aquarelle et je pratique pr\u00e9sentement l\u2019acrylique, avec textures mixtes, \u00e0 mon propre atelier, ainsi qu\u2019\u00e0 des ateliers libres et dirig\u00e9s. J\u2019ai expos\u00e9 des \u0153uvres en solo, et j\u2019expose en collectivit\u00e9 avec des groupes d\u2019artistes peintres, membres d\u2019associations dont je fais partie. Je me suis inscrite au Guide de Roussan (March\u00e9 de l\u2019Art au Qu\u00e9bec, Peintres et Sculpteurs, \u00e9ditions 2003 et 2005).<\/p>\n<p style=\"text-align: justify;\">Un certificat de \u00abMention de Grande Distinction Honorifique\u00bb m\u2019a \u00e9t\u00e9 attribu\u00e9 par le Collectif International des Artistes Artzoom, pour l\u2019excellence de mon travail au cours de ma carri\u00e8re, en tant qu\u2019artiste professionnelle et en tant qu\u2019instigatrice du mouvement appel\u00e9 \u00abUga\u00efsme\u00bb.<\/p>\n<p style=\"text-align: justify;\">Des prix de Grande Distinction, pour l\u2019originalit\u00e9 et les valeurs esth\u00e9tique et technique de mes \u0153uvres, m\u2019ont \u00e9galement \u00e9t\u00e9 attribu\u00e9s en 2006 et 2007 et ce, dans le cadre des concours du Cercle des Artistes Peintres et Sculpteurs du Qu\u00e9bec. J\u2019ai eu et j\u2019ai toujours l\u2019opportunit\u00e9, avec cet organisme, d\u2019exposer quelques \u0153uvres en Europe : Espagne, France, Belgique, Hollande, Roumanie, Italie; au Canada: Montr\u00e9al, Qu\u00e9bec et Roberval.<\/p>\n<p style=\"text-align: justify;\">La peinture est, pour moi, une passion, un moyen d&rsquo;expression personnelle, de d\u00e9sir de r\u00e9ussite dans la cr\u00e9ation, et donc, d&rsquo;un d\u00e9fi \u00e0 relever. La peinture est aussi pour moi une avenue de d\u00e9couvertes dans les styles recherch\u00e9s et les couleurs appliqu\u00e9es dans mes tableaux. J&rsquo;adore la peinture faite dans le silence, avec ou sans technique de base, sans id\u00e9e pr\u00e9alable, sans th\u00e8me pr\u00e9cis, sans obligation du respect strict des r\u00e8gles et de la technique. La cr\u00e9ation et ma libert\u00e9 d&rsquo;expression sont donc pour moi un leitmotiv et l&rsquo;essence de ma cr\u00e9ativit\u00e9. Mes \u0153uvres rel\u00e8vent du symbolisme, du cubisme, du surr\u00e9alisme, de l&rsquo;abstraction, parfois lyrique ou g\u00e9om\u00e9trique et du semi-figuratif.<\/p>\n<\/div>\n<div class=\"clearBoth\"><\/div>\n<div class=\"divider_line\"><\/div>\n<div class=\"one_fifth\"><\/div>\n<div class=\"four_fifth last\">\n<h4>Le Uga\u00efsme<\/h4>\n<p style=\"text-align: justify;\"><strong>Instigatrice: <\/strong>UGA<br \/>\n<strong>Ann\u00e9e de la d\u00e9couverte:<\/strong> 2009<\/p>\n<p style=\"text-align: justify;\"><strong>Particularit\u00e9 du mouvement<\/strong><br \/>\nCe mouvement distinctif sur fond sombre, g\u00e9n\u00e9ralement noir, est un d\u00e9riv\u00e9 du pointillisme. Les points forment la texture et les \u00e9l\u00e9ments picturaux de l\u2019oeuvre travaill\u00e9e au couteau (spatule). L\u2019univers est souvent cosmique. On y rencontre aussi des personnages qui se rassemblent. Le style na\u00eff des personnages est teint\u00e9 de sobri\u00e9t\u00e9. Quelques points de couleurs ponctuent parfois l\u2019ensemble du fond textur\u00e9. Des \u00e9l\u00e9ments abstraits peuvent \u00eatre le centre du sujet tout en conservant ce fond sombre textur\u00e9 de petits pointill\u00e9s.<\/p>\n<h4>\nLe N\u00e9o-Uga\u00efsme<\/h4>\n<p style=\"text-align: justify;\"><strong>Particularit\u00e9 du mouvement<\/strong><br \/>\nEn 2012, le fond sombre s\u2019\u00e9claircit et prend des teintes color\u00e9es, jusqu\u2019au blanc. Les points forment toujours la texture et les \u00e9l\u00e9ments picturaux de l\u2019oeuvre travaill\u00e9e au couteau (spatule). Le N\u00e9o-Uga\u00efsme est la continuit\u00e9 du Uga\u00efsme. Les deux styles s\u2019exposent c\u00f4te \u00e0 c\u00f4te. Ce mouvement aborde toujours des personnages selon l\u2019instinct du moment pr\u00e9sent caract\u00e9ris\u00e9 par une interpr\u00e9tation libre de la r\u00e9alit\u00e9 non imitative dans une signature tout \u00e0 fait personnelle et distinctive de ce qui se fait actuellement au Qu\u00e9bec en art contemporain.<\/p>\n<p><strong>D\u00e9couvert par:<\/strong> HeleneCaroline Fournier<\/div>\n<div class=\"clearBoth\"><\/div>\n<div class=\"divider top\"><a href=\"#wrapper\" title=\"Back To Top\" rel=\"nofollow\">Top<\/a><\/div>\n","protected":false},"excerpt":{"rendered":"","protected":false},"author":1,"featured_media":2326,"parent":1623,"menu_order":2,"comment_status":"closed","ping_status":"closed","template":"template_fullwidth.php","meta":[],"_links":{"self":[{"href":"https:\/\/artzoomconnection.com\/uga\/wp-json\/wp\/v2\/pages\/1627"}],"collection":[{"href":"https:\/\/artzoomconnection.com\/uga\/wp-json\/wp\/v2\/pages"}],"about":[{"href":"https:\/\/artzoomconnection.com\/uga\/wp-json\/wp\/v2\/types\/page"}],"author":[{"embeddable":true,"href":"https:\/\/artzoomconnection.com\/uga\/wp-json\/wp\/v2\/users\/1"}],"replies":[{"embeddable":true,"href":"https:\/\/artzoomconnection.com\/uga\/wp-json\/wp\/v2\/comments?post=1627"}],"version-history":[{"count":23,"href":"https:\/\/artzoomconnection.com\/uga\/wp-json\/wp\/v2\/pages\/1627\/revisions"}],"predecessor-version":[{"id":2550,"href":"https:\/\/artzoomconnection.com\/uga\/wp-json\/wp\/v2\/pages\/1627\/revisions\/2550"}],"up":[{"embeddable":true,"href":"https:\/\/artzoomconnection.com\/uga\/wp-json\/wp\/v2\/pages\/1623"}],"wp:featuredmedia":[{"embeddable":true,"href":"https:\/\/artzoomconnection.com\/uga\/wp-json\/wp\/v2\/media\/2326"}],"wp:attachment":[{"href":"https:\/\/artzoomconnection.com\/uga\/wp-json\/wp\/v2\/media?parent=1627"}],"curies":[{"name":"wp","href":"https:\/\/api.w.org\/{rel}","templated":true}]}}