{"id":1642,"date":"2009-11-16T23:34:34","date_gmt":"2009-11-17T04:34:34","guid":{"rendered":"http:\/\/www.artzoom.org\/members\/wordpress\/?page_id=27"},"modified":"2014-10-02T20:16:28","modified_gmt":"2014-10-02T19:16:28","slug":"critique","status":"publish","type":"page","link":"https:\/\/artzoomconnection.com\/uga\/presse\/critique\/","title":{"rendered":"CRITIQUES"},"content":{"rendered":"<h4>\u00c9CRITES SUR L&rsquo;ARTISTE<\/h4>\n<blockquote>\n<h5>Le Uga\u00efsme<\/h5>\n<p style=\"text-align: justify;\"><cite>HeleneCaroline Fournier<\/cite><br \/>\n<em>Uga a fait na\u00eetre le \u00ab uga\u00efsme \u00bb, nouveau mouvement artistique, d\u00e9riv\u00e9 du pointillisme, dans la grande famille des semi-figuratifs. Un mouvement qui aborde des personnages selon l\u2019instinct du moment pr\u00e9sent caract\u00e9ris\u00e9 par une interpr\u00e9tation libre de la r\u00e9alit\u00e9 non imitative dans une signature tout \u00e0 faire personnelle et distinctive de ce qui se fait actuellement au Qu\u00e9bec en art contemporain. Aujourd\u2019hui, son art est arriv\u00e9 \u00e0 maturit\u00e9 et ce nouveau mouvement est bien la preuve qu\u2019il n\u2019y a pas de limite \u00e0 l\u2019imagination dans le domaine de l\u2019art et que les artistes qu\u00e9b\u00e9cois ne cesseront jamais de nous \u00e9tonner<\/em>.<\/p>\n<p style=\"text-align: justify;\">Critique publi\u00e9e dans L&rsquo;ArtZoom Connection 2013-2014\n<\/p><\/blockquote>\n<div class=\"one_half\">\n<blockquote>\n<h5>Les Minis des artistes<\/h5>\n<p><cite>HeleneCaroline Fournier<\/cite><\/p>\n<p style=\"text-align: justify;\"><em>Nul besoin de loupe pour constater la qualit\u00e9 des pi\u00e8ces pr\u00e9sent\u00e9es dans cet \u00e9v\u00e9nement collectif. La Maison des arts et de la culture a fait les choses en grand encore une fois pour souligner le lancement de cette exposition de minis. Une visite qui a permis de d\u00e9couvrir une femme fascinante, de son nom d\u2019artiste: UGA qui, en 2006, avait remport\u00e9 une grande distinction dans la cat\u00e9gorie \u00ab en fronti\u00e8re figurative \u00bb lors du gala annuel du Cercle des Artistes Peintres et Sculpteurs du Qu\u00e9bec (CAPSQ) pour son aquarelle \u00ab Plan\u00e8te en farandole \u00bb. En 2007, elle s\u2019\u00e9tait vu d\u00e9cerner une autre grande distinction avec \u00ab Symboles de vie \u00bb une oeuvre prim\u00e9e en raison de son originalit\u00e9. Elle pr\u00e9sente actuellement \u00e0 la Maison des arts et de la culture sept acryliques et techniques mixtes sur toile et trois aquarelles. Elle est l\u2019instigatrice d\u2019un nouveau mouvement, d\u00e9riv\u00e9 du pointillisme, dans la grande famille des semi-figuratifs: le Uga\u00efsme. Un mouvement qui aborde des personnages selon l\u2019instinct du moment pr\u00e9sent caract\u00e9ris\u00e9 par une interpr\u00e9tation libre de la r\u00e9alit\u00e9 non imitative dans une signature tout \u00e0 faire personnelle et distinctive de ce qui se fait actuellement au Qu\u00e9bec en art contemporain. UGA a d\u00e9j\u00e0 expos\u00e9 \u00e0 l\u2019\u00e9tranger au cours des derni\u00e8res ann\u00e9es, notamment en Europe et s\u2019est fait conna\u00eetre au Qu\u00e9bec par ses expositions et ses distinctions. Aujourd\u2019hui, son art est arriv\u00e9 \u00e0 maturit\u00e9 et ce nouveau mouvement est bien la preuve qu\u2019il n\u2019y a pas de limite \u00e0 l\u2019imagination dans le domaine de l\u2019art et que les artistes qu\u00e9b\u00e9cois ne cesseront jamais de nous \u00e9tonner.<\/em><\/p>\n<p>Critique publi\u00e9e sur <a title=\"www.helenecaroline.com\" href=\"http:\/\/www.helenecaroline.com\/les-minis-des-artistes-2\/\" target=\"_blank\">www.helenecaroline.com<\/a>, d\u00e9cembre 2009<\/p>\n<\/blockquote>\n<\/div>\n<div class=\"one_half last\">\n<blockquote>\n<h5>UGA<\/h5>\n<p><cite>Michel Bois, Le Soleil, 2003<\/cite><\/p>\n<p style=\"text-align: justify;\"><em>La lumi\u00e8re est indispensable \u00e0 l&rsquo;aquarelle: sans elle, il n&rsquo;existe ni couleur ni forme. Voil\u00e0 ce qui vient \u00e0 l&rsquo;esprit en regardant les \u0153uvres de l&rsquo;artiste UGA (Huguette Galarneau) \u00e0 la Maison Blanchette. En effet, l&rsquo;aquarelliste donne forme aux paysages de son imagination en les faisant \u00e9merger sur la surface du papier par la richesse de diff\u00e9rents tons dont la variation du degr\u00e9 des intensit\u00e9s apporte l&rsquo;expressivit\u00e9 d&rsquo;une vision personnelle. Ils sont souvent construits \u00e0 la mani\u00e8re d&rsquo;un vitrail et la pr\u00e9carit\u00e9 d&rsquo;une lumi\u00e8re tout en douceur \u00e9claire ces paysages empreints de symbolisme, m\u00e9tamorphose les plantes, d\u00e9coupe la silhouette de personnages \u00e9nigmatiques et fixe le temps d&rsquo;un regard les perspectives. Hommages \u00e0 la couleur et po\u00e9sie des formes, voici une toute petite expo au savoir technique tr\u00e8s grand.<\/em>\n<\/p>\n<\/blockquote>\n<\/div>\n<div class=\"clearBoth\"><\/div>\n<div class=\"divider top\"><a href=\"#wrapper\" title=\"Back To Top\" rel=\"nofollow\">Top<\/a><\/div>\n","protected":false},"excerpt":{"rendered":"<p>\u00c9CRITES SUR L&rsquo;ARTISTE<\/p>\n","protected":false},"author":1,"featured_media":2293,"parent":1687,"menu_order":2,"comment_status":"open","ping_status":"open","template":"template_fullwidth.php","meta":[],"_links":{"self":[{"href":"https:\/\/artzoomconnection.com\/uga\/wp-json\/wp\/v2\/pages\/1642"}],"collection":[{"href":"https:\/\/artzoomconnection.com\/uga\/wp-json\/wp\/v2\/pages"}],"about":[{"href":"https:\/\/artzoomconnection.com\/uga\/wp-json\/wp\/v2\/types\/page"}],"author":[{"embeddable":true,"href":"https:\/\/artzoomconnection.com\/uga\/wp-json\/wp\/v2\/users\/1"}],"replies":[{"embeddable":true,"href":"https:\/\/artzoomconnection.com\/uga\/wp-json\/wp\/v2\/comments?post=1642"}],"version-history":[{"count":11,"href":"https:\/\/artzoomconnection.com\/uga\/wp-json\/wp\/v2\/pages\/1642\/revisions"}],"predecessor-version":[{"id":2416,"href":"https:\/\/artzoomconnection.com\/uga\/wp-json\/wp\/v2\/pages\/1642\/revisions\/2416"}],"up":[{"embeddable":true,"href":"https:\/\/artzoomconnection.com\/uga\/wp-json\/wp\/v2\/pages\/1687"}],"wp:featuredmedia":[{"embeddable":true,"href":"https:\/\/artzoomconnection.com\/uga\/wp-json\/wp\/v2\/media\/2293"}],"wp:attachment":[{"href":"https:\/\/artzoomconnection.com\/uga\/wp-json\/wp\/v2\/media?parent=1642"}],"curies":[{"name":"wp","href":"https:\/\/api.w.org\/{rel}","templated":true}]}}