{"id":1644,"date":"2009-11-16T23:46:01","date_gmt":"2009-11-17T04:46:01","guid":{"rendered":"http:\/\/www.artzoom.org\/members\/wordpress\/?page_id=33"},"modified":"2024-11-14T22:00:16","modified_gmt":"2024-11-14T21:00:16","slug":"expositions","status":"publish","type":"page","link":"https:\/\/artzoomconnection.com\/uga\/expositions\/","title":{"rendered":"EXPOSITIONS"},"content":{"rendered":"<div class=\"two_fifth\">\n<h4>EN PERMANENCE<\/h4>\n<p><em>liste non exhaustive<\/em><\/p>\n<p><strong>Atelier de UGA<\/strong><br \/>\n6855, av. Isaac-B\u00e9dard, suite 202<br \/>\nQu\u00e9bec (Qu\u00e9bec)<br \/>\nG1H 6Z6<br \/>\nCanada<\/p>\n<p><strong>Mus\u00e9e d\u2019art contemporain VR 3D<\/strong><br \/>\nPlace Darche<br \/>\n54400 Longwy (France)<br \/>\n<a href=\"http:\/\/www.macvr3d.com\" target=\"_blank\" rel=\"noopener\">www.macvr3d.com<\/a><\/p>\n<p><strong>Art Total Multim\u00e9dia<\/strong><br \/>\nC.P. 75161 Succursale Cap-Rouge<br \/>\nQu\u00e9bec (Qu\u00e9bec)<br \/>\nG1Y 3C7 Canada<br \/>\n<a title=\"info@arttotalmultimedia.com\" href=\"mailto:info@arttotalmultimedia.com\" target=\"_blank\" rel=\"noopener noreferrer\">info@arttotalmultimedia.com<\/a><\/div>\n<div class=\"three_fifth last\">\n<h4>EN COURS ET \u00c0 VENIR<\/h4>\n<h5>2025<\/h5>\n<p>information \u00e0 venir<\/p>\n<div class=\"divider_line\"><\/div>\n<h4>EXPOSITIONS PASS\u00c9ES<\/h4>\n<h5>Liste non exhaustive<\/h5>\n<p>&nbsp;<\/p>\n<h5>EXPOSITIONS PERSONNELLES<\/h5>\n<p><strong>2018:<\/strong> Galerie Le Hangart, 4160 rue Saint-Denis, Montr\u00e9al (Qu\u00e9bec-Canada)<br \/>\n<strong>2010:<\/strong> Expression libre \u2013 Galerie d\u2019art Magella-Paradis, 7970, Trait-Carr\u00e9 Est, Charlesbourg (Qu\u00e9bec-Canada)<br \/>\n<strong>2007-2010:<\/strong> Boutique la Gentiane, Carrefour Charlesbourg, Qu\u00e9bec (Qu\u00e9bec-Canada)<br \/>\n<strong>2005:<\/strong> Vitrine de l\u2019Arpidrome, Charlesbourg, Qu\u00e9bec (Qu\u00e9bec-Canada)<br \/>\n<strong>2003:<\/strong> Galerie du Tracel, Centre d\u2019art Maison-Blanchette, C\u00f4te de Cap-Rouge, Cap-Rouge (Qu\u00e9bec-Canada)<\/p>\n<h5>EXPOSITIONS EN DUO<\/h5>\n<p><strong>2004:<\/strong> Restaurant Paparazzi, Sillery (Qu\u00e9bec-Canada)<\/p>\n<h5>EXPOSITIONS COLLECTIVES<\/h5>\n<p><strong>2022:<\/strong> Jardin de Joie \/ Garden of Joy &#8211; Mus\u00e9e d\u2019art contemporain VR 3D (MACVR3D), Place Darche, 54400 Longwy<span style=\"color: #ff6600;\">\u00a0<strong>(France)<\/strong><\/span><br \/>\n<strong>2020:<\/strong> Internation\u2019art 2020 \u2013 exposition internationale \u2013 Mus\u00e9e d&rsquo;art contemporain VR 3D (MACVR3D), Place Darche, 54400 Longwy<span style=\"color: #ff6600;\"> <strong>(France)<\/strong><\/span> \u2013 <strong>Commissaire: HeleneCaroline Fournier<\/strong><br \/>\n<strong>2019:<\/strong> \u201cAmes d\u2019artistes \/ Artists\u2019 souls\u201d exposition internationale au Mus\u00e9e d\u2019art contemporain VR 3D, 54400 Longwy <span style=\"color: #ff6600;\"><strong>(France)<\/strong><\/span><br \/>\n<strong>2017:<\/strong> 10e \u00e9dition annuelle de La Grande Exposition Internationale d&rsquo;ArtZoom, L&rsquo;espace contemporain galerie d&rsquo;art, 313 rue Saint-Jean, Qu\u00e9bec (Qu\u00e9bec-Canada)<br \/>\n<strong>2016:<\/strong> UGA en exposition collective \u00e0 la Biblioth\u00e8que Monique Corriveau, 1100 Rte de l&rsquo;\u00c9glise, Qu\u00e9bec (Canada)<br \/>\n<strong>2016:<\/strong> <em>La Grande Exposition Internationale d&rsquo;ArtZoom<\/em> &#8211; L&rsquo;Espace contemporain galerie d&rsquo;art, 313 rue Saint-Jean, (Qu\u00e9bec-Canada)<br \/>\n<strong>2016:<\/strong> Exposition collective &#8211; Galerie Zen, Plaza la Halte, 1025 boul. du Lac, Lac-Beauport (Qu\u00e9bec-Canada)<br \/>\n<strong>2015:<\/strong> En exposition sur le mur du CIAAZ, Galerie Zen, Plaza la Halte, 1025 boul. du Lac, Lac-Beauport (Qu\u00e9bec-Canada)<br \/>\n<strong>2015:<\/strong> Biblioth\u00e8que Monique Corriveau, 1100 route de l&rsquo;\u00c9glise (Qu\u00e9bec-Canada), avec la Soci\u00e9t\u00e9 Culturelle et Artistique de Qu\u00e9bec (Qu\u00e9bec-Canada)<br \/>\n<strong>2015:<\/strong> Galerie Zen, Plaza La Halte, 1025 boul. du Lac, Lac-Beauport (Qu\u00e9bec-Canada)<br \/>\n<strong>2015:<\/strong> La Grande Exposition Internationale d&rsquo;ArtZoom 8\u00e8me \u00e9dition &#8211; L&rsquo;espace contemporain galerie d&rsquo;art, 313 rue Saint-Jean, Qu\u00e9bec (Qu\u00e9bec-Canada) &#8211; <span style=\"color: #ff6600;\"><strong>UGA Pr\u00e9sidence d&rsquo;honneur<\/strong><\/span><br \/>\n<strong>2014:<\/strong> Galerie Andr\u00e9e Laroche, Place Ste-Foy, Qu\u00e9bec (Canada)<br \/>\n<strong>2014:<\/strong> La Grande Exposition Internationale d&rsquo;Art Zoom &#8211; 7e \u00e9dition &#8211; L&rsquo;Espace contemporain galerie d&rsquo;art, 313 rue Saint-Jean, Qu\u00e9bec (Qu\u00e9bec-Canada)<br \/>\n<strong>2013:<\/strong> Galerie La Pigna, Rome <span style=\"color: #ff6600;\"><strong>(Italie)<\/strong><\/span><br \/>\n<strong>2013:<\/strong> Exposium des arts, Qu\u00e9bec (Canada)<br \/>\n<strong>2013:<\/strong> Symposium Visit\u2019ARTS-Qu\u00e9bec, Tour du Quai des Cageux, boul. Champlain, Qu\u00e9bec (Canada)<br \/>\n<strong>2013:<\/strong> Maison Magella-Paradis, Qu\u00e9bec (Qu\u00e9bec-Canada)<br \/>\n<strong>2013:<\/strong> La Grande Exposition Internationale d\u2019ArtZoom (6e \u00e9dition), L\u2019espace contemporain, 313 rue Saint-Jean, Qu\u00e9bec (Canada)<br \/>\n<strong>2012:<\/strong> Maison Magella-Paradis, Qu\u00e9bec (Qu\u00e9bec-Canada)<br \/>\n<strong>2012:<\/strong> 36e exposition internationale du Cercle des artistes peintres et sculpteurs du Qu\u00e9bec (CAPSQ) \u2013 Mus\u00e9e national de la Marine \u00e0 Constanta <span style=\"color: #ff6600;\"><strong>(Roumanie)<\/strong><\/span><br \/>\n<strong>2012:<\/strong> L\u2019Internation\u2019ART \u2013 \u00e9v\u00e9nement international \u2013 2e \u00e9dition \u2013 arts visuels et art litt\u00e9raire \u2013 Biblioth\u00e8que Georges-Henri-L\u00e9vesque, 829 boul. Saint-Joseph, Roberval (Qu\u00e9bec-Canada)<br \/>\n<strong>2011:<\/strong> La Grande Exposition Internationale d\u2019ArtZoom \u2013 L\u2019espace contemporain galerie d\u2019art, 313 rue Saint-Jean, Qu\u00e9bec (Canada)<br \/>\n<strong>2010:<\/strong> Galerie BIJ Kreple, Klarenbek <span style=\"color: #ff6600;\"><strong>(Pays-Bas)<\/strong><\/span><br \/>\n<strong>2010:<\/strong> Centre d\u2019art Saint-Laurent, Ile d\u2019Orl\u00e9ans (Qu\u00e9bec-Canada)<br \/>\n<strong>2009:<\/strong> Les minis des artistes, Maison des arts et de la culture de L\u2019Ancienne-Lorette, 1268 rue Saint-Paul, L\u2019Ancienne-Lorette (Qu\u00e9bec-Canada)<br \/>\n<strong>2009:<\/strong> Chapelle des B\u00e9n\u00e9dictines, Saint-Jean-d\u2019Ang\u00e9ly <span style=\"color: #ff6600;\"><strong>(France)<\/strong><\/span><br \/>\n<strong>2009:<\/strong> Galerie du Beffroi, Bruges <span style=\"color: #ff6600;\"><strong>(Belgique)<\/strong><\/span><br \/>\n<strong>2009:<\/strong> Centre d\u2019art Saint-laurent, Ile d\u2019Orl\u00e9ans (Qu\u00e9bec-Canada)<br \/>\n<strong>2009:<\/strong> Galerie de la Visitation, Qu\u00e9bec (Qu\u00e9bec-Canada)<br \/>\n<strong>2009:<\/strong> Maison Magella-Paradis, Qu\u00e9bec (Qu\u00e9bec-Canada)<br \/>\n<strong>2008:<\/strong> Galerie de la Visitation, Qu\u00e9bec (Qu\u00e9bec-Canada)<br \/>\n<strong>2008:<\/strong> Les Halles-aux-Draps, Tournai <span style=\"color: #ff6600;\"><strong>(Belgique<\/strong><\/span>)<br \/>\n<strong>2008:<\/strong> Galerie \u00ab The Arts Club \u00bb, Montr\u00e9al (Qu\u00e9bec-Canada)<br \/>\n<strong>2008:<\/strong> Villa Bagatelle, Sillery (Qu\u00e9bec-Canada)<br \/>\n<strong>2008:<\/strong> Maison Magella-Paradis, Qu\u00e9bec (Qu\u00e9bec-Canada)<br \/>\n<strong>2008:<\/strong> Galerie Le Clos des Insolites, Ile d\u2019Orl\u00e9ans (Qu\u00e9bec-Canada)<br \/>\n<strong>2007:<\/strong> Centre culturel Saint-Beno\u00eet, Argenton-sur-Creuse <span style=\"color: #ff6600;\"><strong>(France)<\/strong><\/span><br \/>\n<strong>2007:<\/strong> Concours international annuel des arts visuels, Centre culturel Popesco, Montr\u00e9al (Qu\u00e9bec-Canada)<br \/>\n<strong>2007:<\/strong> Maison Magella-Paradis, Qu\u00e9bec (Qu\u00e9bec-Canada)<br \/>\n<strong>2006:<\/strong> Mus\u00e9e municipal d\u2019Orense<span style=\"color: #ff6600;\"><strong> (Espagne)<\/strong><\/span><br \/>\n<strong>2006:<\/strong> Mus\u00e9e du Ch\u00e2teau Dufresne, Montr\u00e9al (Qu\u00e9bec-Canada)<br \/>\n<strong>2006:<\/strong> Concours international annuel des arts visuels, Centre culturel Popesco, Montr\u00e9al (Qu\u00e9bec-Canada)<br \/>\n<strong>2006:<\/strong> Maison Magella-Paradis, Qu\u00e9bec (Qu\u00e9bec-Canada)<br \/>\n<strong>2006:<\/strong> Symposium Arts et Beaut\u00e9s de la Nature, Domaine Maizerets, Qu\u00e9bec (Qu\u00e9bec-Canada)<br \/>\n<strong>2005:<\/strong> Biblioth\u00e8que de Sillery (Qu\u00e9bec-Canada)<br \/>\n<strong>2005:<\/strong> Maison Magella-Paradis, Qu\u00e9bec (Qu\u00e9bec-Canada)<br \/>\n<strong>2005:<\/strong> Galerie de la Visitation, Qu\u00e9bec (Qu\u00e9bec-Canada)<br \/>\n<strong>2005:<\/strong> Concours d\u2019oeuvres d\u2019art de la Ville de Qu\u00e9bec (Qu\u00e9bec-Canada)<br \/>\n<strong>2005:<\/strong> Symposium Visit\u2019Art, Sainte-Foy (Qu\u00e9bec-Canada)<br \/>\n<strong>2005:<\/strong> Exposition internationale d\u2019art miniature de L\u00e9vis (Qu\u00e9bec-Canada)<br \/>\n<strong>2004:<\/strong> Biblioth\u00e8que de Sillery (Qu\u00e9bec-Canada)<br \/>\n<strong>2004:<\/strong> Symposium Visit\u2019Art, Sainte-Foy (Qu\u00e9bec-Canada)<br \/>\n<strong>2004:<\/strong> Galerie de la Visitation, Qu\u00e9bec (Qu\u00e9bec-Canada)<br \/>\n<strong>2004:<\/strong> Concours d\u2019oeuvres d\u2019art de la Ville de Qu\u00e9bec (Qu\u00e9bec-Canada)<br \/>\n<strong>2004:<\/strong> Exposition internationale d\u2019art miniature de L\u00e9vis (Qu\u00e9bec-Canada)<br \/>\n<strong>2004:<\/strong> Maison Magella-Paradis, Qu\u00e9bec (Qu\u00e9bec-Canada)<br \/>\n<strong>2004:<\/strong> Exposium des arts, Carrefour Charlesbourg (Qu\u00e9bec-Canada)<br \/>\n<strong>2004:<\/strong> Pavillon Bonenfant, Universit\u00e9 Laval (\u00e0 titre d\u2019artiste invit\u00e9 dans le cadre d\u2019une exposition de groupe d\u2019\u00e9l\u00e8ves d\u2019un professeur du cours de Loisirs)<br \/>\n<strong>2003:<\/strong> Exposition internationale d\u2019art miniature de L\u00e9vis (Qu\u00e9bec-Canada)<br \/>\n<strong>2003:<\/strong> Maison Magella-Paradis, Qu\u00e9bec (Qu\u00e9bec-Canada)<br \/>\n<strong>2002:<\/strong> Exposium des arts, Carrefour Charlesbourg (Qu\u00e9bec-Canada)<br \/>\n<strong>2002:<\/strong> Maison Magella-Paradis, Qu\u00e9bec (Qu\u00e9bec-Canada)<br \/>\n<strong>2002:<\/strong> Centre commercial Place Laurier, Sainte-Foy (Qu\u00e9bec-Canada)<br \/>\n<strong>2001:<\/strong> Exposium des arts, Carrefour Charlesbourg (Qu\u00e9bec-Canada)<br \/>\n<strong>2001:<\/strong> Maison Magella-Paradis, Qu\u00e9bec (Qu\u00e9bec-Canada)<br \/>\n<strong>2001:<\/strong> Galerie du Tracel, Centre d\u2019art Maison-Blanchette, C\u00f4te de Cap-Rouge, Cap-Rouge (Qu\u00e9bec-Canada)<br \/>\n<strong>2000:<\/strong> Maison Magella-Paradis, Qu\u00e9bec (Qu\u00e9bec-Canada)<br \/>\n<strong>1994:<\/strong> YMCA, Dimanche des Artistes, Qu\u00e9bec (Qu\u00e9bec-Canada)<br \/>\n<strong>1990-1995:<\/strong> Maison Magella-Paradis, Qu\u00e9bec (Qu\u00e9bec-Canada)<\/div>\n<div class=\"clearBoth\"><\/div>\n<div class=\"divider top\"><a href=\"#wrapper\" title=\"Back To Top\" rel=\"nofollow\">Top<\/a><\/div>\n","protected":false},"excerpt":{"rendered":"","protected":false},"author":1,"featured_media":2321,"parent":0,"menu_order":0,"comment_status":"closed","ping_status":"closed","template":"template_fullwidth.php","meta":[],"_links":{"self":[{"href":"https:\/\/artzoomconnection.com\/uga\/wp-json\/wp\/v2\/pages\/1644"}],"collection":[{"href":"https:\/\/artzoomconnection.com\/uga\/wp-json\/wp\/v2\/pages"}],"about":[{"href":"https:\/\/artzoomconnection.com\/uga\/wp-json\/wp\/v2\/types\/page"}],"author":[{"embeddable":true,"href":"https:\/\/artzoomconnection.com\/uga\/wp-json\/wp\/v2\/users\/1"}],"replies":[{"embeddable":true,"href":"https:\/\/artzoomconnection.com\/uga\/wp-json\/wp\/v2\/comments?post=1644"}],"version-history":[{"count":53,"href":"https:\/\/artzoomconnection.com\/uga\/wp-json\/wp\/v2\/pages\/1644\/revisions"}],"predecessor-version":[{"id":2640,"href":"https:\/\/artzoomconnection.com\/uga\/wp-json\/wp\/v2\/pages\/1644\/revisions\/2640"}],"wp:featuredmedia":[{"embeddable":true,"href":"https:\/\/artzoomconnection.com\/uga\/wp-json\/wp\/v2\/media\/2321"}],"wp:attachment":[{"href":"https:\/\/artzoomconnection.com\/uga\/wp-json\/wp\/v2\/media?parent=1644"}],"curies":[{"name":"wp","href":"https:\/\/api.w.org\/{rel}","templated":true}]}}