{"id":1769,"date":"2012-11-10T19:00:53","date_gmt":"2012-11-10T18:00:53","guid":{"rendered":"http:\/\/www.artzoomconnection.com\/lo\/?page_id=1769"},"modified":"2021-05-30T08:11:22","modified_gmt":"2021-05-30T07:11:22","slug":"dessins","status":"publish","type":"page","link":"https:\/\/artzoomconnection.com\/uga\/galeries\/dessins\/","title":{"rendered":"AQUARELLES"},"content":{"rendered":"<div id=\"new-royalslider-6\" class=\"royalSlider new-royalslider-6 rsUni rs-image-gallery\" style=\"width:100%;height:500px;;\" data-rs-options='{&quot;template&quot;:&quot;default&quot;,&quot;image_generation&quot;:{&quot;lazyLoading&quot;:&quot;true&quot;,&quot;imageWidth&quot;:&quot;&quot;,&quot;imageHeight&quot;:&quot;&quot;,&quot;thumbImageWidth&quot;:96,&quot;thumbImageHeight&quot;:72},&quot;thumbs&quot;:{&quot;paddingBottom&quot;:4,&quot;thumbWidth&quot;:96,&quot;thumbHeight&quot;:72,&quot;appendSpan&quot;:&quot;true&quot;},&quot;autoPlay&quot;:{&quot;enabled&quot;:&quot;true&quot;,&quot;delay&quot;:3000},&quot;fullscreen&quot;:{&quot;enabled&quot;:&quot;true&quot;,&quot;nativeFS&quot;:&quot;true&quot;},&quot;video&quot;:[],&quot;block&quot;:{&quot;moveOffset&quot;:20,&quot;speed&quot;:400,&quot;delay&quot;:200},&quot;width&quot;:&quot;100%&quot;,&quot;height&quot;:500,&quot;autoScaleSlider&quot;:&quot;true&quot;,&quot;autoScaleSliderHeight&quot;:600,&quot;controlNavigation&quot;:&quot;thumbnails&quot;,&quot;arrowsNavAutoHide&quot;:&quot;false&quot;,&quot;arrowsNavHideOnTouch&quot;:&quot;true&quot;,&quot;globalCaptionInside&quot;:&quot;true&quot;,&quot;keyboardNavEnabled&quot;:&quot;true&quot;,&quot;fadeinLoadedSlide&quot;:&quot;false&quot;}'>\n<div class=\"rsContent\">\n  <a class=\"rsImg\" href=\"https:\/\/artzoomconnection.com\/uga\/wp-content\/uploads\/035_-_Jardin_c__leste__15_x_22_po._38_x_56_Cm_aquarelle_mixte_-667x1024.jpg\" data-rsBigImg=\"https:\/\/artzoomconnection.com\/uga\/wp-content\/uploads\/035_-_Jardin_c__leste__15_x_22_po._38_x_56_Cm_aquarelle_mixte_.jpg\">Jardin c\u00e9leste, aquarelle mixte, 15 x 22 pouces (37,5 cm x 55 cm)<\/a><\/p>\n<div class=\"rsTmb\"><img src=\"https:\/\/artzoomconnection.com\/uga\/wp-content\/uploads\/035_-_Jardin_c__leste__15_x_22_po._38_x_56_Cm_aquarelle_mixte_-96x72.jpg\" alt=\"\" \/><\/div>\n<\/div>\n<div class=\"rsContent\">\n  <a class=\"rsImg\" href=\"https:\/\/artzoomconnection.com\/uga\/wp-content\/uploads\/034_-_A_la_recherche_du_temps_perdu_15___x_11____40_x_28.5_aquarelle_mixtepg-726x1024.jpg\" data-rsBigImg=\"https:\/\/artzoomconnection.com\/uga\/wp-content\/uploads\/034_-_A_la_recherche_du_temps_perdu_15___x_11____40_x_28.5_aquarelle_mixtepg.jpg\">A la recherche du temps perdu, aquarelle mixte, 15 x 11 pouces (37,5 cm x 27,5 cm)<\/a><\/p>\n<div class=\"rsTmb\"><img src=\"https:\/\/artzoomconnection.com\/uga\/wp-content\/uploads\/034_-_A_la_recherche_du_temps_perdu_15___x_11____40_x_28.5_aquarelle_mixtepg-96x72.jpg\" alt=\"\" \/><\/div>\n<\/div>\n<div class=\"rsContent\">\n  <a class=\"rsImg\" href=\"https:\/\/artzoomconnection.com\/uga\/wp-content\/uploads\/033_-_Magie_d__automne__18___x_8___-_47.5_x_21_cm__aquarelle-473x1024.jpg\" data-rsBigImg=\"https:\/\/artzoomconnection.com\/uga\/wp-content\/uploads\/033_-_Magie_d__automne__18___x_8___-_47.5_x_21_cm__aquarelle.jpg\">Magie d&rsquo;automne, aquarelle, 18 x 8 pouces (45 cm x 20 cm)<\/a><\/p>\n<div class=\"rsTmb\"><img src=\"https:\/\/artzoomconnection.com\/uga\/wp-content\/uploads\/033_-_Magie_d__automne__18___x_8___-_47.5_x_21_cm__aquarelle-96x72.jpg\" alt=\"\" \/><\/div>\n<\/div>\n<div class=\"rsContent\">\n  <a class=\"rsImg\" href=\"https:\/\/artzoomconnection.com\/uga\/wp-content\/uploads\/036_-___veil_spatial_8__x11__-_21_x_29_cm_aquarelle_-1024x701.jpg\" data-rsBigImg=\"https:\/\/artzoomconnection.com\/uga\/wp-content\/uploads\/036_-___veil_spatial_8__x11__-_21_x_29_cm_aquarelle_.jpg\">\u00c9veil spatial, 8 x 11 pouces (20 cm x 27,5 cm)<\/a><\/p>\n<div class=\"rsTmb\"><img src=\"https:\/\/artzoomconnection.com\/uga\/wp-content\/uploads\/036_-___veil_spatial_8__x11__-_21_x_29_cm_aquarelle_-96x72.jpg\" alt=\"\" \/><\/div>\n<\/div>\n<div class=\"rsContent\">\n  <a class=\"rsImg\" href=\"https:\/\/artzoomconnection.com\/uga\/wp-content\/uploads\/031_-_Au_soleil_levant_11_X_7__.28x18.5_aquarelle_-664x1024.jpg\" data-rsBigImg=\"https:\/\/artzoomconnection.com\/uga\/wp-content\/uploads\/031_-_Au_soleil_levant_11_X_7__.28x18.5_aquarelle_.jpg\">Au Soleil  levant, acquelle, 11 x 7 pouces (27,5 cm x 17,5 cm)<\/a><\/p>\n<div class=\"rsTmb\"><img src=\"https:\/\/artzoomconnection.com\/uga\/wp-content\/uploads\/031_-_Au_soleil_levant_11_X_7__.28x18.5_aquarelle_-96x72.jpg\" alt=\"\" \/><\/div>\n<\/div>\n<div class=\"rsContent\">\n  <a class=\"rsImg\" href=\"https:\/\/artzoomconnection.com\/uga\/wp-content\/uploads\/030_-_Nid_d__amour_11_x_7_28_x_18_cm__aquarelle_mixte-682x1024.jpg\" data-rsBigImg=\"https:\/\/artzoomconnection.com\/uga\/wp-content\/uploads\/030_-_Nid_d__amour_11_x_7_28_x_18_cm__aquarelle_mixte.jpg\">Nid d&rsquo;amour, aquarelle mixte, 11 x 7 pouces (27,5 cm x 17,5 cm)<\/a><\/p>\n<div class=\"rsTmb\"><img src=\"https:\/\/artzoomconnection.com\/uga\/wp-content\/uploads\/030_-_Nid_d__amour_11_x_7_28_x_18_cm__aquarelle_mixte-96x72.jpg\" alt=\"\" \/><\/div>\n<\/div>\n<div class=\"rsContent\">\n  <a class=\"rsImg\" href=\"https:\/\/artzoomconnection.com\/uga\/wp-content\/uploads\/032_-_Effets_luministes_10___x_7___26_x_18.5_aquarelle_mixte-692x1024.jpg\" data-rsBigImg=\"https:\/\/artzoomconnection.com\/uga\/wp-content\/uploads\/032_-_Effets_luministes_10___x_7___26_x_18.5_aquarelle_mixte.jpg\">Effets luministes, aquarelle et mixte, 10 x 7 pouces (25 cm x 17,5 cm)<\/a><\/p>\n<div class=\"rsTmb\"><img src=\"https:\/\/artzoomconnection.com\/uga\/wp-content\/uploads\/032_-_Effets_luministes_10___x_7___26_x_18.5_aquarelle_mixte-96x72.jpg\" alt=\"\" \/><\/div>\n<\/div>\n<div class=\"rsContent\">\n  <a class=\"rsImg\" href=\"https:\/\/artzoomconnection.com\/uga\/wp-content\/uploads\/037_-_Demoiselle_11___x_7____28.5x19_cm__aquarelle_-_-673x1024.jpg\" data-rsBigImg=\"https:\/\/artzoomconnection.com\/uga\/wp-content\/uploads\/037_-_Demoiselle_11___x_7____28.5x19_cm__aquarelle_-_.jpg\">Demoiselle, aquarelle, 11 x 7 pouces (27,5 cm x 17,5 cm)<\/a><\/p>\n<div class=\"rsTmb\"><img src=\"https:\/\/artzoomconnection.com\/uga\/wp-content\/uploads\/037_-_Demoiselle_11___x_7____28.5x19_cm__aquarelle_-_-96x72.jpg\" alt=\"\" \/><\/div>\n<\/div>\n<div class=\"rsContent\">\n  <a class=\"rsImg\" href=\"https:\/\/artzoomconnection.com\/uga\/wp-content\/uploads\/038_-_Myst__rieuse__11___x_7___28.5_x_19_aquarelle_mixte-645x1024.jpg\" data-rsBigImg=\"https:\/\/artzoomconnection.com\/uga\/wp-content\/uploads\/038_-_Myst__rieuse__11___x_7___28.5_x_19_aquarelle_mixte.jpg\">Myst\u00e9rieuse, aquarelle mixte, 11 x 7 pouces (27,5 cm x 17,5 cm)<\/a><\/p>\n<div class=\"rsTmb\"><img src=\"https:\/\/artzoomconnection.com\/uga\/wp-content\/uploads\/038_-_Myst__rieuse__11___x_7___28.5_x_19_aquarelle_mixte-96x72.jpg\" alt=\"\" \/><\/div>\n<\/div>\n<div class=\"rsContent\">\n  <a class=\"rsImg\" href=\"https:\/\/artzoomconnection.com\/uga\/wp-content\/uploads\/039_-_Bal_masqu___11_x_7____28_x_18.5cm_aquarelle_-686x1024.jpg\" data-rsBigImg=\"https:\/\/artzoomconnection.com\/uga\/wp-content\/uploads\/039_-_Bal_masqu___11_x_7____28_x_18.5cm_aquarelle_.jpg\">Bal masqu\u00e9, aquarelle, 11 x 7 pouces (27,5 cm x 17,5 cm)<\/a><\/p>\n<div class=\"rsTmb\"><img src=\"https:\/\/artzoomconnection.com\/uga\/wp-content\/uploads\/039_-_Bal_masqu___11_x_7____28_x_18.5cm_aquarelle_-96x72.jpg\" alt=\"\" \/><\/div>\n<\/div>\n<div class=\"rsContent\">\n  <a class=\"rsImg\" href=\"https:\/\/artzoomconnection.com\/uga\/wp-content\/uploads\/040_-_S__r__nit___11_x_7__28_x_18_cm__aquarelle-1024x670.jpg\" data-rsBigImg=\"https:\/\/artzoomconnection.com\/uga\/wp-content\/uploads\/040_-_S__r__nit___11_x_7__28_x_18_cm__aquarelle.jpg\">S\u00e9r\u00e9nit\u00e9, aquarelle, 7 x 11 pouces (17,5 cm x 27,5 cm)<\/a><\/p>\n<div class=\"rsTmb\"><img src=\"https:\/\/artzoomconnection.com\/uga\/wp-content\/uploads\/040_-_S__r__nit___11_x_7__28_x_18_cm__aquarelle-96x72.jpg\" alt=\"\" \/><\/div>\n<\/div>\n<\/div>\n","protected":false},"excerpt":{"rendered":"","protected":false},"author":1,"featured_media":0,"parent":1757,"menu_order":2,"comment_status":"closed","ping_status":"closed","template":"template_fullwidth.php","meta":[],"_links":{"self":[{"href":"https:\/\/artzoomconnection.com\/uga\/wp-json\/wp\/v2\/pages\/1769"}],"collection":[{"href":"https:\/\/artzoomconnection.com\/uga\/wp-json\/wp\/v2\/pages"}],"about":[{"href":"https:\/\/artzoomconnection.com\/uga\/wp-json\/wp\/v2\/types\/page"}],"author":[{"embeddable":true,"href":"https:\/\/artzoomconnection.com\/uga\/wp-json\/wp\/v2\/users\/1"}],"replies":[{"embeddable":true,"href":"https:\/\/artzoomconnection.com\/uga\/wp-json\/wp\/v2\/comments?post=1769"}],"version-history":[{"count":11,"href":"https:\/\/artzoomconnection.com\/uga\/wp-json\/wp\/v2\/pages\/1769\/revisions"}],"predecessor-version":[{"id":2618,"href":"https:\/\/artzoomconnection.com\/uga\/wp-json\/wp\/v2\/pages\/1769\/revisions\/2618"}],"up":[{"embeddable":true,"href":"https:\/\/artzoomconnection.com\/uga\/wp-json\/wp\/v2\/pages\/1757"}],"wp:attachment":[{"href":"https:\/\/artzoomconnection.com\/uga\/wp-json\/wp\/v2\/media?parent=1769"}],"curies":[{"name":"wp","href":"https:\/\/api.w.org\/{rel}","templated":true}]}}