{"id":2418,"date":"2014-10-06T16:48:18","date_gmt":"2014-10-06T15:48:18","guid":{"rendered":"http:\/\/www.artzoomconnection.com\/uga\/?page_id=2418"},"modified":"2023-01-19T17:52:35","modified_gmt":"2023-01-19T16:52:35","slug":"atelier","status":"publish","type":"page","link":"https:\/\/artzoomconnection.com\/uga\/presentation\/atelier\/","title":{"rendered":"ATELIER"},"content":{"rendered":"<div class=\"two_fifth\">L\u2019atelier de UGA est ouvert au public sur rendez-vous<\/div>\n<div class=\"three_fifth last\">\n<h4>A LA D\u00c9COUVERTE DE L&rsquo;ATELIER DE UGA, INSTIGATRICE DU UGAISME<\/h4>\n<p style=\"text-align: justify;\">UGA s\u2019int\u00e9resse au dessin et \u00e0 la peinture depuis sa jeunesse. Afin de satisfaire son d\u00e9sir de peindre, elle s\u2019initie \u00e0 l\u2019art visuel. Au cours de sa carri\u00e8re en administration, elle s\u2019est donc inscrite \u00e0 de nombreux cours et stages en peinture (huile et acrylique) et en aquarelle. Elle a notamment fait du portrait \u00e0 partir de mod\u00e8le vivant. Puis, ayant le go\u00fbt d\u2019aller plus loin, elle a suivi des cours en histoire de l\u2019art occidental \u00e0 l\u2019Universit\u00e9 Laval (Qu\u00e9bec). Au cours de son cheminement, elle a expos\u00e9 dans plusieurs pays d\u2019Europe et son travail a \u00e9t\u00e9 prim\u00e9 pour leur originalit\u00e9 et leur valeur esth\u00e9tique d\u00e8s 2006. UGA suit occasionnellement des ateliers de d\u00e9veloppement et de perfectionnement. En 2009, lors d\u2019une exposition, on d\u00e9couvre sa technique particuli\u00e8re. C\u2019est la naissance d\u2019un mouvement qui prend le nom de \u00abuga\u00efsme\u00bb; un mouvement d\u00e9riv\u00e9 du pointillisme, dans la grande famille des semi-figuratifs. On \u00e9crira que \u00ab<em>ce mouvement aborde des personnages selon l\u2019instinct du moment pr\u00e9sent caract\u00e9ris\u00e9 par une interpr\u00e9tation libre de la r\u00e9alit\u00e9 non imitative dans une signature tout \u00e0 fait personnelle et distinctive de ce qui se fait actuellement au Qu\u00e9bec en art contemporain<\/em>\u00bb. En 2012, une distinction lui a \u00e9t\u00e9 remise par une agence d\u2019artistes et galerie d\u2019art internationale pour le mouvement portant son nom. En 2014, le \u00abn\u00e9o-uga\u00efsme\u00bb naissait avec une variante du \u00abuga\u00efsme\u00bb originel.<\/p>\n<p style=\"text-align: center;\"><img loading=\"lazy\" class=\"aligncenter  wp-image-2423\" alt=\"Atelier de UGA\" src=\"http:\/\/artzoomconnection.com\/uga\/wp-content\/uploads\/atelier1.jpg\" width=\"517\" height=\"315\" srcset=\"https:\/\/artzoomconnection.com\/uga\/wp-content\/uploads\/atelier1.jpg 1024w, https:\/\/artzoomconnection.com\/uga\/wp-content\/uploads\/atelier1-300x183.jpg 300w, https:\/\/artzoomconnection.com\/uga\/wp-content\/uploads\/atelier1-150x91.jpg 150w\" sizes=\"(max-width: 517px) 100vw, 517px\" \/><\/p>\n<blockquote>\n<p style=\"text-align: justify;\">\u00ab\u00a0<em>Je suis peut-\u00eatre un peintre qui fait de l\u2019automatisme. Il est certain que je n\u2019aime pas peindre deux tableaux semblables et j\u2019aime changer de style pour voir ce qui \u00e9manera de ma gestuelle et de mes techniques, lorsque je cr\u00e9e. J\u2019ai toujours h\u00e2te de voir le r\u00e9sultat<\/em>.\u00a0\u00bb<br \/>\n&#8211; UGA<\/p>\n<\/blockquote>\n<p style=\"text-align: justify;\">L\u2019atelier de UGA se trouve chez elle. C\u2019est une pi\u00e8ce de son appartement am\u00e9nag\u00e9e confortablement qui fait bureau, atelier et galerie \u00e0 la fois. L\u2019espace, relativement restreint, lui impose de peindre des formats petits \u00e0 moyennement grands; \u00ab<em>vu le manque d\u2019espace pour les ranger<\/em>\u00bb une fois les \u0153uvres r\u00e9alis\u00e9es. L\u2019artiste avoue n\u00e9anmoins qu\u2019il est plus facile pour elle de cr\u00e9er sur des toiles de grande dimension: \u00ab<em>la manipulation de la gestuelle \u00e9tant moins restrictive<\/em>\u00bb sur les formats de plus de 30 pouces de c\u00f4t\u00e9. Dans le cas de UGA, l\u2019environnement de travail influence beaucoup sa cr\u00e9ation. Il lui faut du calme pour cr\u00e9er. Son atelier est donc un lieu de silence. Le manque d\u2019espace a \u00e9galement une influence directe sur sa cr\u00e9ativit\u00e9: \u00ab<em>Je peins plus facilement lorsque je ne suis pas coinc\u00e9e dans un espace restreint<\/em>\u00bb. L\u2019artiste aime avoir du temps devant elle pour peindre et ne pas \u00eatre oblig\u00e9e de cesser la peinture pour une autre activit\u00e9, comme faire les repas, par exemple. La libert\u00e9 de cesser de peindre, lorsqu\u2019elle le juge n\u00e9cessaire, est un \u00e9l\u00e9ment primordial dans son m\u00e9tier d\u2019artiste. Elle vit mieux quand il n\u2019y a pas de contrainte d\u2019espace ni de temps. La lumi\u00e8re a une incidence sur sa peinture. Elle peint en lumi\u00e8re naturelle, pr\u00e8s d\u2019une fen\u00eatre, id\u00e9alement par temps clair. La lumi\u00e8re n\u2019influence pas ses couleurs qui sont pr\u00e9par\u00e9es d\u2019avance, mais lorsque la lumi\u00e8re du jour est parfaite, l\u2019artiste va entreprendre son tableau en s\u2019assurant de la justesse des couleurs d\u00e9sir\u00e9es. Par temps moins clair, elle v\u00e9rifiera et\/ou modifiera certains \u00e9l\u00e9ments sur une \u0153uvre en devenir. La juste vision des d\u00e9tails et des couleurs doit \u00eatre faite \u00e0 la lumi\u00e8re naturelle du jour.<\/p>\n<p style=\"text-align: center;\"><img loading=\"lazy\" class=\"aligncenter  wp-image-2425\" alt=\"Atelier de UGA\" src=\"http:\/\/artzoomconnection.com\/uga\/wp-content\/uploads\/atelier2.jpg\" width=\"517\" height=\"315\" srcset=\"https:\/\/artzoomconnection.com\/uga\/wp-content\/uploads\/atelier2.jpg 1024w, https:\/\/artzoomconnection.com\/uga\/wp-content\/uploads\/atelier2-300x183.jpg 300w, https:\/\/artzoomconnection.com\/uga\/wp-content\/uploads\/atelier2-150x91.jpg 150w\" sizes=\"(max-width: 517px) 100vw, 517px\" \/><\/p>\n<p style=\"text-align: justify;\">Avec le poids des ann\u00e9es de l\u2019exp\u00e9rience, l\u2019artiste a acquis la certitude que c\u2019est la grandeur de la toile qui influence le mouvement, plut\u00f4t que l\u2019espace en atelier. Comme dit le dicton : \u00ab<em>Plus on en a grand, plus on s\u2019\u00e9tend<\/em>\u00bb. Selon UGA, une grande dimension de toile cr\u00e9e plus de libert\u00e9 dans la gestuelle et les mouvements y sont plus spontan\u00e9s, mais on peut \u00e9galement cr\u00e9er sur de petits formats.<\/p>\n<p style=\"text-align: center;\"><img loading=\"lazy\" class=\"aligncenter  wp-image-2426\" alt=\"Atelier de UGA\" src=\"http:\/\/artzoomconnection.com\/uga\/wp-content\/uploads\/atelier3.jpg\" width=\"517\" height=\"327\" srcset=\"https:\/\/artzoomconnection.com\/uga\/wp-content\/uploads\/atelier3.jpg 1024w, https:\/\/artzoomconnection.com\/uga\/wp-content\/uploads\/atelier3-300x189.jpg 300w, https:\/\/artzoomconnection.com\/uga\/wp-content\/uploads\/atelier3-150x94.jpg 150w\" sizes=\"(max-width: 517px) 100vw, 517px\" \/><\/p>\n<p style=\"text-align: justify;\">Le lieu de travail de UGA est un lieu qui l\u2019inspire, tranquille et paisible, \u00e0 son image. Elle y travaille dans une tenue vestimentaire confortable qu\u2019elle n\u2019aura pas peur de salir en cas d\u2019accident. Elle ne peut cr\u00e9er devant un public, lors d\u2019un symposium, \u00e0 cause du mat\u00e9riel n\u00e9cessaire, notamment du mortier qu\u2019elle utilise pour faire ses fonds textur\u00e9s. Les rares fois qu\u2019elle a peint devant un public, lors de symposiums de peinture, elle travaillait sur des toiles de petits formats, d\u00e9j\u00e0 pr\u00e9par\u00e9es en atelier. Pour l\u2019artiste, la cr\u00e9ation est un acte fondamentalement solitaire. Il lui arrive n\u00e9anmoins de cr\u00e9er lors d\u2019un atelier libre ou dirig\u00e9, mais l\u2019atmosph\u00e8re est diff\u00e9rente.<\/p>\n<p style=\"text-align: justify;\">La peinture est pour UGA une passion, un moyen d\u2019expression personnelle, de d\u00e9sir de r\u00e9ussite\u2026 donc d\u2019un d\u00e9fi \u00e0 relever. L\u2019artiste de Qu\u00e9bec, instigatrice du mouvement \u00abuga\u00efsme \u00bb, utilise la peinture comme une avenue de d\u00e9couvertes. \u00ab<em>La cr\u00e9ation et ma libert\u00e9 d\u2019expression sont pour moi un leitmotiv et l\u2019essence de ma cr\u00e9ativit\u00e9<\/em>\u00bb.<\/p>\n<p style=\"text-align: justify;\"><em>\u00c9crit par <a title=\"www.helenecaroline.com\" href=\"http:\/\/www.helenecaroline.com\" target=\"_blank\" rel=\"noopener\">HeleneCaroline Fournier<\/a>, critique d&rsquo;art, th\u00e9oricienne de l&rsquo;art et journaliste ind\u00e9pendante sp\u00e9cialis\u00e9e dans les arts visuels<\/em><\/div>\n<div class=\"clearBoth\"><\/div>\n<\/p>\n<div class=\"divider top\"><a href=\"#wrapper\" title=\"Back To Top\" rel=\"nofollow\">Top<\/a><\/div>\n","protected":false},"excerpt":{"rendered":"","protected":false},"author":1,"featured_media":2407,"parent":1623,"menu_order":0,"comment_status":"closed","ping_status":"closed","template":"template_fullwidth.php","meta":[],"_links":{"self":[{"href":"https:\/\/artzoomconnection.com\/uga\/wp-json\/wp\/v2\/pages\/2418"}],"collection":[{"href":"https:\/\/artzoomconnection.com\/uga\/wp-json\/wp\/v2\/pages"}],"about":[{"href":"https:\/\/artzoomconnection.com\/uga\/wp-json\/wp\/v2\/types\/page"}],"author":[{"embeddable":true,"href":"https:\/\/artzoomconnection.com\/uga\/wp-json\/wp\/v2\/users\/1"}],"replies":[{"embeddable":true,"href":"https:\/\/artzoomconnection.com\/uga\/wp-json\/wp\/v2\/comments?post=2418"}],"version-history":[{"count":11,"href":"https:\/\/artzoomconnection.com\/uga\/wp-json\/wp\/v2\/pages\/2418\/revisions"}],"predecessor-version":[{"id":2638,"href":"https:\/\/artzoomconnection.com\/uga\/wp-json\/wp\/v2\/pages\/2418\/revisions\/2638"}],"up":[{"embeddable":true,"href":"https:\/\/artzoomconnection.com\/uga\/wp-json\/wp\/v2\/pages\/1623"}],"wp:featuredmedia":[{"embeddable":true,"href":"https:\/\/artzoomconnection.com\/uga\/wp-json\/wp\/v2\/media\/2407"}],"wp:attachment":[{"href":"https:\/\/artzoomconnection.com\/uga\/wp-json\/wp\/v2\/media?parent=2418"}],"curies":[{"name":"wp","href":"https:\/\/api.w.org\/{rel}","templated":true}]}}