{"id":37,"date":"2009-11-16T23:48:26","date_gmt":"2009-11-17T04:48:26","guid":{"rendered":"http:\/\/www.artzoom.org\/members\/wordpress\/?page_id=37"},"modified":"2022-03-10T06:28:24","modified_gmt":"2022-03-10T05:28:24","slug":"cote","status":"publish","type":"page","link":"https:\/\/artzoomconnection.com\/uga\/cote\/","title":{"rendered":"COTE"},"content":{"rendered":"<div class=\"one_half\">\n<h4>SA VALEUR SUR LE MARCH\u00c9 DE L&rsquo;ART<\/h4>\n<h5>2018\/2019<\/h5>\n<p><strong>Acrylique et techniques mixtes sur toile \/ aquarelle sur papier<\/strong><\/p>\n<p><strong>Oeuvres de formats standards<\/strong><br \/>\n<strong>Acrylique sur toile<\/strong><br \/>\nPetits formats = \u00e0 partir de 325 $ ou \u00e0 partir de 250 euros<br \/>\n12 x 12 pouces (30 cm x 30 cm) = 325 $ ou 250 euros<br \/>\n12 x 16 pouces (30 cm x 40 cm) = 384 $ ou 296 euros<br \/>\n16 x 16 pouces (40 cm x 40 cm) = 512 $ ou 394 euros<br \/>\n18 x 24 pouces (45 cm x 60 cm) = 864 $ ou 665 euros<br \/>\n20 x 20 pouces (50 cm x 50 cm) = 800 $ ou 616 euros<br \/>\n20 x 24 pouces (50 cm x 60 cm) = 960 $ ou 739 euros<br \/>\n24 x 30 pouces (60 cm x 75 cm) = 1440 $ ou 1108 euros<br \/>\n24 x 36 pouces (60 cm x 90 cm) = 1728 $ ou 1330 euros<br \/>\nGrands formats = \u00e0 partir de 1750 $ ou \u00e0 partir 1347 euros<\/p>\n<p><strong>Aquarelle sur papier<\/strong><br \/>\n7 x 11 pouces (17,5 cm x 27,5 cm) = 285 $ ou 220 euros<br \/>\n11 x 15 pouces (27,5 cm x 37,5 cm) = 475 $ ou 366 euros<br \/>\n15 x 22 pouces (37,5 cm x 55 cm) = 535 $ ou 412 euros<br \/>\n(le prix varie selon la complexit\u00e9 du sujet)<\/p>\n<p><strong>La cote est un indicatif du prix en galerie pour une oeuvre. Le prix peut donc varier l\u00e9g\u00e8rement d&rsquo;une galerie \u00e0 l&rsquo;autre.<\/strong><\/p>\n<p><span style=\"color: #ff6600;\"><em>Derni\u00e8re mise \u00e0 jour de la cote: le 2 novembre 2017<\/em><\/span><\/div>\n<div class=\"one_half last\">\n<h4>GUIDES DE COTATION<\/h4>\n<p>&#8211; <em>Le Guide de Cotation des Artistes d\u2019Art Zoom<\/em>, de 2011 \u00e0 2015<br \/>\n&#8211; <em>Guide de Roussan<\/em>, 2003, 2005<br \/>\n&#8211; etc.<\/p>\n<h4>AFFILIATIONS PROFESSIONNELLES<\/h4>\n<p>Collectif International d\u2019Artistes Art Zoom (CIAAZ)<br \/>\nCercle des Artistes Peintres et Sculpteurs du Qu\u00e9bec (CAPSQ)<br \/>\nSoci\u00e9t\u00e9 Artistique et Culturelle de Qu\u00e9bec (SACQ)<br \/>\nSoci\u00e9t\u00e9 Artistique de Charlesbourg (SAC)<br \/>\nSoci\u00e9t\u00e9 Artistique de L\u2019Ancienne-Lorette (SAL\u2019AL)<\/p>\n<h4>COLLECTIONS MUS\u00c9ALES<\/h4>\n<p><strong>Mus\u00e9e d&rsquo;art contemporain VR 3D &#8211; MAC VR3D<\/strong><br \/>\nPlace Darche<br \/>\n54400 Longwy<br \/>\nFrance<br \/>\n<a href=\"http:\/\/www.macvr3d.com\" target=\"_blank\" rel=\"noopener\">www.macvr3d.com<\/a><\/p>\n<h4>PRIX ET DISTINCTIONS<\/h4>\n<p><strong>2022:<\/strong> Certificat de reconnaissance, Mus\u00e9e d\u2019art contemporain VR3D (MACVR3D), Longwy (France) pour avoir particip\u00e9 \u00e0 l\u2019exposition \u00ab&nbsp;Jardin de Joie \/ Garden of Joy&nbsp;\u00bb<br \/>\n<strong>2020: <\/strong>Certificat de reconnaissance, Mus\u00e9e d\u2019art contemporain VR3D (MACVR3D), Longwy (France) pour avoir particip\u00e9 \u00e0 l\u2019exposition \u201cInternation\u2019ART 2020\u201d<br \/>\n<strong>2019:<\/strong> Certificat de reconnaissance, Mus\u00e9e d&rsquo;art contemporain VR3D (MACVR3D), Longwy (France) pour avoir particip\u00e9 \u00e0 l&rsquo;exposition \u00ab\u00a0Ames d&rsquo;artistes \/ Artists&rsquo; Souls\u00a0\u00bb<br \/>\n<strong>2014:<\/strong> S\u00e9lectionn\u00e9e pour \u00eatre la pr\u00e9sidente d&rsquo;honneur de <em>La Grande Exposition Internationale d&rsquo;ArtZoom <\/em>en 2015 (8\u00e8me \u00e9dition)<br \/>\n<strong>2013:<\/strong> Membre d&rsquo;honneur du CIAAZ pour l&rsquo;ann\u00e9e 2013<br \/>\n<strong>2012:<\/strong> Prix Nouveau Mouvement en Arts Visuels \u2013 d\u00e9cern\u00e9 par Art Total Multim\u00e9dia, agence d\u2019artistes et galerie d\u2019art internationale (Canada)<br \/>\n<strong>2011:<\/strong> Grande Distinction Honorifique du CIAAZ<br \/>\n<strong>2007:<\/strong> Mention de \u00ab Grande Distinction \u00bb dans la cat\u00e9gorie \u00ab technique distincte \u00bb pour l\u2019originalit\u00e9 et les valeurs esth\u00e9tique et technique de l\u2019oeuvre intitul\u00e9e \u00ab Symboles de vie \u00bb lors du concours international des arts visuels du CAPSQ<br \/>\n<strong>2006:<\/strong> Mention de \u00ab Grande Distinction \u00bb dans la cat\u00e9gorie \u00ab Fronti\u00e8re figurative \u00bb pour l\u2019originalit\u00e9, les valeurs esth\u00e9tique et technique de l\u2019oeuvre intitul\u00e9e \u00ab Plan\u00e8tes en farandoles \u00bb dans le cadre du concours annuel du CAPSQ<br \/>\netc.<\/div>\n<div class=\"clearBoth\"><\/div>\n<div class=\"divider top\"><a href=\"#wrapper\" title=\"Back To Top\" rel=\"nofollow\">Top<\/a><\/div>\n","protected":false},"excerpt":{"rendered":"","protected":false},"author":1,"featured_media":2586,"parent":0,"menu_order":0,"comment_status":"open","ping_status":"open","template":"template_fullwidth.php","meta":[],"_links":{"self":[{"href":"https:\/\/artzoomconnection.com\/uga\/wp-json\/wp\/v2\/pages\/37"}],"collection":[{"href":"https:\/\/artzoomconnection.com\/uga\/wp-json\/wp\/v2\/pages"}],"about":[{"href":"https:\/\/artzoomconnection.com\/uga\/wp-json\/wp\/v2\/types\/page"}],"author":[{"embeddable":true,"href":"https:\/\/artzoomconnection.com\/uga\/wp-json\/wp\/v2\/users\/1"}],"replies":[{"embeddable":true,"href":"https:\/\/artzoomconnection.com\/uga\/wp-json\/wp\/v2\/comments?post=37"}],"version-history":[{"count":30,"href":"https:\/\/artzoomconnection.com\/uga\/wp-json\/wp\/v2\/pages\/37\/revisions"}],"predecessor-version":[{"id":2633,"href":"https:\/\/artzoomconnection.com\/uga\/wp-json\/wp\/v2\/pages\/37\/revisions\/2633"}],"wp:featuredmedia":[{"embeddable":true,"href":"https:\/\/artzoomconnection.com\/uga\/wp-json\/wp\/v2\/media\/2586"}],"wp:attachment":[{"href":"https:\/\/artzoomconnection.com\/uga\/wp-json\/wp\/v2\/media?parent=37"}],"curies":[{"name":"wp","href":"https:\/\/api.w.org\/{rel}","templated":true}]}}